{"id":8029,"date":"2017-11-05T14:02:02","date_gmt":"2017-11-05T12:02:02","guid":{"rendered":"https:\/\/consorcioserrano.es\/noticias-y-prensa\/sobre-el-jamon-serrano\/"},"modified":"2024-02-20T15:19:42","modified_gmt":"2024-02-20T14:19:42","slug":"sul-prosciutto-serrano","status":"publish","type":"page","link":"https:\/\/consorcioserrano.es\/it\/notizie-e-stampa\/sul-prosciutto-serrano\/","title":{"rendered":"Sul Prosciutto Serrano"},"content":{"rendered":"<div class=\"wpb-content-wrapper\"><p>[vc_row][vc_column width=&#8221;2\/3&#8243;][vc_column_text el_class=&#8221;vc_quote_consorcio&#8221;]<\/p>\n<div class=\"vc_quote_consorcio_icon\"><img loading=\"lazy\" decoding=\"async\" class=\"alignnone size-full wp-image-1101\" src=\"http:\/\/consorcioserrano.es\/wp-content\/uploads\/2017\/10\/comillas-abrir-1.png\" alt=\"\" width=\"59\" height=\"53\" srcset=\"https:\/\/consorcioserrano.es\/wp-content\/uploads\/2017\/10\/comillas-abrir-1.png 59w, https:\/\/consorcioserrano.es\/wp-content\/uploads\/2017\/10\/comillas-abrir-1-50x45.png 50w\" sizes=\"auto, (max-width:767px) 59px, 59px\" \/><\/div>\n<div class=\"vc_quote_consorcio_content\">\n<h1><strong>Notizie sul Prosciutto Serrano<\/strong><img loading=\"lazy\" decoding=\"async\" class=\"alignnone size-full wp-image-1100\" src=\"http:\/\/consorcioserrano.es\/wp-content\/uploads\/2017\/10\/comillas-cerrar-1.png\" alt=\"\" width=\"59\" height=\"53\" srcset=\"https:\/\/consorcioserrano.es\/wp-content\/uploads\/2017\/10\/comillas-cerrar-1.png 59w, https:\/\/consorcioserrano.es\/wp-content\/uploads\/2017\/10\/comillas-cerrar-1-50x45.png 50w\" sizes=\"auto, (max-width:767px) 59px, 59px\" \/><\/h1>\n<\/div>\n<p>[\/vc_column_text][\/vc_column][vc_column width=&#8221;1\/3&#8243;][\/vc_column][\/vc_row][vc_row][vc_column width=&#8221;9\/12&#8243; el_class=&#8221;column-border-right-red&#8221;][vc_row_inner][vc_column_inner][vc_column_text]<\/p>\n<div id=\"Filters\" class=\"columnN one only only-categories\">\n<div class=\"filters_wrapper\">\n<ul class=\"categories\">\n<li class=\"current-filter\"><a href=\"https:\/\/consorcioserrano.es\/it\/notizie-e-stampa\/\">Tutte le pubblicazioni<\/a><\/li>\n<li><a href=\"https:\/\/consorcioserrano.es\/it\/notizie-e-stampa\/sul-consorcio-serrano\/\">Sul Consorcio Serrano<\/a><\/li>\n<li><a href=\"https:\/\/consorcioserrano.es\/it\/notizie-e-stampa\/sul-prosciutto-serrano\/\">Sul Prosciutto Serrano<\/a><\/li>\n<\/ul>\n<\/div>\n<\/div>\n<p>[\/vc_column_text][\/vc_column_inner][\/vc_row_inner][vc_column_text]<form style=\"display:none;\" autocomplete=\"off\" name=\"wpv-filter-2208\" action=\"\/it\/wp-json\/wp\/v2\/pages\/8029?wpv_view_count=2208\" method=\"get\" class=\"wpv-filter-form js-wpv-filter-form js-wpv-filter-form-2208 js-wpv-form-full js-wpv-dps-enabled js-wpv-ajax-results-enabled\" data-viewnumber=\"2208\" data-viewid=\"2208\" data-viewhash=\"eyJuYW1lIjoibm90aWNpYXMtc29icmUtZWwtamFtb24tc2VycmFubyIsInZpZXdfZGlzcGxheSI6ImxheW91dCJ9\" data-viewwidgetid=\"0\" data-orderby=\"\" data-order=\"\" data-orderbyas=\"\" data-orderbysecond=\"\" data-ordersecond=\"\" data-parametric=\"{&quot;query&quot;:&quot;normal&quot;,&quot;id&quot;:2208,&quot;view_id&quot;:2208,&quot;widget_id&quot;:0,&quot;view_hash&quot;:&quot;2208&quot;,&quot;action&quot;:&quot;\\\/it\\\/wp-json\\\/wp\\\/v2\\\/pages\\\/8029?wpv_view_count=2208&quot;,&quot;sort&quot;:{&quot;orderby&quot;:&quot;&quot;,&quot;order&quot;:&quot;&quot;,&quot;orderby_as&quot;:&quot;&quot;,&quot;orderby_second&quot;:&quot;&quot;,&quot;order_second&quot;:&quot;&quot;},&quot;orderby&quot;:&quot;&quot;,&quot;order&quot;:&quot;&quot;,&quot;orderby_as&quot;:&quot;&quot;,&quot;orderby_second&quot;:&quot;&quot;,&quot;order_second&quot;:&quot;&quot;,&quot;ajax_form&quot;:&quot;&quot;,&quot;ajax_results&quot;:&quot;&quot;,&quot;effect&quot;:&quot;fade&quot;,&quot;prebefore&quot;:&quot;&quot;,&quot;before&quot;:&quot;&quot;,&quot;after&quot;:&quot;&quot;,&quot;attributes&quot;:{&quot;view_display&quot;:&quot;layout&quot;},&quot;environment&quot;:{&quot;current_post_id&quot;:8029,&quot;parent_post_id&quot;:8029,&quot;parent_term_id&quot;:0,&quot;parent_user_id&quot;:0,&quot;archive&quot;:{&quot;type&quot;:&quot;&quot;,&quot;name&quot;:&quot;&quot;,&quot;data&quot;:[]}},&quot;loop&quot;:{&quot;type&quot;:&quot;&quot;,&quot;name&quot;:&quot;&quot;,&quot;data&quot;:[],&quot;id&quot;:0}}\" data-attributes=\"{&quot;view_display&quot;:&quot;layout&quot;}\" data-environment=\"{&quot;current_post_id&quot;:8029,&quot;parent_post_id&quot;:8029,&quot;parent_term_id&quot;:0,&quot;parent_user_id&quot;:0,&quot;archive&quot;:{&quot;type&quot;:&quot;&quot;,&quot;name&quot;:&quot;&quot;,&quot;data&quot;:[]}}\"><input type=\"hidden\" class=\"js-wpv-dps-filter-data js-wpv-filter-data-for-this-form\" data-action=\"\/it\/wp-json\/wp\/v2\/pages\/8029?wpv_view_count=2208\" data-page=\"1\" data-ajax=\"enable\" data-effect=\"fade\" data-maxpages=\"1\" data-ajaxprebefore=\"\" data-ajaxbefore=\"\" data-ajaxafter=\"\" \/><input class=\"wpv_view_count wpv_view_count-2208\" type=\"hidden\" name=\"wpv_view_count\" value=\"2208\" \/>\n\n\n<div class=\"vc_row wpb_row vc_row-fluid vc_row-no-padding recetas-sidebar\">\n  <div class=\"wpb_column vc_column_container\">\n    <div class=\"vc_column-inner\">\n      <div class=\"wpb_wrapper\">\n        <div class=\"vc_col-xs-12 vc_col-sm-6 vc_col-md-6 vc_col-lg-6\">\n\t\t<div class=\"form-group\">\n          <label>Categor\u00edas<\/label>\n          <div class=\"checkbox\"><label for=\"post_category-notizie-e-stampa\"><input type=\"checkbox\" id=\"post_category-notizie-e-stampa\" class=\"js-wpv-filter-trigger\" name=\"wpv-category[]\" value=\"notizie-e-stampa\" \/>Notizie e stampa<\/label><\/div><div class=\"checkbox\"><label for=\"post_category-sul-consorcio-serrano\"><input type=\"checkbox\" id=\"post_category-sul-consorcio-serrano\" class=\"js-wpv-filter-trigger\" name=\"wpv-category[]\" value=\"sul-consorcio-serrano\" \/>Sul Consorcio Serrano<\/label><\/div><div class=\"checkbox\"><label for=\"post_category-sul-prosciutto-serrano\"><input type=\"checkbox\" id=\"post_category-sul-prosciutto-serrano\" class=\"js-wpv-filter-trigger\" name=\"wpv-category[]\" value=\"sul-prosciutto-serrano\" \/>Sul Prosciutto Serrano<\/label><\/div>\n      \t<\/div>\t\n        <\/div>\n        \n  \n        \n        \n      <\/div>\n    <\/div>\n  <\/div>\n  \n<\/div>\n\n<div class=\"vc_row wpb_row vc_row-fluid vc_row-no-padding recetas-buscar\">\n  <div class=\"wpb_column vc_column_container\">\n    <div class=\"vc_column-inner\">\n      <div class=\"wpb_wrapper\">\n      \n        <div class=\"vc_col-xs-12 vc_col-sm-12 vc_col-md-12 vc_col-lg-12 vc_receta_search\">\n          <p><span>Buscar una noticia <\/span>\n            <input type=\"text\" name=\"wpv_post_search\"  class=\"js-wpv-filter-trigger-delayed form-control\" \/>\n      \t\t<button type=\"submit\" class=\"wpv-submit-trigger js-wpv-submit-trigger\">Buscar<\/button>\n            \n          <\/p>\n        <\/div>\n        \n      <\/div>\n    <\/div>\n  <\/div>\n  \n<\/div>\n\n\n\n\n\n<\/form>\n<div id=\"wpv-view-layout-2208\" class=\"js-wpv-view-layout js-wpv-layout-responsive js-wpv-view-layout-2208\" data-viewnumber=\"2208\" data-pagination=\"{&quot;id&quot;:2208,&quot;query&quot;:&quot;normal&quot;,&quot;type&quot;:&quot;paged&quot;,&quot;effect&quot;:&quot;fade&quot;,&quot;duration&quot;:500,&quot;speed&quot;:5,&quot;pause_on_hover&quot;:&quot;disabled&quot;,&quot;stop_rollover&quot;:&quot;false&quot;,&quot;cache_pages&quot;:&quot;enabled&quot;,&quot;preload_images&quot;:&quot;enabled&quot;,&quot;preload_pages&quot;:&quot;enabled&quot;,&quot;preload_reach&quot;:1,&quot;spinner&quot;:&quot;builtin&quot;,&quot;spinner_image&quot;:&quot;&quot;,&quot;callback_next&quot;:&quot;&quot;,&quot;manage_history&quot;:&quot;enabled&quot;,&quot;has_controls_in_form&quot;:&quot;disabled&quot;,&quot;infinite_tolerance&quot;:0,&quot;max_pages&quot;:1,&quot;page&quot;:1,&quot;base_permalink&quot;:&quot;\/it\/wp-json\/wp\/v2\/pages\/8029?wpv_view_count=2208&amp;wpv_paged=WPV_PAGE_NUM&quot;,&quot;loop&quot;:{&quot;type&quot;:&quot;&quot;,&quot;name&quot;:&quot;&quot;,&quot;data&quot;:[],&quot;id&quot;:0}}\" data-permalink=\"\/it\/wp-json\/wp\/v2\/pages\/8029?wpv_view_count=2208\">\n\n\t\n\t\n\t\n\t\t\n\t\t<div class=\"vc_row \">\n\t\t\t<div class=\"vc_col-sm-6\"><div class=\"vc_recipe\">\n  <div class=\"vc_recipe-image\">\n    <a href=\"https:\/\/consorcioserrano.es\/it\/le-esportazioni-di-prosciutto-e-prosciuttini-stagionati-crescono-del-1417-fino-al-terzo-trimestre-del-2021\/\"><img loading=\"lazy\" decoding=\"async\" width=\"612\" height=\"406\" src=\"https:\/\/consorcioserrano.es\/wp-content\/uploads\/2021\/12\/camion_contenedores.jpg\" class=\"attachment-full size-full img-responsive wp-post-image\" alt=\"Exportacion Jam\u00f3n Serrano\" srcset=\"https:\/\/consorcioserrano.es\/wp-content\/uploads\/2021\/12\/camion_contenedores.jpg 612w, https:\/\/consorcioserrano.es\/wp-content\/uploads\/2021\/12\/camion_contenedores-300x199.jpg 300w, https:\/\/consorcioserrano.es\/wp-content\/uploads\/2021\/12\/camion_contenedores-220x146.jpg 220w, https:\/\/consorcioserrano.es\/wp-content\/uploads\/2021\/12\/camion_contenedores-50x33.jpg 50w, https:\/\/consorcioserrano.es\/wp-content\/uploads\/2021\/12\/camion_contenedores-113x75.jpg 113w\" sizes=\"auto, (max-width:767px) 480px, 612px\" \/><\/a>\n  <\/div>\n  <div class=\"vc_recipe-link\">\n    <h3><a href=\"https:\/\/consorcioserrano.es\/it\/le-esportazioni-di-prosciutto-e-prosciuttini-stagionati-crescono-del-1417-fino-al-terzo-trimestre-del-2021\/\">Le esportazioni di prosciutto e prosciuttini stagionati crescono del 14,17% fino al terzo trimestre del 2021<\/a><\/h3>\n  <\/div>\n  <div class=\"vc_recipe-link\">\n    <p><span class=\"vc_recipe-date\"><i class=\"icon-clock\"><\/i>21 Dicembre 2021<\/span> | Notizie e stampa, Sul Consorcio Serrano <\/p>\n  <\/div>  \n  <div class=\"vc_recipe-excerpt\">\n    <p>&gt;&gt; Durante i primi nove mesi dell&#8217;anno, le esportazioni hanno raggiunto 36.644,81 tonnellate rispetto alle 32.097,93 tonnellate dello stesso periodo del 2020 &gt;&gt; A incar<\/p>\n\n  <\/div>\n  <div class=\"vc_recipe-readmore\">\n    <a href=\"https:\/\/consorcioserrano.es\/it\/le-esportazioni-di-prosciutto-e-prosciuttini-stagionati-crescono-del-1417-fino-al-terzo-trimestre-del-2021\/\">Continuare a leggere<\/a>\n    <\/div>\n<\/div><\/div>\n\t\t\n\t\t\n\t\t\t<div class=\"vc_col-sm-6\"><div class=\"vc_recipe\">\n  <div class=\"vc_recipe-image\">\n    <a href=\"https:\/\/consorcioserrano.es\/it\/germania-francia-e-svezia-le-principali-destinazioni-europee-delle-attivita-promozionali-del-consorcio-del-jamon-serrano-espanol\/\"><img loading=\"lazy\" decoding=\"async\" width=\"626\" height=\"417\" src=\"https:\/\/consorcioserrano.es\/wp-content\/uploads\/2021\/05\/bandera_unon_europea_jamon_serrano.jpg\" class=\"attachment-full size-full img-responsive wp-post-image\" alt=\"Exportacion Jam\u00f3n Consorcio Serrano UE\" srcset=\"https:\/\/consorcioserrano.es\/wp-content\/uploads\/2021\/05\/bandera_unon_europea_jamon_serrano.jpg 626w, https:\/\/consorcioserrano.es\/wp-content\/uploads\/2021\/05\/bandera_unon_europea_jamon_serrano-300x200.jpg 300w, https:\/\/consorcioserrano.es\/wp-content\/uploads\/2021\/05\/bandera_unon_europea_jamon_serrano-219x146.jpg 219w, https:\/\/consorcioserrano.es\/wp-content\/uploads\/2021\/05\/bandera_unon_europea_jamon_serrano-50x33.jpg 50w, https:\/\/consorcioserrano.es\/wp-content\/uploads\/2021\/05\/bandera_unon_europea_jamon_serrano-113x75.jpg 113w\" sizes=\"auto, (max-width:767px) 480px, 626px\" \/><\/a>\n  <\/div>\n  <div class=\"vc_recipe-link\">\n    <h3><a href=\"https:\/\/consorcioserrano.es\/it\/germania-francia-e-svezia-le-principali-destinazioni-europee-delle-attivita-promozionali-del-consorcio-del-jamon-serrano-espanol\/\">Germania, Francia e Svezia: le principali destinazioni europee delle attivit\u00e0 promozionali del Consorcio del Jam\u00f3n Serrano Espa\u00f1ol<\/a><\/h3>\n  <\/div>\n  <div class=\"vc_recipe-link\">\n    <p><span class=\"vc_recipe-date\"><i class=\"icon-clock\"><\/i>21 Dicembre 2021<\/span> | Notizie e stampa, Sul Consorcio Serrano <\/p>\n  <\/div>  \n  <div class=\"vc_recipe-excerpt\">\n    <p>&gt;&gt; Partecipazione a fiere, seminari di taglio, azioni di marketing digitale e collaborazioni con blogger gastronomici sono tra le attivit\u00e0 dell&#8217;ultimo trimestre dell&#8217;anno<\/p>\n\n  <\/div>\n  <div class=\"vc_recipe-readmore\">\n    <a href=\"https:\/\/consorcioserrano.es\/it\/germania-francia-e-svezia-le-principali-destinazioni-europee-delle-attivita-promozionali-del-consorcio-del-jamon-serrano-espanol\/\">Continuare a leggere<\/a>\n    <\/div>\n<\/div><\/div>\n\t\t<\/div>\n\t\t\n\t\t\n\t\t<div class=\"vc_row \">\n\t\t\t<div class=\"vc_col-sm-6\"><div class=\"vc_recipe\">\n  <div class=\"vc_recipe-image\">\n    <a href=\"https:\/\/consorcioserrano.es\/it\/il-consorcio-del-jamon-serrano-espanol-continua-la-sua-campagna-insieme-al-consorzio-del-prosciutto-di-parma-per-promuovere-il-prosciutto-di-qualita-in-australia\/\"><img loading=\"lazy\" decoding=\"async\" width=\"612\" height=\"403\" src=\"https:\/\/consorcioserrano.es\/wp-content\/uploads\/2021\/12\/australia.jpg\" class=\"attachment-full size-full img-responsive wp-post-image\" alt=\"Jamon serrano en Australia\" srcset=\"https:\/\/consorcioserrano.es\/wp-content\/uploads\/2021\/12\/australia.jpg 612w, https:\/\/consorcioserrano.es\/wp-content\/uploads\/2021\/12\/australia-300x198.jpg 300w, https:\/\/consorcioserrano.es\/wp-content\/uploads\/2021\/12\/australia-222x146.jpg 222w, https:\/\/consorcioserrano.es\/wp-content\/uploads\/2021\/12\/australia-50x33.jpg 50w, https:\/\/consorcioserrano.es\/wp-content\/uploads\/2021\/12\/australia-114x75.jpg 114w\" sizes=\"auto, (max-width:767px) 480px, 612px\" \/><\/a>\n  <\/div>\n  <div class=\"vc_recipe-link\">\n    <h3><a href=\"https:\/\/consorcioserrano.es\/it\/il-consorcio-del-jamon-serrano-espanol-continua-la-sua-campagna-insieme-al-consorzio-del-prosciutto-di-parma-per-promuovere-il-prosciutto-di-qualita-in-australia\/\">Il Consorcio del Jam\u00f3n Serrano Espa\u00f1ol continua la sua campagna insieme al Consorzio del Prosciutto di Parma per promuovere il prosciutto di qualit\u00e0 in Australia<\/a><\/h3>\n  <\/div>\n  <div class=\"vc_recipe-link\">\n    <p><span class=\"vc_recipe-date\"><i class=\"icon-clock\"><\/i>21 Dicembre 2021<\/span> | Notizie e stampa, Sul Prosciutto Serrano <\/p>\n  <\/div>  \n  <div class=\"vc_recipe-excerpt\">\n    <p>&gt;&gt; Entrambi i consorzi stanno riprendendo la loro campagna promozionale con l&#8217;obiettivo di portare i valori caratteristici del prosciutto europeo di qualit\u00e0 agli operatori e<\/p>\n\n  <\/div>\n  <div class=\"vc_recipe-readmore\">\n    <a href=\"https:\/\/consorcioserrano.es\/it\/il-consorcio-del-jamon-serrano-espanol-continua-la-sua-campagna-insieme-al-consorzio-del-prosciutto-di-parma-per-promuovere-il-prosciutto-di-qualita-in-australia\/\">Continuare a leggere<\/a>\n    <\/div>\n<\/div><\/div>\n\t\t\n\t\t\t<div class=\"vc_col-sm-6\"><\/div>\n\t\t<\/div>\n\n\t\t\n\t\n\t\n\t\n\t\t<div class=\"vc_row \">\n         <div class=\"vc_col-sm-12\">\n          <div class=\"vc_recipe_pagination\"> \n          \t\t\n           <\/div>\n         <\/div>\n\t\t<\/div>\n\t\n<\/div>\n[\/vc_column_text][\/vc_column][vc_column width=&#8221;3\/12&#8243;][vc_row_inner][vc_column_inner][vc_column_text]<\/p>\n<h3><span style=\"color: #e82f37;\"><strong>Materiali e informazioni tecniche da scaricare<\/strong><\/span><\/h3>\n<p>\u00c8 necessario essere registrato per poter scaricare i materiali disponibili.[\/vc_column_text][vc_column_text showfor=&#8221;not_logged_in&#8221;]<a class=\"button-consorcio-red\" href=\"http:\/\/consorcioserrano.es\/member-register\/\">Registrazione<\/a>[\/vc_column_text][vc_column_text showfor=&#8221;not_logged_in&#8221;]<a class=\"button-consorcio-red\" href=\"http:\/\/consorcioserrano.es\/member-login\/\">Accedere<\/a>[\/vc_column_text][vc_empty_space height=&#8221;15px&#8221;][vc_column_text showfor=&#8221;selected_user_roles&#8221; selected_user_roles=&#8221;administrator, role_comunicacion&#8221;]<\/p>\n<h3><span style=\"color: #e82f37;\"><strong>Lista dei materiali<\/strong><\/span><\/h3>\n<ul>\n<li><a href=\"https:\/\/consorcioserrano.es\/memoria\/cjse-memoria-coorporativa.pdf\" target=\"_blank\" rel=\"noopener noreferrer\">2021: Rapporto aziendale <\/a><\/li>\n<li><a href=\"https:\/\/consorcioserrano.es\/wp-content\/uploads\/2020\/12\/Dossier_30_years_CJSE.pdf\" target=\"_blank\" rel=\"noopener noreferrer\">2020: Dossier 30 anni <\/a><\/li>\n<li><a href=\"https:\/\/consorcioserrano.es\/wp-content\/uploads\/2017\/05\/1memoria2016jamonserrano-online.pdf\" target=\"_blank\" rel=\"noopener noreferrer\">2016: Rapporto aziendale <\/a><\/li>\n<li><a href=\"https:\/\/consorcioserrano.es\/wp-content\/uploads\/2017\/05\/Dossier_de_prensa2016cjse.pdf\" target=\"_blank\" rel=\"noopener noreferrer\">2016: Cartella stampa <\/a><\/li>\n<\/ul>\n<p>[\/vc_column_text][\/vc_column_inner][\/vc_row_inner][\/vc_column][\/vc_row]<\/p>\n<\/div>","protected":false},"excerpt":{"rendered":"<p>[vc_row][vc_column width=&#8221;2\/3&#8243;][vc_column_text el_class=&#8221;vc_quote_consorcio&#8221;] Notizie sul Prosciutto Serrano [\/vc_column_text][\/vc_column][vc_column width=&#8221;1\/3&#8243;][\/vc_column][\/vc_row][vc_row][vc_column width=&#8221;9\/12&#8243; el_class=&#8221;column-border-right-red&#8221;][vc_row_inner][vc_column_inner][vc_column_text] Tutte le pubblicazioni Sul Consorcio Serrano Sul Prosciutto Serrano [\/vc_column_text][\/vc_column_inner][\/vc_row_inner][vc_column_text][\/vc_column_text][\/vc_column][vc_column width=&#8221;3\/12&#8243;][vc_row_inner][vc_column_inner][vc_column_text] Materiali e informazioni tecniche<span class=\"excerpt-hellip\"> [\u2026]<\/span><\/p>\n","protected":false},"author":1,"featured_media":0,"parent":7997,"menu_order":0,"comment_status":"closed","ping_status":"closed","template":"","meta":{"_acf_changed":false,"footnotes":""},"class_list":["post-8029","page","type-page","status-publish","hentry","sections_group lang-it"],"yoast_head":"<!-- This site is optimized with the Yoast SEO plugin v27.2 - https:\/\/yoast.com\/product\/yoast-seo-wordpress\/ -->\n<title>Sul Prosciutto Serrano - Consorcio Prosciutto Serrano Spagnolo<\/title>\n<meta name=\"description\" content=\"Ultime notizie sul prosciutto serrano spagnolo. Tutte le novit\u00e0 dal settore del prosciutto crudo spagnolo e le attivit\u00e0 svolte dal ConsorcioSerrano\" \/>\n<meta name=\"robots\" content=\"index, follow, max-snippet:-1, max-image-preview:large, max-video-preview:-1\" \/>\n<link rel=\"canonical\" href=\"https:\/\/consorcioserrano.es\/it\/notizie-e-stampa\/sul-prosciutto-serrano\/\" \/>\n<meta property=\"og:locale\" content=\"it_IT\" \/>\n<meta property=\"og:type\" content=\"article\" \/>\n<meta property=\"og:title\" content=\"Sul Prosciutto Serrano - Consorcio Prosciutto Serrano Spagnolo\" \/>\n<meta property=\"og:description\" content=\"Ultime notizie sul prosciutto serrano spagnolo. Tutte le novit\u00e0 dal settore del prosciutto crudo spagnolo e le attivit\u00e0 svolte dal ConsorcioSerrano\" \/>\n<meta property=\"og:url\" content=\"https:\/\/consorcioserrano.es\/it\/notizie-e-stampa\/sul-prosciutto-serrano\/\" \/>\n<meta property=\"og:site_name\" content=\"Consorcio del Jam\u00f3n Serrano Espa\u00f1ol\" \/>\n<meta property=\"article:modified_time\" content=\"2024-02-20T14:19:42+00:00\" \/>\n<meta property=\"og:image\" content=\"http:\/\/consorcioserrano.es\/wp-content\/uploads\/2017\/10\/comillas-abrir-1.png\" \/>\n<meta name=\"twitter:card\" content=\"summary_large_image\" \/>\n<meta name=\"twitter:label1\" content=\"Tempo di lettura stimato\" \/>\n\t<meta name=\"twitter:data1\" content=\"1 minuto\" \/>\n<script type=\"application\/ld+json\" class=\"yoast-schema-graph\">{\"@context\":\"https:\/\/schema.org\",\"@graph\":[{\"@type\":\"WebPage\",\"@id\":\"https:\/\/consorcioserrano.es\/it\/notizie-e-stampa\/sul-prosciutto-serrano\/\",\"url\":\"https:\/\/consorcioserrano.es\/it\/notizie-e-stampa\/sul-prosciutto-serrano\/\",\"name\":\"Sul Prosciutto Serrano - Consorcio Prosciutto Serrano Spagnolo\",\"isPartOf\":{\"@id\":\"https:\/\/consorcioserrano.es\/#website\"},\"primaryImageOfPage\":{\"@id\":\"https:\/\/consorcioserrano.es\/it\/notizie-e-stampa\/sul-prosciutto-serrano\/#primaryimage\"},\"image\":{\"@id\":\"https:\/\/consorcioserrano.es\/it\/notizie-e-stampa\/sul-prosciutto-serrano\/#primaryimage\"},\"thumbnailUrl\":\"http:\/\/consorcioserrano.es\/wp-content\/uploads\/2017\/10\/comillas-abrir-1.png\",\"datePublished\":\"2017-11-05T12:02:02+00:00\",\"dateModified\":\"2024-02-20T14:19:42+00:00\",\"description\":\"Ultime notizie sul prosciutto serrano spagnolo. Tutte le novit\u00e0 dal settore del prosciutto crudo spagnolo e le attivit\u00e0 svolte dal ConsorcioSerrano\",\"breadcrumb\":{\"@id\":\"https:\/\/consorcioserrano.es\/it\/notizie-e-stampa\/sul-prosciutto-serrano\/#breadcrumb\"},\"inLanguage\":\"it-IT\",\"potentialAction\":[{\"@type\":\"ReadAction\",\"target\":[\"https:\/\/consorcioserrano.es\/it\/notizie-e-stampa\/sul-prosciutto-serrano\/\"]}]},{\"@type\":\"ImageObject\",\"inLanguage\":\"it-IT\",\"@id\":\"https:\/\/consorcioserrano.es\/it\/notizie-e-stampa\/sul-prosciutto-serrano\/#primaryimage\",\"url\":\"http:\/\/consorcioserrano.es\/wp-content\/uploads\/2017\/10\/comillas-abrir-1.png\",\"contentUrl\":\"http:\/\/consorcioserrano.es\/wp-content\/uploads\/2017\/10\/comillas-abrir-1.png\"},{\"@type\":\"BreadcrumbList\",\"@id\":\"https:\/\/consorcioserrano.es\/it\/notizie-e-stampa\/sul-prosciutto-serrano\/#breadcrumb\",\"itemListElement\":[{\"@type\":\"ListItem\",\"position\":1,\"name\":\"Portada\",\"item\":\"https:\/\/consorcioserrano.es\/it\/inicio\/\"},{\"@type\":\"ListItem\",\"position\":2,\"name\":\"Notizie e stampa\",\"item\":\"https:\/\/consorcioserrano.es\/it\/notizie-e-stampa\/\"},{\"@type\":\"ListItem\",\"position\":3,\"name\":\"Sul Prosciutto Serrano\"}]},{\"@type\":\"WebSite\",\"@id\":\"https:\/\/consorcioserrano.es\/#website\",\"url\":\"https:\/\/consorcioserrano.es\/\",\"name\":\"Consorcio del Jam\u00f3n Serrano Espa\u00f1ol\",\"description\":\"Consorcio Prosciutto Serrano Spagnolo: garanzia del miglior Prosciutto Serrano - 100% prosciutti spagnoli - Prosciutto crudo spagnolo selezionato a mano\",\"potentialAction\":[{\"@type\":\"SearchAction\",\"target\":{\"@type\":\"EntryPoint\",\"urlTemplate\":\"https:\/\/consorcioserrano.es\/?s={search_term_string}\"},\"query-input\":{\"@type\":\"PropertyValueSpecification\",\"valueRequired\":true,\"valueName\":\"search_term_string\"}}],\"inLanguage\":\"it-IT\"}]}<\/script>\n<!-- \/ Yoast SEO plugin. -->","yoast_head_json":{"title":"Sul Prosciutto Serrano - Consorcio Prosciutto Serrano Spagnolo","description":"Ultime notizie sul prosciutto serrano spagnolo. Tutte le novit\u00e0 dal settore del prosciutto crudo spagnolo e le attivit\u00e0 svolte dal ConsorcioSerrano","robots":{"index":"index","follow":"follow","max-snippet":"max-snippet:-1","max-image-preview":"max-image-preview:large","max-video-preview":"max-video-preview:-1"},"canonical":"https:\/\/consorcioserrano.es\/it\/notizie-e-stampa\/sul-prosciutto-serrano\/","og_locale":"it_IT","og_type":"article","og_title":"Sul Prosciutto Serrano - Consorcio Prosciutto Serrano Spagnolo","og_description":"Ultime notizie sul prosciutto serrano spagnolo. Tutte le novit\u00e0 dal settore del prosciutto crudo spagnolo e le attivit\u00e0 svolte dal ConsorcioSerrano","og_url":"https:\/\/consorcioserrano.es\/it\/notizie-e-stampa\/sul-prosciutto-serrano\/","og_site_name":"Consorcio del Jam\u00f3n Serrano Espa\u00f1ol","article_modified_time":"2024-02-20T14:19:42+00:00","og_image":[{"url":"http:\/\/consorcioserrano.es\/wp-content\/uploads\/2017\/10\/comillas-abrir-1.png","type":"","width":"","height":""}],"twitter_card":"summary_large_image","twitter_misc":{"Tempo di lettura stimato":"1 minuto"},"schema":{"@context":"https:\/\/schema.org","@graph":[{"@type":"WebPage","@id":"https:\/\/consorcioserrano.es\/it\/notizie-e-stampa\/sul-prosciutto-serrano\/","url":"https:\/\/consorcioserrano.es\/it\/notizie-e-stampa\/sul-prosciutto-serrano\/","name":"Sul Prosciutto Serrano - Consorcio Prosciutto Serrano Spagnolo","isPartOf":{"@id":"https:\/\/consorcioserrano.es\/#website"},"primaryImageOfPage":{"@id":"https:\/\/consorcioserrano.es\/it\/notizie-e-stampa\/sul-prosciutto-serrano\/#primaryimage"},"image":{"@id":"https:\/\/consorcioserrano.es\/it\/notizie-e-stampa\/sul-prosciutto-serrano\/#primaryimage"},"thumbnailUrl":"http:\/\/consorcioserrano.es\/wp-content\/uploads\/2017\/10\/comillas-abrir-1.png","datePublished":"2017-11-05T12:02:02+00:00","dateModified":"2024-02-20T14:19:42+00:00","description":"Ultime notizie sul prosciutto serrano spagnolo. Tutte le novit\u00e0 dal settore del prosciutto crudo spagnolo e le attivit\u00e0 svolte dal ConsorcioSerrano","breadcrumb":{"@id":"https:\/\/consorcioserrano.es\/it\/notizie-e-stampa\/sul-prosciutto-serrano\/#breadcrumb"},"inLanguage":"it-IT","potentialAction":[{"@type":"ReadAction","target":["https:\/\/consorcioserrano.es\/it\/notizie-e-stampa\/sul-prosciutto-serrano\/"]}]},{"@type":"ImageObject","inLanguage":"it-IT","@id":"https:\/\/consorcioserrano.es\/it\/notizie-e-stampa\/sul-prosciutto-serrano\/#primaryimage","url":"http:\/\/consorcioserrano.es\/wp-content\/uploads\/2017\/10\/comillas-abrir-1.png","contentUrl":"http:\/\/consorcioserrano.es\/wp-content\/uploads\/2017\/10\/comillas-abrir-1.png"},{"@type":"BreadcrumbList","@id":"https:\/\/consorcioserrano.es\/it\/notizie-e-stampa\/sul-prosciutto-serrano\/#breadcrumb","itemListElement":[{"@type":"ListItem","position":1,"name":"Portada","item":"https:\/\/consorcioserrano.es\/it\/inicio\/"},{"@type":"ListItem","position":2,"name":"Notizie e stampa","item":"https:\/\/consorcioserrano.es\/it\/notizie-e-stampa\/"},{"@type":"ListItem","position":3,"name":"Sul Prosciutto Serrano"}]},{"@type":"WebSite","@id":"https:\/\/consorcioserrano.es\/#website","url":"https:\/\/consorcioserrano.es\/","name":"Consorcio del Jam\u00f3n Serrano Espa\u00f1ol","description":"Consorcio Prosciutto Serrano Spagnolo: garanzia del miglior Prosciutto Serrano - 100% prosciutti spagnoli - Prosciutto crudo spagnolo selezionato a mano","potentialAction":[{"@type":"SearchAction","target":{"@type":"EntryPoint","urlTemplate":"https:\/\/consorcioserrano.es\/?s={search_term_string}"},"query-input":{"@type":"PropertyValueSpecification","valueRequired":true,"valueName":"search_term_string"}}],"inLanguage":"it-IT"}]}},"acf":[],"_links":{"self":[{"href":"https:\/\/consorcioserrano.es\/it\/wp-json\/wp\/v2\/pages\/8029","targetHints":{"allow":["GET"]}}],"collection":[{"href":"https:\/\/consorcioserrano.es\/it\/wp-json\/wp\/v2\/pages"}],"about":[{"href":"https:\/\/consorcioserrano.es\/it\/wp-json\/wp\/v2\/types\/page"}],"author":[{"embeddable":true,"href":"https:\/\/consorcioserrano.es\/it\/wp-json\/wp\/v2\/users\/1"}],"replies":[{"embeddable":true,"href":"https:\/\/consorcioserrano.es\/it\/wp-json\/wp\/v2\/comments?post=8029"}],"version-history":[{"count":1,"href":"https:\/\/consorcioserrano.es\/it\/wp-json\/wp\/v2\/pages\/8029\/revisions"}],"predecessor-version":[{"id":13944,"href":"https:\/\/consorcioserrano.es\/it\/wp-json\/wp\/v2\/pages\/8029\/revisions\/13944"}],"up":[{"embeddable":true,"href":"https:\/\/consorcioserrano.es\/it\/wp-json\/wp\/v2\/pages\/7997"}],"wp:attachment":[{"href":"https:\/\/consorcioserrano.es\/it\/wp-json\/wp\/v2\/media?parent=8029"}],"curies":[{"name":"wp","href":"https:\/\/api.w.org\/{rel}","templated":true}]}}