{"id":20691,"date":"2024-01-11T11:32:33","date_gmt":"2024-01-11T10:32:33","guid":{"rendered":"https:\/\/consorcioserrano.es\/?page_id=20691"},"modified":"2024-02-20T14:51:16","modified_gmt":"2024-02-20T13:51:16","slug":"het-kwaliteitszegel","status":"publish","type":"page","link":"https:\/\/consorcioserrano.es\/nl\/over-consorcio-jamon-serrano\/het-kwaliteitszegel\/","title":{"rendered":"Het kwaliteitszegel"},"content":{"rendered":"<div class=\"wpb-content-wrapper\"><p>[vc_row full_width=&#8221;stretch_row&#8221; css=&#8221;.vc_custom_1510761286293{background-color: #161616 !important;}&#8221; el_class=&#8221;no-padding-top six-columns consorcio-submenu&#8221; el_id=&#8221;consorcio-submenu&#8221;][vc_column width=&#8221;1\/6&#8243; offset=&#8221;vc_hidden-md vc_hidden-sm vc_hidden-xs&#8221;][\/vc_column][vc_column offset=&#8221;vc_col-lg-2 vc_col-md-3&#8243; el_class=&#8221;no-lateral-padding&#8221;]\n    <a href=\"https:\/\/consorcioserrano.es\/nl\/over-consorcio-jamon-serrano\/geschiedenis\/\"   class=\"vc_link_consorcio\" title=\" Geschiedenis \">\n    <div class=\"roll_wrap\" id=\"\">\n\t\t\n        <div class=\"roll_wrap_img opacity-submenu-hover\" ><img decoding=\"async\" src=\"https:\/\/consorcioserrano.es\/wp-content\/uploads\/2017\/10\/historia-consorcio-jamon-serrano-superior-menu-620x450.jpg\" class=\"img-responsive \" > <\/div>\n\t\t\n\n\t\t\n\t\t\n\t        <div class=\"roll_wrap_link_imagetextmenu  \" style=\"color:#ff0000; font-size:;\"><p class=\"six-columns-img\"><img loading=\"lazy\" decoding=\"async\" class=\"size-full wp-image-2600 alignleft\" src=\"http:\/\/consorcioserrano.es\/wp-content\/uploads\/2017\/10\/s-60.png\" alt=\"\" width=\"60\" height=\"60\" \/><\/p>\n<h3><strong>Geschiedenis<\/strong><\/h3>\n<\/div>\n\t\t\n    <\/div>\n    <\/a>[\/vc_column][vc_column offset=&#8221;vc_col-lg-2 vc_col-md-3&#8243; el_class=&#8221;no-lateral-padding&#8221;]\n    <a href=\"https:\/\/consorcioserrano.es\/nl\/over-consorcio-jamon-serrano\/onze-identiteit\/\"   class=\"vc_link_consorcio\" title=\" Onze identiteit \">\n    <div class=\"roll_wrap\" id=\"\">\n\t\t\n        <div class=\"roll_wrap_img opacity-submenu-hover\" ><img decoding=\"async\" src=\"https:\/\/consorcioserrano.es\/wp-content\/uploads\/2017\/10\/identifica-consorcio-jamon-serrano-superior-menu-620x450.jpg\" class=\"img-responsive \" > <\/div>\n\t\t\n\n\t\t\n\t\t\n\t        <div class=\"roll_wrap_link_imagetextmenu  \" style=\"color:#ff0000; font-size:;\"><p class=\"six-columns-img\"><img loading=\"lazy\" decoding=\"async\" class=\"size-full wp-image-2600 alignleft\" src=\"http:\/\/consorcioserrano.es\/wp-content\/uploads\/2017\/10\/s-60.png\" alt=\"\" width=\"60\" height=\"60\" \/><\/p>\n<h3><strong>Onze identiteit<\/strong><\/h3>\n<\/div>\n\t\t\n    <\/div>\n    <\/a>[\/vc_column][vc_column offset=&#8221;vc_col-lg-2 vc_col-md-3&#8243; el_class=&#8221;no-lateral-padding&#8221;]\n    <a href=\"https:\/\/consorcioserrano.es\/nl\/over-consorcio-jamon-serrano\/het-kwaliteitszegel\/\"   class=\"vc_link_consorcio\" title=\" Het kwaliteitszegel \">\n    <div class=\"roll_wrap\" id=\"\">\n\t\t\n        <div class=\"roll_wrap_img \" ><img decoding=\"async\" src=\"https:\/\/consorcioserrano.es\/wp-content\/uploads\/2017\/10\/sello-calidad-consorcio-jamon-serrano-superior-menu-620x450.jpg\" class=\"img-responsive \" > <\/div>\n\t\t\n\n\t\t\n\t\t\n\t        <div class=\"roll_wrap_link_imagetextmenu  \" style=\"color:#ff0000; font-size:;\"><p class=\"six-columns-img\"><img loading=\"lazy\" decoding=\"async\" class=\"size-full wp-image-2600 alignleft\" src=\"http:\/\/consorcioserrano.es\/wp-content\/uploads\/2017\/10\/s-60.png\" alt=\"\" width=\"60\" height=\"60\" \/><\/p>\n<h3><strong>Het kwaliteitszegel<\/strong><\/h3>\n<\/div>\n\t\t\n    <\/div>\n    <\/a>[\/vc_column][vc_column offset=&#8221;vc_col-lg-2 vc_col-md-3&#8243; el_class=&#8221;no-lateral-padding&#8221;]\n    <a href=\"https:\/\/consorcioserrano.es\/nl\/over-consorcio-jamon-serrano\/internationale-aanwezigheid\/\"   class=\"vc_link_consorcio\" title=\" Internationale aanwezigheid \">\n    <div class=\"roll_wrap\" id=\"\">\n\t\t\n        <div class=\"roll_wrap_img opacity-submenu-hover\" ><img decoding=\"async\" src=\"https:\/\/consorcioserrano.es\/wp-content\/uploads\/2017\/10\/presencia-internacional-consorcio-jamon-serrano-superior-menu-620x450.jpg\" class=\"img-responsive \" > <\/div>\n\t\t\n\n\t\t\n\t\t\n\t        <div class=\"roll_wrap_link_imagetextmenu  \" style=\"color:#ff0000; font-size:;\"><p class=\"six-columns-img\"><img loading=\"lazy\" decoding=\"async\" class=\"size-full wp-image-2600 alignleft\" src=\"http:\/\/consorcioserrano.es\/wp-content\/uploads\/2017\/10\/s-60.png\" alt=\"\" width=\"60\" height=\"60\" \/><\/p>\n<h3><strong>Internationale aanwezigheid<\/strong><\/h3>\n<\/div>\n\t\t\n    <\/div>\n    <\/a>[\/vc_column][vc_column width=&#8221;1\/6&#8243; offset=&#8221;vc_hidden-md vc_hidden-sm&#8221;][\/vc_column][\/vc_row][vc_row full_width=&#8221;stretch_row_content_no_spaces&#8221; css=&#8221;.vc_custom_1510073275693{background-image: url(http:\/\/consorcioserrano.es\/wp-content\/uploads\/2017\/10\/sello-calidad-consorcio-jamo-serrano-header-1900&#215;331.jpg?id=2830) !important;background-position: center !important;background-repeat: no-repeat !important;background-size: cover !important;}&#8221;][vc_column]\n<div id=\"ersspace-1\"><\/div><style type=\"text\/css\">#ersspace-1 { height: 320px; }\n@media handheld, only screen and (max-width: 1199px) {\n\t#ersspace-1 { height: 300px; }\n}\n@media handheld, only screen and (max-width: 1023px) {\n\t#ersspace-1 { height: 300px; }\n}\n@media handheld, only screen and (max-width: 767px) {\n\t#ersspace-1 { height: 260px; }\n}<\/style>[\/vc_column][\/vc_row][vc_row el_class=&#8221;column-special-one&#8221;][vc_column width=&#8221;2\/3&#8243; el_class=&#8221;panel-special-content&#8221;][vc_row_inner][vc_column_inner][vc_column_text el_class=&#8221;vc_quote_consorcio&#8221;]<\/p>\n<div class=\"vc_quote_consorcio_icon\"><img loading=\"lazy\" decoding=\"async\" class=\"alignnone size-full wp-image-1101\" src=\"http:\/\/consorcioserrano.es\/wp-content\/uploads\/2017\/10\/comillas-abrir-1.png\" alt=\"\" width=\"59\" height=\"53\" srcset=\"https:\/\/consorcioserrano.es\/wp-content\/uploads\/2017\/10\/comillas-abrir-1.png 59w, https:\/\/consorcioserrano.es\/wp-content\/uploads\/2017\/10\/comillas-abrir-1-50x45.png 50w\" sizes=\"auto, (max-width:767px) 59px, 59px\" \/><\/div>\n<div class=\"vc_quote_consorcio_content\">\n<h1><strong>Het<\/strong> kwaliteitszegel\u00a0<img loading=\"lazy\" decoding=\"async\" class=\"alignnone size-full wp-image-1100\" src=\"http:\/\/consorcioserrano.es\/wp-content\/uploads\/2017\/10\/comillas-cerrar-1.png\" alt=\"\" width=\"59\" height=\"53\" srcset=\"https:\/\/consorcioserrano.es\/wp-content\/uploads\/2017\/10\/comillas-cerrar-1.png 59w, https:\/\/consorcioserrano.es\/wp-content\/uploads\/2017\/10\/comillas-cerrar-1-50x45.png 50w\" sizes=\"auto, (max-width:767px) 59px, 59px\" \/><\/h1>\n<\/div>\n<p>[\/vc_column_text][\/vc_column_inner][\/vc_row_inner][vc_row_inner][vc_column_inner][vc_column_text]<\/p>\n<h3><span style=\"color: #e82f37;\"><strong>kwaliteitszegel consorcio del jam\u00f3n serrano espa\u00f1ol<\/strong><\/span><\/h3>\n<p>[\/vc_column_text][\/vc_column_inner][\/vc_row_inner][vc_row_inner][vc_column_inner width=&#8221;1\/2&#8243;][vc_column_text]<strong>Het kwaliteitszegel \u201cConsorcio Serrano\u201d<\/strong> is het offici\u00eble embleem <strong>dat garandeert dat de Serranohammen<\/strong> waarop het wordt toegepast, zijn gemaakt volgens de veeleisende kwaliteitsnormen <strong>en strikte kwaliteitscontroles van de vereniging om een \u200b\u200buitstekende Serranoham te kunnen aanbieden<\/strong>. Het zijn stukjes Serranoham, \u00e9\u00e9n voor \u00e9\u00e9n met de hand geselecteerd, van de beste producenten van Spaanse Serranoham.<\/p>\n<p>Dit zegel waarborgt een <strong>traditionele en unieke serranoham die steeds in Spanje en met 100% Spaanse<\/strong> grondstoffen wordt vervaardigd. De zintuiglijke eigenschappen (hoofdzakelijk smaak en textuur) onderscheiden onze serranohammen van de rest van de serranohammen die op de buitenlandse markt te vinden zijn en van andere gerijpte producten zoals Prosciutto di Parma of Bayonne ham.[\/vc_column_text][\/vc_column_inner][vc_column_inner width=&#8221;1\/2&#8243;][vc_column_text]Dit zegel is te vinden op alle <strong>commerci\u00eble presentaties van de verschillende winkelformaten<\/strong>:<\/p>\n<ul>\n<li>Gebrandmerkt op volledige hammen.<\/li>\n<li>Op de ontbeende serranohammen<\/li>\n<li>Op de ontbeende blokken serranoham<\/li>\n<li>Op al het voorgaande met het genummerde controle-etiket<\/li>\n<li>In de verpakkingen met gesneden serranoham<\/li>\n<\/ul>\n<p>[\/vc_column_text][vc_single_image image=&#8221;20710&#8243; img_size=&#8221;large&#8221; alignment=&#8221;center&#8221;][\/vc_column_inner][\/vc_row_inner][vc_column_text el_class=&#8221;vc_quote_consorcio vc_quote_consorcio_other&#8221;]<\/p>\n<div class=\"vc_quote_consorcio_icon\"><img loading=\"lazy\" decoding=\"async\" class=\"alignnone size-full wp-image-1101\" src=\"http:\/\/consorcioserrano.es\/wp-content\/uploads\/2017\/10\/comillas-abrir-1.png\" alt=\"\" width=\"59\" height=\"53\" srcset=\"https:\/\/consorcioserrano.es\/wp-content\/uploads\/2017\/10\/comillas-abrir-1.png 59w, https:\/\/consorcioserrano.es\/wp-content\/uploads\/2017\/10\/comillas-abrir-1-50x45.png 50w\" sizes=\"auto, (max-width:767px) 59px, 59px\" \/><\/div>\n<div class=\"vc_quote_consorcio_content\">\n<h2>Slechts een beperkte productie van Serranoham ontvangt <strong>het \u201cConsorcioSerrano Certified Seal\u201d<\/strong><\/h2>\n<\/div>\n<p>[\/vc_column_text][vc_row_inner][vc_column_inner width=&#8221;1\/2&#8243;][vc_column_text]Het Consorcio del Jam\u00f3n Serrano Espa\u00f1ol is een vereniging van Spaanse traditionele producenten van serranoham die de traditionele wijze waarop <strong>Spaanse serranoham wordt vervaardigd verdedigt,<\/strong> de authentieke en hoogwaardige serranoham promoot, <span class=\"HwtZe\" lang=\"nl\"><span class=\"jCAhz ChMk0b\"><span class=\"ryNqvb\">en garandeert dat alle Serranoham die onder het zegel \u201cConsorcioSerrano\u201d op de markt wordt gebracht, voldoet aan <strong>de meest veeleisende kwaliteitsnormen<\/strong>.<\/span><\/span> <span class=\"jCAhz ChMk0b\"><span class=\"ryNqvb\">Het \u2018ConsorcioSerrano\u2019-zegel is daarom alleen voorbehouden aan een <strong>selectie Spaanse Serranohammen.<\/strong><\/span><\/span><\/span>[\/vc_column_text][\/vc_column_inner][vc_column_inner width=&#8221;1\/2&#8243;][vc_column_text]Het kwaliteitszegel ConsorcioSerrano, die <strong>garant staat voor een product van uitstekende kwaliteit,<\/strong> voor vertrouwen bij invoerders, distributeurs en consumenten: in 2017 heeft het Consorcio haar kwaliteitszegel aangebracht <strong>op 14.000.000 serranohammen.<\/strong>[\/vc_column_text][\/vc_column_inner][\/vc_row_inner][\/vc_column][vc_column width=&#8221;1\/3&#8243;]\n<div id=\"ersspace-2\"><\/div><style type=\"text\/css\">#ersspace-2 { height: 260px; }\n@media handheld, only screen and (max-width: 767px) {\n\t#ersspace-2 { height: 0px; }\n}<\/style>[vc_row_inner el_class=&#8221;panel-special-aside&#8221;][vc_column_inner][vc_video link=&#8221;https:\/\/youtu.be\/N1N-TfHDVe0&#8243; align=&#8221;center&#8221;][vc_column_text]<\/p>\n<h3><span lang=\"nl\" style=\"color: #e82f37;\">Het kwaliteitszegel in de verschillende commerci\u00eble presentaties:<\/span><\/h3>\n<p>[\/vc_column_text][vc_single_image image=&#8221;20697&#8243; img_size=&#8221;full&#8221;][\/vc_column_inner][\/vc_row_inner][\/vc_column][\/vc_row][vc_row][vc_column]\n<div id=\"ersspace-3\"><\/div><style type=\"text\/css\">#ersspace-3 { height: 80px; }<\/style>[\/vc_column][\/vc_row]<\/p>\n<\/div>","protected":false},"excerpt":{"rendered":"<p>[vc_row full_width=&#8221;stretch_row&#8221; css=&#8221;.vc_custom_1510761286293{background-color: #161616 !important;}&#8221; el_class=&#8221;no-padding-top six-columns consorcio-submenu&#8221; el_id=&#8221;consorcio-submenu&#8221;][vc_column width=&#8221;1\/6&#8243; offset=&#8221;vc_hidden-md vc_hidden-sm vc_hidden-xs&#8221;][\/vc_column][vc_column offset=&#8221;vc_col-lg-2 vc_col-md-3&#8243; el_class=&#8221;no-lateral-padding&#8221;][\/vc_column][vc_column offset=&#8221;vc_col-lg-2 vc_col-md-3&#8243; el_class=&#8221;no-lateral-padding&#8221;][\/vc_column][vc_column offset=&#8221;vc_col-lg-2 vc_col-md-3&#8243; el_class=&#8221;no-lateral-padding&#8221;][\/vc_column][vc_column offset=&#8221;vc_col-lg-2 vc_col-md-3&#8243; el_class=&#8221;no-lateral-padding&#8221;][\/vc_column][vc_column width=&#8221;1\/6&#8243;<span class=\"excerpt-hellip\"> [\u2026]<\/span><\/p>\n","protected":false},"author":1,"featured_media":0,"parent":5777,"menu_order":0,"comment_status":"closed","ping_status":"closed","template":"","meta":{"_acf_changed":false,"footnotes":""},"class_list":["post-20691","page","type-page","status-publish","hentry","sections_group lang-nl"],"yoast_head":"<!-- This site is optimized with the Yoast SEO plugin v27.2 - https:\/\/yoast.com\/product\/yoast-seo-wordpress\/ -->\n<title>Het kwaliteitszegel - Serranoham Consorcio<\/title>\n<meta name=\"description\" content=\"Kwaliteitszegel van de beste Spaanse Serranoham - Het Consorcio Serrano Ham verzegelt de traditionele Spaanse ham - Handselectie, stuk voor stuk.\" \/>\n<meta name=\"robots\" content=\"index, follow, max-snippet:-1, max-image-preview:large, max-video-preview:-1\" \/>\n<link rel=\"canonical\" href=\"https:\/\/consorcioserrano.es\/nl\/over-consorcio-jamon-serrano\/het-kwaliteitszegel\/\" \/>\n<meta property=\"og:locale\" content=\"nl_NL\" \/>\n<meta property=\"og:type\" content=\"article\" \/>\n<meta property=\"og:title\" content=\"Het kwaliteitszegel - Serranoham Consorcio\" \/>\n<meta property=\"og:description\" content=\"Kwaliteitszegel van de beste Spaanse Serranoham - Het Consorcio Serrano Ham verzegelt de traditionele Spaanse ham - Handselectie, stuk voor stuk.\" \/>\n<meta property=\"og:url\" content=\"https:\/\/consorcioserrano.es\/nl\/over-consorcio-jamon-serrano\/het-kwaliteitszegel\/\" \/>\n<meta property=\"og:site_name\" content=\"Consorcio del Jam\u00f3n Serrano Espa\u00f1ol\" \/>\n<meta property=\"article:modified_time\" content=\"2024-02-20T13:51:16+00:00\" \/>\n<meta property=\"og:image\" content=\"http:\/\/consorcioserrano.es\/wp-content\/uploads\/2017\/10\/s-60.png\" \/>\n<meta name=\"twitter:card\" content=\"summary_large_image\" \/>\n<meta name=\"twitter:label1\" content=\"Geschatte leestijd\" \/>\n\t<meta name=\"twitter:data1\" content=\"4 minuten\" \/>\n<script type=\"application\/ld+json\" class=\"yoast-schema-graph\">{\"@context\":\"https:\/\/schema.org\",\"@graph\":[{\"@type\":\"WebPage\",\"@id\":\"https:\/\/consorcioserrano.es\/nl\/over-consorcio-jamon-serrano\/het-kwaliteitszegel\/\",\"url\":\"https:\/\/consorcioserrano.es\/nl\/over-consorcio-jamon-serrano\/het-kwaliteitszegel\/\",\"name\":\"Het kwaliteitszegel - Serranoham Consorcio\",\"isPartOf\":{\"@id\":\"https:\/\/consorcioserrano.es\/#website\"},\"primaryImageOfPage\":{\"@id\":\"https:\/\/consorcioserrano.es\/nl\/over-consorcio-jamon-serrano\/het-kwaliteitszegel\/#primaryimage\"},\"image\":{\"@id\":\"https:\/\/consorcioserrano.es\/nl\/over-consorcio-jamon-serrano\/het-kwaliteitszegel\/#primaryimage\"},\"thumbnailUrl\":\"http:\/\/consorcioserrano.es\/wp-content\/uploads\/2017\/10\/s-60.png\",\"datePublished\":\"2024-01-11T10:32:33+00:00\",\"dateModified\":\"2024-02-20T13:51:16+00:00\",\"description\":\"Kwaliteitszegel van de beste Spaanse Serranoham - Het Consorcio Serrano Ham verzegelt de traditionele Spaanse ham - Handselectie, stuk voor stuk.\",\"breadcrumb\":{\"@id\":\"https:\/\/consorcioserrano.es\/nl\/over-consorcio-jamon-serrano\/het-kwaliteitszegel\/#breadcrumb\"},\"inLanguage\":\"nl-NL\",\"potentialAction\":[{\"@type\":\"ReadAction\",\"target\":[\"https:\/\/consorcioserrano.es\/nl\/over-consorcio-jamon-serrano\/het-kwaliteitszegel\/\"]}]},{\"@type\":\"ImageObject\",\"inLanguage\":\"nl-NL\",\"@id\":\"https:\/\/consorcioserrano.es\/nl\/over-consorcio-jamon-serrano\/het-kwaliteitszegel\/#primaryimage\",\"url\":\"http:\/\/consorcioserrano.es\/wp-content\/uploads\/2017\/10\/s-60.png\",\"contentUrl\":\"http:\/\/consorcioserrano.es\/wp-content\/uploads\/2017\/10\/s-60.png\"},{\"@type\":\"BreadcrumbList\",\"@id\":\"https:\/\/consorcioserrano.es\/nl\/over-consorcio-jamon-serrano\/het-kwaliteitszegel\/#breadcrumb\",\"itemListElement\":[{\"@type\":\"ListItem\",\"position\":1,\"name\":\"Portada\",\"item\":\"https:\/\/consorcioserrano.es\/nl\/\"},{\"@type\":\"ListItem\",\"position\":2,\"name\":\"Over Consorcio Jamon Serrano\",\"item\":\"https:\/\/consorcioserrano.es\/nl\/over-consorcio-jamon-serrano\/\"},{\"@type\":\"ListItem\",\"position\":3,\"name\":\"Het kwaliteitszegel\"}]},{\"@type\":\"WebSite\",\"@id\":\"https:\/\/consorcioserrano.es\/#website\",\"url\":\"https:\/\/consorcioserrano.es\/\",\"name\":\"Consorcio del Jam\u00f3n Serrano Espa\u00f1ol\",\"description\":\"Het Spaanse Serranoham Consorcio garandeert de beste traditionele Serranoham: 100% Spaanse ham, zorgvuldig stuk voor stuk geselecteerd.\",\"potentialAction\":[{\"@type\":\"SearchAction\",\"target\":{\"@type\":\"EntryPoint\",\"urlTemplate\":\"https:\/\/consorcioserrano.es\/?s={search_term_string}\"},\"query-input\":{\"@type\":\"PropertyValueSpecification\",\"valueRequired\":true,\"valueName\":\"search_term_string\"}}],\"inLanguage\":\"nl-NL\"}]}<\/script>\n<!-- \/ Yoast SEO plugin. -->","yoast_head_json":{"title":"Het kwaliteitszegel - Serranoham Consorcio","description":"Kwaliteitszegel van de beste Spaanse Serranoham - Het Consorcio Serrano Ham verzegelt de traditionele Spaanse ham - Handselectie, stuk voor stuk.","robots":{"index":"index","follow":"follow","max-snippet":"max-snippet:-1","max-image-preview":"max-image-preview:large","max-video-preview":"max-video-preview:-1"},"canonical":"https:\/\/consorcioserrano.es\/nl\/over-consorcio-jamon-serrano\/het-kwaliteitszegel\/","og_locale":"nl_NL","og_type":"article","og_title":"Het kwaliteitszegel - Serranoham Consorcio","og_description":"Kwaliteitszegel van de beste Spaanse Serranoham - Het Consorcio Serrano Ham verzegelt de traditionele Spaanse ham - Handselectie, stuk voor stuk.","og_url":"https:\/\/consorcioserrano.es\/nl\/over-consorcio-jamon-serrano\/het-kwaliteitszegel\/","og_site_name":"Consorcio del Jam\u00f3n Serrano Espa\u00f1ol","article_modified_time":"2024-02-20T13:51:16+00:00","og_image":[{"url":"http:\/\/consorcioserrano.es\/wp-content\/uploads\/2017\/10\/s-60.png","type":"","width":"","height":""}],"twitter_card":"summary_large_image","twitter_misc":{"Geschatte leestijd":"4 minuten"},"schema":{"@context":"https:\/\/schema.org","@graph":[{"@type":"WebPage","@id":"https:\/\/consorcioserrano.es\/nl\/over-consorcio-jamon-serrano\/het-kwaliteitszegel\/","url":"https:\/\/consorcioserrano.es\/nl\/over-consorcio-jamon-serrano\/het-kwaliteitszegel\/","name":"Het kwaliteitszegel - Serranoham Consorcio","isPartOf":{"@id":"https:\/\/consorcioserrano.es\/#website"},"primaryImageOfPage":{"@id":"https:\/\/consorcioserrano.es\/nl\/over-consorcio-jamon-serrano\/het-kwaliteitszegel\/#primaryimage"},"image":{"@id":"https:\/\/consorcioserrano.es\/nl\/over-consorcio-jamon-serrano\/het-kwaliteitszegel\/#primaryimage"},"thumbnailUrl":"http:\/\/consorcioserrano.es\/wp-content\/uploads\/2017\/10\/s-60.png","datePublished":"2024-01-11T10:32:33+00:00","dateModified":"2024-02-20T13:51:16+00:00","description":"Kwaliteitszegel van de beste Spaanse Serranoham - Het Consorcio Serrano Ham verzegelt de traditionele Spaanse ham - Handselectie, stuk voor stuk.","breadcrumb":{"@id":"https:\/\/consorcioserrano.es\/nl\/over-consorcio-jamon-serrano\/het-kwaliteitszegel\/#breadcrumb"},"inLanguage":"nl-NL","potentialAction":[{"@type":"ReadAction","target":["https:\/\/consorcioserrano.es\/nl\/over-consorcio-jamon-serrano\/het-kwaliteitszegel\/"]}]},{"@type":"ImageObject","inLanguage":"nl-NL","@id":"https:\/\/consorcioserrano.es\/nl\/over-consorcio-jamon-serrano\/het-kwaliteitszegel\/#primaryimage","url":"http:\/\/consorcioserrano.es\/wp-content\/uploads\/2017\/10\/s-60.png","contentUrl":"http:\/\/consorcioserrano.es\/wp-content\/uploads\/2017\/10\/s-60.png"},{"@type":"BreadcrumbList","@id":"https:\/\/consorcioserrano.es\/nl\/over-consorcio-jamon-serrano\/het-kwaliteitszegel\/#breadcrumb","itemListElement":[{"@type":"ListItem","position":1,"name":"Portada","item":"https:\/\/consorcioserrano.es\/nl\/"},{"@type":"ListItem","position":2,"name":"Over Consorcio Jamon Serrano","item":"https:\/\/consorcioserrano.es\/nl\/over-consorcio-jamon-serrano\/"},{"@type":"ListItem","position":3,"name":"Het kwaliteitszegel"}]},{"@type":"WebSite","@id":"https:\/\/consorcioserrano.es\/#website","url":"https:\/\/consorcioserrano.es\/","name":"Consorcio del Jam\u00f3n Serrano Espa\u00f1ol","description":"Het Spaanse Serranoham Consorcio garandeert de beste traditionele Serranoham: 100% Spaanse ham, zorgvuldig stuk voor stuk geselecteerd.","potentialAction":[{"@type":"SearchAction","target":{"@type":"EntryPoint","urlTemplate":"https:\/\/consorcioserrano.es\/?s={search_term_string}"},"query-input":{"@type":"PropertyValueSpecification","valueRequired":true,"valueName":"search_term_string"}}],"inLanguage":"nl-NL"}]}},"acf":[],"_links":{"self":[{"href":"https:\/\/consorcioserrano.es\/nl\/wp-json\/wp\/v2\/pages\/20691","targetHints":{"allow":["GET"]}}],"collection":[{"href":"https:\/\/consorcioserrano.es\/nl\/wp-json\/wp\/v2\/pages"}],"about":[{"href":"https:\/\/consorcioserrano.es\/nl\/wp-json\/wp\/v2\/types\/page"}],"author":[{"embeddable":true,"href":"https:\/\/consorcioserrano.es\/nl\/wp-json\/wp\/v2\/users\/1"}],"replies":[{"embeddable":true,"href":"https:\/\/consorcioserrano.es\/nl\/wp-json\/wp\/v2\/comments?post=20691"}],"version-history":[{"count":3,"href":"https:\/\/consorcioserrano.es\/nl\/wp-json\/wp\/v2\/pages\/20691\/revisions"}],"predecessor-version":[{"id":22417,"href":"https:\/\/consorcioserrano.es\/nl\/wp-json\/wp\/v2\/pages\/20691\/revisions\/22417"}],"up":[{"embeddable":true,"href":"https:\/\/consorcioserrano.es\/nl\/wp-json\/wp\/v2\/pages\/5777"}],"wp:attachment":[{"href":"https:\/\/consorcioserrano.es\/nl\/wp-json\/wp\/v2\/media?parent=20691"}],"curies":[{"name":"wp","href":"https:\/\/api.w.org\/{rel}","templated":true}]}}