{"id":4943,"date":"2017-11-21T16:27:33","date_gmt":"2017-11-21T15:27:33","guid":{"rendered":"http:\/\/consorcioserrano.es\/?page_id=4943"},"modified":"2019-01-31T15:21:59","modified_gmt":"2019-01-31T14:21:59","slug":"inwijding","status":"publish","type":"page","link":"https:\/\/consorcioserrano.es\/nl\/","title":{"rendered":"Inwijding"},"content":{"rendered":"<div class=\"wpb-content-wrapper\"><p>[vc_row full_width=&#8221;stretch_row_content_no_spaces&#8221;][vc_column width=&#8221;1\/3&#8243;]\n    <a href=\"https:\/\/consorcioserrano.es\/nl\/de-consorcio-serrano-ham\/bereiding-van-de-consorcio-serrano-ham\/\"   class=\"vc_link_consorcio\" title=\"Bereiding  van de Consorcio Serrano Ham \">\n    <div class=\"roll_wrap\" id=\"\">\n\t\t\n        <div class=\"roll_wrap_img \" ><img decoding=\"async\" src=\"https:\/\/consorcioserrano.es\/wp-content\/uploads\/2017\/10\/home-01-1-1.jpg\" class=\"img-responsive \" > <\/div>\n\t\t\n\n\t\t\n\t\t\n\t        <div class=\"roll_wrap_link  vc_custom_1548944510498 box-s-consorcio-serrano\" style=\"color:#ffffff; font-size:36px;\"><h1><strong><span style=\"color: #e82f37;\">Bereiding <\/span><\/strong><\/h1>\n<h2>van de Consorcio Serrano Ham<\/h2>\n<\/div>\n\t\t\n    <\/div>\n    <\/a>[\/vc_column][vc_column width=&#8221;1\/3&#8243;]\n    <a href=\"https:\/\/consorcioserrano.es\/nl\/het-consorcio-serrano-ham\/smaak-aroma-en-bewaring\/\"   class=\"vc_link_consorcio\" title=\"De smaak van het Consorcio Serrano Ham \">\n    <div class=\"roll_wrap\" id=\"\">\n\t\t\n        <div class=\"roll_wrap_img \" ><img decoding=\"async\" src=\"https:\/\/consorcioserrano.es\/wp-content\/uploads\/2017\/10\/home-03-1-1.jpg\" class=\"img-responsive \" > <\/div>\n\t\t\n\n\t\t\n\t\t\n\t        <div class=\"roll_wrap_link  vc_custom_1512121354157 box-s-consorcio-serrano\" style=\"color:#ffffff; font-size:36px;\"><h1><strong><span style=\"color: #e82f37;\">De smaak<\/span><\/strong><\/h1>\n<h2>van het<\/h2>\n<h2>Consorcio Serrano Ham<\/h2>\n<\/div>\n\t\t\n    <\/div>\n    <\/a>[\/vc_column][vc_column width=&#8221;1\/3&#8243;]\n    <a href=\"https:\/\/consorcioserrano.es\/nl\/het-consorcio-serrano-ham\/bereiding-van-de-consorcio-serrano-ham\/\"   class=\"vc_link_consorcio\" title=\"Selectie stuk voor stuk \">\n    <div class=\"roll_wrap\" id=\"\">\n\t\t\n        <div class=\"roll_wrap_img \" ><img decoding=\"async\" src=\"https:\/\/consorcioserrano.es\/wp-content\/uploads\/2017\/10\/home-02-1-1.jpg\" class=\"img-responsive \" > <\/div>\n\t\t\n\n\t\t\n\t\t\n\t        <div class=\"roll_wrap_link  vc_custom_1512121403992 box-s-consorcio-serrano\" style=\"color:#ffffff; font-size:36px;\"><h1><span style=\"color: #e82f37;\"><strong>Selectie<\/strong><\/span><\/h1>\n<h2>stuk voor stuk<\/h2>\n<\/div>\n\t\t\n    <\/div>\n    <\/a>[\/vc_column][\/vc_row][vc_row full_width=&#8221;stretch_row_content_no_spaces&#8221; equal_height=&#8221;yes&#8221;][vc_column width=&#8221;1\/3&#8243;]\n<div id=\"ersspace-1\"><\/div><style type=\"text\/css\">#ersspace-1 { height: 30px; }<\/style>[vc_column_text]<\/p>\n<div class=\"vc_post 1Latest_news home-post-main\">\n<h3><img loading=\"lazy\" decoding=\"async\" class=\"alignnone size-full wp-image-1097\" src=\"http:\/\/consorcioserrano.es\/wp-content\/uploads\/2017\/10\/comillas-abrir-1.png\" alt=\"\" width=\"59\" height=\"59\" \/>\u00a0Het Consorcio del Jam\u00f3n Serrano<\/h3>\n<ul class=\"ul-first\">\n<li class=\"post-985 post type-post status-publish format-standard hentry category-destacada\">\n<div class=\"desc\">\n<div class=\"desc_footer\"><span class=\"date\"><i class=\"icon-clock\"><\/i> 23 octubre, 2017<\/span><\/div>\n<div class=\"post-excerpt\">Het Consorcio del Jam\u00f3n Serrano Espa\u00f1ol is een vrijwillige vereniging van Spaanse ondernemingen waarvan sinds 1990 de voornaamste bedrijven van de Spaanse vleessector deel uitmaken. Het betreft een van de toonaangevende merken op het gebied van bereiding en uitvoer van serranoham, met als gezamenlijk doel een exclusieve en kwaliteitsvolle serranoham te homologeren voor hun afzet op de internationale markten. Na meer dan 20 jaar is het Consorcio voor de voornaamste Europese, Amerikaanse en Aziatische markten d\u00e9 referentie en het contactpunt geworden voor de invoer van Spaanse serranoham.<\/div>\n<p><a title=\"Lees meer\" href=\"https:\/\/consorcioserrano.es\/nl\/over-consorcio-jamon-serrano\/\">Lees meer<\/a><\/p>\n<\/div>\n<\/li>\n<\/ul>\n<\/div>\n<p>[\/vc_column_text]\n<div id=\"ersspace-2\"><\/div><style type=\"text\/css\">#ersspace-2 { height: 30px; }<\/style>[\/vc_column][vc_column width=&#8221;1\/3&#8243;]\n    <a href=\"https:\/\/consorcioserrano.es\/nl\/het-consorcio-serrano-ham\/kwaliteitsgarantie\/\"   class=\"vc_link_consorcio\" title=\"Het kwaliteitszegel \">\n    <div class=\"roll_wrap\" id=\"\">\n\t\t\n        <div class=\"roll_wrap_img \" ><img decoding=\"async\" src=\"https:\/\/consorcioserrano.es\/wp-content\/uploads\/2017\/10\/home-04-1-1.jpg\" class=\"img-responsive \" > <\/div>\n\t\t\n\n\t\t\n\t\t\n\t        <div class=\"roll_wrap_link  vc_custom_1512121478633 box-s-consorcio-serrano\" style=\"color:#ffffff; font-size:36px;\"><h1><span style=\"color: #e82f37;\"><strong>Het<\/strong><\/span><\/h1>\n<h2>kwaliteitszegel<\/h2>\n<\/div>\n\t\t\n    <\/div>\n    <\/a>[\/vc_column][vc_column width=&#8221;1\/3&#8243;]\n<div id=\"ersspace-3\"><\/div><style type=\"text\/css\">#ersspace-3 { height: 30px; }<\/style><div class=\"vc_post 1Latest_news  home-post-main\"><\/p>\n<h3><i class=\"fa fa-chevron-right\"><\/i> Laatste nieuws<\/h3>\n<p><ul class=\"ul-first\"><li class=\"post-6057 post type-post status-publish format-standard has-post-thumbnail hentry category-over-het-consortium sections_group lang-nl\"><h5 class=\"color-red\"><a href=\"https:\/\/consorcioserrano.es\/nl\/het-consorcio-del-jamon-serrano-espanol-sluit-zijn-stuk-af-met-14000000\/\">Het Consorcio del Jam\u00f3n Serrano Espa\u00f1ol sluit zijn stuk af met 14.000.000<\/a><\/h5><div class=\"photo\"><a href=\"https:\/\/consorcioserrano.es\/nl\/het-consorcio-del-jamon-serrano-espanol-sluit-zijn-stuk-af-met-14000000\/\"><img loading=\"lazy\" decoding=\"async\" width=\"887\" height=\"487\" src=\"https:\/\/consorcioserrano.es\/wp-content\/uploads\/2017\/10\/identifica-consorcio-jamon-serrano-centro.jpg\" class=\"scale-with-grid wp-post-image\" alt=\"\" srcset=\"https:\/\/consorcioserrano.es\/wp-content\/uploads\/2017\/10\/identifica-consorcio-jamon-serrano-centro.jpg 887w, https:\/\/consorcioserrano.es\/wp-content\/uploads\/2017\/10\/identifica-consorcio-jamon-serrano-centro-300x165.jpg 300w, https:\/\/consorcioserrano.es\/wp-content\/uploads\/2017\/10\/identifica-consorcio-jamon-serrano-centro-768x422.jpg 768w, https:\/\/consorcioserrano.es\/wp-content\/uploads\/2017\/10\/identifica-consorcio-jamon-serrano-centro-260x143.jpg 260w, https:\/\/consorcioserrano.es\/wp-content\/uploads\/2017\/10\/identifica-consorcio-jamon-serrano-centro-50x27.jpg 50w, https:\/\/consorcioserrano.es\/wp-content\/uploads\/2017\/10\/identifica-consorcio-jamon-serrano-centro-137x75.jpg 137w\" sizes=\"auto, (max-width:767px) 480px, (max-width:887px) 100vw, 887px\" \/><\/a><\/div><div class=\"desc\"><div class=\"desc_footer\"><span class=\"date\"><i class=\"icon-clock\"><\/i> 1 december 2017<\/span><\/div><div class=\"post-excerpt\">De vereniging heeft sinds de oprichting in 1990 een historisch aantal bereikt. Een mijlpaal die de consolidatie van haar traject en bekendheid voor internationale klanten vertegenwoordigt.<\/div><a href=\"https:\/\/consorcioserrano.es\/nl\/het-consorcio-del-jamon-serrano-espanol-sluit-zijn-stuk-af-met-14000000\/\" title=\"Meer lezen\">Meer lezen<\/a><\/div><\/li><\/ul><\/div>\n\n<div id=\"ersspace-4\"><\/div><style type=\"text\/css\">#ersspace-4 { height: 30px; }<\/style>[\/vc_column][\/vc_row][vc_row full_width=&#8221;stretch_row_content_no_spaces&#8221;][vc_column][vc_separator color=&#8221;custom&#8221; accent_color=&#8221;#e82f37&#8243;]\n<div id=\"ersspace-5\"><\/div><style type=\"text\/css\">#ersspace-5 { height: 0px; }<\/style>[\/vc_column][\/vc_row][vc_row el_class=&#8221;subfooter&#8221;][vc_column width=&#8221;1\/3&#8243;][vc_column_text]<\/p>\n<h5><a href=\"https:\/\/consorcioserrano.es\/nl\/de-consorcio-serrano-ham\/\" rel=\"noopener\">Consorcio Serrano ham <\/a><\/h5>\n<p>[\/vc_column_text][vc_video link=&#8221;https:\/\/youtu.be\/K6zAIXUe1Yk&#8221; align=&#8221;center&#8221;][\/vc_column][vc_column width=&#8221;1\/3&#8243;][vc_column_text]<\/p>\n<h5><a href=\"https:\/\/consorcioserrano.es\/nl\/recepten-tapas-en-broodjes\/\">Recepten, tapas en broodjes met Serrano Ham<\/a><\/h5>\n<p>[\/vc_column_text][vc_column_text]<form style=\"display:none;\" autocomplete=\"off\" name=\"wpv-filter-2547\" action=\"\/nl\/wp-json\/wp\/v2\/pages\/4943?wpv_view_count=2547\" method=\"get\" class=\"wpv-filter-form js-wpv-filter-form js-wpv-filter-form-2547 js-wpv-form-full\" data-viewnumber=\"2547\" data-viewid=\"2547\" data-viewhash=\"eyJuYW1lIjoiaG9tZS1yZWNldGFzLXN1YmZvb3RlciIsInZpZXdfZGlzcGxheSI6ImxheW91dCJ9\" data-viewwidgetid=\"0\" data-orderby=\"\" data-order=\"\" data-orderbyas=\"\" data-orderbysecond=\"\" data-ordersecond=\"\" data-parametric=\"{&quot;query&quot;:&quot;normal&quot;,&quot;id&quot;:2547,&quot;view_id&quot;:2547,&quot;widget_id&quot;:0,&quot;view_hash&quot;:&quot;2547&quot;,&quot;action&quot;:&quot;\\\/nl\\\/wp-json\\\/wp\\\/v2\\\/pages\\\/4943?wpv_view_count=2547&quot;,&quot;sort&quot;:{&quot;orderby&quot;:&quot;&quot;,&quot;order&quot;:&quot;&quot;,&quot;orderby_as&quot;:&quot;&quot;,&quot;orderby_second&quot;:&quot;&quot;,&quot;order_second&quot;:&quot;&quot;},&quot;orderby&quot;:&quot;&quot;,&quot;order&quot;:&quot;&quot;,&quot;orderby_as&quot;:&quot;&quot;,&quot;orderby_second&quot;:&quot;&quot;,&quot;order_second&quot;:&quot;&quot;,&quot;ajax_form&quot;:&quot;&quot;,&quot;ajax_results&quot;:&quot;&quot;,&quot;effect&quot;:&quot;fade&quot;,&quot;prebefore&quot;:&quot;&quot;,&quot;before&quot;:&quot;&quot;,&quot;after&quot;:&quot;&quot;,&quot;attributes&quot;:{&quot;view_display&quot;:&quot;layout&quot;},&quot;environment&quot;:{&quot;current_post_id&quot;:6057,&quot;parent_post_id&quot;:6057,&quot;parent_term_id&quot;:0,&quot;parent_user_id&quot;:0,&quot;archive&quot;:{&quot;type&quot;:&quot;&quot;,&quot;name&quot;:&quot;&quot;,&quot;data&quot;:[]}},&quot;loop&quot;:{&quot;type&quot;:&quot;&quot;,&quot;name&quot;:&quot;&quot;,&quot;data&quot;:[],&quot;id&quot;:0}}\" data-attributes=\"{&quot;view_display&quot;:&quot;layout&quot;}\" data-environment=\"{&quot;current_post_id&quot;:6057,&quot;parent_post_id&quot;:6057,&quot;parent_term_id&quot;:0,&quot;parent_user_id&quot;:0,&quot;archive&quot;:{&quot;type&quot;:&quot;&quot;,&quot;name&quot;:&quot;&quot;,&quot;data&quot;:[]}}\"><input type=\"hidden\" class=\"js-wpv-dps-filter-data js-wpv-filter-data-for-this-form\" data-action=\"\/nl\/wp-json\/wp\/v2\/pages\/4943?wpv_view_count=2547\" data-page=\"1\" data-ajax=\"disable\" data-effect=\"fade\" data-maxpages=\"14\" data-ajaxprebefore=\"\" data-ajaxbefore=\"\" data-ajaxafter=\"\" \/><input class=\"wpv_view_count wpv_view_count-2547\" type=\"hidden\" name=\"wpv_view_count\" value=\"2547\" \/>\n\n\n\n\n<div class=\"vc_row wpb_row vc_row-fluid vc_row-no-padding recetas-buscar\">\n  <div class=\"wpb_column vc_column_container\">\n    <div class=\"vc_column-inner\">\n      <div class=\"wpb_wrapper\">\n      \n        <div class=\"vc_col-xs-12 vc_col-sm-12 vc_col-md-12 vc_col-lg-12 vc_receta_search\">\n          <p><span>Buscar una tapa<\/span>\n            <input type=\"text\" name=\"wpv_post_search\"  class=\"js-wpv-filter-trigger-delayed form-control\" \/>\n      \t\t<button type=\"submit\" class=\"wpv-submit-trigger js-wpv-submit-trigger\">Zoeken<\/button>\n            \n          <\/p>\n        <\/div>\n        \n      <\/div>\n    <\/div>\n  <\/div>\n  \n<\/div>\n\n\n\n\n\n<\/form>\n<div id=\"wpv-view-layout-2547\" class=\"js-wpv-view-layout js-wpv-layout-responsive js-wpv-view-layout-2547\" data-viewnumber=\"2547\" data-pagination=\"{&quot;id&quot;:2547,&quot;query&quot;:&quot;normal&quot;,&quot;type&quot;:&quot;paged&quot;,&quot;effect&quot;:&quot;fade&quot;,&quot;duration&quot;:500,&quot;speed&quot;:5,&quot;pause_on_hover&quot;:&quot;disabled&quot;,&quot;stop_rollover&quot;:&quot;false&quot;,&quot;cache_pages&quot;:&quot;enabled&quot;,&quot;preload_images&quot;:&quot;enabled&quot;,&quot;preload_pages&quot;:&quot;enabled&quot;,&quot;preload_reach&quot;:1,&quot;spinner&quot;:&quot;builtin&quot;,&quot;spinner_image&quot;:&quot;https:\/\/consorcioserrano.es\/wp-content\/plugins\/types-views\/embedded\/res\/img\/ajax-loader.gif&quot;,&quot;callback_next&quot;:&quot;&quot;,&quot;manage_history&quot;:&quot;enabled&quot;,&quot;has_controls_in_form&quot;:&quot;disabled&quot;,&quot;infinite_tolerance&quot;:0,&quot;max_pages&quot;:14,&quot;page&quot;:1,&quot;base_permalink&quot;:&quot;\/nl\/wp-json\/wp\/v2\/pages\/4943?wpv_view_count=2547&amp;wpv_paged=WPV_PAGE_NUM&quot;,&quot;loop&quot;:{&quot;type&quot;:&quot;&quot;,&quot;name&quot;:&quot;&quot;,&quot;data&quot;:[],&quot;id&quot;:0}}\" data-permalink=\"\/nl\/wp-json\/wp\/v2\/pages\/4943?wpv_view_count=2547\">\n\n\t\n\t\n\t\n\t\t\n\t\t<div class=\"vc_row \">\n\t\t\t<div class=\"vc_col-sm-12\"><div class=\"vc_recipe\">\n  <div class=\"vc_recipe-image\">\n    \n    <a href=\"https:\/\/consorcioserrano.es\/nl\/recepten\/serrano-prikker-zee-en-bergen\/\" title=\"Serrano prikker zee en bergen\" alt=\"Serrano prikker zee en bergen\"><img loading=\"lazy\" decoding=\"async\" width=\"800\" height=\"500\" src=\"https:\/\/consorcioserrano.es\/wp-content\/uploads\/2017\/11\/receta-pincho-serrano-mar-y-montana.jpg\" class=\"attachment-full size-full img-responsive img-receta-home wp-post-image\" alt=\"\" srcset=\"https:\/\/consorcioserrano.es\/wp-content\/uploads\/2017\/11\/receta-pincho-serrano-mar-y-montana.jpg 800w, https:\/\/consorcioserrano.es\/wp-content\/uploads\/2017\/11\/receta-pincho-serrano-mar-y-montana-300x188.jpg 300w, https:\/\/consorcioserrano.es\/wp-content\/uploads\/2017\/11\/receta-pincho-serrano-mar-y-montana-768x480.jpg 768w, https:\/\/consorcioserrano.es\/wp-content\/uploads\/2017\/11\/receta-pincho-serrano-mar-y-montana-234x146.jpg 234w, https:\/\/consorcioserrano.es\/wp-content\/uploads\/2017\/11\/receta-pincho-serrano-mar-y-montana-50x31.jpg 50w, https:\/\/consorcioserrano.es\/wp-content\/uploads\/2017\/11\/receta-pincho-serrano-mar-y-montana-120x75.jpg 120w\" sizes=\"auto, (max-width:767px) 480px, (max-width:800px) 100vw, 800px\" \/><\/a>\n  <\/div>\n  <div class=\"vc_recipe-link\">\n    <h3><a href=\"https:\/\/consorcioserrano.es\/nl\/recepten\/serrano-prikker-zee-en-bergen\/\">Serrano prikker zee en bergen<\/a><\/h3>\n  <\/div>\n  <div class=\"vc_recipe-excerpt\">\n    <p>Ham Consortium Serrano vergezeld door een verscheidenheid aan vis.<\/p>\n\n  <\/div>\n  <div class=\"vc_recipe-readmore\">\n    <a href=\"https:\/\/consorcioserrano.es\/nl\/recepten\/serrano-prikker-zee-en-bergen\/\">Lees meer<\/a>\n    <\/div>\n<\/div><\/div>\n\t\t<\/div>\n\t\t\n\t\n\t\n\n\t\n<\/div>\n[\/vc_column_text][\/vc_column][vc_column width=&#8221;1\/3&#8243;][vc_column_text]<\/p>\n<h5><a href=\"https:\/\/consorcioserrano.es\/nl\/consorcio-serrano-ham-snijden\/\">Hoe Serrano Ham te snijden<\/a><\/h5>\n<p>[\/vc_column_text][vc_single_image image=&#8221;2574&#8243; img_size=&#8221;full&#8221; onclick=&#8221;custom_link&#8221; link=&#8221;http:\/\/consorcioserrano.es\/como-cortar-tu-jamon-consorcio-serrano\/&#8221;][\/vc_column][\/vc_row]<\/p>\n<\/div>","protected":false},"excerpt":{"rendered":"<p>[vc_row full_width=&#8221;stretch_row_content_no_spaces&#8221;][vc_column width=&#8221;1\/3&#8243;][\/vc_column][vc_column width=&#8221;1\/3&#8243;][\/vc_column][vc_column width=&#8221;1\/3&#8243;][\/vc_column][\/vc_row][vc_row full_width=&#8221;stretch_row_content_no_spaces&#8221; equal_height=&#8221;yes&#8221;][vc_column width=&#8221;1\/3&#8243;][vc_column_text] \u00a0Het Consorcio del Jam\u00f3n Serrano 23 octubre, 2017 Het Consorcio del Jam\u00f3n Serrano Espa\u00f1ol is een vrijwillige vereniging<span class=\"excerpt-hellip\"> [\u2026]<\/span><\/p>\n","protected":false},"author":1,"featured_media":0,"parent":0,"menu_order":0,"comment_status":"closed","ping_status":"closed","template":"","meta":{"_acf_changed":false,"footnotes":""},"class_list":["post-4943","page","type-page","status-publish","hentry","sections_group lang-nl"],"yoast_head":"<!-- This site is optimized with the Yoast SEO plugin v27.2 - https:\/\/yoast.com\/product\/yoast-seo-wordpress\/ -->\n<title>Consorcio del Jam\u00f3n Serrano Espa\u00f1ol - Selectie stuk voor stuk<\/title>\n<meta name=\"description\" content=\"Het Consorcio del Jam\u00f3n Serrano garandeert de kwaliteit van de Consorcio Serrano Ham: 100% Spaans en de selectie is stuk voor stuk.\" \/>\n<meta name=\"robots\" content=\"index, follow, max-snippet:-1, max-image-preview:large, max-video-preview:-1\" \/>\n<link rel=\"canonical\" href=\"https:\/\/consorcioserrano.es\/nl\/\" \/>\n<meta property=\"og:locale\" content=\"nl_NL\" \/>\n<meta property=\"og:type\" content=\"article\" \/>\n<meta property=\"og:title\" content=\"Consorcio del Jam\u00f3n Serrano Espa\u00f1ol - Selectie stuk voor stuk\" \/>\n<meta property=\"og:description\" content=\"Het Consorcio del Jam\u00f3n Serrano garandeert de kwaliteit van de Consorcio Serrano Ham: 100% Spaans en de selectie is stuk voor stuk.\" \/>\n<meta property=\"og:url\" content=\"https:\/\/consorcioserrano.es\/nl\/\" \/>\n<meta property=\"og:site_name\" content=\"Consorcio del Jam\u00f3n Serrano Espa\u00f1ol\" \/>\n<meta property=\"article:modified_time\" content=\"2019-01-31T14:21:59+00:00\" \/>\n<meta property=\"og:image\" content=\"http:\/\/consorcioserrano.es\/wp-content\/uploads\/2017\/11\/social-consorcio-serrano.jpg\" \/>\n<meta name=\"twitter:card\" content=\"summary_large_image\" \/>\n<meta name=\"twitter:label1\" content=\"Geschatte leestijd\" \/>\n\t<meta name=\"twitter:data1\" content=\"2 minuten\" \/>\n<script type=\"application\/ld+json\" class=\"yoast-schema-graph\">{\"@context\":\"https:\/\/schema.org\",\"@graph\":[{\"@type\":\"WebPage\",\"@id\":\"https:\/\/consorcioserrano.es\/nl\/\",\"url\":\"https:\/\/consorcioserrano.es\/nl\/\",\"name\":\"Consorcio del Jam\u00f3n Serrano Espa\u00f1ol - Selectie stuk voor stuk\",\"isPartOf\":{\"@id\":\"https:\/\/consorcioserrano.es\/#website\"},\"primaryImageOfPage\":{\"@id\":\"https:\/\/consorcioserrano.es\/nl\/#primaryimage\"},\"image\":{\"@id\":\"https:\/\/consorcioserrano.es\/nl\/#primaryimage\"},\"thumbnailUrl\":\"http:\/\/consorcioserrano.es\/wp-content\/uploads\/2017\/10\/comillas-abrir-1.png\",\"datePublished\":\"2017-11-21T15:27:33+00:00\",\"dateModified\":\"2019-01-31T14:21:59+00:00\",\"description\":\"Het Consorcio del Jam\u00f3n Serrano garandeert de kwaliteit van de Consorcio Serrano Ham: 100% Spaans en de selectie is stuk voor stuk.\",\"breadcrumb\":{\"@id\":\"https:\/\/consorcioserrano.es\/nl\/#breadcrumb\"},\"inLanguage\":\"nl-NL\",\"potentialAction\":[{\"@type\":\"ReadAction\",\"target\":[\"https:\/\/consorcioserrano.es\/nl\/\"]}]},{\"@type\":\"ImageObject\",\"inLanguage\":\"nl-NL\",\"@id\":\"https:\/\/consorcioserrano.es\/nl\/#primaryimage\",\"url\":\"http:\/\/consorcioserrano.es\/wp-content\/uploads\/2017\/10\/comillas-abrir-1.png\",\"contentUrl\":\"http:\/\/consorcioserrano.es\/wp-content\/uploads\/2017\/10\/comillas-abrir-1.png\"},{\"@type\":\"BreadcrumbList\",\"@id\":\"https:\/\/consorcioserrano.es\/nl\/#breadcrumb\",\"itemListElement\":[{\"@type\":\"ListItem\",\"position\":1,\"name\":\"Portada\",\"item\":\"https:\/\/consorcioserrano.es\/nl\/\"},{\"@type\":\"ListItem\",\"position\":2,\"name\":\"Inwijding\"}]},{\"@type\":\"WebSite\",\"@id\":\"https:\/\/consorcioserrano.es\/#website\",\"url\":\"https:\/\/consorcioserrano.es\/\",\"name\":\"Consorcio del Jam\u00f3n Serrano Espa\u00f1ol\",\"description\":\"Het Spaanse Serranoham Consorcio garandeert de beste traditionele Serranoham: 100% Spaanse ham, zorgvuldig stuk voor stuk geselecteerd.\",\"potentialAction\":[{\"@type\":\"SearchAction\",\"target\":{\"@type\":\"EntryPoint\",\"urlTemplate\":\"https:\/\/consorcioserrano.es\/?s={search_term_string}\"},\"query-input\":{\"@type\":\"PropertyValueSpecification\",\"valueRequired\":true,\"valueName\":\"search_term_string\"}}],\"inLanguage\":\"nl-NL\"}]}<\/script>\n<!-- \/ Yoast SEO plugin. -->","yoast_head_json":{"title":"Consorcio del Jam\u00f3n Serrano Espa\u00f1ol - Selectie stuk voor stuk","description":"Het Consorcio del Jam\u00f3n Serrano garandeert de kwaliteit van de Consorcio Serrano Ham: 100% Spaans en de selectie is stuk voor stuk.","robots":{"index":"index","follow":"follow","max-snippet":"max-snippet:-1","max-image-preview":"max-image-preview:large","max-video-preview":"max-video-preview:-1"},"canonical":"https:\/\/consorcioserrano.es\/nl\/","og_locale":"nl_NL","og_type":"article","og_title":"Consorcio del Jam\u00f3n Serrano Espa\u00f1ol - Selectie stuk voor stuk","og_description":"Het Consorcio del Jam\u00f3n Serrano garandeert de kwaliteit van de Consorcio Serrano Ham: 100% Spaans en de selectie is stuk voor stuk.","og_url":"https:\/\/consorcioserrano.es\/nl\/","og_site_name":"Consorcio del Jam\u00f3n Serrano Espa\u00f1ol","article_modified_time":"2019-01-31T14:21:59+00:00","og_image":[{"url":"http:\/\/consorcioserrano.es\/wp-content\/uploads\/2017\/11\/social-consorcio-serrano.jpg","type":"","width":"","height":""}],"twitter_card":"summary_large_image","twitter_misc":{"Geschatte leestijd":"2 minuten"},"schema":{"@context":"https:\/\/schema.org","@graph":[{"@type":"WebPage","@id":"https:\/\/consorcioserrano.es\/nl\/","url":"https:\/\/consorcioserrano.es\/nl\/","name":"Consorcio del Jam\u00f3n Serrano Espa\u00f1ol - Selectie stuk voor stuk","isPartOf":{"@id":"https:\/\/consorcioserrano.es\/#website"},"primaryImageOfPage":{"@id":"https:\/\/consorcioserrano.es\/nl\/#primaryimage"},"image":{"@id":"https:\/\/consorcioserrano.es\/nl\/#primaryimage"},"thumbnailUrl":"http:\/\/consorcioserrano.es\/wp-content\/uploads\/2017\/10\/comillas-abrir-1.png","datePublished":"2017-11-21T15:27:33+00:00","dateModified":"2019-01-31T14:21:59+00:00","description":"Het Consorcio del Jam\u00f3n Serrano garandeert de kwaliteit van de Consorcio Serrano Ham: 100% Spaans en de selectie is stuk voor stuk.","breadcrumb":{"@id":"https:\/\/consorcioserrano.es\/nl\/#breadcrumb"},"inLanguage":"nl-NL","potentialAction":[{"@type":"ReadAction","target":["https:\/\/consorcioserrano.es\/nl\/"]}]},{"@type":"ImageObject","inLanguage":"nl-NL","@id":"https:\/\/consorcioserrano.es\/nl\/#primaryimage","url":"http:\/\/consorcioserrano.es\/wp-content\/uploads\/2017\/10\/comillas-abrir-1.png","contentUrl":"http:\/\/consorcioserrano.es\/wp-content\/uploads\/2017\/10\/comillas-abrir-1.png"},{"@type":"BreadcrumbList","@id":"https:\/\/consorcioserrano.es\/nl\/#breadcrumb","itemListElement":[{"@type":"ListItem","position":1,"name":"Portada","item":"https:\/\/consorcioserrano.es\/nl\/"},{"@type":"ListItem","position":2,"name":"Inwijding"}]},{"@type":"WebSite","@id":"https:\/\/consorcioserrano.es\/#website","url":"https:\/\/consorcioserrano.es\/","name":"Consorcio del Jam\u00f3n Serrano Espa\u00f1ol","description":"Het Spaanse Serranoham Consorcio garandeert de beste traditionele Serranoham: 100% Spaanse ham, zorgvuldig stuk voor stuk geselecteerd.","potentialAction":[{"@type":"SearchAction","target":{"@type":"EntryPoint","urlTemplate":"https:\/\/consorcioserrano.es\/?s={search_term_string}"},"query-input":{"@type":"PropertyValueSpecification","valueRequired":true,"valueName":"search_term_string"}}],"inLanguage":"nl-NL"}]}},"acf":[],"_links":{"self":[{"href":"https:\/\/consorcioserrano.es\/nl\/wp-json\/wp\/v2\/pages\/4943","targetHints":{"allow":["GET"]}}],"collection":[{"href":"https:\/\/consorcioserrano.es\/nl\/wp-json\/wp\/v2\/pages"}],"about":[{"href":"https:\/\/consorcioserrano.es\/nl\/wp-json\/wp\/v2\/types\/page"}],"author":[{"embeddable":true,"href":"https:\/\/consorcioserrano.es\/nl\/wp-json\/wp\/v2\/users\/1"}],"replies":[{"embeddable":true,"href":"https:\/\/consorcioserrano.es\/nl\/wp-json\/wp\/v2\/comments?post=4943"}],"version-history":[{"count":0,"href":"https:\/\/consorcioserrano.es\/nl\/wp-json\/wp\/v2\/pages\/4943\/revisions"}],"wp:attachment":[{"href":"https:\/\/consorcioserrano.es\/nl\/wp-json\/wp\/v2\/media?parent=4943"}],"curies":[{"name":"wp","href":"https:\/\/api.w.org\/{rel}","templated":true}]}}