{"id":5751,"date":"2017-11-28T14:34:12","date_gmt":"2017-11-28T13:34:12","guid":{"rendered":"http:\/\/consorcioserrano.es\/?page_id=5751"},"modified":"2024-02-20T14:49:04","modified_gmt":"2024-02-20T13:49:04","slug":"geschiedenis-en-traditie","status":"publish","type":"page","link":"https:\/\/consorcioserrano.es\/nl\/de-consorcio-serrano-ham\/geschiedenis-en-traditie\/","title":{"rendered":"Geschiedenis en traditie"},"content":{"rendered":"<div class=\"wpb-content-wrapper\"><p>[vc_row full_width=&#8221;stretch_row&#8221; css=&#8221;.vc_custom_1698666272764{background-color: #161616 !important;}&#8221; el_class=&#8221;next-row-no-padding&#8221;][vc_column el_class=&#8221;column-no-padding&#8221;][vc_column_text css=&#8221;.vc_custom_1700568887632{padding-left: 100px !important;background-color: #161616 !important;}&#8221; el_class=&#8221;no-margin-with-padding no-margin-with-padding-left&#8221; el_id=&#8221;div-sello&#8221;]<\/p>\n<p class=\"image-h2\" style=\"padding-top: 0px; margin-bottom: 0px;\"><img loading=\"lazy\" decoding=\"async\" class=\"size-full wp-image-975 alignleft img-certificado-consorcio\" title=\"Certificado por Consorcio Serrano - Selecci\u00f3n a mano\" src=\"https:\/\/consorcioserrano.es\/wp-content\/uploads\/2023\/11\/sello_jamon_consorcio_2023_red.png\" alt=\"Certificado por Consorcio Serrano - Selecci\u00f3n a mano\" width=\"140\" height=\"60\" \/><\/p>\n<h1 style=\"text-align: left;\">De Consorcio <strong>Serrano ham<\/strong><\/h1>\n<p>[\/vc_column_text][\/vc_column][\/vc_row][vc_row full_width=&#8221;stretch_row_content_no_spaces&#8221; css=&#8221;.vc_custom_1703173685883{background-color: #000000 !important;background-position: center !important;background-repeat: no-repeat !important;background-size: cover !important;}&#8221; el_class=&#8221;no-padding-top six-columns consorcio-submenu&#8221;][vc_column][vc_wp_custommenu nav_menu=&#8221;11696&#8243; el_id=&#8221;consorcio-jamon-serrano&#8221;][\/vc_column][\/vc_row][vc_row full_width=&#8221;stretch_row&#8221; disable_element=&#8221;yes&#8221; css=&#8221;.vc_custom_1703240257960{background-color: #161616 !important;}&#8221; el_class=&#8221;no-padding-top six-columns consorcio-submenu&#8221; el_id=&#8221;consorcio-submenu&#8221;][vc_column width=&#8221;1\/6&#8243; offset=&#8221;vc_col-lg-2 vc_col-md-4 vc_hidden-sm vc_hidden-xs&#8221; el_class=&#8221;no-lateral-padding&#8221;]\n    <a href=\"https:\/\/consorcioserrano.es\/nl\/de-consorcio-serrano-ham\/geschiedenis-en-traditie\/\"   class=\"vc_link_consorcio\" title=\" Geschiedenis en traditie \">\n    <div class=\"roll_wrap\" id=\"\">\n\t\t\n        <div class=\"roll_wrap_img \" ><img decoding=\"async\" src=\"https:\/\/consorcioserrano.es\/wp-content\/uploads\/2017\/10\/Historia-y-tradicion.jpg\" class=\"img-responsive \" > <\/div>\n\t\t\n\n\t\t\n\t\t\n\t        <div class=\"roll_wrap_link_imagetextmenu  \" style=\"color:#ff0000; font-size:;\"><p class=\"six-columns-img\"><img loading=\"lazy\" decoding=\"async\" class=\"size-full wp-image-2600 alignleft\" src=\"http:\/\/consorcioserrano.es\/wp-content\/uploads\/2017\/10\/s-60.png\" alt=\"\" width=\"60\" height=\"60\" \/><\/p>\n<h3><strong>Geschiedenis<\/strong> en traditie<\/h3>\n<\/div>\n\t\t\n    <\/div>\n    <\/a>[\/vc_column][vc_column width=&#8221;1\/6&#8243; offset=&#8221;vc_col-lg-2 vc_col-md-4 vc_hidden-sm vc_hidden-xs&#8221; el_class=&#8221;no-lateral-padding&#8221;]\n    <a href=\"https:\/\/consorcioserrano.es\/nl\/de-consorcio-serrano-ham\/bereiding-van-de-consorcio-serrano-ham\/\"   class=\"vc_link_consorcio\" title=\" Bereiding \">\n    <div class=\"roll_wrap\" id=\"\">\n\t\t\n        <div class=\"roll_wrap_img opacity-submenu-hover\" ><img decoding=\"async\" src=\"https:\/\/consorcioserrano.es\/wp-content\/uploads\/2017\/10\/Elaboracion.jpg\" class=\"img-responsive \" > <\/div>\n\t\t\n\n\t\t\n\t\t\n\t        <div class=\"roll_wrap_link_imagetextmenu  \" style=\"color:#ff0000; font-size:;\"><p class=\"six-columns-img\"><img loading=\"lazy\" decoding=\"async\" class=\"size-full wp-image-2600 alignleft\" src=\"http:\/\/consorcioserrano.es\/wp-content\/uploads\/2017\/10\/s-60.png\" alt=\"\" width=\"60\" height=\"60\" \/><\/p>\n<h3><strong>Bereiding<\/strong><\/h3>\n<\/div>\n\t\t\n    <\/div>\n    <\/a>[\/vc_column][vc_column width=&#8221;1\/6&#8243; offset=&#8221;vc_col-lg-2 vc_col-md-4 vc_hidden-sm vc_hidden-xs&#8221; el_class=&#8221;no-lateral-padding&#8221;]\n    <a href=\"https:\/\/consorcioserrano.es\/nl\/de-consorcio-serrano-ham\/smaak-aroma-en-bewaring\/\"   class=\"vc_link_consorcio\" title=\" Smaak, aroma en bewaring \">\n    <div class=\"roll_wrap\" id=\"\">\n\t\t\n        <div class=\"roll_wrap_img opacity-submenu-hover\" ><img decoding=\"async\" src=\"https:\/\/consorcioserrano.es\/wp-content\/uploads\/2017\/10\/Sabor-y-aroma.jpg\" class=\"img-responsive \" > <\/div>\n\t\t\n\n\t\t\n\t\t\n\t        <div class=\"roll_wrap_link_imagetextmenu  \" style=\"color:#ff0000; font-size:;\"><p class=\"six-columns-img\"><img loading=\"lazy\" decoding=\"async\" class=\"size-full wp-image-2600 alignleft\" src=\"http:\/\/consorcioserrano.es\/wp-content\/uploads\/2017\/10\/s-60.png\" alt=\"\" width=\"60\" height=\"60\" \/><\/p>\n<h3><strong>Smaak<\/strong>, aroma en bewaring<\/h3>\n<\/div>\n\t\t\n    <\/div>\n    <\/a>[\/vc_column][vc_column width=&#8221;1\/6&#8243; offset=&#8221;vc_col-lg-2 vc_col-md-4 vc_hidden-sm vc_hidden-xs&#8221; el_class=&#8221;no-lateral-padding&#8221;]\n    <a href=\"https:\/\/consorcioserrano.es\/nl\/de-consorcio-serrano-ham\/kwaliteitsgarantie\/\"   class=\"vc_link_consorcio\" title=\" Kwliteitsgarantie \">\n    <div class=\"roll_wrap\" id=\"\">\n\t\t\n        <div class=\"roll_wrap_img opacity-submenu-hover\" ><img decoding=\"async\" src=\"https:\/\/consorcioserrano.es\/wp-content\/uploads\/2017\/10\/Garantia-de-calidad.jpg\" class=\"img-responsive \" > <\/div>\n\t\t\n\n\t\t\n\t\t\n\t        <div class=\"roll_wrap_link_imagetextmenu  \" style=\"color:#ff0000; font-size:;\"><p class=\"six-columns-img\"><img loading=\"lazy\" decoding=\"async\" class=\"size-full wp-image-2600 alignleft\" src=\"http:\/\/consorcioserrano.es\/wp-content\/uploads\/2017\/10\/s-60.png\" alt=\"\" width=\"60\" height=\"60\" \/><\/p>\n<h3><strong>Kwliteitsgarantie<\/strong><\/h3>\n<\/div>\n\t\t\n    <\/div>\n    <\/a>[\/vc_column][vc_column width=&#8221;1\/6&#8243; offset=&#8221;vc_col-lg-2 vc_col-md-4 vc_hidden-sm vc_hidden-xs&#8221; el_class=&#8221;no-lateral-padding&#8221;]\n    <a href=\"https:\/\/consorcioserrano.es\/nl\/de-consorcio-serrano-ham\/cjse-serranoham-eten\/\"   class=\"vc_link_consorcio\" title=\" CJSE serranoham eten \">\n    <div class=\"roll_wrap\" id=\"\">\n\t\t\n        <div class=\"roll_wrap_img opacity-submenu-hover\" ><img decoding=\"async\" src=\"https:\/\/consorcioserrano.es\/wp-content\/uploads\/2017\/10\/Como-consumirlo.jpg\" class=\"img-responsive \" > <\/div>\n\t\t\n\n\t\t\n\t\t\n\t        <div class=\"roll_wrap_link_imagetextmenu  \" style=\"color:#ff0000; font-size:;\"><p class=\"six-columns-img\"><img loading=\"lazy\" decoding=\"async\" class=\"size-full wp-image-2600 alignleft\" src=\"http:\/\/consorcioserrano.es\/wp-content\/uploads\/2017\/10\/s-60.png\" alt=\"\" width=\"60\" height=\"60\" \/><\/p>\n<h3>CJSE <strong>serranoham eten<\/strong><\/h3>\n<\/div>\n\t\t\n    <\/div>\n    <\/a>[\/vc_column][vc_column width=&#8221;1\/6&#8243; offset=&#8221;vc_col-lg-2 vc_col-md-4 vc_hidden-sm vc_hidden-xs&#8221; el_class=&#8221;no-lateral-padding&#8221;]\n    <a href=\"https:\/\/consorcioserrano.es\/nl\/de-consorcio-serrano-ham\/soorten-ham\/\"   class=\"vc_link_consorcio\" title=\" Soorten ham \">\n    <div class=\"roll_wrap\" id=\"\">\n\t\t\n        <div class=\"roll_wrap_img opacity-submenu-hover\" ><img decoding=\"async\" src=\"https:\/\/consorcioserrano.es\/wp-content\/uploads\/2017\/10\/Tipos-de-Jamon.jpg\" class=\"img-responsive \" > <\/div>\n\t\t\n\n\t\t\n\t\t\n\t        <div class=\"roll_wrap_link_imagetextmenu  \" style=\"color:#ff0000; font-size:;\"><p class=\"six-columns-img\"><img loading=\"lazy\" decoding=\"async\" class=\"size-full wp-image-2600 alignleft\" src=\"http:\/\/consorcioserrano.es\/wp-content\/uploads\/2017\/10\/s-60.png\" alt=\"\" width=\"60\" height=\"60\" \/><\/p>\n<h3><strong>Soorten<\/strong> ham<\/h3>\n<\/div>\n\t\t\n    <\/div>\n    <\/a>[\/vc_column][\/vc_row][vc_row full_width=&#8221;stretch_row_content_no_spaces&#8221; css=&#8221;.vc_custom_1509628243759{background-image: url(http:\/\/consorcioserrano.es\/wp-content\/uploads\/2017\/10\/historia-tradiccion-header-1900.jpg?id=1592) !important;background-position: center !important;background-repeat: no-repeat !important;background-size: cover !important;}&#8221;][vc_column]\n<div id=\"ersspace-1\"><\/div><style type=\"text\/css\">#ersspace-1 { height: 320px; }\n@media handheld, only screen and (max-width: 1199px) {\n\t#ersspace-1 { height: 300px; }\n}\n@media handheld, only screen and (max-width: 1023px) {\n\t#ersspace-1 { height: 300px; }\n}\n@media handheld, only screen and (max-width: 767px) {\n\t#ersspace-1 { height: 260px; }\n}<\/style>[\/vc_column][\/vc_row][vc_row el_class=&#8221;column-special-one&#8221;][vc_column width=&#8221;2\/3&#8243; el_class=&#8221;panel-special-content&#8221;][vc_row_inner][vc_column_inner][vc_column_text el_class=&#8221;vc_quote_consorcio&#8221;]<\/p>\n<div class=\"vc_quote_consorcio_icon\"><img loading=\"lazy\" decoding=\"async\" class=\"alignnone size-full wp-image-1101\" src=\"http:\/\/consorcioserrano.es\/wp-content\/uploads\/2017\/10\/comillas-abrir-1.png\" alt=\"\" width=\"59\" height=\"53\" srcset=\"https:\/\/consorcioserrano.es\/wp-content\/uploads\/2017\/10\/comillas-abrir-1.png 59w, https:\/\/consorcioserrano.es\/wp-content\/uploads\/2017\/10\/comillas-abrir-1-50x45.png 50w\" sizes=\"auto, (max-width:767px) 59px, 59px\" \/><\/div>\n<div class=\"vc_quote_consorcio_content\">\n<h1><strong>Geschiedenis<\/strong> en traditie\u00a0<img loading=\"lazy\" decoding=\"async\" class=\"alignnone size-full wp-image-1100\" src=\"http:\/\/consorcioserrano.es\/wp-content\/uploads\/2017\/10\/comillas-cerrar-1.png\" alt=\"\" width=\"59\" height=\"53\" srcset=\"https:\/\/consorcioserrano.es\/wp-content\/uploads\/2017\/10\/comillas-cerrar-1.png 59w, https:\/\/consorcioserrano.es\/wp-content\/uploads\/2017\/10\/comillas-cerrar-1-50x45.png 50w\" sizes=\"auto, (max-width:767px) 59px, 59px\" \/><\/h1>\n<\/div>\n<p>[\/vc_column_text][\/vc_column_inner][\/vc_row_inner][vc_row_inner][vc_column_inner width=&#8221;1\/2&#8243;][vc_single_image image=&#8221;1257&#8243; img_size=&#8221;full&#8221;][\/vc_column_inner][vc_column_inner width=&#8221;1\/2&#8243;][vc_single_image image=&#8221;1258&#8243; img_size=&#8221;full&#8221;][\/vc_column_inner][\/vc_row_inner][vc_row_inner][vc_column_inner][vc_empty_space height=&#8221;20px&#8221;][\/vc_column_inner][\/vc_row_inner][vc_row_inner][vc_column_inner width=&#8221;1\/2&#8243;][vc_column_text]<\/p>\n<h3><strong><span style=\"color: #e82f37;\">Herkomst van de Serranoham<\/span><\/strong><\/h3>\n<p>Gerijpte ham en meer bepaald <strong>serranoham maakt<\/strong> deel uit van de geschiedenis van Spanje en is een van de fundamentele onderdelen van de culturele context van dit land. In de tijd van de oude Kelten was het varken een basisproduct in hun voeding en werd het zelfs aanbeden. Het was een van de voornaamste en waardevolste koopwaren van dit handelsvolk. Prachtige beeldhouwwerken van varkens werden gebruikt om hun grondgebied en wegen af te bakenen en werden als grafmonumenten geplaatst om de rust van hun doden te bewaken.<\/p>\n<p>Later lieten de Romeinen, die de culturen en tradities van de veroverde gebieden in hun rijk eerbiedigden, zich verleiden door de Iberische delicatessen. Ze namen de culinaire erfenis van het schiereiland over en verrijkte hun culturele bagage met de symbologie en geschiedenis van het varken. <strong>De ham werd als meest waardevolle, sappige en smakelijke deel<\/strong> van het dier voorbehouden voor de hoogste klassen. Er waren zelfs koks die gespecialiseerd waren in het bereiden van hammen en andere vleeswaren, namelijk de \u201cvicarius supra cenas\u201d.<\/p>\n<p>[\/vc_column_text][\/vc_column_inner][vc_column_inner width=&#8221;1\/2&#8243;][vc_column_text]<\/p>\n<p>&nbsp;<\/p>\n<p>De handel in gerijpte ham ten tijde van de Romeinen was zo belangrijk dat onder Augustus en Agrippa Romeinse munten werden geslagen in de vorm van een hampunt.<\/p>\n<p>Ook tijdens de Middeleeuwen en de Moderne Tijd werd nog steeds veel varkens gegeten, zowel in de vorm van varkensvlees als in de vorm van bereide vleeswaren. De reden hiervoor was dat varkens eenvoudig te fokken zijn, omnivoor zijn en zich snel voortplanten. <strong>Het is zelfs zo dat de slachting van varkens in heel Europa een van de belangrijkste sociale feesten waren op het platteland.<\/strong><\/p>\n<p>De serranoham bereikt tot slot een hoogtepunt in de 19de eeuw en de eerste helft van de 20ste eeuw, dankzij de ontwikkeling van de bereidingstechnieken voor vleesproducten als gevolg van de industrialisering en liberalisering van de Europese handel.<\/p>\n<p>[\/vc_column_text][\/vc_column_inner][\/vc_row_inner][vc_column_text el_class=&#8221;vc_quote_consorcio vc_quote_consorcio_other&#8221;]<\/p>\n<div class=\"vc_quote_consorcio_icon\"><img loading=\"lazy\" decoding=\"async\" class=\"alignnone size-full wp-image-1101\" src=\"http:\/\/consorcioserrano.es\/wp-content\/uploads\/2017\/10\/comillas-abrir-1.png\" alt=\"\" width=\"59\" height=\"53\" srcset=\"https:\/\/consorcioserrano.es\/wp-content\/uploads\/2017\/10\/comillas-abrir-1.png 59w, https:\/\/consorcioserrano.es\/wp-content\/uploads\/2017\/10\/comillas-abrir-1-50x45.png 50w\" sizes=\"auto, (max-width:767px) 59px, 59px\" \/><\/div>\n<div class=\"vc_quote_consorcio_content\">\n<h2><strong>Het belang van de handel van gerookte ham<\/strong> in de Romeinse tijd was zodanig dat in de tijd van Augustus en Agrippa Romeinse munten <strong>werden gemaakt<\/strong> in de vorm van een <strong>hampeip.<\/strong><\/h2>\n<\/div>\n<p>[\/vc_column_text][vc_row_inner][vc_column_inner width=&#8221;1\/2&#8243;][vc_column_text]<\/p>\n<h3><span style=\"color: #e82f37;\"><strong>De kunst van het rijpen van serranoham<\/strong><\/span><\/h3>\n<p><strong>Serranoham is een product dat rijk is aan eiwitten, mineralen en vitaminen<\/strong>. Dankzij deze voedingseigenschappen is het een van de basisingredi\u00ebnten van het Mediterrane dieet geworden. De kunst van het zouten en rijpen van hammen is een gastronomische nalatenschap die de eeuwen heeft doorstaan en vandaag de dag nog steeds wordt gehanteerd bij de vervaardiging van serranoham.<\/p>\n<p>In de 1ste eeuw v.C. verwees de Griekse geschiedkundige Strabo in zijn werk \u201cGeographika\u201d (boek 3) naar de ham uit de streek Iberi\u00eb. Hierin staat te lezen dat de Ceretanen, een Iberisch volk dat in de westelijke Pyrenee\u00ebn woonde, uitstekende hammen vervaardigden en werden ze vergeleken met die van Cantabri\u00eb.<\/p>\n<p>[\/vc_column_text][\/vc_column_inner][vc_column_inner width=&#8221;1\/2&#8243;][vc_column_text]<\/p>\n<p>&nbsp;<\/p>\n<p>Het woord<strong> \u201cserrano\u201d<\/strong> komt van \u201csierra\u201d <strong>en verwijst naar het gebruik de hammen hoog in de bergen te rijpen<\/strong>, zoals in de Pyrenee\u00ebn of het Cantabrische gebergte, waar het koude en droge klimaat de rijping bevordert en de \u201cachterbout\u201d, zoals ham tot in de 14de eeuw werd genoemd, die zo specifieke en kenmerkende smaak geeft.<\/p>\n<p>Later in de Spaanse geschiedenis bleef serranoham verheerlijkt worden <strong>via kunst en de eerbiediging van de traditionele vervaardiging:<\/strong> in de Middeleeuwen werd het varken in landen met een katholieke traditie als heilig dier beschouwd en in de Gouden Eeuw wordt de ham door <strong>Quevedo en Cervantes<\/strong> omgezet in smakelijke literatuur, ge\u00efnspireerd door het intense aroma van hun streekproduct bij uitstek.[\/vc_column_text][\/vc_column_inner][\/vc_row_inner][\/vc_column][vc_column width=&#8221;1\/3&#8243;]\n<div id=\"ersspace-2\"><\/div><style type=\"text\/css\">#ersspace-2 { height: 260px; }\n@media handheld, only screen and (max-width: 767px) {\n\t#ersspace-2 { height: 0px; }\n}<\/style>[vc_single_image image=&#8221;1588&#8243; img_size=&#8221;full&#8221;][\/vc_column][\/vc_row][vc_row][vc_column]\n<div id=\"ersspace-3\"><\/div><style type=\"text\/css\">#ersspace-3 { height: 80px; }<\/style>[\/vc_column][\/vc_row]<\/p>\n<\/div>","protected":false},"excerpt":{"rendered":"<p>[vc_row full_width=&#8221;stretch_row&#8221; css=&#8221;.vc_custom_1698666272764{background-color: #161616 !important;}&#8221; el_class=&#8221;next-row-no-padding&#8221;][vc_column el_class=&#8221;column-no-padding&#8221;][vc_column_text css=&#8221;.vc_custom_1700568887632{padding-left: 100px !important;background-color: #161616 !important;}&#8221; el_class=&#8221;no-margin-with-padding no-margin-with-padding-left&#8221; el_id=&#8221;div-sello&#8221;] De Consorcio Serrano ham [\/vc_column_text][\/vc_column][\/vc_row][vc_row full_width=&#8221;stretch_row_content_no_spaces&#8221; css=&#8221;.vc_custom_1703173685883{background-color: #000000 !important;background-position: center !important;background-repeat:<span class=\"excerpt-hellip\"> [\u2026]<\/span><\/p>\n","protected":false},"author":1,"featured_media":0,"parent":5741,"menu_order":0,"comment_status":"closed","ping_status":"closed","template":"","meta":{"_acf_changed":false,"footnotes":""},"class_list":["post-5751","page","type-page","status-publish","hentry","sections_group lang-nl"],"yoast_head":"<!-- This site is optimized with the Yoast SEO plugin v27.2 - https:\/\/yoast.com\/product\/yoast-seo-wordpress\/ -->\n<title>Geschiedenis en traditie - Consorcio Serranoham<\/title>\n<meta name=\"description\" content=\"Serranoham maakt deel uit van de geschiedenis van Spanje. De kunst van het zouten en drogen van Spaanse ham is een gastronomisch erfgoed dat nog steeds leeft.\" \/>\n<meta name=\"robots\" content=\"index, follow, max-snippet:-1, max-image-preview:large, max-video-preview:-1\" \/>\n<link rel=\"canonical\" href=\"https:\/\/consorcioserrano.es\/nl\/de-consorcio-serrano-ham\/geschiedenis-en-traditie\/\" \/>\n<meta property=\"og:locale\" content=\"nl_NL\" \/>\n<meta property=\"og:type\" content=\"article\" \/>\n<meta property=\"og:title\" content=\"Geschiedenis en traditie - Consorcio Serranoham\" \/>\n<meta property=\"og:description\" content=\"Serranoham maakt deel uit van de geschiedenis van Spanje. De kunst van het zouten en drogen van Spaanse ham is een gastronomisch erfgoed dat nog steeds leeft.\" \/>\n<meta property=\"og:url\" content=\"https:\/\/consorcioserrano.es\/nl\/de-consorcio-serrano-ham\/geschiedenis-en-traditie\/\" \/>\n<meta property=\"og:site_name\" content=\"Consorcio del Jam\u00f3n Serrano Espa\u00f1ol\" \/>\n<meta property=\"article:modified_time\" content=\"2024-02-20T13:49:04+00:00\" \/>\n<meta property=\"og:image\" content=\"https:\/\/consorcioserrano.es\/wp-content\/uploads\/2023\/11\/sello_jamon_consorcio_2023_red.png\" \/>\n<meta name=\"twitter:card\" content=\"summary_large_image\" \/>\n<meta name=\"twitter:label1\" content=\"Geschatte leestijd\" \/>\n\t<meta name=\"twitter:data1\" content=\"6 minuten\" \/>\n<script type=\"application\/ld+json\" class=\"yoast-schema-graph\">{\"@context\":\"https:\/\/schema.org\",\"@graph\":[{\"@type\":\"WebPage\",\"@id\":\"https:\/\/consorcioserrano.es\/nl\/de-consorcio-serrano-ham\/geschiedenis-en-traditie\/\",\"url\":\"https:\/\/consorcioserrano.es\/nl\/de-consorcio-serrano-ham\/geschiedenis-en-traditie\/\",\"name\":\"Geschiedenis en traditie - Consorcio Serranoham\",\"isPartOf\":{\"@id\":\"https:\/\/consorcioserrano.es\/#website\"},\"primaryImageOfPage\":{\"@id\":\"https:\/\/consorcioserrano.es\/nl\/de-consorcio-serrano-ham\/geschiedenis-en-traditie\/#primaryimage\"},\"image\":{\"@id\":\"https:\/\/consorcioserrano.es\/nl\/de-consorcio-serrano-ham\/geschiedenis-en-traditie\/#primaryimage\"},\"thumbnailUrl\":\"https:\/\/consorcioserrano.es\/wp-content\/uploads\/2023\/11\/sello_jamon_consorcio_2023_red.png\",\"datePublished\":\"2017-11-28T13:34:12+00:00\",\"dateModified\":\"2024-02-20T13:49:04+00:00\",\"description\":\"Serranoham maakt deel uit van de geschiedenis van Spanje. De kunst van het zouten en drogen van Spaanse ham is een gastronomisch erfgoed dat nog steeds leeft.\",\"breadcrumb\":{\"@id\":\"https:\/\/consorcioserrano.es\/nl\/de-consorcio-serrano-ham\/geschiedenis-en-traditie\/#breadcrumb\"},\"inLanguage\":\"nl-NL\",\"potentialAction\":[{\"@type\":\"ReadAction\",\"target\":[\"https:\/\/consorcioserrano.es\/nl\/de-consorcio-serrano-ham\/geschiedenis-en-traditie\/\"]}]},{\"@type\":\"ImageObject\",\"inLanguage\":\"nl-NL\",\"@id\":\"https:\/\/consorcioserrano.es\/nl\/de-consorcio-serrano-ham\/geschiedenis-en-traditie\/#primaryimage\",\"url\":\"https:\/\/consorcioserrano.es\/wp-content\/uploads\/2023\/11\/sello_jamon_consorcio_2023_red.png\",\"contentUrl\":\"https:\/\/consorcioserrano.es\/wp-content\/uploads\/2023\/11\/sello_jamon_consorcio_2023_red.png\"},{\"@type\":\"BreadcrumbList\",\"@id\":\"https:\/\/consorcioserrano.es\/nl\/de-consorcio-serrano-ham\/geschiedenis-en-traditie\/#breadcrumb\",\"itemListElement\":[{\"@type\":\"ListItem\",\"position\":1,\"name\":\"Portada\",\"item\":\"https:\/\/consorcioserrano.es\/nl\/\"},{\"@type\":\"ListItem\",\"position\":2,\"name\":\"De Consorcio Serrano ham\",\"item\":\"https:\/\/consorcioserrano.es\/nl\/de-consorcio-serrano-ham\/\"},{\"@type\":\"ListItem\",\"position\":3,\"name\":\"Geschiedenis en traditie\"}]},{\"@type\":\"WebSite\",\"@id\":\"https:\/\/consorcioserrano.es\/#website\",\"url\":\"https:\/\/consorcioserrano.es\/\",\"name\":\"Consorcio del Jam\u00f3n Serrano Espa\u00f1ol\",\"description\":\"Het Spaanse Serranoham Consorcio garandeert de beste traditionele Serranoham: 100% Spaanse ham, zorgvuldig stuk voor stuk geselecteerd.\",\"potentialAction\":[{\"@type\":\"SearchAction\",\"target\":{\"@type\":\"EntryPoint\",\"urlTemplate\":\"https:\/\/consorcioserrano.es\/?s={search_term_string}\"},\"query-input\":{\"@type\":\"PropertyValueSpecification\",\"valueRequired\":true,\"valueName\":\"search_term_string\"}}],\"inLanguage\":\"nl-NL\"}]}<\/script>\n<!-- \/ Yoast SEO plugin. -->","yoast_head_json":{"title":"Geschiedenis en traditie - Consorcio Serranoham","description":"Serranoham maakt deel uit van de geschiedenis van Spanje. De kunst van het zouten en drogen van Spaanse ham is een gastronomisch erfgoed dat nog steeds leeft.","robots":{"index":"index","follow":"follow","max-snippet":"max-snippet:-1","max-image-preview":"max-image-preview:large","max-video-preview":"max-video-preview:-1"},"canonical":"https:\/\/consorcioserrano.es\/nl\/de-consorcio-serrano-ham\/geschiedenis-en-traditie\/","og_locale":"nl_NL","og_type":"article","og_title":"Geschiedenis en traditie - Consorcio Serranoham","og_description":"Serranoham maakt deel uit van de geschiedenis van Spanje. De kunst van het zouten en drogen van Spaanse ham is een gastronomisch erfgoed dat nog steeds leeft.","og_url":"https:\/\/consorcioserrano.es\/nl\/de-consorcio-serrano-ham\/geschiedenis-en-traditie\/","og_site_name":"Consorcio del Jam\u00f3n Serrano Espa\u00f1ol","article_modified_time":"2024-02-20T13:49:04+00:00","og_image":[{"url":"https:\/\/consorcioserrano.es\/wp-content\/uploads\/2023\/11\/sello_jamon_consorcio_2023_red.png","type":"","width":"","height":""}],"twitter_card":"summary_large_image","twitter_misc":{"Geschatte leestijd":"6 minuten"},"schema":{"@context":"https:\/\/schema.org","@graph":[{"@type":"WebPage","@id":"https:\/\/consorcioserrano.es\/nl\/de-consorcio-serrano-ham\/geschiedenis-en-traditie\/","url":"https:\/\/consorcioserrano.es\/nl\/de-consorcio-serrano-ham\/geschiedenis-en-traditie\/","name":"Geschiedenis en traditie - Consorcio Serranoham","isPartOf":{"@id":"https:\/\/consorcioserrano.es\/#website"},"primaryImageOfPage":{"@id":"https:\/\/consorcioserrano.es\/nl\/de-consorcio-serrano-ham\/geschiedenis-en-traditie\/#primaryimage"},"image":{"@id":"https:\/\/consorcioserrano.es\/nl\/de-consorcio-serrano-ham\/geschiedenis-en-traditie\/#primaryimage"},"thumbnailUrl":"https:\/\/consorcioserrano.es\/wp-content\/uploads\/2023\/11\/sello_jamon_consorcio_2023_red.png","datePublished":"2017-11-28T13:34:12+00:00","dateModified":"2024-02-20T13:49:04+00:00","description":"Serranoham maakt deel uit van de geschiedenis van Spanje. De kunst van het zouten en drogen van Spaanse ham is een gastronomisch erfgoed dat nog steeds leeft.","breadcrumb":{"@id":"https:\/\/consorcioserrano.es\/nl\/de-consorcio-serrano-ham\/geschiedenis-en-traditie\/#breadcrumb"},"inLanguage":"nl-NL","potentialAction":[{"@type":"ReadAction","target":["https:\/\/consorcioserrano.es\/nl\/de-consorcio-serrano-ham\/geschiedenis-en-traditie\/"]}]},{"@type":"ImageObject","inLanguage":"nl-NL","@id":"https:\/\/consorcioserrano.es\/nl\/de-consorcio-serrano-ham\/geschiedenis-en-traditie\/#primaryimage","url":"https:\/\/consorcioserrano.es\/wp-content\/uploads\/2023\/11\/sello_jamon_consorcio_2023_red.png","contentUrl":"https:\/\/consorcioserrano.es\/wp-content\/uploads\/2023\/11\/sello_jamon_consorcio_2023_red.png"},{"@type":"BreadcrumbList","@id":"https:\/\/consorcioserrano.es\/nl\/de-consorcio-serrano-ham\/geschiedenis-en-traditie\/#breadcrumb","itemListElement":[{"@type":"ListItem","position":1,"name":"Portada","item":"https:\/\/consorcioserrano.es\/nl\/"},{"@type":"ListItem","position":2,"name":"De Consorcio Serrano ham","item":"https:\/\/consorcioserrano.es\/nl\/de-consorcio-serrano-ham\/"},{"@type":"ListItem","position":3,"name":"Geschiedenis en traditie"}]},{"@type":"WebSite","@id":"https:\/\/consorcioserrano.es\/#website","url":"https:\/\/consorcioserrano.es\/","name":"Consorcio del Jam\u00f3n Serrano Espa\u00f1ol","description":"Het Spaanse Serranoham Consorcio garandeert de beste traditionele Serranoham: 100% Spaanse ham, zorgvuldig stuk voor stuk geselecteerd.","potentialAction":[{"@type":"SearchAction","target":{"@type":"EntryPoint","urlTemplate":"https:\/\/consorcioserrano.es\/?s={search_term_string}"},"query-input":{"@type":"PropertyValueSpecification","valueRequired":true,"valueName":"search_term_string"}}],"inLanguage":"nl-NL"}]}},"acf":[],"_links":{"self":[{"href":"https:\/\/consorcioserrano.es\/nl\/wp-json\/wp\/v2\/pages\/5751","targetHints":{"allow":["GET"]}}],"collection":[{"href":"https:\/\/consorcioserrano.es\/nl\/wp-json\/wp\/v2\/pages"}],"about":[{"href":"https:\/\/consorcioserrano.es\/nl\/wp-json\/wp\/v2\/types\/page"}],"author":[{"embeddable":true,"href":"https:\/\/consorcioserrano.es\/nl\/wp-json\/wp\/v2\/users\/1"}],"replies":[{"embeddable":true,"href":"https:\/\/consorcioserrano.es\/nl\/wp-json\/wp\/v2\/comments?post=5751"}],"version-history":[{"count":3,"href":"https:\/\/consorcioserrano.es\/nl\/wp-json\/wp\/v2\/pages\/5751\/revisions"}],"predecessor-version":[{"id":19971,"href":"https:\/\/consorcioserrano.es\/nl\/wp-json\/wp\/v2\/pages\/5751\/revisions\/19971"}],"up":[{"embeddable":true,"href":"https:\/\/consorcioserrano.es\/nl\/wp-json\/wp\/v2\/pages\/5741"}],"wp:attachment":[{"href":"https:\/\/consorcioserrano.es\/nl\/wp-json\/wp\/v2\/media?parent=5751"}],"curies":[{"name":"wp","href":"https:\/\/api.w.org\/{rel}","templated":true}]}}