{"id":5783,"date":"2017-11-28T16:39:49","date_gmt":"2017-11-28T15:39:49","guid":{"rendered":"http:\/\/consorcioserrano.es\/?page_id=5783"},"modified":"2024-02-20T14:49:55","modified_gmt":"2024-02-20T13:49:55","slug":"onze-identiteit","status":"publish","type":"page","link":"https:\/\/consorcioserrano.es\/nl\/over-consorcio-jamon-serrano\/onze-identiteit\/","title":{"rendered":"Onze identiteit"},"content":{"rendered":"<div class=\"wpb-content-wrapper\"><p>[vc_row full_width=&#8221;stretch_row&#8221; css=&#8221;.vc_custom_1510761286293{background-color: #161616 !important;}&#8221; el_class=&#8221;no-padding-top six-columns consorcio-submenu&#8221; el_id=&#8221;consorcio-submenu&#8221;][vc_column width=&#8221;1\/6&#8243; offset=&#8221;vc_hidden-md vc_hidden-sm vc_hidden-xs&#8221;][\/vc_column][vc_column offset=&#8221;vc_col-lg-2 vc_col-md-3&#8243; el_class=&#8221;no-lateral-padding&#8221;]\n    <a href=\"https:\/\/consorcioserrano.es\/nl\/over-consorcio-jamon-serrano\/geschiedenis\/\"   class=\"vc_link_consorcio\" title=\" Geschiedenis \">\n    <div class=\"roll_wrap\" id=\"\">\n\t\t\n        <div class=\"roll_wrap_img opacity-submenu-hover\" ><img decoding=\"async\" src=\"https:\/\/consorcioserrano.es\/wp-content\/uploads\/2017\/10\/historia-consorcio-jamon-serrano-superior-menu-620x450.jpg\" class=\"img-responsive \" > <\/div>\n\t\t\n\n\t\t\n\t\t\n\t        <div class=\"roll_wrap_link_imagetextmenu  \" style=\"color:#ff0000; font-size:;\"><p class=\"six-columns-img\"><img loading=\"lazy\" decoding=\"async\" class=\"size-full wp-image-2600 alignleft\" src=\"http:\/\/consorcioserrano.es\/wp-content\/uploads\/2017\/10\/s-60.png\" alt=\"\" width=\"60\" height=\"60\" \/><\/p>\n<h3><strong>Geschiedenis<\/strong><\/h3>\n<\/div>\n\t\t\n    <\/div>\n    <\/a>[\/vc_column][vc_column offset=&#8221;vc_col-lg-2 vc_col-md-3&#8243; el_class=&#8221;no-lateral-padding&#8221;]\n    <a href=\"https:\/\/consorcioserrano.es\/nl\/over-consorcio-jamon-serrano\/onze-identiteit\/\"   class=\"vc_link_consorcio\" title=\" Onze identiteit \">\n    <div class=\"roll_wrap\" id=\"\">\n\t\t\n        <div class=\"roll_wrap_img \" ><img decoding=\"async\" src=\"https:\/\/consorcioserrano.es\/wp-content\/uploads\/2017\/10\/identifica-consorcio-jamon-serrano-superior-menu-620x450.jpg\" class=\"img-responsive \" > <\/div>\n\t\t\n\n\t\t\n\t\t\n\t        <div class=\"roll_wrap_link_imagetextmenu  \" style=\"color:#ff0000; font-size:;\"><p class=\"six-columns-img\"><img loading=\"lazy\" decoding=\"async\" class=\"size-full wp-image-2600 alignleft\" src=\"http:\/\/consorcioserrano.es\/wp-content\/uploads\/2017\/10\/s-60.png\" alt=\"\" width=\"60\" height=\"60\" \/><\/p>\n<h3><strong>Onze identiteit<\/strong><\/h3>\n<\/div>\n\t\t\n    <\/div>\n    <\/a>[\/vc_column][vc_column offset=&#8221;vc_col-lg-2 vc_col-md-3&#8243; el_class=&#8221;no-lateral-padding&#8221;]\n    <a href=\"https:\/\/consorcioserrano.es\/nl\/over-consorcio-jamon-serrano\/het-kwaliteitszegel\/\"   class=\"vc_link_consorcio\" title=\" Het kwaliteitszegel \">\n    <div class=\"roll_wrap\" id=\"\">\n\t\t\n        <div class=\"roll_wrap_img opacity-submenu-hover\" ><img decoding=\"async\" src=\"https:\/\/consorcioserrano.es\/wp-content\/uploads\/2017\/10\/sello-calidad-consorcio-jamon-serrano-superior-menu-620x450.jpg\" class=\"img-responsive \" > <\/div>\n\t\t\n\n\t\t\n\t\t\n\t        <div class=\"roll_wrap_link_imagetextmenu  \" style=\"color:#ff0000; font-size:;\"><p class=\"six-columns-img\"><img loading=\"lazy\" decoding=\"async\" class=\"size-full wp-image-2600 alignleft\" src=\"http:\/\/consorcioserrano.es\/wp-content\/uploads\/2017\/10\/s-60.png\" alt=\"\" width=\"60\" height=\"60\" \/><\/p>\n<h3><strong>Het kwaliteitszegel<\/strong><\/h3>\n<\/div>\n\t\t\n    <\/div>\n    <\/a>[\/vc_column][vc_column offset=&#8221;vc_col-lg-2 vc_col-md-3&#8243; el_class=&#8221;no-lateral-padding&#8221;]\n    <a href=\"https:\/\/consorcioserrano.es\/nl\/over-consorcio-jamon-serrano\/internationale-aanwezigheid\/\"   class=\"vc_link_consorcio\" title=\" Internationale aanwezigheid \">\n    <div class=\"roll_wrap\" id=\"\">\n\t\t\n        <div class=\"roll_wrap_img opacity-submenu-hover\" ><img decoding=\"async\" src=\"https:\/\/consorcioserrano.es\/wp-content\/uploads\/2017\/10\/presencia-internacional-consorcio-jamon-serrano-superior-menu-620x450.jpg\" class=\"img-responsive \" > <\/div>\n\t\t\n\n\t\t\n\t\t\n\t        <div class=\"roll_wrap_link_imagetextmenu  \" style=\"color:#ff0000; font-size:;\"><p class=\"six-columns-img\"><img loading=\"lazy\" decoding=\"async\" class=\"size-full wp-image-2600 alignleft\" src=\"http:\/\/consorcioserrano.es\/wp-content\/uploads\/2017\/10\/s-60.png\" alt=\"\" width=\"60\" height=\"60\" \/><\/p>\n<h3><strong>Internationale aanwezigheid<\/strong><\/h3>\n<\/div>\n\t\t\n    <\/div>\n    <\/a>[\/vc_column][vc_column width=&#8221;1\/6&#8243; offset=&#8221;vc_hidden-md vc_hidden-sm&#8221;][\/vc_column][\/vc_row][vc_row full_width=&#8221;stretch_row_content_no_spaces&#8221; css=&#8221;.vc_custom_1509643100155{background-image: url(http:\/\/consorcioserrano.es\/wp-content\/uploads\/2017\/10\/identifica-consorcio-jamon-serrano1900x331.jpg?id=1699) !important;background-position: center !important;background-repeat: no-repeat !important;background-size: cover !important;}&#8221;][vc_column]\n<div id=\"ersspace-1\"><\/div><style type=\"text\/css\">#ersspace-1 { height: 320px; }\n@media handheld, only screen and (max-width: 1199px) {\n\t#ersspace-1 { height: 300px; }\n}\n@media handheld, only screen and (max-width: 1023px) {\n\t#ersspace-1 { height: 300px; }\n}\n@media handheld, only screen and (max-width: 767px) {\n\t#ersspace-1 { height: 260px; }\n}<\/style>[\/vc_column][\/vc_row][vc_row el_class=&#8221;column-special-one&#8221;][vc_column width=&#8221;2\/3&#8243; el_class=&#8221;panel-special-content&#8221;][vc_row_inner][vc_column_inner][vc_column_text el_class=&#8221;vc_quote_consorcio&#8221;]<\/p>\n<div class=\"vc_quote_consorcio_icon\"><img loading=\"lazy\" decoding=\"async\" class=\"alignnone size-full wp-image-1101\" src=\"http:\/\/consorcioserrano.es\/wp-content\/uploads\/2017\/10\/comillas-abrir-1.png\" alt=\"\" width=\"59\" height=\"53\" srcset=\"https:\/\/consorcioserrano.es\/wp-content\/uploads\/2017\/10\/comillas-abrir-1.png 59w, https:\/\/consorcioserrano.es\/wp-content\/uploads\/2017\/10\/comillas-abrir-1-50x45.png 50w\" sizes=\"auto, (max-width:767px) 59px, 59px\" \/><\/div>\n<div class=\"vc_quote_consorcio_content\">\n<h1><strong>Onze <\/strong>identiteit\u00a0<img loading=\"lazy\" decoding=\"async\" class=\"alignnone size-full wp-image-1100\" src=\"http:\/\/consorcioserrano.es\/wp-content\/uploads\/2017\/10\/comillas-cerrar-1.png\" alt=\"\" width=\"59\" height=\"53\" srcset=\"https:\/\/consorcioserrano.es\/wp-content\/uploads\/2017\/10\/comillas-cerrar-1.png 59w, https:\/\/consorcioserrano.es\/wp-content\/uploads\/2017\/10\/comillas-cerrar-1-50x45.png 50w\" sizes=\"auto, (max-width:767px) 59px, 59px\" \/><\/h1>\n<\/div>\n<p>[\/vc_column_text][\/vc_column_inner][\/vc_row_inner][vc_row_inner][vc_column_inner][vc_column_text]<\/p>\n<h3><span style=\"color: #e82f37;\"><strong>Ons Engagement<\/strong><\/span><\/h3>\n<p>[\/vc_column_text][\/vc_column_inner][\/vc_row_inner][vc_row_inner][vc_column_inner width=&#8221;1\/2&#8243;][vc_column_text]Sinds de oprichting van het Consorcio del Jam\u00f3n Serrano Espa\u00f1ol bestaat het doel <strong>erin de consument de authentieke Spaanse serranoham aan te bieden.<\/strong><\/p>\n<p>Ons engagement aan de kwaliteit van het product en de tevredenheid van de consument uit zich in een strikte productnorm, permanente doorlichting, een verregaande kwaliteitscontrole en een individuele selectie van de hammen. Op die manier <strong>kunnen we de hoge kwaliteit en exclusiviteit van de Spaanse serranoham<\/strong> waarborgen aan de hand van ons Consorcio Serrano kwaliteitzegel.[\/vc_column_text][\/vc_column_inner][vc_column_inner width=&#8221;1\/2&#8243;][vc_column_text]<\/p>\n<p>Het zegel garandeert een traditionele, unieke Serranoham die steeds in <strong>Spanje en met 100% Spaanse grondstoffen<\/strong> wordt vervaardigd en die zich op basis van zijn smaak en textuur onderscheidt van andere gerijpte hammen die op de buitenlandse markt te vinden zijn.[\/vc_column_text][\/vc_column_inner][\/vc_row_inner][vc_row_inner][vc_column_inner][vc_single_image image=&#8221;2814&#8243; img_size=&#8221;full&#8221;][\/vc_column_inner][\/vc_row_inner][vc_row_inner][vc_column_inner][vc_column_text]<\/p>\n<h3><span style=\"color: #e82f37;\"><strong>Strategie van gedifferentieerde kwaliteit<\/strong><\/span><\/h3>\n<p>[\/vc_column_text][\/vc_column_inner][\/vc_row_inner][vc_row_inner][vc_column_inner width=&#8221;1\/2&#8243;][vc_column_text]<strong>De Afdeling Kwaliteit van het Consorcio del Jam\u00f3n Serrano Espa\u00f1ol<\/strong> tracht via individuele controles en individuele selectie een product te waarborgen dat niet enkel van hoge kwaliteit maar ook homogeen is, m.a.w. dat de <strong>unieke textuur, aroma en smaak<\/strong> die eigen zijn aan de authentieke Spaanse serranoham regelmatig blijven in de loop van de tijd.<\/p>\n<p>Er worden voortdurende en systematische controles uitgevoerd op 3 fundamentele onderdelen bij de vervaardiging van serranoham:<strong> productiecentra, productieproces en eindproduct.<\/strong><\/p>\n<p>Elk productiecentrum wordt aan de hand van voortdurende doorlichtingen en controles strikt ge\u00ebvalueerd om na te gaan of aan de voorschriften voor optimale hygi\u00ebne wordt voldaan. Bovendien worden ook de grondstoffen, het vervaardigingsproces en tot slot, maar daarom niet minder belangrijk, het eindproduct gecontroleerd.[\/vc_column_text][\/vc_column_inner][vc_column_inner width=&#8221;1\/2&#8243;][vc_column_text]<\/p>\n<p>Kort samengevatis het identiteitskenmerk van de Consorcio Serrano hammen, ons Kwaliteitszegel, enkel voorbehouden voor Spaanse serranohammen die voldoen aan de volgende kwaliteitsvoorschriften:<\/p>\n<ul>\n<li>Naleving van de kwaliteitsvoorschriften van het Consorcio del Jam\u00f3n Serrano Espa\u00f1ol<\/li>\n<li>Vervaardigingsproces van de serranoham exclusief gevolgd in Spanje.<\/li>\n<li>Europese GTS Certificering die de aanduiding \u201cJam\u00f3n Serrano\u201d beschermt.<\/li>\n<li>Gemiddelde rijping 12 maanden (minimum rijpingstijd: 10,5 maanden = 45 weken).<\/li>\n<li>Controle van de productiecentra aan de hand van regelmatige inspecties en doorlichtingen van de installaties, het proces en het product.<\/li>\n<li>Kwaliteitsgarantie van elke afzonderlijke serranoham aan de hand van een controlenummer.<\/li>\n<\/ul>\n<p>[\/vc_column_text][\/vc_column_inner][\/vc_row_inner][vc_column_text el_class=&#8221;vc_quote_consorcio vc_quote_consorcio_other&#8221;]<\/p>\n<div class=\"vc_quote_consorcio_icon\"><img loading=\"lazy\" decoding=\"async\" class=\"alignnone size-full wp-image-1101\" src=\"http:\/\/consorcioserrano.es\/wp-content\/uploads\/2017\/10\/comillas-abrir-1.png\" alt=\"\" width=\"59\" height=\"53\" srcset=\"https:\/\/consorcioserrano.es\/wp-content\/uploads\/2017\/10\/comillas-abrir-1.png 59w, https:\/\/consorcioserrano.es\/wp-content\/uploads\/2017\/10\/comillas-abrir-1-50x45.png 50w\" sizes=\"auto, (max-width:767px) 59px, 59px\" \/><\/div>\n<div class=\"vc_quote_consorcio_content\">\n<h2><span lang=\"nl\">Ons Consorcio Serrano-kwaliteitszegel <strong>garandeert een traditionele<\/strong>, unieke Serrano-ham, altijd gemaakt in Spanje, <strong>met 100% Spaanse grondstof.<\/strong><\/span><\/h2>\n<\/div>\n<p>[\/vc_column_text][vc_row_inner][vc_column_inner][vc_column_text]<\/p>\n<h3><span style=\"color: #e82f37;\"><strong>Identiteit<\/strong><\/span><\/h3>\n<p>[\/vc_column_text][\/vc_column_inner][\/vc_row_inner][vc_row_inner][vc_column_inner width=&#8221;1\/2&#8243;][vc_column_text]De identiteit van de \u201cConsorcio Serrano ham\u201d is gebaseerd op:<\/p>\n<ul>\n<li><strong>Traditie en authenticiteit<\/strong>. Serranoham is een fundamenteel onderdeel van de Spaanse gastronomie en zelfs cultuur.<\/li>\n<li><strong>Knowhow<\/strong>. Het resultaat van de ervaring die de allerbeste hamproducenten in de loop van de eeuwen hebben opgedaan.<\/li>\n<li><strong>100% Spaans product<\/strong>. Product dat steeds in Spanje wordt vervaardigd, gegarandeerd met 100% Spaanse grondstoffen.<\/li>\n<li><strong>Selectie<\/strong>. We selecteren de hammen \u00e9\u00e9n voor \u00e9\u00e9n. Enkel de beste serranohammen mogen op de markt worden gebracht als Consorcio Serrano hammen.<\/li>\n<\/ul>\n<p>[\/vc_column_text][\/vc_column_inner][vc_column_inner width=&#8221;1\/2&#8243;][vc_column_text]<\/p>\n<ul>\n<li><strong>Kwaliteitscontrole<\/strong>. Een jaarlijkse doorlichting van alle fabrieken van de partners in combinatie met de voortdurende inspectie tijdens het hele rijpingsproces waarborgen de kwaliteit van de Consorcio Serrano hammen.<\/li>\n<li><strong>Ervaring<\/strong>. We stimuleren al meer dan 20 jaar de uitvoer van kwaliteitsvolle Consorcio Serrano hammen naar meer dan 80 landen en brengen invoerders, groothandelaren en distributeurs in de voedingssector in contact met de partnermerken van het Consorcio.<\/li>\n<li><strong>Ondersteuning<\/strong>. Tot het Consorcio del Jam\u00f3n Serrano Espa\u00f1ol behoren de beste hambedrijven van Spanje, die elk over de nodige kwaliteitscertificaten beschikken.<\/li>\n<li><strong>Zelfstandigheid<\/strong>. Het Consorcio del Jam\u00f3n Serrano Espa\u00f1ol is een volledig zelfstandige keuringsinstantie, waardoor de onafhankelijkheid van haar controlewerkzaamheden en besluitvorming gewaarborgd wordt.<\/li>\n<\/ul>\n<p>[\/vc_column_text][\/vc_column_inner][\/vc_row_inner][\/vc_column][vc_column width=&#8221;1\/3&#8243;]\n<div id=\"ersspace-2\"><\/div><style type=\"text\/css\">#ersspace-2 { height: 260px; }\n@media handheld, only screen and (max-width: 767px) {\n\t#ersspace-2 { height: 0px; }\n}<\/style>[vc_row_inner el_class=&#8221;panel-special-aside&#8221;][vc_column_inner][vc_video link=&#8221;https:\/\/youtu.be\/rJxUpwHtwyE&#8221; align=&#8221;center&#8221;][vc_column_text]<\/p>\n<h3><strong><span style=\"color: #e82f37;\">Consorcio Serrano ham kan steeds worden herkend aan:<\/span><\/strong><\/h3>\n<ul class=\"numbered-ul\">\n<li><span style=\"color: #e82f37;\"><span style=\"color: #e82f37;\"><strong>1.\u00a0<\/strong><\/span><\/span>Het Kwaliteitszegel.<\/li>\n<li><span style=\"color: #e82f37;\"><strong>2.\u00a0<\/strong><\/span>Het logo van het Consorcio del Jam\u00f3n Serrano Espa\u00f1ol.<\/li>\n<li><span style=\"color: #e82f37;\"><strong>3.\u00a0<\/strong><\/span>Het genummerde controlelabel.<\/li>\n<\/ul>\n<p>Het Consorcio Serrano Kwaliteitszegel is bijgevolg enkel weggelegd voor een selecte keuze van Spaanse Serranohammen.<\/p>\n<p>[\/vc_column_text][vc_column_text]<\/p>\n<table class=\"table-consorcio-2-columns-right\">\n<thead>\n<tr class=\"border-bottom-header\">\n<td class=\"table-column-1 headed\" colspan=\"2\"><strong>Activiteit van het Serrano Ham Consortium in de waardeketen<\/strong><\/td>\n<\/tr>\n<\/thead>\n<tbody>\n<tr class=\"border-botom\">\n<td class=\"table-column-1\">Grondstof<\/td>\n<td class=\"table-column-2\">Controle<\/td>\n<\/tr>\n<tr class=\"border-botom\">\n<td class=\"table-column-1\">Productie<\/td>\n<td class=\"table-column-2\">Inspecties<br \/>\nAudits<br \/>\nSelectie<\/td>\n<\/tr>\n<tr class=\"border-botom\">\n<td class=\"table-column-1\">Venrkoop<\/td>\n<td class=\"table-column-2\"><\/td>\n<\/tr>\n<tr class=\"border-botom\">\n<td class=\"table-column-1\">Log\u00edstiek<\/td>\n<td class=\"table-column-2\"><\/td>\n<\/tr>\n<tr class=\"border-botom\">\n<td class=\"table-column-1\">Distributiekanalen<\/td>\n<td class=\"table-column-2\">Seminars<br \/>\nCursussen<br \/>\nBeurzen<br \/>\nMiddelen<br \/>\nPublicaties<\/td>\n<\/tr>\n<tr class=\"border-botom\">\n<td class=\"table-column-1\">Consument<\/td>\n<td class=\"table-column-2\">Proeverijen<br \/>\nPromotie<br \/>\nPublicaties (Recepten&#8230;)<br \/>\nMiddelen<br \/>\n&#8230;<\/td>\n<\/tr>\n<tr class=\"\">\n<td class=\"table-column-1\">Publics Relations<\/td>\n<td class=\"table-column-2\">Betrekkingen met agentschappen, ministeries en instellingen<br \/>\nICEX<br \/>\nMiddelen<br \/>\n&#8230;<\/td>\n<\/tr>\n<\/tbody>\n<\/table>\n<p>[\/vc_column_text][\/vc_column_inner][\/vc_row_inner][\/vc_column][\/vc_row][vc_row][vc_column]\n<div id=\"ersspace-3\"><\/div><style type=\"text\/css\">#ersspace-3 { height: 80px; }<\/style>[\/vc_column][\/vc_row]<\/p>\n<\/div>","protected":false},"excerpt":{"rendered":"<p>[vc_row full_width=&#8221;stretch_row&#8221; css=&#8221;.vc_custom_1510761286293{background-color: #161616 !important;}&#8221; el_class=&#8221;no-padding-top six-columns consorcio-submenu&#8221; el_id=&#8221;consorcio-submenu&#8221;][vc_column width=&#8221;1\/6&#8243; offset=&#8221;vc_hidden-md vc_hidden-sm vc_hidden-xs&#8221;][\/vc_column][vc_column offset=&#8221;vc_col-lg-2 vc_col-md-3&#8243; el_class=&#8221;no-lateral-padding&#8221;][\/vc_column][vc_column offset=&#8221;vc_col-lg-2 vc_col-md-3&#8243; el_class=&#8221;no-lateral-padding&#8221;][\/vc_column][vc_column offset=&#8221;vc_col-lg-2 vc_col-md-3&#8243; el_class=&#8221;no-lateral-padding&#8221;][\/vc_column][vc_column offset=&#8221;vc_col-lg-2 vc_col-md-3&#8243; el_class=&#8221;no-lateral-padding&#8221;][\/vc_column][vc_column width=&#8221;1\/6&#8243;<span class=\"excerpt-hellip\"> [\u2026]<\/span><\/p>\n","protected":false},"author":1,"featured_media":0,"parent":5777,"menu_order":0,"comment_status":"closed","ping_status":"closed","template":"","meta":{"_acf_changed":false,"footnotes":""},"class_list":["post-5783","page","type-page","status-publish","hentry","sections_group lang-nl"],"yoast_head":"<!-- This site is optimized with the Yoast SEO plugin v27.2 - https:\/\/yoast.com\/product\/yoast-seo-wordpress\/ -->\n<title>Onze identiteit - Serranoham Consorcio<\/title>\n<meta name=\"description\" content=\"De beste Spaanse Serranoham - Het Consorcio garandeert de meest gewaardeerde Spaanse ham en de handmatige selectie ervan, stuk voor stuk\" \/>\n<meta name=\"robots\" content=\"index, follow, max-snippet:-1, max-image-preview:large, max-video-preview:-1\" \/>\n<link rel=\"canonical\" href=\"https:\/\/consorcioserrano.es\/nl\/over-consorcio-jamon-serrano\/onze-identiteit\/\" \/>\n<meta property=\"og:locale\" content=\"nl_NL\" \/>\n<meta property=\"og:type\" content=\"article\" \/>\n<meta property=\"og:title\" content=\"Onze identiteit - Serranoham Consorcio\" \/>\n<meta property=\"og:description\" content=\"De beste Spaanse Serranoham - Het Consorcio garandeert de meest gewaardeerde Spaanse ham en de handmatige selectie ervan, stuk voor stuk\" \/>\n<meta property=\"og:url\" content=\"https:\/\/consorcioserrano.es\/nl\/over-consorcio-jamon-serrano\/onze-identiteit\/\" \/>\n<meta property=\"og:site_name\" content=\"Consorcio del Jam\u00f3n Serrano Espa\u00f1ol\" \/>\n<meta property=\"article:modified_time\" content=\"2024-02-20T13:49:55+00:00\" \/>\n<meta property=\"og:image\" content=\"http:\/\/consorcioserrano.es\/wp-content\/uploads\/2017\/10\/s-60.png\" \/>\n<meta name=\"twitter:card\" content=\"summary_large_image\" \/>\n<meta name=\"twitter:label1\" content=\"Geschatte leestijd\" \/>\n\t<meta name=\"twitter:data1\" content=\"5 minuten\" \/>\n<script type=\"application\/ld+json\" class=\"yoast-schema-graph\">{\"@context\":\"https:\/\/schema.org\",\"@graph\":[{\"@type\":\"WebPage\",\"@id\":\"https:\/\/consorcioserrano.es\/nl\/over-consorcio-jamon-serrano\/onze-identiteit\/\",\"url\":\"https:\/\/consorcioserrano.es\/nl\/over-consorcio-jamon-serrano\/onze-identiteit\/\",\"name\":\"Onze identiteit - Serranoham Consorcio\",\"isPartOf\":{\"@id\":\"https:\/\/consorcioserrano.es\/#website\"},\"primaryImageOfPage\":{\"@id\":\"https:\/\/consorcioserrano.es\/nl\/over-consorcio-jamon-serrano\/onze-identiteit\/#primaryimage\"},\"image\":{\"@id\":\"https:\/\/consorcioserrano.es\/nl\/over-consorcio-jamon-serrano\/onze-identiteit\/#primaryimage\"},\"thumbnailUrl\":\"http:\/\/consorcioserrano.es\/wp-content\/uploads\/2017\/10\/s-60.png\",\"datePublished\":\"2017-11-28T15:39:49+00:00\",\"dateModified\":\"2024-02-20T13:49:55+00:00\",\"description\":\"De beste Spaanse Serranoham - Het Consorcio garandeert de meest gewaardeerde Spaanse ham en de handmatige selectie ervan, stuk voor stuk\",\"breadcrumb\":{\"@id\":\"https:\/\/consorcioserrano.es\/nl\/over-consorcio-jamon-serrano\/onze-identiteit\/#breadcrumb\"},\"inLanguage\":\"nl-NL\",\"potentialAction\":[{\"@type\":\"ReadAction\",\"target\":[\"https:\/\/consorcioserrano.es\/nl\/over-consorcio-jamon-serrano\/onze-identiteit\/\"]}]},{\"@type\":\"ImageObject\",\"inLanguage\":\"nl-NL\",\"@id\":\"https:\/\/consorcioserrano.es\/nl\/over-consorcio-jamon-serrano\/onze-identiteit\/#primaryimage\",\"url\":\"http:\/\/consorcioserrano.es\/wp-content\/uploads\/2017\/10\/s-60.png\",\"contentUrl\":\"http:\/\/consorcioserrano.es\/wp-content\/uploads\/2017\/10\/s-60.png\"},{\"@type\":\"BreadcrumbList\",\"@id\":\"https:\/\/consorcioserrano.es\/nl\/over-consorcio-jamon-serrano\/onze-identiteit\/#breadcrumb\",\"itemListElement\":[{\"@type\":\"ListItem\",\"position\":1,\"name\":\"Portada\",\"item\":\"https:\/\/consorcioserrano.es\/nl\/\"},{\"@type\":\"ListItem\",\"position\":2,\"name\":\"Over Consorcio Jamon Serrano\",\"item\":\"https:\/\/consorcioserrano.es\/nl\/over-consorcio-jamon-serrano\/\"},{\"@type\":\"ListItem\",\"position\":3,\"name\":\"Onze identiteit\"}]},{\"@type\":\"WebSite\",\"@id\":\"https:\/\/consorcioserrano.es\/#website\",\"url\":\"https:\/\/consorcioserrano.es\/\",\"name\":\"Consorcio del Jam\u00f3n Serrano Espa\u00f1ol\",\"description\":\"Het Spaanse Serranoham Consorcio garandeert de beste traditionele Serranoham: 100% Spaanse ham, zorgvuldig stuk voor stuk geselecteerd.\",\"potentialAction\":[{\"@type\":\"SearchAction\",\"target\":{\"@type\":\"EntryPoint\",\"urlTemplate\":\"https:\/\/consorcioserrano.es\/?s={search_term_string}\"},\"query-input\":{\"@type\":\"PropertyValueSpecification\",\"valueRequired\":true,\"valueName\":\"search_term_string\"}}],\"inLanguage\":\"nl-NL\"}]}<\/script>\n<!-- \/ Yoast SEO plugin. -->","yoast_head_json":{"title":"Onze identiteit - Serranoham Consorcio","description":"De beste Spaanse Serranoham - Het Consorcio garandeert de meest gewaardeerde Spaanse ham en de handmatige selectie ervan, stuk voor stuk","robots":{"index":"index","follow":"follow","max-snippet":"max-snippet:-1","max-image-preview":"max-image-preview:large","max-video-preview":"max-video-preview:-1"},"canonical":"https:\/\/consorcioserrano.es\/nl\/over-consorcio-jamon-serrano\/onze-identiteit\/","og_locale":"nl_NL","og_type":"article","og_title":"Onze identiteit - Serranoham Consorcio","og_description":"De beste Spaanse Serranoham - Het Consorcio garandeert de meest gewaardeerde Spaanse ham en de handmatige selectie ervan, stuk voor stuk","og_url":"https:\/\/consorcioserrano.es\/nl\/over-consorcio-jamon-serrano\/onze-identiteit\/","og_site_name":"Consorcio del Jam\u00f3n Serrano Espa\u00f1ol","article_modified_time":"2024-02-20T13:49:55+00:00","og_image":[{"url":"http:\/\/consorcioserrano.es\/wp-content\/uploads\/2017\/10\/s-60.png","type":"","width":"","height":""}],"twitter_card":"summary_large_image","twitter_misc":{"Geschatte leestijd":"5 minuten"},"schema":{"@context":"https:\/\/schema.org","@graph":[{"@type":"WebPage","@id":"https:\/\/consorcioserrano.es\/nl\/over-consorcio-jamon-serrano\/onze-identiteit\/","url":"https:\/\/consorcioserrano.es\/nl\/over-consorcio-jamon-serrano\/onze-identiteit\/","name":"Onze identiteit - Serranoham Consorcio","isPartOf":{"@id":"https:\/\/consorcioserrano.es\/#website"},"primaryImageOfPage":{"@id":"https:\/\/consorcioserrano.es\/nl\/over-consorcio-jamon-serrano\/onze-identiteit\/#primaryimage"},"image":{"@id":"https:\/\/consorcioserrano.es\/nl\/over-consorcio-jamon-serrano\/onze-identiteit\/#primaryimage"},"thumbnailUrl":"http:\/\/consorcioserrano.es\/wp-content\/uploads\/2017\/10\/s-60.png","datePublished":"2017-11-28T15:39:49+00:00","dateModified":"2024-02-20T13:49:55+00:00","description":"De beste Spaanse Serranoham - Het Consorcio garandeert de meest gewaardeerde Spaanse ham en de handmatige selectie ervan, stuk voor stuk","breadcrumb":{"@id":"https:\/\/consorcioserrano.es\/nl\/over-consorcio-jamon-serrano\/onze-identiteit\/#breadcrumb"},"inLanguage":"nl-NL","potentialAction":[{"@type":"ReadAction","target":["https:\/\/consorcioserrano.es\/nl\/over-consorcio-jamon-serrano\/onze-identiteit\/"]}]},{"@type":"ImageObject","inLanguage":"nl-NL","@id":"https:\/\/consorcioserrano.es\/nl\/over-consorcio-jamon-serrano\/onze-identiteit\/#primaryimage","url":"http:\/\/consorcioserrano.es\/wp-content\/uploads\/2017\/10\/s-60.png","contentUrl":"http:\/\/consorcioserrano.es\/wp-content\/uploads\/2017\/10\/s-60.png"},{"@type":"BreadcrumbList","@id":"https:\/\/consorcioserrano.es\/nl\/over-consorcio-jamon-serrano\/onze-identiteit\/#breadcrumb","itemListElement":[{"@type":"ListItem","position":1,"name":"Portada","item":"https:\/\/consorcioserrano.es\/nl\/"},{"@type":"ListItem","position":2,"name":"Over Consorcio Jamon Serrano","item":"https:\/\/consorcioserrano.es\/nl\/over-consorcio-jamon-serrano\/"},{"@type":"ListItem","position":3,"name":"Onze identiteit"}]},{"@type":"WebSite","@id":"https:\/\/consorcioserrano.es\/#website","url":"https:\/\/consorcioserrano.es\/","name":"Consorcio del Jam\u00f3n Serrano Espa\u00f1ol","description":"Het Spaanse Serranoham Consorcio garandeert de beste traditionele Serranoham: 100% Spaanse ham, zorgvuldig stuk voor stuk geselecteerd.","potentialAction":[{"@type":"SearchAction","target":{"@type":"EntryPoint","urlTemplate":"https:\/\/consorcioserrano.es\/?s={search_term_string}"},"query-input":{"@type":"PropertyValueSpecification","valueRequired":true,"valueName":"search_term_string"}}],"inLanguage":"nl-NL"}]}},"acf":[],"_links":{"self":[{"href":"https:\/\/consorcioserrano.es\/nl\/wp-json\/wp\/v2\/pages\/5783","targetHints":{"allow":["GET"]}}],"collection":[{"href":"https:\/\/consorcioserrano.es\/nl\/wp-json\/wp\/v2\/pages"}],"about":[{"href":"https:\/\/consorcioserrano.es\/nl\/wp-json\/wp\/v2\/types\/page"}],"author":[{"embeddable":true,"href":"https:\/\/consorcioserrano.es\/nl\/wp-json\/wp\/v2\/users\/1"}],"replies":[{"embeddable":true,"href":"https:\/\/consorcioserrano.es\/nl\/wp-json\/wp\/v2\/comments?post=5783"}],"version-history":[{"count":1,"href":"https:\/\/consorcioserrano.es\/nl\/wp-json\/wp\/v2\/pages\/5783\/revisions"}],"predecessor-version":[{"id":22898,"href":"https:\/\/consorcioserrano.es\/nl\/wp-json\/wp\/v2\/pages\/5783\/revisions\/22898"}],"up":[{"embeddable":true,"href":"https:\/\/consorcioserrano.es\/nl\/wp-json\/wp\/v2\/pages\/5777"}],"wp:attachment":[{"href":"https:\/\/consorcioserrano.es\/nl\/wp-json\/wp\/v2\/media?parent=5783"}],"curies":[{"name":"wp","href":"https:\/\/api.w.org\/{rel}","templated":true}]}}