{"id":5916,"date":"2017-11-30T19:06:24","date_gmt":"2017-11-30T18:06:24","guid":{"rendered":"http:\/\/consorcioserrano.es\/?page_id=5916"},"modified":"2026-04-08T10:21:44","modified_gmt":"2026-04-08T09:21:44","slug":"het-team-2-2","status":"publish","type":"page","link":"https:\/\/consorcioserrano.es\/nl\/wie-we-zijn\/het-team-2-2\/","title":{"rendered":"Het team"},"content":{"rendered":"<div class=\"wpb-content-wrapper\"><p>[vc_row full_width=&#8221;stretch_row&#8221; css=&#8221;.vc_custom_1509111352335{background-color: #161616 !important;}&#8221; el_class=&#8221;no-padding-top six-columns&#8221;][vc_column width=&#8221;1\/6&#8243; offset=&#8221;vc_hidden-md vc_hidden-sm vc_hidden-xs&#8221;][\/vc_column][vc_column offset=&#8221;vc_col-lg-2 vc_col-md-3&#8243; el_class=&#8221;no-lateral-padding&#8221;][\/vc_column][vc_column offset=&#8221;vc_col-lg-2 vc_col-md-3&#8243; el_class=&#8221;no-lateral-padding&#8221;]\n    <a href=\"https:\/\/consorcioserrano.es\/nl\/wie-we-zijn\/het-team\/\"   class=\"vc_link_consorcio\" title=\" Het team \">\n    <div class=\"roll_wrap\" id=\"\">\n\t\t\n        <div class=\"roll_wrap_img \" ><img decoding=\"async\" src=\"https:\/\/consorcioserrano.es\/wp-content\/uploads\/2017\/11\/equipo-consorcio-jamon-serrabi-menu.jpg\" class=\"img-responsive \" > <\/div>\n\t\t\n\n\t\t\n\t\t\n\t        <div class=\"roll_wrap_link_imagetextmenu  \" style=\"color:#ff0000; font-size:;\"><p class=\"six-columns-img\"><img loading=\"lazy\" decoding=\"async\" class=\"size-full wp-image-2600 alignleft\" src=\"http:\/\/consorcioserrano.es\/wp-content\/uploads\/2017\/10\/s-60.png\" alt=\"\" width=\"60\" height=\"60\" \/><\/p>\n<h3>Het <strong>team<\/strong><\/h3>\n<\/div>\n\t\t\n    <\/div>\n    <\/a>[\/vc_column][vc_column offset=&#8221;vc_col-lg-2 vc_col-md-3&#8243; el_class=&#8221;no-lateral-padding&#8221;]\n    <a href=\"https:\/\/consorcioserrano.es\/nl\/wie-we-zijn\/onze-partners\/\"   class=\"vc_link_consorcio\" title=\" Onze partners \">\n    <div class=\"roll_wrap\" id=\"\">\n\t\t\n        <div class=\"roll_wrap_img opacity-submenu-hover\" ><img decoding=\"async\" src=\"https:\/\/consorcioserrano.es\/wp-content\/uploads\/2022\/07\/asociados-nueva-4.jpg\" class=\"img-responsive \" > <\/div>\n\t\t\n\n\t\t\n\t\t\n\t        <div class=\"roll_wrap_link_imagetextmenu  \" style=\"color:#ff0000; font-size:;\"><p class=\"six-columns-img\"><img loading=\"lazy\" decoding=\"async\" class=\"size-full wp-image-2600 alignleft\" src=\"http:\/\/consorcioserrano.es\/wp-content\/uploads\/2017\/10\/s-60.png\" alt=\"\" width=\"60\" height=\"60\" \/><\/p>\n<h3>Onze <strong>partners<\/strong><\/h3>\n<\/div>\n\t\t\n    <\/div>\n    <\/a>[\/vc_column][vc_column offset=&#8221;vc_col-lg-2 vc_col-md-3&#8243; el_class=&#8221;no-lateral-padding&#8221;][\/vc_column][vc_column width=&#8221;1\/6&#8243; offset=&#8221;vc_hidden-md vc_hidden-sm&#8221;][\/vc_column][\/vc_row][vc_row][vc_column el_class=&#8221;panel-special-content&#8221;][vc_column_text el_class=&#8221;vc_quote_consorcio&#8221;]<\/p>\n<div class=\"vc_quote_consorcio_icon\"><img loading=\"lazy\" decoding=\"async\" class=\"alignnone size-full wp-image-1101\" src=\"http:\/\/consorcioserrano.es\/wp-content\/uploads\/2017\/10\/comillas-abrir-1.png\" alt=\"\" width=\"59\" height=\"53\" srcset=\"https:\/\/consorcioserrano.es\/wp-content\/uploads\/2017\/10\/comillas-abrir-1.png 59w, https:\/\/consorcioserrano.es\/wp-content\/uploads\/2017\/10\/comillas-abrir-1-50x45.png 50w\" sizes=\"auto, (max-width:767px) 59px, 59px\" \/><\/div>\n<div class=\"vc_quote_consorcio_content\">\n<h1>Het <strong>team<\/strong> <img loading=\"lazy\" decoding=\"async\" class=\"alignnone size-full wp-image-1100\" src=\"http:\/\/consorcioserrano.es\/wp-content\/uploads\/2017\/10\/comillas-cerrar-1.png\" alt=\"\" width=\"59\" height=\"53\" srcset=\"https:\/\/consorcioserrano.es\/wp-content\/uploads\/2017\/10\/comillas-cerrar-1.png 59w, https:\/\/consorcioserrano.es\/wp-content\/uploads\/2017\/10\/comillas-cerrar-1-50x45.png 50w\" sizes=\"auto, (max-width:767px) 59px, 59px\" \/><\/h1>\n<\/div>\n<p>[\/vc_column_text][\/vc_column][\/vc_row][vc_row][vc_column width=&#8221;1\/3&#8243; el_class=&#8221;panel-special-content&#8221;][vc_column_text]<\/p>\n<div class=\"equipo-texto-imagen\">\n<div class=\"image-consorcio-equipo\"><img loading=\"lazy\" decoding=\"async\" src=\"http:\/\/consorcioserrano.es\/wp-content\/uploads\/2017\/10\/s-60.png\" alt=\"\" width=\"60\" height=\"60\" \/><\/div>\n<div class=\"text-consorcio-equipo\">\n<h3><\/h3>\n<h3><strong>Anna Bosch G\u00fcell<\/strong><\/h3>\n<h3><span style=\"color: #e82f37;\">Voorzitster van het CJSE<\/span><\/h3>\n<p>Voorzitster van het Consorcio sinds november 2013 ter vertegenwoordiging van Noel Alimentaria, de onderneming waarvan ze Algemeen Directeur is. Ze is de drijffveer achter de activiteiten van het Consorcio, zowel wat certificering betreft als op internationaal niveau, om eersteklas serranoham te promoten op de internationale markt.<\/p>\n<\/div>\n<\/div>\n<p>[\/vc_column_text][\/vc_column][vc_column width=&#8221;1\/3&#8243; el_class=&#8221;panel-special-content&#8221;][vc_column_text css=&#8221;&#8221;]<\/p>\n<div class=\"equipo-texto-imagen\">\n<div class=\"image-consorcio-equipo\"><img loading=\"lazy\" decoding=\"async\" src=\"http:\/\/consorcioserrano.es\/wp-content\/uploads\/2017\/10\/s-60.png\" alt=\"\" width=\"60\" height=\"60\" \/><\/div>\n<div class=\"text-consorcio-equipo\">\n<h3><\/h3>\n<h3><strong>Miguel \u00c1ngel Espa\u00f1a<\/strong><\/h3>\n<h3><span style=\"color: #e82f37;\">Ondervoorzitter van het CJSE<\/span><\/h3>\n<p>Algemeen directeur van Miguel Espa\u00f1a e Hijos. Het bedrijf wordt geleid door de tweede generatie van de oprichtende familie, die de groei voortzet op basis van de waarden <strong>traditie, innovatie, vertrouwen en kwaliteit.<\/strong> Met een sterke internationale aanwezigheid heeft het bedrijf zich gevestigd als een belangrijke speler in de sector en heeft het de afgelopen jaren zijn betrokkenheid bij het Consorcio versterkt.<\/p>\n<\/div>\n<\/div>\n<p>[\/vc_column_text][\/vc_column][vc_column width=&#8221;1\/3&#8243; el_class=&#8221;panel-special-content&#8221;][vc_column_text]<\/p>\n<div class=\"equipo-texto-imagen\">\n<div class=\"image-consorcio-equipo\"><img loading=\"lazy\" decoding=\"async\" src=\"http:\/\/consorcioserrano.es\/wp-content\/uploads\/2017\/10\/s-60.png\" alt=\"\" width=\"60\" height=\"60\" \/><\/div>\n<div class=\"text-consorcio-equipo\">\n<h3><\/h3>\n<h3><strong>Pedro Rodriguez Mar\u00edn<\/strong><\/h3>\n<h3><span style=\"color: #e82f37;\">Algemeen Co\u00f6rdinator en Technisch Directeur<\/span><\/h3>\n<p>Bachelor of Pharmacy, trad in 1990 toe tot het Jam\u00f3n Serrano Consortium,\u00a0waar hij zowel toezicht houdt op het kwaliteitsborgings- en certificeringsproces als op de relaties met de Partners. Momenteel is hij een onmisbare schakel in het Consorcio omwille van zijn uitgebreide kennis van de sector en omdat hij als eerste kwaliteitsvoorschriften heeft ingevoerd om serranoham buiten onze landsgrenzen uit te voeren.<\/p>\n<\/div>\n<\/div>\n<p>[\/vc_column_text][\/vc_column][\/vc_row][vc_row][vc_column width=&#8221;1\/3&#8243; el_class=&#8221;panel-special-content&#8221;][vc_column_text]<\/p>\n<div class=\"equipo-texto-imagen\">\n<div class=\"image-consorcio-equipo\"><img loading=\"lazy\" decoding=\"async\" src=\"http:\/\/consorcioserrano.es\/wp-content\/uploads\/2017\/10\/s-60.png\" alt=\"\" width=\"60\" height=\"60\" \/><\/div>\n<div class=\"text-consorcio-equipo\">\n<h3><\/h3>\n<h3><strong>\u00c1lvaro D\u00edaz de Lia\u00f1o L\u00f3pez<\/strong><\/h3>\n<h3><span style=\"color: #e82f37;\">Directeur Marketing en Promotie<\/span><\/h3>\n<p>Afgestudeerd in Economie, komt bij het team van het Consorcio als Directeur Marketing en Promotie. Zijn carri\u00e8re heeft hij opgebouwd als Export Manager in de wijnsector, consulent internationalisering en adviseur van grote inkoopgroepen, waardoor hij over verregaande kennis van de internationale markten beschikt.<\/p>\n<\/div>\n<\/div>\n<p>[\/vc_column_text][\/vc_column][vc_column width=&#8221;1\/3&#8243; el_class=&#8221;panel-special-content&#8221;][vc_column_text]<\/p>\n<div class=\"equipo-texto-imagen\">\n<div class=\"image-consorcio-equipo\"><img loading=\"lazy\" decoding=\"async\" src=\"http:\/\/consorcioserrano.es\/wp-content\/uploads\/2017\/10\/s-60.png\" alt=\"\" width=\"60\" height=\"60\" \/><\/div>\n<div class=\"text-consorcio-equipo\">\n<h3><\/h3>\n<h3><strong>Juan Carlos Valenciano<\/strong><\/h3>\n<h3><span style=\"color: #e82f37;\">Quality Manager<\/span><\/h3>\n<p>Met meer dan 20 jaar ervaring in het team van het Spaanse Serrano Ham Consortium, is hij een belangrijke speler in de vereniging. Het neemt de verantwoordelijkheid op zich dat alle Consorcio Serrano-hamstukken voldoen aan de kwaliteitsregelingen die door de entiteit zijn vastgesteld.<\/p>\n<\/div>\n<\/div>\n<p>[\/vc_column_text][\/vc_column][vc_column width=&#8221;1\/3&#8243;][vc_column_text]<\/p>\n<div class=\"equipo-texto-imagen\">\n<div class=\"image-consorcio-equipo\"><img loading=\"lazy\" decoding=\"async\" src=\"http:\/\/consorcioserrano.es\/wp-content\/uploads\/2017\/10\/s-60.png\" alt=\"\" width=\"60\" height=\"60\" \/><\/div>\n<div class=\"text-consorcio-equipo\">\n<h3><\/h3>\n<h3><strong>\u00c1ngeles de Luis<\/strong><\/h3>\n<h3><span style=\"color: #e82f37;\">Directiesecretaresse<\/span><\/h3>\n<p>Ze begon haar professionele loopbban bij het Consorcio del Jam\u00f3n Serrano Espa\u00f1ol in 2012, waar ze haar vroegere leidinggevende ervaring als Directieassistente bij ondernemingen met Grote Distributie zoals Leroy Merlin in de praktijk brengt.<\/p>\n<\/div>\n<\/div>\n<p>[\/vc_column_text][\/vc_column][\/vc_row][vc_row][vc_column]\n<div id=\"ersspace-1\"><\/div><style type=\"text\/css\">#ersspace-1 { height: 80px; }<\/style>[\/vc_column][\/vc_row]<\/p>\n<\/div>","protected":false},"excerpt":{"rendered":"<p>[vc_row full_width=&#8221;stretch_row&#8221; css=&#8221;.vc_custom_1509111352335{background-color: #161616 !important;}&#8221; el_class=&#8221;no-padding-top six-columns&#8221;][vc_column width=&#8221;1\/6&#8243; offset=&#8221;vc_hidden-md vc_hidden-sm vc_hidden-xs&#8221;][\/vc_column][vc_column offset=&#8221;vc_col-lg-2 vc_col-md-3&#8243; el_class=&#8221;no-lateral-padding&#8221;][\/vc_column][vc_column offset=&#8221;vc_col-lg-2 vc_col-md-3&#8243; el_class=&#8221;no-lateral-padding&#8221;][\/vc_column][vc_column offset=&#8221;vc_col-lg-2 vc_col-md-3&#8243; el_class=&#8221;no-lateral-padding&#8221;][\/vc_column][vc_column offset=&#8221;vc_col-lg-2 vc_col-md-3&#8243; el_class=&#8221;no-lateral-padding&#8221;][\/vc_column][vc_column width=&#8221;1\/6&#8243; offset=&#8221;vc_hidden-md vc_hidden-sm&#8221;][\/vc_column][\/vc_row][vc_row][vc_column<span class=\"excerpt-hellip\"> [\u2026]<\/span><\/p>\n","protected":false},"author":1,"featured_media":-1,"parent":5914,"menu_order":0,"comment_status":"closed","ping_status":"closed","template":"","meta":{"_acf_changed":false,"footnotes":""},"class_list":["post-5916","page","type-page","status-publish","has-post-thumbnail","hentry","sections_group lang-nl"],"yoast_head":"<!-- This site is optimized with the Yoast SEO plugin v27.2 - https:\/\/yoast.com\/product\/yoast-seo-wordpress\/ -->\n<title>Het team - De Serranoham Consorcio<\/title>\n<meta name=\"description\" content=\"Het Spaanse Serranoham Consorcio garandeert de beste traditionele Serranoham: 100% Spaanse ham, zorgvuldig stuk voor stuk geselecteerd.\" \/>\n<meta name=\"robots\" content=\"index, follow, max-snippet:-1, max-image-preview:large, max-video-preview:-1\" \/>\n<link rel=\"canonical\" href=\"https:\/\/consorcioserrano.es\/nl\/wie-we-zijn\/het-team-2-2\/\" \/>\n<meta property=\"og:locale\" content=\"nl_NL\" \/>\n<meta property=\"og:type\" content=\"article\" \/>\n<meta property=\"og:title\" content=\"Het team - De Serranoham Consorcio\" \/>\n<meta property=\"og:description\" content=\"Het Spaanse Serranoham Consorcio garandeert de beste traditionele Serranoham: 100% Spaanse ham, zorgvuldig stuk voor stuk geselecteerd.\" \/>\n<meta property=\"og:url\" content=\"https:\/\/consorcioserrano.es\/nl\/wie-we-zijn\/het-team-2-2\/\" \/>\n<meta property=\"og:site_name\" content=\"Consorcio del Jam\u00f3n Serrano Espa\u00f1ol\" \/>\n<meta property=\"article:modified_time\" content=\"2026-04-08T09:21:44+00:00\" \/>\n<meta property=\"og:image\" content=\"http:\/\/consorcioserrano.es\/wp-content\/uploads\/2017\/11\/social-consorcio-serrano.jpg\" \/>\n<meta name=\"twitter:card\" content=\"summary_large_image\" \/>\n<meta name=\"twitter:label1\" content=\"Geschatte leestijd\" \/>\n\t<meta name=\"twitter:data1\" content=\"5 minuten\" \/>\n<script type=\"application\/ld+json\" class=\"yoast-schema-graph\">{\"@context\":\"https:\/\/schema.org\",\"@graph\":[{\"@type\":\"WebPage\",\"@id\":\"https:\/\/consorcioserrano.es\/nl\/wie-we-zijn\/het-team-2-2\/\",\"url\":\"https:\/\/consorcioserrano.es\/nl\/wie-we-zijn\/het-team-2-2\/\",\"name\":\"Het team - De Serranoham Consorcio\",\"isPartOf\":{\"@id\":\"https:\/\/consorcioserrano.es\/#website\"},\"primaryImageOfPage\":{\"@id\":\"https:\/\/consorcioserrano.es\/nl\/wie-we-zijn\/het-team-2-2\/#primaryimage\"},\"image\":{\"@id\":\"https:\/\/consorcioserrano.es\/nl\/wie-we-zijn\/het-team-2-2\/#primaryimage\"},\"thumbnailUrl\":\"http:\/\/consorcioserrano.es\/wp-content\/uploads\/2017\/10\/s-60.png\",\"datePublished\":\"2017-11-30T18:06:24+00:00\",\"dateModified\":\"2026-04-08T09:21:44+00:00\",\"description\":\"Het Spaanse Serranoham Consorcio garandeert de beste traditionele Serranoham: 100% Spaanse ham, zorgvuldig stuk voor stuk geselecteerd.\",\"breadcrumb\":{\"@id\":\"https:\/\/consorcioserrano.es\/nl\/wie-we-zijn\/het-team-2-2\/#breadcrumb\"},\"inLanguage\":\"nl-NL\",\"potentialAction\":[{\"@type\":\"ReadAction\",\"target\":[\"https:\/\/consorcioserrano.es\/nl\/wie-we-zijn\/het-team-2-2\/\"]}]},{\"@type\":\"ImageObject\",\"inLanguage\":\"nl-NL\",\"@id\":\"https:\/\/consorcioserrano.es\/nl\/wie-we-zijn\/het-team-2-2\/#primaryimage\",\"url\":\"http:\/\/consorcioserrano.es\/wp-content\/uploads\/2017\/10\/s-60.png\",\"contentUrl\":\"http:\/\/consorcioserrano.es\/wp-content\/uploads\/2017\/10\/s-60.png\"},{\"@type\":\"BreadcrumbList\",\"@id\":\"https:\/\/consorcioserrano.es\/nl\/wie-we-zijn\/het-team-2-2\/#breadcrumb\",\"itemListElement\":[{\"@type\":\"ListItem\",\"position\":1,\"name\":\"Portada\",\"item\":\"https:\/\/consorcioserrano.es\/nl\/\"},{\"@type\":\"ListItem\",\"position\":2,\"name\":\"Wie we zijn\",\"item\":\"https:\/\/consorcioserrano.es\/nl\/wie-we-zijn\/\"},{\"@type\":\"ListItem\",\"position\":3,\"name\":\"Het team\"}]},{\"@type\":\"WebSite\",\"@id\":\"https:\/\/consorcioserrano.es\/#website\",\"url\":\"https:\/\/consorcioserrano.es\/\",\"name\":\"Consorcio del Jam\u00f3n Serrano Espa\u00f1ol\",\"description\":\"Het Spaanse Serranoham Consorcio garandeert de beste traditionele Serranoham: 100% Spaanse ham, zorgvuldig stuk voor stuk geselecteerd.\",\"potentialAction\":[{\"@type\":\"SearchAction\",\"target\":{\"@type\":\"EntryPoint\",\"urlTemplate\":\"https:\/\/consorcioserrano.es\/?s={search_term_string}\"},\"query-input\":{\"@type\":\"PropertyValueSpecification\",\"valueRequired\":true,\"valueName\":\"search_term_string\"}}],\"inLanguage\":\"nl-NL\"}]}<\/script>\n<!-- \/ Yoast SEO plugin. -->","yoast_head_json":{"title":"Het team - De Serranoham Consorcio","description":"Het Spaanse Serranoham Consorcio garandeert de beste traditionele Serranoham: 100% Spaanse ham, zorgvuldig stuk voor stuk geselecteerd.","robots":{"index":"index","follow":"follow","max-snippet":"max-snippet:-1","max-image-preview":"max-image-preview:large","max-video-preview":"max-video-preview:-1"},"canonical":"https:\/\/consorcioserrano.es\/nl\/wie-we-zijn\/het-team-2-2\/","og_locale":"nl_NL","og_type":"article","og_title":"Het team - De Serranoham Consorcio","og_description":"Het Spaanse Serranoham Consorcio garandeert de beste traditionele Serranoham: 100% Spaanse ham, zorgvuldig stuk voor stuk geselecteerd.","og_url":"https:\/\/consorcioserrano.es\/nl\/wie-we-zijn\/het-team-2-2\/","og_site_name":"Consorcio del Jam\u00f3n Serrano Espa\u00f1ol","article_modified_time":"2026-04-08T09:21:44+00:00","og_image":[{"url":"http:\/\/consorcioserrano.es\/wp-content\/uploads\/2017\/11\/social-consorcio-serrano.jpg","type":"","width":"","height":""}],"twitter_card":"summary_large_image","twitter_misc":{"Geschatte leestijd":"5 minuten"},"schema":{"@context":"https:\/\/schema.org","@graph":[{"@type":"WebPage","@id":"https:\/\/consorcioserrano.es\/nl\/wie-we-zijn\/het-team-2-2\/","url":"https:\/\/consorcioserrano.es\/nl\/wie-we-zijn\/het-team-2-2\/","name":"Het team - De Serranoham Consorcio","isPartOf":{"@id":"https:\/\/consorcioserrano.es\/#website"},"primaryImageOfPage":{"@id":"https:\/\/consorcioserrano.es\/nl\/wie-we-zijn\/het-team-2-2\/#primaryimage"},"image":{"@id":"https:\/\/consorcioserrano.es\/nl\/wie-we-zijn\/het-team-2-2\/#primaryimage"},"thumbnailUrl":"http:\/\/consorcioserrano.es\/wp-content\/uploads\/2017\/10\/s-60.png","datePublished":"2017-11-30T18:06:24+00:00","dateModified":"2026-04-08T09:21:44+00:00","description":"Het Spaanse Serranoham Consorcio garandeert de beste traditionele Serranoham: 100% Spaanse ham, zorgvuldig stuk voor stuk geselecteerd.","breadcrumb":{"@id":"https:\/\/consorcioserrano.es\/nl\/wie-we-zijn\/het-team-2-2\/#breadcrumb"},"inLanguage":"nl-NL","potentialAction":[{"@type":"ReadAction","target":["https:\/\/consorcioserrano.es\/nl\/wie-we-zijn\/het-team-2-2\/"]}]},{"@type":"ImageObject","inLanguage":"nl-NL","@id":"https:\/\/consorcioserrano.es\/nl\/wie-we-zijn\/het-team-2-2\/#primaryimage","url":"http:\/\/consorcioserrano.es\/wp-content\/uploads\/2017\/10\/s-60.png","contentUrl":"http:\/\/consorcioserrano.es\/wp-content\/uploads\/2017\/10\/s-60.png"},{"@type":"BreadcrumbList","@id":"https:\/\/consorcioserrano.es\/nl\/wie-we-zijn\/het-team-2-2\/#breadcrumb","itemListElement":[{"@type":"ListItem","position":1,"name":"Portada","item":"https:\/\/consorcioserrano.es\/nl\/"},{"@type":"ListItem","position":2,"name":"Wie we zijn","item":"https:\/\/consorcioserrano.es\/nl\/wie-we-zijn\/"},{"@type":"ListItem","position":3,"name":"Het team"}]},{"@type":"WebSite","@id":"https:\/\/consorcioserrano.es\/#website","url":"https:\/\/consorcioserrano.es\/","name":"Consorcio del Jam\u00f3n Serrano Espa\u00f1ol","description":"Het Spaanse Serranoham Consorcio garandeert de beste traditionele Serranoham: 100% Spaanse ham, zorgvuldig stuk voor stuk geselecteerd.","potentialAction":[{"@type":"SearchAction","target":{"@type":"EntryPoint","urlTemplate":"https:\/\/consorcioserrano.es\/?s={search_term_string}"},"query-input":{"@type":"PropertyValueSpecification","valueRequired":true,"valueName":"search_term_string"}}],"inLanguage":"nl-NL"}]}},"acf":[],"_links":{"self":[{"href":"https:\/\/consorcioserrano.es\/nl\/wp-json\/wp\/v2\/pages\/5916","targetHints":{"allow":["GET"]}}],"collection":[{"href":"https:\/\/consorcioserrano.es\/nl\/wp-json\/wp\/v2\/pages"}],"about":[{"href":"https:\/\/consorcioserrano.es\/nl\/wp-json\/wp\/v2\/types\/page"}],"author":[{"embeddable":true,"href":"https:\/\/consorcioserrano.es\/nl\/wp-json\/wp\/v2\/users\/1"}],"replies":[{"embeddable":true,"href":"https:\/\/consorcioserrano.es\/nl\/wp-json\/wp\/v2\/comments?post=5916"}],"version-history":[{"count":3,"href":"https:\/\/consorcioserrano.es\/nl\/wp-json\/wp\/v2\/pages\/5916\/revisions"}],"predecessor-version":[{"id":30763,"href":"https:\/\/consorcioserrano.es\/nl\/wp-json\/wp\/v2\/pages\/5916\/revisions\/30763"}],"up":[{"embeddable":true,"href":"https:\/\/consorcioserrano.es\/nl\/wp-json\/wp\/v2\/pages\/5914"}],"wp:featuredmedia":[{"embeddable":true,"href":"https:\/\/consorcioserrano.es\/nl\/wp-json\/"}],"wp:attachment":[{"href":"https:\/\/consorcioserrano.es\/nl\/wp-json\/wp\/v2\/media?parent=5916"}],"curies":[{"name":"wp","href":"https:\/\/api.w.org\/{rel}","templated":true}]}}