{"id":11827,"date":"2017-10-27T13:15:54","date_gmt":"2017-10-27T11:15:54","guid":{"rendered":"https:\/\/consorcioserrano.es\/jamon-consorcio-serrano\/"},"modified":"2024-02-20T15:26:20","modified_gmt":"2024-02-20T14:26:20","slug":"jamon-consorcio-serrano","status":"publish","type":"page","link":"https:\/\/consorcioserrano.es\/pt-pt\/jamon-consorcio-serrano\/","title":{"rendered":"Jam\u00f3n Consorcio Serrano"},"content":{"rendered":"<div class=\"wpb-content-wrapper\"><p>[vc_row full_width=&#8221;stretch_row_content_no_spaces&#8221; css=&#8221;.vc_custom_1509104616814{background-color: #161616 !important;}&#8221; el_class=&#8221;next-row-no-padding&#8221;][vc_column][vc_column_text css=&#8221;.vc_custom_1699960493319{padding-left: 100px !important;background-color: #161616 !important;}&#8221; el_class=&#8221;no-margin-with-padding&#8221; el_id=&#8221;div-sello&#8221;]<\/p>\n<p class=\"image-h2\" style=\"padding-top: 0px; margin-bottom: 0px;\"><img loading=\"lazy\" decoding=\"async\" class=\"alignnone size-full wp-image-975\" title=\"Certificado por Consorcio Serrano - Selecci\u00f3n a mano\" src=\"https:\/\/consorcioserrano.es\/wp-content\/uploads\/2023\/10\/sello_jamon_consorcio_2023.png\" alt=\"Certificado por Consorcio Serrano - Selecci\u00f3n a mano\" width=\"140\" height=\"60\" \/><\/p>\n<h1><strong>O Jam\u00f3n<\/strong> Consorcio Serrano<\/h1>\n<p>[\/vc_column_text][\/vc_column][\/vc_row][vc_row full_width=&#8221;stretch_row_content_no_spaces&#8221; el_class=&#8221;next-row-no-padding&#8221;][vc_column width=&#8221;1\/4&#8243;]\n    <a href=\"https:\/\/consorcioserrano.es\/pt-pt\/jamon-consorcio-serrano\/historia-e-tradicao\/\" title=\"Hist\u00f3ria e tradi\u00e7\u00e3o\"  class=\"vc_link_consorcio\" title=\"\u00a0Hist\u00f3ria e tradi\u00e7\u00e3o do presunto serrano Uma tradi\u00e7\u00e3o milenar mantida viva e atual. \">\n    <div class=\"roll_wrap\" id=\"\">\n\t\t\n        <div class=\"roll_wrap_img \" ><img decoding=\"async\" src=\"https:\/\/consorcioserrano.es\/wp-content\/uploads\/2017\/10\/Historia-y-tradicion.jpg\" class=\"img-responsive \" > <\/div>\n\t\t\n\n\t\t\n\t\t\n\t        <div class=\"roll_wrap_link_imagetext  box-s-consorcio-serrano\" style=\"color:#ff0000; font-size:;\"><h2><img loading=\"lazy\" decoding=\"async\" class=\"alignnone size-full wp-image-1101\" src=\"http:\/\/consorcioserrano.es\/wp-content\/uploads\/2017\/10\/comillas-abrir-1.png\" alt=\"\" width=\"59\" height=\"53\" srcset=\"https:\/\/consorcioserrano.es\/wp-content\/uploads\/2017\/10\/comillas-abrir-1.png 59w, https:\/\/consorcioserrano.es\/wp-content\/uploads\/2017\/10\/comillas-abrir-1-50x45.png 50w\" sizes=\"auto, (max-width:767px) 59px, 59px\" \/>\u00a0Hist\u00f3ria e tradi\u00e7\u00e3o do presunto serrano<\/h2>\n<p>Uma tradi\u00e7\u00e3o milenar mantida viva e atual.<\/p>\n<\/div>\n\t\t\n    <\/div>\n    <\/a>[\/vc_column][vc_column width=&#8221;1\/4&#8243;]\n    <a href=\"https:\/\/consorcioserrano.es\/pt-pt\/jamon-consorcio-serrano\/elaboracao\/\" title=\"Elabora\u00e7\u00e3o\"  class=\"vc_link_consorcio\" title=\"\u00a0Elabora\u00e7\u00e3o de presunto serrano Tradi\u00e7\u00e3o de cura e sele\u00e7\u00e3o pe\u00e7a por pe\u00e7a do melhor presunto serrano. \">\n    <div class=\"roll_wrap\" id=\"\">\n\t\t\n        <div class=\"roll_wrap_img \" ><img decoding=\"async\" src=\"https:\/\/consorcioserrano.es\/wp-content\/uploads\/2017\/10\/Elaboracion.jpg\" class=\"img-responsive \" > <\/div>\n\t\t\n\n\t\t\n\t\t\n\t        <div class=\"roll_wrap_link_imagetext  \" style=\"color:#ff0000; font-size:;\"><h2><img loading=\"lazy\" decoding=\"async\" class=\"alignnone size-full wp-image-1101\" src=\"http:\/\/consorcioserrano.es\/wp-content\/uploads\/2017\/10\/comillas-abrir-1.png\" alt=\"\" width=\"59\" height=\"53\" srcset=\"https:\/\/consorcioserrano.es\/wp-content\/uploads\/2017\/10\/comillas-abrir-1.png 59w, https:\/\/consorcioserrano.es\/wp-content\/uploads\/2017\/10\/comillas-abrir-1-50x45.png 50w\" sizes=\"auto, (max-width:767px) 59px, 59px\" \/>\u00a0Elabora\u00e7\u00e3o de presunto serrano<\/h2>\n<p>Tradi\u00e7\u00e3o de cura e sele\u00e7\u00e3o pe\u00e7a por pe\u00e7a do melhor presunto serrano.<\/p>\n<\/div>\n\t\t\n    <\/div>\n    <\/a>[\/vc_column][vc_column width=&#8221;1\/4&#8243;]\n    <a href=\"https:\/\/consorcioserrano.es\/pt-pt\/jamon-consorcio-serrano\/sabor-aroma-e-conservacao\/\" title=\"Sabor, aroma e conserva\u00e7\u00e3o\"  class=\"vc_link_consorcio\" title=\"\u00a0Sabor, aroma e conserva\u00e7\u00e3o do presunto Serrano Cuidar da conserva\u00e7\u00e3o do presunto Serrano e prestar aten\u00e7\u00e3o \u00e0 sua apresenta\u00e7\u00e3o s\u00e3o chaves para desfrutar ao m\u00e1ximo do seu aroma e sabor. \">\n    <div class=\"roll_wrap\" id=\"\">\n\t\t\n        <div class=\"roll_wrap_img \" ><img decoding=\"async\" src=\"https:\/\/consorcioserrano.es\/wp-content\/uploads\/2017\/10\/Sabor-y-aroma.jpg\" class=\"img-responsive \" > <\/div>\n\t\t\n\n\t\t\n\t\t\n\t        <div class=\"roll_wrap_link_imagetext  \" style=\"color:#ff0000; font-size:;\"><h2><img loading=\"lazy\" decoding=\"async\" class=\"alignnone size-full wp-image-1101\" src=\"http:\/\/consorcioserrano.es\/wp-content\/uploads\/2017\/10\/comillas-abrir-1.png\" alt=\"\" width=\"59\" height=\"53\" srcset=\"https:\/\/consorcioserrano.es\/wp-content\/uploads\/2017\/10\/comillas-abrir-1.png 59w, https:\/\/consorcioserrano.es\/wp-content\/uploads\/2017\/10\/comillas-abrir-1-50x45.png 50w\" sizes=\"auto, (max-width:767px) 59px, 59px\" \/>\u00a0Sabor, aroma e conserva\u00e7\u00e3o do presunto Serrano<\/h2>\n<p>Cuidar da conserva\u00e7\u00e3o do presunto Serrano e prestar aten\u00e7\u00e3o \u00e0 sua apresenta\u00e7\u00e3o s\u00e3o chaves para desfrutar ao m\u00e1ximo do seu aroma e sabor.<\/p>\n<\/div>\n\t\t\n    <\/div>\n    <\/a>[\/vc_column][vc_column width=&#8221;1\/4&#8243;]\n    <a href=\"https:\/\/consorcioserrano.es\/pt-pt\/jamon-consorcio-serrano\/garantia-de-qualidade-jamon\/\" title=\"Garantia de qualidade\"  class=\"vc_link_consorcio\" title=\"\u00a0Garant\u00eda e qualidade A nossa premissa, garantir um produto de qualidade de textura, aroma e sabor \u00fanicos. \">\n    <div class=\"roll_wrap\" id=\"\">\n\t\t\n        <div class=\"roll_wrap_img \" ><img decoding=\"async\" src=\"https:\/\/consorcioserrano.es\/wp-content\/uploads\/2017\/10\/Garantia-de-calidad.jpg\" class=\"img-responsive \" > <\/div>\n\t\t\n\n\t\t\n\t\t\n\t        <div class=\"roll_wrap_link_imagetext  box-s-consorcio-serrano\" style=\"color:#ff0000; font-size:;\"><h2><img loading=\"lazy\" decoding=\"async\" class=\"alignnone size-full wp-image-1101\" src=\"http:\/\/consorcioserrano.es\/wp-content\/uploads\/2017\/10\/comillas-abrir-1.png\" alt=\"\" width=\"59\" height=\"53\" srcset=\"https:\/\/consorcioserrano.es\/wp-content\/uploads\/2017\/10\/comillas-abrir-1.png 59w, https:\/\/consorcioserrano.es\/wp-content\/uploads\/2017\/10\/comillas-abrir-1-50x45.png 50w\" sizes=\"auto, (max-width:767px) 59px, 59px\" \/>\u00a0Garant\u00eda e qualidade<\/h2>\n<p>A nossa premissa, garantir um produto de qualidade de textura, aroma e sabor \u00fanicos.<\/p>\n<\/div>\n\t\t\n    <\/div>\n    <\/a>[\/vc_column][\/vc_row][vc_row full_width=&#8221;stretch_row_content_no_spaces&#8221;][vc_column width=&#8221;1\/4&#8243;]\n    <a href=\"https:\/\/consorcioserrano.es\/pt-pt\/jamon-consorcio-serrano\/selecionado-a-mao\/\" title=\"Como consumir presunto serrano\"  class=\"vc_link_consorcio\" title=\" Sele\u00e7\u00e3o manual de presunto serrano Como o mestre de presunto seleciona \u00e0 m\u00e3o cada presunto serrano. &nbsp; \">\n    <div class=\"roll_wrap\" id=\"\">\n\t\t\n        <div class=\"roll_wrap_img \" ><img decoding=\"async\" src=\"https:\/\/consorcioserrano.es\/wp-content\/uploads\/2024\/02\/seleccion-a-mano-jamon-serrano.jpg\" class=\"img-responsive \" > <\/div>\n\t\t\n\n\t\t\n\t\t\n\t        <div class=\"roll_wrap_link_imagetext  \" style=\"color:#ff0000; font-size:;\"><h2><img loading=\"lazy\" decoding=\"async\" class=\"alignnone size-full wp-image-1101\" src=\"http:\/\/consorcioserrano.es\/wp-content\/uploads\/2017\/10\/comillas-abrir-1.png\" alt=\"\" width=\"59\" height=\"53\" srcset=\"https:\/\/consorcioserrano.es\/wp-content\/uploads\/2017\/10\/comillas-abrir-1.png 59w, https:\/\/consorcioserrano.es\/wp-content\/uploads\/2017\/10\/comillas-abrir-1-50x45.png 50w\" sizes=\"auto, (max-width:767px) 59px, 59px\" \/> Sele\u00e7\u00e3o manual de presunto serrano<\/h2>\n<p>Como o mestre de presunto seleciona \u00e0 m\u00e3o cada presunto serrano.<\/p>\n<p>&nbsp;<\/p>\n<\/div>\n\t\t\n    <\/div>\n    <\/a>[\/vc_column][vc_column width=&#8221;1\/4&#8243;]\n    <a href=\"https:\/\/consorcioserrano.es\/pt-pt\/jamon-consorcio-serrano\/como-consumir-presunto-serrano\/\" title=\"Como consumir presunto serrano\"  class=\"vc_link_consorcio\" title=\" Como consumir presunto serrano Combina\u00e7\u00f5es tradicionais ou arriscadas, com uma vasta gama de produtos, para se adequar a cada comensal. &nbsp; \">\n    <div class=\"roll_wrap\" id=\"\">\n\t\t\n        <div class=\"roll_wrap_img \" ><img decoding=\"async\" src=\"https:\/\/consorcioserrano.es\/wp-content\/uploads\/2017\/10\/Como-consumirlo.jpg\" class=\"img-responsive \" > <\/div>\n\t\t\n\n\t\t\n\t\t\n\t        <div class=\"roll_wrap_link_imagetext  \" style=\"color:#ff0000; font-size:;\"><h2><img loading=\"lazy\" decoding=\"async\" class=\"alignnone size-full wp-image-1101\" src=\"http:\/\/consorcioserrano.es\/wp-content\/uploads\/2017\/10\/comillas-abrir-1.png\" alt=\"\" width=\"59\" height=\"53\" srcset=\"https:\/\/consorcioserrano.es\/wp-content\/uploads\/2017\/10\/comillas-abrir-1.png 59w, https:\/\/consorcioserrano.es\/wp-content\/uploads\/2017\/10\/comillas-abrir-1-50x45.png 50w\" sizes=\"auto, (max-width:767px) 59px, 59px\" \/> Como consumir presunto serrano<\/h2>\n<p>Combina\u00e7\u00f5es tradicionais ou arriscadas, com uma vasta gama de produtos, para se adequar a cada comensal.<\/p>\n<p>&nbsp;<\/p>\n<\/div>\n\t\t\n    <\/div>\n    <\/a>[\/vc_column][vc_column width=&#8221;1\/4&#8243;]\n    <a href=\"https:\/\/consorcioserrano.es\/pt-pt\/jamon-consorcio-serrano\/tipos-de-presunto\/\" title=\"Tipos de presunto\"  class=\"vc_link_consorcio\" title=\"\u00a0Tipos de presunto Porque nem todos os presuntos s\u00e3o iguais. \">\n    <div class=\"roll_wrap\" id=\"\">\n\t\t\n        <div class=\"roll_wrap_img \" ><img decoding=\"async\" src=\"https:\/\/consorcioserrano.es\/wp-content\/uploads\/2017\/10\/Tipos-de-Jamon.jpg\" class=\"img-responsive \" > <\/div>\n\t\t\n\n\t\t\n\t\t\n\t        <div class=\"roll_wrap_link_imagetext  \" style=\"color:#ff0000; font-size:;\"><h2><img loading=\"lazy\" decoding=\"async\" class=\"alignnone size-full wp-image-1101\" src=\"http:\/\/consorcioserrano.es\/wp-content\/uploads\/2017\/10\/comillas-abrir-1.png\" alt=\"\" width=\"59\" height=\"53\" srcset=\"https:\/\/consorcioserrano.es\/wp-content\/uploads\/2017\/10\/comillas-abrir-1.png 59w, https:\/\/consorcioserrano.es\/wp-content\/uploads\/2017\/10\/comillas-abrir-1-50x45.png 50w\" sizes=\"auto, (max-width:767px) 59px, 59px\" \/>\u00a0Tipos de presunto<\/h2>\n<p>Porque nem todos os presuntos s\u00e3o iguais.<\/p>\n<\/div>\n\t\t\n    <\/div>\n    <\/a>[\/vc_column][vc_column width=&#8221;1\/4&#8243;]\n    <a href=\"https:\/\/consorcioserrano.es\/pt-pt\/sobre-o-consorcio\/selo-de-qualidade\/\" title=\"Tipos de presunto\"  class=\"vc_link_consorcio\" title=\"\u00a0O selo ConsorcioSerrano O s\u00edmbolo que garante a qualidade do melhor presunto serrano. \">\n    <div class=\"roll_wrap\" id=\"\">\n\t\t\n        <div class=\"roll_wrap_img \" ><img decoding=\"async\" src=\"https:\/\/consorcioserrano.es\/wp-content\/uploads\/2024\/02\/sello-de-calidad-pag-interm.jpg\" class=\"img-responsive \" > <\/div>\n\t\t\n\n\t\t\n\t\t\n\t        <div class=\"roll_wrap_link_imagetext  \" style=\"color:#ff0000; font-size:;\"><h2><img loading=\"lazy\" decoding=\"async\" class=\"alignnone size-full wp-image-1101\" src=\"http:\/\/consorcioserrano.es\/wp-content\/uploads\/2017\/10\/comillas-abrir-1.png\" alt=\"\" width=\"59\" height=\"53\" srcset=\"https:\/\/consorcioserrano.es\/wp-content\/uploads\/2017\/10\/comillas-abrir-1.png 59w, https:\/\/consorcioserrano.es\/wp-content\/uploads\/2017\/10\/comillas-abrir-1-50x45.png 50w\" sizes=\"auto, (max-width:767px) 59px, 59px\" \/>\u00a0O selo ConsorcioSerrano<\/h2>\n<p>O s\u00edmbolo que garante a qualidade do melhor presunto serrano.<\/p>\n<\/div>\n\t\t\n    <\/div>\n    <\/a>[\/vc_column][\/vc_row]<\/p>\n<\/div>","protected":false},"excerpt":{"rendered":"<p>[vc_row full_width=&#8221;stretch_row_content_no_spaces&#8221; css=&#8221;.vc_custom_1509104616814{background-color: #161616 !important;}&#8221; el_class=&#8221;next-row-no-padding&#8221;][vc_column][vc_column_text css=&#8221;.vc_custom_1699960493319{padding-left: 100px !important;background-color: #161616 !important;}&#8221; el_class=&#8221;no-margin-with-padding&#8221; el_id=&#8221;div-sello&#8221;] O Jam\u00f3n Consorcio Serrano [\/vc_column_text][\/vc_column][\/vc_row][vc_row full_width=&#8221;stretch_row_content_no_spaces&#8221; el_class=&#8221;next-row-no-padding&#8221;][vc_column width=&#8221;1\/4&#8243;][\/vc_column][vc_column width=&#8221;1\/4&#8243;][\/vc_column][vc_column width=&#8221;1\/4&#8243;][\/vc_column][vc_column width=&#8221;1\/4&#8243;][\/vc_column][\/vc_row][vc_row full_width=&#8221;stretch_row_content_no_spaces&#8221;][vc_column width=&#8221;1\/4&#8243;][\/vc_column][vc_column<span class=\"excerpt-hellip\"> [\u2026]<\/span><\/p>\n","protected":false},"author":1,"featured_media":0,"parent":0,"menu_order":0,"comment_status":"closed","ping_status":"closed","template":"","meta":{"_acf_changed":false,"footnotes":""},"class_list":["post-11827","page","type-page","status-publish","hentry","sections_group lang-pt-pt"],"yoast_head":"<!-- This site is optimized with the Yoast SEO plugin v27.2 - https:\/\/yoast.com\/product\/yoast-seo-wordpress\/ -->\n<title>Presunto Serrano Consorcio, Jamon Serrano Espanhol Garantido<\/title>\n<meta name=\"description\" content=\"Presunto serrano curado tradicionalmente: sele\u00e7\u00e3o manual. Garantia de qualidade do ConsorcioSerrano: jamon serrano com textura, aroma e sabor \u00fanicos\" \/>\n<meta name=\"robots\" content=\"index, follow, max-snippet:-1, max-image-preview:large, max-video-preview:-1\" \/>\n<link rel=\"canonical\" href=\"https:\/\/consorcioserrano.es\/pt-pt\/jamon-consorcio-serrano\/\" \/>\n<meta property=\"og:locale\" content=\"pt_PT\" \/>\n<meta property=\"og:type\" content=\"article\" \/>\n<meta property=\"og:title\" content=\"Presunto Serrano Consorcio, Jamon Serrano Espanhol Garantido\" \/>\n<meta property=\"og:description\" content=\"Presunto serrano curado tradicionalmente: sele\u00e7\u00e3o manual. Garantia de qualidade do ConsorcioSerrano: jamon serrano com textura, aroma e sabor \u00fanicos\" \/>\n<meta property=\"og:url\" content=\"https:\/\/consorcioserrano.es\/pt-pt\/jamon-consorcio-serrano\/\" \/>\n<meta property=\"og:site_name\" content=\"Consorcio del Jam\u00f3n Serrano Espa\u00f1ol\" \/>\n<meta property=\"article:modified_time\" content=\"2024-02-20T14:26:20+00:00\" \/>\n<meta property=\"og:image\" content=\"https:\/\/consorcioserrano.es\/wp-content\/uploads\/2023\/10\/sello_jamon_consorcio_2023.png\" \/>\n<meta name=\"twitter:card\" content=\"summary_large_image\" \/>\n<meta name=\"twitter:label1\" content=\"Tempo estimado de leitura\" \/>\n\t<meta name=\"twitter:data1\" content=\"3 minutos\" \/>\n<script type=\"application\/ld+json\" class=\"yoast-schema-graph\">{\"@context\":\"https:\/\/schema.org\",\"@graph\":[{\"@type\":\"WebPage\",\"@id\":\"https:\/\/consorcioserrano.es\/pt-pt\/jamon-consorcio-serrano\/\",\"url\":\"https:\/\/consorcioserrano.es\/pt-pt\/jamon-consorcio-serrano\/\",\"name\":\"Presunto Serrano Consorcio, Jamon Serrano Espanhol Garantido\",\"isPartOf\":{\"@id\":\"https:\/\/consorcioserrano.es\/#website\"},\"primaryImageOfPage\":{\"@id\":\"https:\/\/consorcioserrano.es\/pt-pt\/jamon-consorcio-serrano\/#primaryimage\"},\"image\":{\"@id\":\"https:\/\/consorcioserrano.es\/pt-pt\/jamon-consorcio-serrano\/#primaryimage\"},\"thumbnailUrl\":\"https:\/\/consorcioserrano.es\/wp-content\/uploads\/2023\/10\/sello_jamon_consorcio_2023.png\",\"datePublished\":\"2017-10-27T11:15:54+00:00\",\"dateModified\":\"2024-02-20T14:26:20+00:00\",\"description\":\"Presunto serrano curado tradicionalmente: sele\u00e7\u00e3o manual. Garantia de qualidade do ConsorcioSerrano: jamon serrano com textura, aroma e sabor \u00fanicos\",\"breadcrumb\":{\"@id\":\"https:\/\/consorcioserrano.es\/pt-pt\/jamon-consorcio-serrano\/#breadcrumb\"},\"inLanguage\":\"pt-PT\",\"potentialAction\":[{\"@type\":\"ReadAction\",\"target\":[\"https:\/\/consorcioserrano.es\/pt-pt\/jamon-consorcio-serrano\/\"]}]},{\"@type\":\"ImageObject\",\"inLanguage\":\"pt-PT\",\"@id\":\"https:\/\/consorcioserrano.es\/pt-pt\/jamon-consorcio-serrano\/#primaryimage\",\"url\":\"https:\/\/consorcioserrano.es\/wp-content\/uploads\/2023\/10\/sello_jamon_consorcio_2023.png\",\"contentUrl\":\"https:\/\/consorcioserrano.es\/wp-content\/uploads\/2023\/10\/sello_jamon_consorcio_2023.png\"},{\"@type\":\"BreadcrumbList\",\"@id\":\"https:\/\/consorcioserrano.es\/pt-pt\/jamon-consorcio-serrano\/#breadcrumb\",\"itemListElement\":[{\"@type\":\"ListItem\",\"position\":1,\"name\":\"Portada\",\"item\":\"https:\/\/consorcioserrano.es\/pt-pt\/inicio\/\"},{\"@type\":\"ListItem\",\"position\":2,\"name\":\"Jam\u00f3n Consorcio Serrano\"}]},{\"@type\":\"WebSite\",\"@id\":\"https:\/\/consorcioserrano.es\/#website\",\"url\":\"https:\/\/consorcioserrano.es\/\",\"name\":\"Consorcio del Jam\u00f3n Serrano Espa\u00f1ol\",\"description\":\"O Consorcio del Jam\u00f3n Serrano Espanhol garante o melhor presunto serrano tradicional: 100% presunto serrano espanhol selecionado \u00e0 m\u00e3o, pe\u00e7a por pe\u00e7a.\",\"potentialAction\":[{\"@type\":\"SearchAction\",\"target\":{\"@type\":\"EntryPoint\",\"urlTemplate\":\"https:\/\/consorcioserrano.es\/?s={search_term_string}\"},\"query-input\":{\"@type\":\"PropertyValueSpecification\",\"valueRequired\":true,\"valueName\":\"search_term_string\"}}],\"inLanguage\":\"pt-PT\"}]}<\/script>\n<!-- \/ Yoast SEO plugin. -->","yoast_head_json":{"title":"Presunto Serrano Consorcio, Jamon Serrano Espanhol Garantido","description":"Presunto serrano curado tradicionalmente: sele\u00e7\u00e3o manual. Garantia de qualidade do ConsorcioSerrano: jamon serrano com textura, aroma e sabor \u00fanicos","robots":{"index":"index","follow":"follow","max-snippet":"max-snippet:-1","max-image-preview":"max-image-preview:large","max-video-preview":"max-video-preview:-1"},"canonical":"https:\/\/consorcioserrano.es\/pt-pt\/jamon-consorcio-serrano\/","og_locale":"pt_PT","og_type":"article","og_title":"Presunto Serrano Consorcio, Jamon Serrano Espanhol Garantido","og_description":"Presunto serrano curado tradicionalmente: sele\u00e7\u00e3o manual. Garantia de qualidade do ConsorcioSerrano: jamon serrano com textura, aroma e sabor \u00fanicos","og_url":"https:\/\/consorcioserrano.es\/pt-pt\/jamon-consorcio-serrano\/","og_site_name":"Consorcio del Jam\u00f3n Serrano Espa\u00f1ol","article_modified_time":"2024-02-20T14:26:20+00:00","og_image":[{"url":"https:\/\/consorcioserrano.es\/wp-content\/uploads\/2023\/10\/sello_jamon_consorcio_2023.png","type":"","width":"","height":""}],"twitter_card":"summary_large_image","twitter_misc":{"Tempo estimado de leitura":"3 minutos"},"schema":{"@context":"https:\/\/schema.org","@graph":[{"@type":"WebPage","@id":"https:\/\/consorcioserrano.es\/pt-pt\/jamon-consorcio-serrano\/","url":"https:\/\/consorcioserrano.es\/pt-pt\/jamon-consorcio-serrano\/","name":"Presunto Serrano Consorcio, Jamon Serrano Espanhol Garantido","isPartOf":{"@id":"https:\/\/consorcioserrano.es\/#website"},"primaryImageOfPage":{"@id":"https:\/\/consorcioserrano.es\/pt-pt\/jamon-consorcio-serrano\/#primaryimage"},"image":{"@id":"https:\/\/consorcioserrano.es\/pt-pt\/jamon-consorcio-serrano\/#primaryimage"},"thumbnailUrl":"https:\/\/consorcioserrano.es\/wp-content\/uploads\/2023\/10\/sello_jamon_consorcio_2023.png","datePublished":"2017-10-27T11:15:54+00:00","dateModified":"2024-02-20T14:26:20+00:00","description":"Presunto serrano curado tradicionalmente: sele\u00e7\u00e3o manual. Garantia de qualidade do ConsorcioSerrano: jamon serrano com textura, aroma e sabor \u00fanicos","breadcrumb":{"@id":"https:\/\/consorcioserrano.es\/pt-pt\/jamon-consorcio-serrano\/#breadcrumb"},"inLanguage":"pt-PT","potentialAction":[{"@type":"ReadAction","target":["https:\/\/consorcioserrano.es\/pt-pt\/jamon-consorcio-serrano\/"]}]},{"@type":"ImageObject","inLanguage":"pt-PT","@id":"https:\/\/consorcioserrano.es\/pt-pt\/jamon-consorcio-serrano\/#primaryimage","url":"https:\/\/consorcioserrano.es\/wp-content\/uploads\/2023\/10\/sello_jamon_consorcio_2023.png","contentUrl":"https:\/\/consorcioserrano.es\/wp-content\/uploads\/2023\/10\/sello_jamon_consorcio_2023.png"},{"@type":"BreadcrumbList","@id":"https:\/\/consorcioserrano.es\/pt-pt\/jamon-consorcio-serrano\/#breadcrumb","itemListElement":[{"@type":"ListItem","position":1,"name":"Portada","item":"https:\/\/consorcioserrano.es\/pt-pt\/inicio\/"},{"@type":"ListItem","position":2,"name":"Jam\u00f3n Consorcio Serrano"}]},{"@type":"WebSite","@id":"https:\/\/consorcioserrano.es\/#website","url":"https:\/\/consorcioserrano.es\/","name":"Consorcio del Jam\u00f3n Serrano Espa\u00f1ol","description":"O Consorcio del Jam\u00f3n Serrano Espanhol garante o melhor presunto serrano tradicional: 100% presunto serrano espanhol selecionado \u00e0 m\u00e3o, pe\u00e7a por pe\u00e7a.","potentialAction":[{"@type":"SearchAction","target":{"@type":"EntryPoint","urlTemplate":"https:\/\/consorcioserrano.es\/?s={search_term_string}"},"query-input":{"@type":"PropertyValueSpecification","valueRequired":true,"valueName":"search_term_string"}}],"inLanguage":"pt-PT"}]}},"acf":[],"_links":{"self":[{"href":"https:\/\/consorcioserrano.es\/pt-pt\/wp-json\/wp\/v2\/pages\/11827","targetHints":{"allow":["GET"]}}],"collection":[{"href":"https:\/\/consorcioserrano.es\/pt-pt\/wp-json\/wp\/v2\/pages"}],"about":[{"href":"https:\/\/consorcioserrano.es\/pt-pt\/wp-json\/wp\/v2\/types\/page"}],"author":[{"embeddable":true,"href":"https:\/\/consorcioserrano.es\/pt-pt\/wp-json\/wp\/v2\/users\/1"}],"replies":[{"embeddable":true,"href":"https:\/\/consorcioserrano.es\/pt-pt\/wp-json\/wp\/v2\/comments?post=11827"}],"version-history":[{"count":3,"href":"https:\/\/consorcioserrano.es\/pt-pt\/wp-json\/wp\/v2\/pages\/11827\/revisions"}],"predecessor-version":[{"id":22808,"href":"https:\/\/consorcioserrano.es\/pt-pt\/wp-json\/wp\/v2\/pages\/11827\/revisions\/22808"}],"wp:attachment":[{"href":"https:\/\/consorcioserrano.es\/pt-pt\/wp-json\/wp\/v2\/media?parent=11827"}],"curies":[{"name":"wp","href":"https:\/\/api.w.org\/{rel}","templated":true}]}}