{"id":11870,"date":"2017-10-23T20:33:37","date_gmt":"2017-10-23T18:33:37","guid":{"rendered":"https:\/\/consorcioserrano.es\/como-cortar-tu-jamon-consorcio-serrano\/"},"modified":"2024-02-20T15:32:48","modified_gmt":"2024-02-20T14:32:48","slug":"como-cortar-o-seu-jamon-consorcio-serrano-serrano","status":"publish","type":"page","link":"https:\/\/consorcioserrano.es\/pt-pt\/como-cortar-o-seu-jamon-consorcio-serrano-serrano\/","title":{"rendered":"Como cortar o seu Jam\u00f3n Consorcio Serrano"},"content":{"rendered":"<div class=\"wpb-content-wrapper\"><p>[vc_row full_width=&#8221;stretch_row_content_no_spaces&#8221; css=&#8221;.vc_custom_1509374956510{background-color: #161616 !important;}&#8221;][vc_column][vc_column_text css=&#8221;.vc_custom_1605368594787{padding-left: 100px !important;background-color: #161616 !important;}&#8221; el_class=&#8221;no-margin-with-padding&#8221;]<\/p>\n<p class=\"image-h2\"><img loading=\"lazy\" decoding=\"async\" class=\"alignnone size-full wp-image-975\" src=\"http:\/\/consorcioserrano.es\/wp-content\/uploads\/2017\/10\/s-60-1.png\" alt=\"\" width=\"60\" height=\"60\" srcset=\"https:\/\/consorcioserrano.es\/wp-content\/uploads\/2017\/10\/s-60-1.png 60w, https:\/\/consorcioserrano.es\/wp-content\/uploads\/2017\/10\/s-60-1-50x50.png 50w\" sizes=\"auto, (max-width:767px) 60px, 60px\" \/><\/p>\n<h1><strong>Como cortar<\/strong> o seu Jam\u00f3n Consorcio Serrano<\/h1>\n<p>[\/vc_column_text][\/vc_column][\/vc_row][vc_row full_width=&#8221;stretch_row_content_no_spaces&#8221;][vc_column width=&#8221;1\/3&#8243;]\n    <a href=\"https:\/\/consorcioserrano.es\/pt-pt\/como-cortar-o-seu-jamon-consorcio-serrano-serrano\/corte-do-presunto-serrano-com-faca\/\" title=\"Corte do presunto Serrano com faca\"  class=\"vc_link_consorcio\" title=\" Corte com faca Segredos, t\u00e9cnicas e dicas para iniciar e cortar presunto serrano com uma faca. \">\n    <div class=\"roll_wrap\" id=\"\">\n\t\t\n        <div class=\"roll_wrap_img \" ><img decoding=\"async\" src=\"https:\/\/consorcioserrano.es\/wp-content\/uploads\/2017\/10\/corte-cuchillo-750x545.jpg\" class=\"img-responsive \" > <\/div>\n\t\t\n\n\t\t\n\t\t\n\t        <div class=\"roll_wrap_link_imagetext  box-s-consorcio-serrano\" style=\"color:#ff0000; font-size:;\"><h1><img loading=\"lazy\" decoding=\"async\" class=\"alignnone size-full wp-image-1101\" src=\"http:\/\/consorcioserrano.es\/wp-content\/uploads\/2017\/10\/comillas-abrir-1.png\" alt=\"\" width=\"59\" height=\"53\" srcset=\"https:\/\/consorcioserrano.es\/wp-content\/uploads\/2017\/10\/comillas-abrir-1.png 59w, https:\/\/consorcioserrano.es\/wp-content\/uploads\/2017\/10\/comillas-abrir-1-50x45.png 50w\" sizes=\"auto, (max-width:767px) 59px, 59px\" \/> Corte com faca<\/h1>\n<p>Segredos, t\u00e9cnicas e dicas para iniciar e cortar presunto serrano com uma faca.<\/p>\n<\/div>\n\t\t\n    <\/div>\n    <\/a>[\/vc_column][vc_column width=&#8221;1\/3&#8243;]\n    <a href=\"https:\/\/consorcioserrano.es\/pt-pt\/como-cortar-o-seu-jamon-consorcio-serrano-serrano\/corte-do-presunto-serrano-a-maquina\/\" title=\"Corte do presunto Serrano a m\u00e1quina\"  class=\"vc_link_consorcio\" title=\" Corte com m\u00e1quina Como cortar um peda\u00e7o de presunto serrano sem osso. \">\n    <div class=\"roll_wrap\" id=\"\">\n\t\t\n        <div class=\"roll_wrap_img \" ><img decoding=\"async\" src=\"https:\/\/consorcioserrano.es\/wp-content\/uploads\/2017\/10\/corte-maquina-750x545.jpg\" class=\"img-responsive \" > <\/div>\n\t\t\n\n\t\t\n\t\t\n\t        <div class=\"roll_wrap_link_imagetext  \" style=\"color:#ff0000; font-size:;\"><h1><img loading=\"lazy\" decoding=\"async\" class=\"alignnone size-full wp-image-1101\" src=\"http:\/\/consorcioserrano.es\/wp-content\/uploads\/2017\/10\/comillas-abrir-1.png\" alt=\"\" width=\"59\" height=\"53\" srcset=\"https:\/\/consorcioserrano.es\/wp-content\/uploads\/2017\/10\/comillas-abrir-1.png 59w, https:\/\/consorcioserrano.es\/wp-content\/uploads\/2017\/10\/comillas-abrir-1-50x45.png 50w\" sizes=\"auto, (max-width:767px) 59px, 59px\" \/> Corte com m\u00e1quina<\/h1>\n<p>Como cortar um peda\u00e7o de presunto serrano sem osso.<\/p>\n<\/div>\n\t\t\n    <\/div>\n    <\/a>[\/vc_column][vc_column width=&#8221;1\/3&#8243;]\n    <a href=\"https:\/\/consorcioserrano.es\/pt-pt\/como-cortar-o-seu-jamon-consorcio-serrano-serrano\/apos-o-corte-do-jamon-serrano\/\" title=\"Ap\u00f3s o corte do Jam\u00f3n Serrano\"  class=\"vc_link_consorcio\" title=\" Ap\u00f3s o corte O que deve saber sobre o presunto serrano ap\u00f3s o corte. \">\n    <div class=\"roll_wrap\" id=\"\">\n\t\t\n        <div class=\"roll_wrap_img \" ><img decoding=\"async\" src=\"https:\/\/consorcioserrano.es\/wp-content\/uploads\/2021\/05\/despues-corte-21.jpg\" class=\"img-responsive \" > <\/div>\n\t\t\n\n\t\t\n\t\t\n\t        <div class=\"roll_wrap_link_imagetext  \" style=\"color:#ff0000; font-size:;\"><h1><img loading=\"lazy\" decoding=\"async\" class=\"alignnone size-full wp-image-1101\" src=\"http:\/\/consorcioserrano.es\/wp-content\/uploads\/2017\/10\/comillas-abrir-1.png\" alt=\"\" width=\"59\" height=\"53\" srcset=\"https:\/\/consorcioserrano.es\/wp-content\/uploads\/2017\/10\/comillas-abrir-1.png 59w, https:\/\/consorcioserrano.es\/wp-content\/uploads\/2017\/10\/comillas-abrir-1-50x45.png 50w\" sizes=\"auto, (max-width:767px) 59px, 59px\" \/> Ap\u00f3s o corte<\/h1>\n<p>O que deve saber sobre o presunto serrano ap\u00f3s o corte.<\/p>\n<\/div>\n\t\t\n    <\/div>\n    <\/a>[\/vc_column][\/vc_row][vc_row full_width=&#8221;stretch_row_content_no_spaces&#8221;][vc_column]\n<div id=\"ersspace-1\"><\/div><style type=\"text\/css\">#ersspace-1 { height: 60px; }<\/style>[\/vc_column][\/vc_row]<\/p>\n<\/div>","protected":false},"excerpt":{"rendered":"<p>[vc_row full_width=&#8221;stretch_row_content_no_spaces&#8221; css=&#8221;.vc_custom_1509374956510{background-color: #161616 !important;}&#8221;][vc_column][vc_column_text css=&#8221;.vc_custom_1605368594787{padding-left: 100px !important;background-color: #161616 !important;}&#8221; el_class=&#8221;no-margin-with-padding&#8221;] Como cortar o seu Jam\u00f3n Consorcio Serrano [\/vc_column_text][\/vc_column][\/vc_row][vc_row full_width=&#8221;stretch_row_content_no_spaces&#8221;][vc_column width=&#8221;1\/3&#8243;][\/vc_column][vc_column width=&#8221;1\/3&#8243;][\/vc_column][vc_column width=&#8221;1\/3&#8243;][\/vc_column][\/vc_row][vc_row full_width=&#8221;stretch_row_content_no_spaces&#8221;][vc_column][\/vc_column][\/vc_row]<\/p>\n","protected":false},"author":1,"featured_media":0,"parent":0,"menu_order":0,"comment_status":"closed","ping_status":"closed","template":"","meta":{"_acf_changed":false,"footnotes":""},"class_list":["post-11870","page","type-page","status-publish","hentry","sections_group lang-pt-pt"],"yoast_head":"<!-- This site is optimized with the Yoast SEO plugin v27.2 - https:\/\/yoast.com\/product\/yoast-seo-wordpress\/ -->\n<title>Como cortar Presunto Serrano - Consorcio Jam\u00f3n Serrano Espanhol<\/title>\n<meta name=\"description\" content=\"As melhores t\u00e9cnicas para cortar seu jamon serrano espanhol, \u00e0 m\u00e1quina e \u00e0 faca. Para profissionais e consumidores regulares de presunto serrano.\" \/>\n<meta name=\"robots\" content=\"index, follow, max-snippet:-1, max-image-preview:large, max-video-preview:-1\" \/>\n<link rel=\"canonical\" href=\"https:\/\/consorcioserrano.es\/pt-pt\/como-cortar-o-seu-jamon-consorcio-serrano-serrano\/\" \/>\n<meta property=\"og:locale\" content=\"pt_PT\" \/>\n<meta property=\"og:type\" content=\"article\" \/>\n<meta property=\"og:title\" content=\"Como cortar Presunto Serrano - Consorcio Jam\u00f3n Serrano Espanhol\" \/>\n<meta property=\"og:description\" content=\"As melhores t\u00e9cnicas para cortar seu jamon serrano espanhol, \u00e0 m\u00e1quina e \u00e0 faca. Para profissionais e consumidores regulares de presunto serrano.\" \/>\n<meta property=\"og:url\" content=\"https:\/\/consorcioserrano.es\/pt-pt\/como-cortar-o-seu-jamon-consorcio-serrano-serrano\/\" \/>\n<meta property=\"og:site_name\" content=\"Consorcio del Jam\u00f3n Serrano Espa\u00f1ol\" \/>\n<meta property=\"article:modified_time\" content=\"2024-02-20T14:32:48+00:00\" \/>\n<meta property=\"og:image\" content=\"http:\/\/consorcioserrano.es\/wp-content\/uploads\/2017\/10\/s-60-1.png\" \/>\n<meta name=\"twitter:card\" content=\"summary_large_image\" \/>\n<meta name=\"twitter:label1\" content=\"Tempo estimado de leitura\" \/>\n\t<meta name=\"twitter:data1\" content=\"2 minutos\" \/>\n<script type=\"application\/ld+json\" class=\"yoast-schema-graph\">{\"@context\":\"https:\/\/schema.org\",\"@graph\":[{\"@type\":\"WebPage\",\"@id\":\"https:\/\/consorcioserrano.es\/pt-pt\/como-cortar-o-seu-jamon-consorcio-serrano-serrano\/\",\"url\":\"https:\/\/consorcioserrano.es\/pt-pt\/como-cortar-o-seu-jamon-consorcio-serrano-serrano\/\",\"name\":\"Como cortar Presunto Serrano - Consorcio Jam\u00f3n Serrano Espanhol\",\"isPartOf\":{\"@id\":\"https:\/\/consorcioserrano.es\/#website\"},\"primaryImageOfPage\":{\"@id\":\"https:\/\/consorcioserrano.es\/pt-pt\/como-cortar-o-seu-jamon-consorcio-serrano-serrano\/#primaryimage\"},\"image\":{\"@id\":\"https:\/\/consorcioserrano.es\/pt-pt\/como-cortar-o-seu-jamon-consorcio-serrano-serrano\/#primaryimage\"},\"thumbnailUrl\":\"http:\/\/consorcioserrano.es\/wp-content\/uploads\/2017\/10\/s-60-1.png\",\"datePublished\":\"2017-10-23T18:33:37+00:00\",\"dateModified\":\"2024-02-20T14:32:48+00:00\",\"description\":\"As melhores t\u00e9cnicas para cortar seu jamon serrano espanhol, \u00e0 m\u00e1quina e \u00e0 faca. Para profissionais e consumidores regulares de presunto serrano.\",\"breadcrumb\":{\"@id\":\"https:\/\/consorcioserrano.es\/pt-pt\/como-cortar-o-seu-jamon-consorcio-serrano-serrano\/#breadcrumb\"},\"inLanguage\":\"pt-PT\",\"potentialAction\":[{\"@type\":\"ReadAction\",\"target\":[\"https:\/\/consorcioserrano.es\/pt-pt\/como-cortar-o-seu-jamon-consorcio-serrano-serrano\/\"]}]},{\"@type\":\"ImageObject\",\"inLanguage\":\"pt-PT\",\"@id\":\"https:\/\/consorcioserrano.es\/pt-pt\/como-cortar-o-seu-jamon-consorcio-serrano-serrano\/#primaryimage\",\"url\":\"http:\/\/consorcioserrano.es\/wp-content\/uploads\/2017\/10\/s-60-1.png\",\"contentUrl\":\"http:\/\/consorcioserrano.es\/wp-content\/uploads\/2017\/10\/s-60-1.png\"},{\"@type\":\"BreadcrumbList\",\"@id\":\"https:\/\/consorcioserrano.es\/pt-pt\/como-cortar-o-seu-jamon-consorcio-serrano-serrano\/#breadcrumb\",\"itemListElement\":[{\"@type\":\"ListItem\",\"position\":1,\"name\":\"Portada\",\"item\":\"https:\/\/consorcioserrano.es\/pt-pt\/inicio\/\"},{\"@type\":\"ListItem\",\"position\":2,\"name\":\"Como cortar o seu Jam\u00f3n Consorcio Serrano\"}]},{\"@type\":\"WebSite\",\"@id\":\"https:\/\/consorcioserrano.es\/#website\",\"url\":\"https:\/\/consorcioserrano.es\/\",\"name\":\"Consorcio del Jam\u00f3n Serrano Espa\u00f1ol\",\"description\":\"O Consorcio del Jam\u00f3n Serrano Espanhol garante o melhor presunto serrano tradicional: 100% presunto serrano espanhol selecionado \u00e0 m\u00e3o, pe\u00e7a por pe\u00e7a.\",\"potentialAction\":[{\"@type\":\"SearchAction\",\"target\":{\"@type\":\"EntryPoint\",\"urlTemplate\":\"https:\/\/consorcioserrano.es\/?s={search_term_string}\"},\"query-input\":{\"@type\":\"PropertyValueSpecification\",\"valueRequired\":true,\"valueName\":\"search_term_string\"}}],\"inLanguage\":\"pt-PT\"}]}<\/script>\n<!-- \/ Yoast SEO plugin. -->","yoast_head_json":{"title":"Como cortar Presunto Serrano - Consorcio Jam\u00f3n Serrano Espanhol","description":"As melhores t\u00e9cnicas para cortar seu jamon serrano espanhol, \u00e0 m\u00e1quina e \u00e0 faca. Para profissionais e consumidores regulares de presunto serrano.","robots":{"index":"index","follow":"follow","max-snippet":"max-snippet:-1","max-image-preview":"max-image-preview:large","max-video-preview":"max-video-preview:-1"},"canonical":"https:\/\/consorcioserrano.es\/pt-pt\/como-cortar-o-seu-jamon-consorcio-serrano-serrano\/","og_locale":"pt_PT","og_type":"article","og_title":"Como cortar Presunto Serrano - Consorcio Jam\u00f3n Serrano Espanhol","og_description":"As melhores t\u00e9cnicas para cortar seu jamon serrano espanhol, \u00e0 m\u00e1quina e \u00e0 faca. Para profissionais e consumidores regulares de presunto serrano.","og_url":"https:\/\/consorcioserrano.es\/pt-pt\/como-cortar-o-seu-jamon-consorcio-serrano-serrano\/","og_site_name":"Consorcio del Jam\u00f3n Serrano Espa\u00f1ol","article_modified_time":"2024-02-20T14:32:48+00:00","og_image":[{"url":"http:\/\/consorcioserrano.es\/wp-content\/uploads\/2017\/10\/s-60-1.png","type":"","width":"","height":""}],"twitter_card":"summary_large_image","twitter_misc":{"Tempo estimado de leitura":"2 minutos"},"schema":{"@context":"https:\/\/schema.org","@graph":[{"@type":"WebPage","@id":"https:\/\/consorcioserrano.es\/pt-pt\/como-cortar-o-seu-jamon-consorcio-serrano-serrano\/","url":"https:\/\/consorcioserrano.es\/pt-pt\/como-cortar-o-seu-jamon-consorcio-serrano-serrano\/","name":"Como cortar Presunto Serrano - Consorcio Jam\u00f3n Serrano Espanhol","isPartOf":{"@id":"https:\/\/consorcioserrano.es\/#website"},"primaryImageOfPage":{"@id":"https:\/\/consorcioserrano.es\/pt-pt\/como-cortar-o-seu-jamon-consorcio-serrano-serrano\/#primaryimage"},"image":{"@id":"https:\/\/consorcioserrano.es\/pt-pt\/como-cortar-o-seu-jamon-consorcio-serrano-serrano\/#primaryimage"},"thumbnailUrl":"http:\/\/consorcioserrano.es\/wp-content\/uploads\/2017\/10\/s-60-1.png","datePublished":"2017-10-23T18:33:37+00:00","dateModified":"2024-02-20T14:32:48+00:00","description":"As melhores t\u00e9cnicas para cortar seu jamon serrano espanhol, \u00e0 m\u00e1quina e \u00e0 faca. Para profissionais e consumidores regulares de presunto serrano.","breadcrumb":{"@id":"https:\/\/consorcioserrano.es\/pt-pt\/como-cortar-o-seu-jamon-consorcio-serrano-serrano\/#breadcrumb"},"inLanguage":"pt-PT","potentialAction":[{"@type":"ReadAction","target":["https:\/\/consorcioserrano.es\/pt-pt\/como-cortar-o-seu-jamon-consorcio-serrano-serrano\/"]}]},{"@type":"ImageObject","inLanguage":"pt-PT","@id":"https:\/\/consorcioserrano.es\/pt-pt\/como-cortar-o-seu-jamon-consorcio-serrano-serrano\/#primaryimage","url":"http:\/\/consorcioserrano.es\/wp-content\/uploads\/2017\/10\/s-60-1.png","contentUrl":"http:\/\/consorcioserrano.es\/wp-content\/uploads\/2017\/10\/s-60-1.png"},{"@type":"BreadcrumbList","@id":"https:\/\/consorcioserrano.es\/pt-pt\/como-cortar-o-seu-jamon-consorcio-serrano-serrano\/#breadcrumb","itemListElement":[{"@type":"ListItem","position":1,"name":"Portada","item":"https:\/\/consorcioserrano.es\/pt-pt\/inicio\/"},{"@type":"ListItem","position":2,"name":"Como cortar o seu Jam\u00f3n Consorcio Serrano"}]},{"@type":"WebSite","@id":"https:\/\/consorcioserrano.es\/#website","url":"https:\/\/consorcioserrano.es\/","name":"Consorcio del Jam\u00f3n Serrano Espa\u00f1ol","description":"O Consorcio del Jam\u00f3n Serrano Espanhol garante o melhor presunto serrano tradicional: 100% presunto serrano espanhol selecionado \u00e0 m\u00e3o, pe\u00e7a por pe\u00e7a.","potentialAction":[{"@type":"SearchAction","target":{"@type":"EntryPoint","urlTemplate":"https:\/\/consorcioserrano.es\/?s={search_term_string}"},"query-input":{"@type":"PropertyValueSpecification","valueRequired":true,"valueName":"search_term_string"}}],"inLanguage":"pt-PT"}]}},"acf":[],"_links":{"self":[{"href":"https:\/\/consorcioserrano.es\/pt-pt\/wp-json\/wp\/v2\/pages\/11870","targetHints":{"allow":["GET"]}}],"collection":[{"href":"https:\/\/consorcioserrano.es\/pt-pt\/wp-json\/wp\/v2\/pages"}],"about":[{"href":"https:\/\/consorcioserrano.es\/pt-pt\/wp-json\/wp\/v2\/types\/page"}],"author":[{"embeddable":true,"href":"https:\/\/consorcioserrano.es\/pt-pt\/wp-json\/wp\/v2\/users\/1"}],"replies":[{"embeddable":true,"href":"https:\/\/consorcioserrano.es\/pt-pt\/wp-json\/wp\/v2\/comments?post=11870"}],"version-history":[{"count":3,"href":"https:\/\/consorcioserrano.es\/pt-pt\/wp-json\/wp\/v2\/pages\/11870\/revisions"}],"predecessor-version":[{"id":22924,"href":"https:\/\/consorcioserrano.es\/pt-pt\/wp-json\/wp\/v2\/pages\/11870\/revisions\/22924"}],"wp:attachment":[{"href":"https:\/\/consorcioserrano.es\/pt-pt\/wp-json\/wp\/v2\/media?parent=11870"}],"curies":[{"name":"wp","href":"https:\/\/api.w.org\/{rel}","templated":true}]}}