{"id":11909,"date":"2017-10-30T12:58:13","date_gmt":"2017-10-30T10:58:13","guid":{"rendered":"https:\/\/consorcioserrano.es\/que-nos-identifica\/"},"modified":"2024-02-20T15:40:06","modified_gmt":"2024-02-20T14:40:06","slug":"o-que-nos-identifica","status":"publish","type":"page","link":"https:\/\/consorcioserrano.es\/pt-pt\/sobre-o-consorcio\/o-que-nos-identifica\/","title":{"rendered":"O que nos identifica"},"content":{"rendered":"<div class=\"wpb-content-wrapper\"><p>[vc_row full_width=&#8221;stretch_row&#8221; css=&#8221;.vc_custom_1510761305342{background-color: #161616 !important;}&#8221; el_class=&#8221;no-padding-top six-columns consorcio-submenu&#8221; el_id=&#8221;consorcio-submenu&#8221;][vc_column width=&#8221;1\/6&#8243; offset=&#8221;vc_hidden-md vc_hidden-sm vc_hidden-xs&#8221;][\/vc_column][vc_column offset=&#8221;vc_col-lg-2 vc_col-md-3&#8243; el_class=&#8221;no-lateral-padding&#8221;]\n    <a href=\"https:\/\/consorcioserrano.es\/pt-pt\/sobre-o-consorcio\/historia\/\" title=\"Hist\u00f3ria\"  class=\"vc_link_consorcio\" title=\" Hist\u00f3ria \">\n    <div class=\"roll_wrap\" id=\"\">\n\t\t\n        <div class=\"roll_wrap_img opacity-submenu-hover\" ><img decoding=\"async\" src=\"https:\/\/consorcioserrano.es\/wp-content\/uploads\/2017\/10\/historia-consorcio-jamon-serrano-superior-menu-620x450.jpg\" class=\"img-responsive \" > <\/div>\n\t\t\n\n\t\t\n\t\t\n\t        <div class=\"roll_wrap_link_imagetextmenu  \" style=\"color:#ff0000; font-size:;\"><p class=\"six-columns-img\"><img loading=\"lazy\" decoding=\"async\" class=\"size-full wp-image-2600 alignleft\" src=\"http:\/\/consorcioserrano.es\/wp-content\/uploads\/2017\/10\/s-60.png\" alt=\"\" width=\"60\" height=\"60\" \/><\/p>\n<h3><strong>Hist\u00f3ria<\/strong><\/h3>\n<\/div>\n\t\t\n    <\/div>\n    <\/a>[\/vc_column][vc_column offset=&#8221;vc_col-lg-2 vc_col-md-3&#8243; el_class=&#8221;no-lateral-padding&#8221;]\n    <a href=\"https:\/\/consorcioserrano.es\/pt-pt\/sobre-o-consorcio\/o-que-nos-identifica\/\" title=\"O que nos identifica\"  class=\"vc_link_consorcio\" title=\" O que nos identifica \">\n    <div class=\"roll_wrap\" id=\"\">\n\t\t\n        <div class=\"roll_wrap_img \" ><img decoding=\"async\" src=\"https:\/\/consorcioserrano.es\/wp-content\/uploads\/2017\/10\/identifica-consorcio-jamon-serrano-superior-menu-620x450.jpg\" class=\"img-responsive \" > <\/div>\n\t\t\n\n\t\t\n\t\t\n\t        <div class=\"roll_wrap_link_imagetextmenu  \" style=\"color:#ff0000; font-size:;\"><p class=\"six-columns-img\"><img loading=\"lazy\" decoding=\"async\" class=\"size-full wp-image-2600 alignleft\" src=\"http:\/\/consorcioserrano.es\/wp-content\/uploads\/2017\/10\/s-60.png\" alt=\"\" width=\"60\" height=\"60\" \/><\/p>\n<h3><strong>O que nos identifica<\/strong><\/h3>\n<\/div>\n\t\t\n    <\/div>\n    <\/a>[\/vc_column][vc_column offset=&#8221;vc_col-lg-2 vc_col-md-3&#8243; el_class=&#8221;no-lateral-padding&#8221;]\n    <a href=\"https:\/\/consorcioserrano.es\/pt-pt\/sobre-o-consorcio\/selo-de-qualidade\/\" title=\"Selo de qualidade\"  class=\"vc_link_consorcio\" title=\" Selo de Qualidade \">\n    <div class=\"roll_wrap\" id=\"\">\n\t\t\n        <div class=\"roll_wrap_img opacity-submenu-hover\" ><img decoding=\"async\" src=\"https:\/\/consorcioserrano.es\/wp-content\/uploads\/2017\/10\/sello-calidad-consorcio-jamon-serrano-superior-menu-620x450.jpg\" class=\"img-responsive \" > <\/div>\n\t\t\n\n\t\t\n\t\t\n\t        <div class=\"roll_wrap_link_imagetextmenu  \" style=\"color:#ff0000; font-size:;\"><p class=\"six-columns-img\"><img loading=\"lazy\" decoding=\"async\" class=\"size-full wp-image-2600 alignleft\" src=\"http:\/\/consorcioserrano.es\/wp-content\/uploads\/2017\/10\/s-60.png\" alt=\"\" width=\"60\" height=\"60\" \/><\/p>\n<h3><strong>Selo de Qualidade<\/strong><\/h3>\n<\/div>\n\t\t\n    <\/div>\n    <\/a>[\/vc_column][vc_column offset=&#8221;vc_col-lg-2 vc_col-md-3&#8243; el_class=&#8221;no-lateral-padding&#8221;]\n    <a href=\"https:\/\/consorcioserrano.es\/pt-pt\/sobre-o-consorcio\/presenca-internacional\/\" title=\"Presen\u00e7a internacional\"  class=\"vc_link_consorcio\" title=\" Presen\u00e7a internacional \">\n    <div class=\"roll_wrap\" id=\"\">\n\t\t\n        <div class=\"roll_wrap_img opacity-submenu-hover\" ><img decoding=\"async\" src=\"https:\/\/consorcioserrano.es\/wp-content\/uploads\/2017\/10\/presencia-internacional-consorcio-jamon-serrano-superior-menu-620x450.jpg\" class=\"img-responsive \" > <\/div>\n\t\t\n\n\t\t\n\t\t\n\t        <div class=\"roll_wrap_link_imagetextmenu  \" style=\"color:#ff0000; font-size:;\"><p class=\"six-columns-img\"><img loading=\"lazy\" decoding=\"async\" class=\"size-full wp-image-2600 alignleft\" src=\"http:\/\/consorcioserrano.es\/wp-content\/uploads\/2017\/10\/s-60.png\" alt=\"\" width=\"60\" height=\"60\" \/><\/p>\n<h3><strong>Presen\u00e7a internacional<\/strong><\/h3>\n<\/div>\n\t\t\n    <\/div>\n    <\/a>[\/vc_column][vc_column width=&#8221;1\/6&#8243; offset=&#8221;vc_hidden-md vc_hidden-sm&#8221;][\/vc_column][\/vc_row][vc_row full_width=&#8221;stretch_row_content_no_spaces&#8221; css=&#8221;.vc_custom_1509643100155{background-image: url(http:\/\/consorcioserrano.es\/wp-content\/uploads\/2017\/10\/identifica-consorcio-jamon-serrano1900x331.jpg?id=1699) !important;background-position: center !important;background-repeat: no-repeat !important;background-size: cover !important;}&#8221;][vc_column]\n<div id=\"ersspace-1\"><\/div><style type=\"text\/css\">#ersspace-1 { height: 320px; }\n@media handheld, only screen and (max-width: 1199px) {\n\t#ersspace-1 { height: 300px; }\n}\n@media handheld, only screen and (max-width: 1023px) {\n\t#ersspace-1 { height: 300px; }\n}\n@media handheld, only screen and (max-width: 767px) {\n\t#ersspace-1 { height: 260px; }\n}<\/style>[\/vc_column][\/vc_row][vc_row el_class=&#8221;column-special-one&#8221;][vc_column width=&#8221;2\/3&#8243; el_class=&#8221;panel-special-content&#8221;][vc_row_inner][vc_column_inner][vc_column_text el_class=&#8221;vc_quote_consorcio&#8221;]<\/p>\n<div class=\"vc_quote_consorcio_icon\"><img loading=\"lazy\" decoding=\"async\" class=\"alignnone size-full wp-image-1101\" src=\"http:\/\/consorcioserrano.es\/wp-content\/uploads\/2017\/10\/comillas-abrir-1.png\" alt=\"\" width=\"59\" height=\"53\" srcset=\"https:\/\/consorcioserrano.es\/wp-content\/uploads\/2017\/10\/comillas-abrir-1.png 59w, https:\/\/consorcioserrano.es\/wp-content\/uploads\/2017\/10\/comillas-abrir-1-50x45.png 50w\" sizes=\"auto, (max-width:767px) 59px, 59px\" \/><\/div>\n<div class=\"vc_quote_consorcio_content\">\n<h1><strong>O que <\/strong> nos identifica <img loading=\"lazy\" decoding=\"async\" class=\"alignnone size-full wp-image-1100\" src=\"http:\/\/consorcioserrano.es\/wp-content\/uploads\/2017\/10\/comillas-cerrar-1.png\" alt=\"\" width=\"59\" height=\"53\" srcset=\"https:\/\/consorcioserrano.es\/wp-content\/uploads\/2017\/10\/comillas-cerrar-1.png 59w, https:\/\/consorcioserrano.es\/wp-content\/uploads\/2017\/10\/comillas-cerrar-1-50x45.png 50w\" sizes=\"auto, (max-width:767px) 59px, 59px\" \/><\/h1>\n<\/div>\n<p>[\/vc_column_text][\/vc_column_inner][\/vc_row_inner][vc_row_inner][vc_column_inner width=&#8221;1\/2&#8243;][vc_column_text]<\/p>\n<h3><strong><span style=\"color: #e82f37;\">O Compromisso<\/span><\/strong><\/h3>\n<p>O objectivo do Consorcio del Jam\u00f3n Serrano Espa\u00f1ol \u00e9, desde a sua funda\u00e7\u00e3o, <strong>oferecer ao consumidor o aut\u00eantico espanhol Jam\u00f3n Serrano.<\/strong><\/p>\n<p>O nosso compromisso com a qualidade e a satisfa\u00e7\u00e3o do consumidor materializa-se num rigoroso padr\u00e3o de produto, numa auditoria cont\u00ednua, num exaustivo controlo de qualidade e numa sele\u00e7\u00e3o pe\u00e7a a pe\u00e7a, o que nos permite garantir <strong>a alta qualidade e exclusividade do espanhol Jam\u00f3n Serrano<\/strong> identificado com o nosso selo de qualidade Consorcio Serrano.[\/vc_column_text][\/vc_column_inner][vc_column_inner width=&#8221;1\/2&#8243;][vc_column_text]<\/p>\n<p>O nosso selo de qualidade Consorcio Serrano garante um Presunto Serrano tradicional e \u00fanico, sempre produzido em Espanha, com <strong>mat\u00e9ria-prima 100% espanhola<\/strong> e com um sabor e textura que o diferencia do resto dos presuntos curados que se podem encontrar no mercado.[\/vc_column_text][\/vc_column_inner][\/vc_row_inner][vc_row_inner][vc_column_inner][vc_single_image image=&#8221;2814&#8243; img_size=&#8221;full&#8221;][\/vc_column_inner][\/vc_row_inner][vc_row_inner][vc_column_inner width=&#8221;1\/2&#8243;][vc_column_text]<\/p>\n<h3><strong><span style=\"color: #e82f37;\">Estrat\u00e9gia de qualidade diferenciada<\/span><\/strong><\/h3>\n<p><strong>O Departamento de Qualidade do Consorcio del Jam\u00f3n Serrano Espa\u00f1ol<\/strong>, atrav\u00e9s do controlo e sele\u00e7\u00e3o pe\u00e7a por pe\u00e7a, procura garantir ao consumidor um produto n\u00e3o s\u00f3 de alta qualidade, mas tamb\u00e9m homog\u00e9neo, ou seja, que<strong>a textura, aroma e sabor \u00fanicos<\/strong> que identificam o aut\u00eantico Presunto Serrano Espa\u00f1ol sejam regulares ao longo do tempo e nos diferentes mercados.<\/p>\n<p>\u00c9 realizado um controlo constante e sistem\u00e1tico de 3 elementos fundamentais na elabora\u00e7\u00e3o do Presunto Serrano: <strong>instala\u00e7\u00f5es de produ\u00e7\u00e3o, processo de produ\u00e7\u00e3o e produto final.<\/strong><\/p>\n<p>Assim, atrav\u00e9s de inspec\u00e7\u00f5es e auditorias cont\u00ednuas, cada unidade de produ\u00e7\u00e3o \u00e9 rigorosamente avaliada para verificar se est\u00e1 em conformidade com os padr\u00f5es ideais de higiene, controlando tamb\u00e9m a mat\u00e9ria-prima, o processo de produ\u00e7\u00e3o e, o mais importante, o produto acabado.[\/vc_column_text][\/vc_column_inner][vc_column_inner width=&#8221;1\/2&#8243;][vc_column_text]<\/p>\n<p>Em resumo, o Selo de Qualidade Consorcio Serrano, que identifica os presuntos Consorcio Serrano, est\u00e1 reservado apenas para os presuntos serranos espanh\u00f3is que cumprirem as seguintes diretrizes de qualidade:<\/p>\n<ul>\n<li>Cumprimento da Norma de Qualidade do Consorcio del Jam\u00f3n Serrano Espa\u00f1ol.<\/li>\n<li>Processo de produ\u00e7\u00e3o realizado exclusivamente na Espanha.<\/li>\n<li>Certifica\u00e7\u00e3o Europeia E.T.G. que protege a denomina\u00e7\u00e3o &#8220;Jam\u00f3n Serrano&#8221;.<\/li>\n<li>M\u00e9dia de cura de 12 meses (tempo m\u00ednimo de cura: 10,5 meses = 45 semanas).<\/li>\n<li>Controlo das instala\u00e7\u00f5es por meio de inspe\u00e7\u00f5es e auditorias peri\u00f3dicas em cada unidade de produ\u00e7\u00e3o, do processo e do produto.<\/li>\n<li>Garantia de qualidade em cada uma das pe\u00e7as, atrav\u00e9s de um n\u00famero de controlo.<\/li>\n<\/ul>\n<p>[\/vc_column_text][\/vc_column_inner][\/vc_row_inner][vc_column_text el_class=&#8221;vc_quote_consorcio vc_quote_consorcio_other&#8221;]<\/p>\n<div class=\"vc_quote_consorcio_icon\"><img loading=\"lazy\" decoding=\"async\" class=\"alignnone size-full wp-image-1101\" src=\"http:\/\/consorcioserrano.es\/wp-content\/uploads\/2017\/10\/comillas-abrir-1.png\" alt=\"\" width=\"59\" height=\"53\" srcset=\"https:\/\/consorcioserrano.es\/wp-content\/uploads\/2017\/10\/comillas-abrir-1.png 59w, https:\/\/consorcioserrano.es\/wp-content\/uploads\/2017\/10\/comillas-abrir-1-50x45.png 50w\" sizes=\"auto, (max-width:767px) 59px, 59px\" \/><\/div>\n<div class=\"vc_quote_consorcio_content\">\n<h2>O nosso selo de qualidade Consorcio Serrano, <strong>garante um presunto serrano tradiciona<\/strong>, e \u00fanico, sempre produzido em Espanha, com <strong>mat\u00e9ria-prima 100% espanhola.<\/strong><\/h2>\n<\/div>\n<p>[\/vc_column_text][vc_row_inner][vc_column_inner][vc_column_text]<\/p>\n<h3><span style=\"color: #e82f37;\">Identidade<\/span><\/h3>\n<p>[\/vc_column_text][\/vc_column_inner][\/vc_row_inner][vc_row_inner][vc_column_inner width=&#8221;1\/2&#8243;][vc_column_text]A identidade do &#8220;Jam\u00f3n Consorcio Serrano&#8221; \u00e9 baseada em:<\/p>\n<ul>\n<li><strong>Tradi\u00e7\u00e3o e autenticidade<\/strong>. O Presunto Serrano \u00e9 uma parte essencial da gastronomia e da cultura espanhola.<\/li>\n<li><strong>Know-how<\/strong>. O resultado da experi\u00eancia acumulada ao longo dos s\u00e9culos pelos melhores mestres do presunto.<\/li>\n<li><strong>Produto 100% espanhol<\/strong>. Produto sempre fabricado em Espanha e com a garantia de uma mat\u00e9ria-prima 100% espanhola.<\/li>\n<li><strong>Sele\u00e7\u00e3o<\/strong>. Selecionamos os presuntos um a um. Apenas os melhores Presuntos Serranos podem ser comercializados como um Consorcio Serrano.<\/li>\n<\/ul>\n<p>[\/vc_column_text][\/vc_column_inner][vc_column_inner width=&#8221;1\/2&#8243;][vc_column_text]<\/p>\n<ul>\n<li><strong>Controlo da Qualidade<\/strong>. Uma auditoria anual a todas as f\u00e1bricas associadas, juntamente com uma inspe\u00e7\u00e3o cont\u00ednua ao longo do processo de cura, garante a qualidade dos Presuntos Consorcio Serrano.<\/li>\n<li><strong>Experi\u00eancia<\/strong>. Com mais de 20 anos a promover a exporta\u00e7\u00e3o de Jamones Consorcio Serrano de alta qualidade em mais de 80 pa\u00edses e colocando importadores, grossistas e distribuidores de alimentos em contacto com as marcas associadas do Consorcio.<\/li>\n<li><strong>Apoio<\/strong>. O Consorcio del Jam\u00f3n Serrano Espa\u00f1ol inclui as melhores empresas de presunto da Espanha, todas elas devidamente certificadas.<\/li>\n<li><strong>Autonomia<\/strong>. O Consorcio del Jam\u00f3n Serrano Espa\u00f1ol \u00e9 um organismo de controlo totalmente aut\u00f3nomo, que garante a independ\u00eancia das suas a\u00e7\u00f5es de controlo e tomada de decis\u00f5es.<\/li>\n<\/ul>\n<p>[\/vc_column_text][\/vc_column_inner][\/vc_row_inner][\/vc_column][vc_column width=&#8221;1\/3&#8243;]\n<div id=\"ersspace-2\"><\/div><style type=\"text\/css\">#ersspace-2 { height: 260px; }\n@media handheld, only screen and (max-width: 767px) {\n\t#ersspace-2 { height: 0px; }\n}<\/style>[vc_row_inner el_class=&#8221;panel-special-aside&#8221;][vc_column_inner][vc_video link=&#8221;https:\/\/www.youtube.com\/watch?v=4PtAH9qKysA&#8221; align=&#8221;center&#8221;][vc_column_text]<\/p>\n<h3><strong><span style=\"color: #e82f37;\">Sempre a reconhecer o Jam\u00f3n Consorcio Serrano por:<\/span><\/strong><\/h3>\n<ul class=\"numbered-ul\">\n<li><span style=\"color: #e82f37;\"><strong>1.<\/strong><\/span> Pelo Selo de Qualidade<\/li>\n<li><span style=\"color: #e82f37;\"><strong>2.<\/strong><\/span> Pelo logotipo do Consorcio del Jam\u00f3n Serrano Espa\u00f1ol.<\/li>\n<li><span style=\"color: #e82f37;\"><strong>3.<\/strong><\/span> Pela rotulagem de controlo numerada.<\/li>\n<\/ul>\n<p>Apenas uma produ\u00e7\u00e3o limitada de presuntos serranos espanh\u00f3is \u00e9 premiada com o Selo de Qualidade Consorcio Serrano.<\/p>\n<p>[\/vc_column_text][vc_column_text]<\/p>\n<table class=\"table-consorcio-2-columns-right\">\n<thead>\n<tr class=\"border-bottom-header\">\n<td class=\"table-column-1 headed\" colspan=\"2\"><strong>Atividade do Consorcio del Jam\u00f3n Serrano na cadeia de valor<\/strong><\/td>\n<\/tr>\n<\/thead>\n<tbody>\n<tr class=\"border-botom\">\n<td class=\"table-column-1\">Mat\u00e9ria-Prima<\/td>\n<td class=\"table-column-2\">Controlo<\/td>\n<\/tr>\n<tr class=\"border-botom\">\n<td class=\"table-column-1\">Produ\u00e7\u00e3o<\/td>\n<td class=\"table-column-2\">Inspe\u00e7\u00f5es<br \/>\nAuditorias<br \/>\nSele\u00e7\u00e3o<\/td>\n<\/tr>\n<tr class=\"border-botom\">\n<td class=\"table-column-1\">Venda<\/td>\n<td class=\"table-column-2\"><\/td>\n<\/tr>\n<tr class=\"border-botom\">\n<td class=\"table-column-1\">Log\u00edstica<\/td>\n<td class=\"table-column-2\"><\/td>\n<\/tr>\n<tr class=\"border-botom\">\n<td class=\"table-column-1\">Canais de Distribui\u00e7\u00e3o<\/td>\n<td class=\"table-column-2\">Semin\u00e1rios<br \/>\nCursos<br \/>\nFeiras<br \/>\nMeios<br \/>\nPublica\u00e7\u00f5es<\/td>\n<\/tr>\n<tr class=\"border-botom\">\n<td class=\"table-column-1\">Consumidor<\/td>\n<td class=\"table-column-2\">Degusta\u00e7\u00f5es<br \/>\nPromo\u00e7\u00e3o<br \/>\nPublica\u00e7\u00f5es (Receitas&#8230;)<br \/>\nMeios de comunica\u00e7\u00e3o social<br \/>\n&#8230;<\/td>\n<\/tr>\n<tr class=\"\">\n<td class=\"table-column-1\">Rela\u00e7\u00f5es P\u00fablicas<\/td>\n<td class=\"table-column-2\">Rela\u00e7\u00f5es P\u00fablicas com Ag\u00eancias, Minist\u00e9rios e Institui\u00e7\u00f5es<br \/>\nICEX<br \/>\nMeios de comunica\u00e7\u00e3o social<br \/>\n&#8230;<\/td>\n<\/tr>\n<\/tbody>\n<\/table>\n<p>[\/vc_column_text][\/vc_column_inner][\/vc_row_inner][\/vc_column][\/vc_row][vc_row][vc_column]\n<div id=\"ersspace-3\"><\/div><style type=\"text\/css\">#ersspace-3 { height: 80px; }<\/style>[\/vc_column][\/vc_row]<\/p>\n<\/div>","protected":false},"excerpt":{"rendered":"<p>[vc_row full_width=&#8221;stretch_row&#8221; css=&#8221;.vc_custom_1510761305342{background-color: #161616 !important;}&#8221; el_class=&#8221;no-padding-top six-columns consorcio-submenu&#8221; el_id=&#8221;consorcio-submenu&#8221;][vc_column width=&#8221;1\/6&#8243; offset=&#8221;vc_hidden-md vc_hidden-sm vc_hidden-xs&#8221;][\/vc_column][vc_column offset=&#8221;vc_col-lg-2 vc_col-md-3&#8243; el_class=&#8221;no-lateral-padding&#8221;][\/vc_column][vc_column offset=&#8221;vc_col-lg-2 vc_col-md-3&#8243; el_class=&#8221;no-lateral-padding&#8221;][\/vc_column][vc_column offset=&#8221;vc_col-lg-2 vc_col-md-3&#8243; el_class=&#8221;no-lateral-padding&#8221;][\/vc_column][vc_column offset=&#8221;vc_col-lg-2 vc_col-md-3&#8243; el_class=&#8221;no-lateral-padding&#8221;][\/vc_column][vc_column width=&#8221;1\/6&#8243;<span class=\"excerpt-hellip\"> [\u2026]<\/span><\/p>\n","protected":false},"author":1,"featured_media":0,"parent":11911,"menu_order":0,"comment_status":"closed","ping_status":"closed","template":"","meta":{"_acf_changed":false,"footnotes":""},"class_list":["post-11909","page","type-page","status-publish","hentry","sections_group lang-pt-pt"],"yoast_head":"<!-- This site is optimized with the Yoast SEO plugin v27.2 - https:\/\/yoast.com\/product\/yoast-seo-wordpress\/ -->\n<title>O que nos identifica - Consorcio Jam\u00f3n Serrano Espanhol<\/title>\n<meta name=\"description\" content=\"O melhor presunto serrano espanhol - O Cons\u00f3rcio garante o jamon serrano espanhol mais apreciado e a sua sele\u00e7\u00e3o manual, pe\u00e7a por pe\u00e7a\" \/>\n<meta name=\"robots\" content=\"index, follow, max-snippet:-1, max-image-preview:large, max-video-preview:-1\" \/>\n<link rel=\"canonical\" href=\"https:\/\/consorcioserrano.es\/pt-pt\/sobre-o-consorcio\/o-que-nos-identifica\/\" \/>\n<meta property=\"og:locale\" content=\"pt_PT\" \/>\n<meta property=\"og:type\" content=\"article\" \/>\n<meta property=\"og:title\" content=\"O que nos identifica - Consorcio Jam\u00f3n Serrano Espanhol\" \/>\n<meta property=\"og:description\" content=\"O melhor presunto serrano espanhol - O Cons\u00f3rcio garante o jamon serrano espanhol mais apreciado e a sua sele\u00e7\u00e3o manual, pe\u00e7a por pe\u00e7a\" \/>\n<meta property=\"og:url\" content=\"https:\/\/consorcioserrano.es\/pt-pt\/sobre-o-consorcio\/o-que-nos-identifica\/\" \/>\n<meta property=\"og:site_name\" content=\"Consorcio del Jam\u00f3n Serrano Espa\u00f1ol\" \/>\n<meta property=\"article:modified_time\" content=\"2024-02-20T14:40:06+00:00\" \/>\n<meta property=\"og:image\" content=\"http:\/\/consorcioserrano.es\/wp-content\/uploads\/2017\/10\/s-60.png\" \/>\n<meta name=\"twitter:card\" content=\"summary_large_image\" \/>\n<meta name=\"twitter:label1\" content=\"Tempo estimado de leitura\" \/>\n\t<meta name=\"twitter:data1\" content=\"5 minutos\" \/>\n<script type=\"application\/ld+json\" class=\"yoast-schema-graph\">{\"@context\":\"https:\/\/schema.org\",\"@graph\":[{\"@type\":\"WebPage\",\"@id\":\"https:\/\/consorcioserrano.es\/pt-pt\/sobre-o-consorcio\/o-que-nos-identifica\/\",\"url\":\"https:\/\/consorcioserrano.es\/pt-pt\/sobre-o-consorcio\/o-que-nos-identifica\/\",\"name\":\"O que nos identifica - Consorcio Jam\u00f3n Serrano Espanhol\",\"isPartOf\":{\"@id\":\"https:\/\/consorcioserrano.es\/#website\"},\"primaryImageOfPage\":{\"@id\":\"https:\/\/consorcioserrano.es\/pt-pt\/sobre-o-consorcio\/o-que-nos-identifica\/#primaryimage\"},\"image\":{\"@id\":\"https:\/\/consorcioserrano.es\/pt-pt\/sobre-o-consorcio\/o-que-nos-identifica\/#primaryimage\"},\"thumbnailUrl\":\"http:\/\/consorcioserrano.es\/wp-content\/uploads\/2017\/10\/s-60.png\",\"datePublished\":\"2017-10-30T10:58:13+00:00\",\"dateModified\":\"2024-02-20T14:40:06+00:00\",\"description\":\"O melhor presunto serrano espanhol - O Cons\u00f3rcio garante o jamon serrano espanhol mais apreciado e a sua sele\u00e7\u00e3o manual, pe\u00e7a por pe\u00e7a\",\"breadcrumb\":{\"@id\":\"https:\/\/consorcioserrano.es\/pt-pt\/sobre-o-consorcio\/o-que-nos-identifica\/#breadcrumb\"},\"inLanguage\":\"pt-PT\",\"potentialAction\":[{\"@type\":\"ReadAction\",\"target\":[\"https:\/\/consorcioserrano.es\/pt-pt\/sobre-o-consorcio\/o-que-nos-identifica\/\"]}]},{\"@type\":\"ImageObject\",\"inLanguage\":\"pt-PT\",\"@id\":\"https:\/\/consorcioserrano.es\/pt-pt\/sobre-o-consorcio\/o-que-nos-identifica\/#primaryimage\",\"url\":\"http:\/\/consorcioserrano.es\/wp-content\/uploads\/2017\/10\/s-60.png\",\"contentUrl\":\"http:\/\/consorcioserrano.es\/wp-content\/uploads\/2017\/10\/s-60.png\"},{\"@type\":\"BreadcrumbList\",\"@id\":\"https:\/\/consorcioserrano.es\/pt-pt\/sobre-o-consorcio\/o-que-nos-identifica\/#breadcrumb\",\"itemListElement\":[{\"@type\":\"ListItem\",\"position\":1,\"name\":\"Portada\",\"item\":\"https:\/\/consorcioserrano.es\/pt-pt\/inicio\/\"},{\"@type\":\"ListItem\",\"position\":2,\"name\":\"Sobre O Consorcio\",\"item\":\"https:\/\/consorcioserrano.es\/pt-pt\/sobre-o-consorcio\/\"},{\"@type\":\"ListItem\",\"position\":3,\"name\":\"O que nos identifica\"}]},{\"@type\":\"WebSite\",\"@id\":\"https:\/\/consorcioserrano.es\/#website\",\"url\":\"https:\/\/consorcioserrano.es\/\",\"name\":\"Consorcio del Jam\u00f3n Serrano Espa\u00f1ol\",\"description\":\"O Consorcio del Jam\u00f3n Serrano Espanhol garante o melhor presunto serrano tradicional: 100% presunto serrano espanhol selecionado \u00e0 m\u00e3o, pe\u00e7a por pe\u00e7a.\",\"potentialAction\":[{\"@type\":\"SearchAction\",\"target\":{\"@type\":\"EntryPoint\",\"urlTemplate\":\"https:\/\/consorcioserrano.es\/?s={search_term_string}\"},\"query-input\":{\"@type\":\"PropertyValueSpecification\",\"valueRequired\":true,\"valueName\":\"search_term_string\"}}],\"inLanguage\":\"pt-PT\"}]}<\/script>\n<!-- \/ Yoast SEO plugin. -->","yoast_head_json":{"title":"O que nos identifica - Consorcio Jam\u00f3n Serrano Espanhol","description":"O melhor presunto serrano espanhol - O Cons\u00f3rcio garante o jamon serrano espanhol mais apreciado e a sua sele\u00e7\u00e3o manual, pe\u00e7a por pe\u00e7a","robots":{"index":"index","follow":"follow","max-snippet":"max-snippet:-1","max-image-preview":"max-image-preview:large","max-video-preview":"max-video-preview:-1"},"canonical":"https:\/\/consorcioserrano.es\/pt-pt\/sobre-o-consorcio\/o-que-nos-identifica\/","og_locale":"pt_PT","og_type":"article","og_title":"O que nos identifica - Consorcio Jam\u00f3n Serrano Espanhol","og_description":"O melhor presunto serrano espanhol - O Cons\u00f3rcio garante o jamon serrano espanhol mais apreciado e a sua sele\u00e7\u00e3o manual, pe\u00e7a por pe\u00e7a","og_url":"https:\/\/consorcioserrano.es\/pt-pt\/sobre-o-consorcio\/o-que-nos-identifica\/","og_site_name":"Consorcio del Jam\u00f3n Serrano Espa\u00f1ol","article_modified_time":"2024-02-20T14:40:06+00:00","og_image":[{"url":"http:\/\/consorcioserrano.es\/wp-content\/uploads\/2017\/10\/s-60.png","type":"","width":"","height":""}],"twitter_card":"summary_large_image","twitter_misc":{"Tempo estimado de leitura":"5 minutos"},"schema":{"@context":"https:\/\/schema.org","@graph":[{"@type":"WebPage","@id":"https:\/\/consorcioserrano.es\/pt-pt\/sobre-o-consorcio\/o-que-nos-identifica\/","url":"https:\/\/consorcioserrano.es\/pt-pt\/sobre-o-consorcio\/o-que-nos-identifica\/","name":"O que nos identifica - Consorcio Jam\u00f3n Serrano Espanhol","isPartOf":{"@id":"https:\/\/consorcioserrano.es\/#website"},"primaryImageOfPage":{"@id":"https:\/\/consorcioserrano.es\/pt-pt\/sobre-o-consorcio\/o-que-nos-identifica\/#primaryimage"},"image":{"@id":"https:\/\/consorcioserrano.es\/pt-pt\/sobre-o-consorcio\/o-que-nos-identifica\/#primaryimage"},"thumbnailUrl":"http:\/\/consorcioserrano.es\/wp-content\/uploads\/2017\/10\/s-60.png","datePublished":"2017-10-30T10:58:13+00:00","dateModified":"2024-02-20T14:40:06+00:00","description":"O melhor presunto serrano espanhol - O Cons\u00f3rcio garante o jamon serrano espanhol mais apreciado e a sua sele\u00e7\u00e3o manual, pe\u00e7a por pe\u00e7a","breadcrumb":{"@id":"https:\/\/consorcioserrano.es\/pt-pt\/sobre-o-consorcio\/o-que-nos-identifica\/#breadcrumb"},"inLanguage":"pt-PT","potentialAction":[{"@type":"ReadAction","target":["https:\/\/consorcioserrano.es\/pt-pt\/sobre-o-consorcio\/o-que-nos-identifica\/"]}]},{"@type":"ImageObject","inLanguage":"pt-PT","@id":"https:\/\/consorcioserrano.es\/pt-pt\/sobre-o-consorcio\/o-que-nos-identifica\/#primaryimage","url":"http:\/\/consorcioserrano.es\/wp-content\/uploads\/2017\/10\/s-60.png","contentUrl":"http:\/\/consorcioserrano.es\/wp-content\/uploads\/2017\/10\/s-60.png"},{"@type":"BreadcrumbList","@id":"https:\/\/consorcioserrano.es\/pt-pt\/sobre-o-consorcio\/o-que-nos-identifica\/#breadcrumb","itemListElement":[{"@type":"ListItem","position":1,"name":"Portada","item":"https:\/\/consorcioserrano.es\/pt-pt\/inicio\/"},{"@type":"ListItem","position":2,"name":"Sobre O Consorcio","item":"https:\/\/consorcioserrano.es\/pt-pt\/sobre-o-consorcio\/"},{"@type":"ListItem","position":3,"name":"O que nos identifica"}]},{"@type":"WebSite","@id":"https:\/\/consorcioserrano.es\/#website","url":"https:\/\/consorcioserrano.es\/","name":"Consorcio del Jam\u00f3n Serrano Espa\u00f1ol","description":"O Consorcio del Jam\u00f3n Serrano Espanhol garante o melhor presunto serrano tradicional: 100% presunto serrano espanhol selecionado \u00e0 m\u00e3o, pe\u00e7a por pe\u00e7a.","potentialAction":[{"@type":"SearchAction","target":{"@type":"EntryPoint","urlTemplate":"https:\/\/consorcioserrano.es\/?s={search_term_string}"},"query-input":{"@type":"PropertyValueSpecification","valueRequired":true,"valueName":"search_term_string"}}],"inLanguage":"pt-PT"}]}},"acf":[],"_links":{"self":[{"href":"https:\/\/consorcioserrano.es\/pt-pt\/wp-json\/wp\/v2\/pages\/11909","targetHints":{"allow":["GET"]}}],"collection":[{"href":"https:\/\/consorcioserrano.es\/pt-pt\/wp-json\/wp\/v2\/pages"}],"about":[{"href":"https:\/\/consorcioserrano.es\/pt-pt\/wp-json\/wp\/v2\/types\/page"}],"author":[{"embeddable":true,"href":"https:\/\/consorcioserrano.es\/pt-pt\/wp-json\/wp\/v2\/users\/1"}],"replies":[{"embeddable":true,"href":"https:\/\/consorcioserrano.es\/pt-pt\/wp-json\/wp\/v2\/comments?post=11909"}],"version-history":[{"count":3,"href":"https:\/\/consorcioserrano.es\/pt-pt\/wp-json\/wp\/v2\/pages\/11909\/revisions"}],"predecessor-version":[{"id":12079,"href":"https:\/\/consorcioserrano.es\/pt-pt\/wp-json\/wp\/v2\/pages\/11909\/revisions\/12079"}],"up":[{"embeddable":true,"href":"https:\/\/consorcioserrano.es\/pt-pt\/wp-json\/wp\/v2\/pages\/11911"}],"wp:attachment":[{"href":"https:\/\/consorcioserrano.es\/pt-pt\/wp-json\/wp\/v2\/media?parent=11909"}],"curies":[{"name":"wp","href":"https:\/\/api.w.org\/{rel}","templated":true}]}}