{"id":11923,"date":"2017-11-03T10:44:36","date_gmt":"2017-11-03T08:44:36","guid":{"rendered":"https:\/\/consorcioserrano.es\/nuestros-asociados\/"},"modified":"2025-11-27T17:29:49","modified_gmt":"2025-11-27T16:29:49","slug":"os-nossos-parceiros","status":"publish","type":"page","link":"https:\/\/consorcioserrano.es\/pt-pt\/quem-somos\/os-nossos-parceiros\/","title":{"rendered":"Os nossos parceiros"},"content":{"rendered":"<div class=\"wpb-content-wrapper\"><p>[vc_row][vc_column el_class=&#8221;panel-special-content&#8221;][vc_column_text el_class=&#8221;vc_quote_consorcio&#8221;]<\/p>\n<div class=\"vc_quote_consorcio_icon\"><img loading=\"lazy\" decoding=\"async\" class=\"alignnone size-full wp-image-1101\" src=\"http:\/\/consorcioserrano.es\/wp-content\/uploads\/2017\/10\/comillas-abrir-1.png\" alt=\"\" width=\"59\" height=\"53\" srcset=\"https:\/\/consorcioserrano.es\/wp-content\/uploads\/2017\/10\/comillas-abrir-1.png 59w, https:\/\/consorcioserrano.es\/wp-content\/uploads\/2017\/10\/comillas-abrir-1-50x45.png 50w\" sizes=\"auto, (max-width:767px) 59px, 59px\" \/><\/div>\n<div class=\"vc_quote_consorcio_content\">\n<h1>Os nossos <strong>parceiros<\/strong> <img loading=\"lazy\" decoding=\"async\" class=\"alignnone size-full wp-image-1100\" src=\"http:\/\/consorcioserrano.es\/wp-content\/uploads\/2017\/10\/comillas-cerrar-1.png\" alt=\"\" width=\"59\" height=\"53\" srcset=\"https:\/\/consorcioserrano.es\/wp-content\/uploads\/2017\/10\/comillas-cerrar-1.png 59w, https:\/\/consorcioserrano.es\/wp-content\/uploads\/2017\/10\/comillas-cerrar-1-50x45.png 50w\" sizes=\"auto, (max-width:767px) 59px, 59px\" \/><\/h1>\n<\/div>\n<p>[\/vc_column_text][\/vc_column][\/vc_row][vc_row][vc_column width=&#8221;2\/3&#8243;][vc_column_text]<strong>A CJSE re\u00fane atualmente 18 das mais importantes empresas do setor do presunto serrano espanhol<\/strong>. Todas as empresas s\u00e3o <strong>apoiadas no estrangeiro pelo Selo de Qualidade &#8220;Consorcio Serrano&#8221;<\/strong>, presente nas pe\u00e7as que exportam.<br \/>\nEstas s\u00e3o as empresas que comp\u00f5em o nosso Cons\u00f3rcio: <a href=\"http:\/\/consorcioserrano.es\/nuestros-asociados\/consorcio-serrano-asociados.pdf\" target=\"_blank\" rel=\"noopener noreferrer\">Lista completa em pdf<\/a>[\/vc_column_text]\n<div id=\"ersspace-1\"><\/div><style type=\"text\/css\">#ersspace-1 { height: 40px; }<\/style>[\/vc_column][vc_column width=&#8221;1\/3&#8243;][\/vc_column][\/vc_row][vc_row][vc_column width=&#8221;1\/6&#8243;][vc_single_image image=&#8221;11924&#8243; img_size=&#8221;full&#8221; onclick=&#8221;custom_link&#8221; link=&#8221;https:\/\/consorcioserrano.es\/pt-pt\/quem-somos\/os-nossos-parceiros\/argal-alimentacion\/&#8221;][\/vc_column][vc_column width=&#8221;1\/6&#8243;][vc_single_image image=&#8221;12198&#8243; img_size=&#8221;full&#8221; onclick=&#8221;custom_link&#8221; link=&#8221;https:\/\/consorcioserrano.es\/pt-pt\/quem-somos\/os-nossos-parceiros\/embutidos-y-jamones-espana-e-hijos-s-a\/&#8221;][\/vc_column][vc_column width=&#8221;1\/6&#8243;][vc_single_image image=&#8221;12224&#8243; img_size=&#8221;full&#8221; onclick=&#8221;custom_link&#8221; link=&#8221;https:\/\/consorcioserrano.es\/pt-pt\/quem-somos\/os-nossos-parceiros\/nico-jamones-s-l\/&#8221;][\/vc_column][vc_column width=&#8221;1\/6&#8243;][vc_single_image image=&#8221;12197&#8243; img_size=&#8221;full&#8221; onclick=&#8221;custom_link&#8221; link=&#8221;https:\/\/consorcioserrano.es\/pt-pt\/quem-somos\/os-nossos-parceiros\/jamones-arroyo-s-l\/&#8221;][\/vc_column][vc_column width=&#8221;1\/6&#8243;][vc_single_image image=&#8221;12178&#8243; img_size=&#8221;full&#8221; onclick=&#8221;custom_link&#8221; link=&#8221;https:\/\/consorcioserrano.es\/pt-pt\/quem-somos\/os-nossos-parceiros\/noel-alimentaria-s-a-u\/&#8221;][\/vc_column][\/vc_row][vc_row][vc_column width=&#8221;1\/6&#8243;][vc_single_image image=&#8221;16136&#8243; img_size=&#8221;full&#8221; onclick=&#8221;custom_link&#8221; link=&#8221;https:\/\/consorcioserrano.es\/pt-pt\/quem-somos\/os-nossos-parceiros\/jamones-duriber-s-l-u\/&#8221;][\/vc_column][vc_column width=&#8221;1\/6&#8243;][vc_single_image image=&#8221;12222&#8243; img_size=&#8221;full&#8221; onclick=&#8221;custom_link&#8221; link=&#8221;https:\/\/consorcioserrano.es\/pt-pt\/quem-somos\/os-nossos-parceiros\/pere-porxas-pairo-s-l\/&#8221;][\/vc_column][vc_column width=&#8221;1\/6&#8243;][vc_single_image image=&#8221;13228&#8243; img_size=&#8221;full&#8221; onclick=&#8221;custom_link&#8221; link=&#8221;https:\/\/consorcioserrano.es\/pt-pt\/quem-somos\/os-nossos-parceiros\/boadas-1880-s-a\/&#8221;][\/vc_column][vc_column width=&#8221;1\/6&#8243;][vc_single_image image=&#8221;30192&#8243; img_size=&#8221;full&#8221; onclick=&#8221;custom_link&#8221; css=&#8221;&#8221; link=&#8221;https:\/\/consorcioserrano.es\/pt-pt\/quem-somos\/os-nossos-parceiros\/rafael-baro-s-a\/&#8221;][\/vc_column][\/vc_row][vc_row][vc_column width=&#8221;1\/6&#8243;][vc_single_image image=&#8221;12196&#8243; img_size=&#8221;full&#8221; onclick=&#8221;custom_link&#8221; link=&#8221;https:\/\/consorcioserrano.es\/pt-pt\/quem-somos\/os-nossos-parceiros\/campofrio-food-group-s-a\/&#8221;][\/vc_column][vc_column width=&#8221;1\/6&#8243;][vc_single_image image=&#8221;12952&#8243; img_size=&#8221;full&#8221; onclick=&#8221;custom_link&#8221; link=&#8221;https:\/\/consorcioserrano.es\/pt-pt\/quem-somos\/os-nossos-parceiros\/industrias-carnicas-loriente-piqueras-s-a\/&#8221;][\/vc_column][vc_column width=&#8221;1\/6&#8243;][vc_single_image image=&#8221;12225&#8243; img_size=&#8221;full&#8221; onclick=&#8221;custom_link&#8221; link=&#8221;https:\/\/consorcioserrano.es\/pt-pt\/quem-somos\/os-nossos-parceiros\/far-jamon-serrano-s-a\/&#8221;][\/vc_column][vc_column width=&#8221;1\/6&#8243;][vc_single_image image=&#8221;12203&#8243; img_size=&#8221;full&#8221; onclick=&#8221;custom_link&#8221; link=&#8221;https:\/\/consorcioserrano.es\/pt-pt\/quem-somos\/os-nossos-parceiros\/bell-espana-alimentacion\/&#8221;][\/vc_column][\/vc_row][vc_row][vc_column width=&#8221;1\/6&#8243;][vc_single_image image=&#8221;12214&#8243; img_size=&#8221;full&#8221; onclick=&#8221;custom_link&#8221; link=&#8221;https:\/\/consorcioserrano.es\/pt-pt\/quem-somos\/os-nossos-parceiros\/carnicas-serrano-s-l\/&#8221;][\/vc_column][vc_column width=&#8221;1\/6&#8243;][vc_single_image image=&#8221;12227&#8243; img_size=&#8221;full&#8221; onclick=&#8221;custom_link&#8221; link=&#8221;https:\/\/consorcioserrano.es\/pt-pt\/quem-somos\/os-nossos-parceiros\/grupo-empresarial-costa-s-l\/&#8221;][\/vc_column][vc_column width=&#8221;1\/6&#8243;][vc_single_image image=&#8221;12213&#8243; img_size=&#8221;full&#8221; onclick=&#8221;custom_link&#8221; link=&#8221;https:\/\/consorcioserrano.es\/pt-pt\/quem-somos\/os-nossos-parceiros\/hijo-de-jose-martinez-somalo-s-l\/&#8221;][\/vc_column][vc_column width=&#8221;1\/6&#8243;][vc_single_image image=&#8221;12208&#8243; img_size=&#8221;full&#8221; onclick=&#8221;custom_link&#8221; link=&#8221;https:\/\/consorcioserrano.es\/pt-pt\/quem-somos\/os-nossos-parceiros\/industrias-carnicas-tello-s-a\/&#8221;][\/vc_column][vc_column width=&#8221;1\/6&#8243;][vc_single_image image=&#8221;20799&#8243; img_size=&#8221;full&#8221; onclick=&#8221;custom_link&#8221; link=&#8221;https:\/\/consorcioserrano.es\/pt-pt\/quem-somos\/os-nossos-parceiros\/elpozo-alimentacion-s-a\/&#8221;][\/vc_column][\/vc_row][vc_row][vc_column width=&#8221;1\/6&#8243;][\/vc_column][vc_column width=&#8221;1\/6&#8243; el_class=&#8221;disabled&#8221;][vc_single_image image=&#8221;7423&#8243; img_size=&#8221;full&#8221; onclick=&#8221;custom_link&#8221; link=&#8221;https:\/\/consorcioserrano.es\/pt-pt\/quem-somos\/os-nossos-parceiros\/embutidos-rodriguez\/&#8221;][\/vc_column][vc_column width=&#8221;1\/6&#8243; el_class=&#8221;disabled&#8221;][vc_single_image image=&#8221;12221&#8243; img_size=&#8221;full&#8221; onclick=&#8221;custom_link&#8221; link=&#8221;https:\/\/consorcioserrano.es\/pt-pt\/quem-somos\/os-nossos-parceiros\/torre-de-nunez-de-conturiz-s-l-u\/&#8221;][\/vc_column][vc_column width=&#8221;1\/6&#8243;][\/vc_column][vc_column width=&#8221;1\/6&#8243;][\/vc_column][\/vc_row][vc_row disable_element=&#8221;yes&#8221;][vc_column width=&#8221;1\/6&#8243;][vc_single_image image=&#8221;8640&#8243; img_size=&#8221;full&#8221; onclick=&#8221;custom_link&#8221; link=&#8221;http:\/\/consorcioserrano.es\/quienes-somos\/nuestros-asociados\/casademont-s-a\/&#8221;][\/vc_column][vc_column width=&#8221;1\/6&#8243;][vc_single_image image=&#8221;12194&#8243; img_size=&#8221;full&#8221; onclick=&#8221;custom_link&#8221; link=&#8221;http:\/\/consorcioserrano.es\/quienes-somos\/nuestros-asociados\/embutidos-caseros-collell-s-l-u\/&#8221;][\/vc_column][vc_column width=&#8221;1\/6&#8243;][vc_single_image image=&#8221;9343&#8243; img_size=&#8221;full&#8221; onclick=&#8221;custom_link&#8221; link=&#8221;http:\/\/consorcioserrano.es\/quienes-somos\/nuestros-asociados\/industrias-carnicas-villar-s-a\/&#8221;][\/vc_column][vc_column width=&#8221;1\/6&#8243;][vc_single_image image=&#8221;12219&#8243; img_size=&#8221;full&#8221; onclick=&#8221;custom_link&#8221; link=&#8221;https:\/\/consorcioserrano.es\/pt-pt\/quem-somos\/os-nossos-parceiros\/jamones-centelles-s-l\/&#8221;][\/vc_column][vc_column width=&#8221;1\/6&#8243;][vc_single_image image=&#8221;12211&#8243; img_size=&#8221;full&#8221; onclick=&#8221;custom_link&#8221; link=&#8221;https:\/\/consorcioserrano.es\/pt-pt\/quem-somos\/os-nossos-parceiros\/coren-s-c-g\/&#8221;][\/vc_column][vc_column width=&#8221;1\/6&#8243;][\/vc_column][\/vc_row][vc_row][vc_column]\n<div id=\"ersspace-2\"><\/div><style type=\"text\/css\">#ersspace-2 { height: 80px; }<\/style>[\/vc_column][\/vc_row]<\/p>\n<\/div>","protected":false},"excerpt":{"rendered":"<p>[vc_row][vc_column el_class=&#8221;panel-special-content&#8221;][vc_column_text el_class=&#8221;vc_quote_consorcio&#8221;] Os nossos parceiros [\/vc_column_text][\/vc_column][\/vc_row][vc_row][vc_column width=&#8221;2\/3&#8243;][vc_column_text]A CJSE re\u00fane atualmente 18 das mais importantes empresas do setor do presunto serrano espanhol. Todas as empresas s\u00e3o<span class=\"excerpt-hellip\"> [\u2026]<\/span><\/p>\n","protected":false},"author":1,"featured_media":-1,"parent":11925,"menu_order":0,"comment_status":"closed","ping_status":"closed","template":"","meta":{"_acf_changed":false,"footnotes":""},"class_list":["post-11923","page","type-page","status-publish","has-post-thumbnail","hentry","sections_group lang-pt-pt"],"yoast_head":"<!-- This site is optimized with the Yoast SEO plugin v27.2 - https:\/\/yoast.com\/product\/yoast-seo-wordpress\/ -->\n<title>Os nossos parceiros - Consorcio do Presunto Serrano<\/title>\n<meta name=\"description\" content=\"O Consorcio del Jam\u00f3n Serrano Espanhol garante o melhor presunto serrano tradicional: 100% presunto serrano espanhol selecionado \u00e0 m\u00e3o, pe\u00e7a por pe\u00e7a.\" \/>\n<meta name=\"robots\" content=\"index, follow, max-snippet:-1, max-image-preview:large, max-video-preview:-1\" \/>\n<link rel=\"canonical\" href=\"https:\/\/consorcioserrano.es\/pt-pt\/quem-somos\/os-nossos-parceiros\/\" \/>\n<meta property=\"og:locale\" content=\"pt_PT\" \/>\n<meta property=\"og:type\" content=\"article\" \/>\n<meta property=\"og:title\" content=\"Os nossos parceiros - Consorcio do Presunto Serrano\" \/>\n<meta property=\"og:description\" content=\"O Consorcio del Jam\u00f3n Serrano Espanhol garante o melhor presunto serrano tradicional: 100% presunto serrano espanhol selecionado \u00e0 m\u00e3o, pe\u00e7a por pe\u00e7a.\" \/>\n<meta property=\"og:url\" content=\"https:\/\/consorcioserrano.es\/pt-pt\/quem-somos\/os-nossos-parceiros\/\" \/>\n<meta property=\"og:site_name\" content=\"Consorcio del Jam\u00f3n Serrano Espa\u00f1ol\" \/>\n<meta property=\"article:modified_time\" content=\"2025-11-27T16:29:49+00:00\" \/>\n<meta property=\"og:image\" content=\"http:\/\/consorcioserrano.es\/wp-content\/uploads\/2017\/12\/asociados-consorcio-jamon-serrano-logos.jpg\" \/>\n<meta name=\"twitter:card\" content=\"summary_large_image\" \/>\n<meta name=\"twitter:label1\" content=\"Tempo estimado de leitura\" \/>\n\t<meta name=\"twitter:data1\" content=\"6 minutos\" \/>\n<script type=\"application\/ld+json\" class=\"yoast-schema-graph\">{\"@context\":\"https:\/\/schema.org\",\"@graph\":[{\"@type\":\"WebPage\",\"@id\":\"https:\/\/consorcioserrano.es\/pt-pt\/quem-somos\/os-nossos-parceiros\/\",\"url\":\"https:\/\/consorcioserrano.es\/pt-pt\/quem-somos\/os-nossos-parceiros\/\",\"name\":\"Os nossos parceiros - Consorcio do Presunto Serrano\",\"isPartOf\":{\"@id\":\"https:\/\/consorcioserrano.es\/#website\"},\"primaryImageOfPage\":{\"@id\":\"https:\/\/consorcioserrano.es\/pt-pt\/quem-somos\/os-nossos-parceiros\/#primaryimage\"},\"image\":{\"@id\":\"https:\/\/consorcioserrano.es\/pt-pt\/quem-somos\/os-nossos-parceiros\/#primaryimage\"},\"thumbnailUrl\":\"http:\/\/consorcioserrano.es\/wp-content\/uploads\/2017\/10\/comillas-abrir-1.png\",\"datePublished\":\"2017-11-03T08:44:36+00:00\",\"dateModified\":\"2025-11-27T16:29:49+00:00\",\"description\":\"O Consorcio del Jam\u00f3n Serrano Espanhol garante o melhor presunto serrano tradicional: 100% presunto serrano espanhol selecionado \u00e0 m\u00e3o, pe\u00e7a por pe\u00e7a.\",\"breadcrumb\":{\"@id\":\"https:\/\/consorcioserrano.es\/pt-pt\/quem-somos\/os-nossos-parceiros\/#breadcrumb\"},\"inLanguage\":\"pt-PT\",\"potentialAction\":[{\"@type\":\"ReadAction\",\"target\":[\"https:\/\/consorcioserrano.es\/pt-pt\/quem-somos\/os-nossos-parceiros\/\"]}]},{\"@type\":\"ImageObject\",\"inLanguage\":\"pt-PT\",\"@id\":\"https:\/\/consorcioserrano.es\/pt-pt\/quem-somos\/os-nossos-parceiros\/#primaryimage\",\"url\":\"http:\/\/consorcioserrano.es\/wp-content\/uploads\/2017\/10\/comillas-abrir-1.png\",\"contentUrl\":\"http:\/\/consorcioserrano.es\/wp-content\/uploads\/2017\/10\/comillas-abrir-1.png\"},{\"@type\":\"BreadcrumbList\",\"@id\":\"https:\/\/consorcioserrano.es\/pt-pt\/quem-somos\/os-nossos-parceiros\/#breadcrumb\",\"itemListElement\":[{\"@type\":\"ListItem\",\"position\":1,\"name\":\"Portada\",\"item\":\"https:\/\/consorcioserrano.es\/pt-pt\/inicio\/\"},{\"@type\":\"ListItem\",\"position\":2,\"name\":\"Quem somos\",\"item\":\"https:\/\/consorcioserrano.es\/pt-pt\/quem-somos\/\"},{\"@type\":\"ListItem\",\"position\":3,\"name\":\"Os nossos parceiros\"}]},{\"@type\":\"WebSite\",\"@id\":\"https:\/\/consorcioserrano.es\/#website\",\"url\":\"https:\/\/consorcioserrano.es\/\",\"name\":\"Consorcio del Jam\u00f3n Serrano Espa\u00f1ol\",\"description\":\"O Consorcio del Jam\u00f3n Serrano Espanhol garante o melhor presunto serrano tradicional: 100% presunto serrano espanhol selecionado \u00e0 m\u00e3o, pe\u00e7a por pe\u00e7a.\",\"potentialAction\":[{\"@type\":\"SearchAction\",\"target\":{\"@type\":\"EntryPoint\",\"urlTemplate\":\"https:\/\/consorcioserrano.es\/?s={search_term_string}\"},\"query-input\":{\"@type\":\"PropertyValueSpecification\",\"valueRequired\":true,\"valueName\":\"search_term_string\"}}],\"inLanguage\":\"pt-PT\"}]}<\/script>\n<!-- \/ Yoast SEO plugin. -->","yoast_head_json":{"title":"Os nossos parceiros - Consorcio do Presunto Serrano","description":"O Consorcio del Jam\u00f3n Serrano Espanhol garante o melhor presunto serrano tradicional: 100% presunto serrano espanhol selecionado \u00e0 m\u00e3o, pe\u00e7a por pe\u00e7a.","robots":{"index":"index","follow":"follow","max-snippet":"max-snippet:-1","max-image-preview":"max-image-preview:large","max-video-preview":"max-video-preview:-1"},"canonical":"https:\/\/consorcioserrano.es\/pt-pt\/quem-somos\/os-nossos-parceiros\/","og_locale":"pt_PT","og_type":"article","og_title":"Os nossos parceiros - Consorcio do Presunto Serrano","og_description":"O Consorcio del Jam\u00f3n Serrano Espanhol garante o melhor presunto serrano tradicional: 100% presunto serrano espanhol selecionado \u00e0 m\u00e3o, pe\u00e7a por pe\u00e7a.","og_url":"https:\/\/consorcioserrano.es\/pt-pt\/quem-somos\/os-nossos-parceiros\/","og_site_name":"Consorcio del Jam\u00f3n Serrano Espa\u00f1ol","article_modified_time":"2025-11-27T16:29:49+00:00","og_image":[{"url":"http:\/\/consorcioserrano.es\/wp-content\/uploads\/2017\/12\/asociados-consorcio-jamon-serrano-logos.jpg","type":"","width":"","height":""}],"twitter_card":"summary_large_image","twitter_misc":{"Tempo estimado de leitura":"6 minutos"},"schema":{"@context":"https:\/\/schema.org","@graph":[{"@type":"WebPage","@id":"https:\/\/consorcioserrano.es\/pt-pt\/quem-somos\/os-nossos-parceiros\/","url":"https:\/\/consorcioserrano.es\/pt-pt\/quem-somos\/os-nossos-parceiros\/","name":"Os nossos parceiros - Consorcio do Presunto Serrano","isPartOf":{"@id":"https:\/\/consorcioserrano.es\/#website"},"primaryImageOfPage":{"@id":"https:\/\/consorcioserrano.es\/pt-pt\/quem-somos\/os-nossos-parceiros\/#primaryimage"},"image":{"@id":"https:\/\/consorcioserrano.es\/pt-pt\/quem-somos\/os-nossos-parceiros\/#primaryimage"},"thumbnailUrl":"http:\/\/consorcioserrano.es\/wp-content\/uploads\/2017\/10\/comillas-abrir-1.png","datePublished":"2017-11-03T08:44:36+00:00","dateModified":"2025-11-27T16:29:49+00:00","description":"O Consorcio del Jam\u00f3n Serrano Espanhol garante o melhor presunto serrano tradicional: 100% presunto serrano espanhol selecionado \u00e0 m\u00e3o, pe\u00e7a por pe\u00e7a.","breadcrumb":{"@id":"https:\/\/consorcioserrano.es\/pt-pt\/quem-somos\/os-nossos-parceiros\/#breadcrumb"},"inLanguage":"pt-PT","potentialAction":[{"@type":"ReadAction","target":["https:\/\/consorcioserrano.es\/pt-pt\/quem-somos\/os-nossos-parceiros\/"]}]},{"@type":"ImageObject","inLanguage":"pt-PT","@id":"https:\/\/consorcioserrano.es\/pt-pt\/quem-somos\/os-nossos-parceiros\/#primaryimage","url":"http:\/\/consorcioserrano.es\/wp-content\/uploads\/2017\/10\/comillas-abrir-1.png","contentUrl":"http:\/\/consorcioserrano.es\/wp-content\/uploads\/2017\/10\/comillas-abrir-1.png"},{"@type":"BreadcrumbList","@id":"https:\/\/consorcioserrano.es\/pt-pt\/quem-somos\/os-nossos-parceiros\/#breadcrumb","itemListElement":[{"@type":"ListItem","position":1,"name":"Portada","item":"https:\/\/consorcioserrano.es\/pt-pt\/inicio\/"},{"@type":"ListItem","position":2,"name":"Quem somos","item":"https:\/\/consorcioserrano.es\/pt-pt\/quem-somos\/"},{"@type":"ListItem","position":3,"name":"Os nossos parceiros"}]},{"@type":"WebSite","@id":"https:\/\/consorcioserrano.es\/#website","url":"https:\/\/consorcioserrano.es\/","name":"Consorcio del Jam\u00f3n Serrano Espa\u00f1ol","description":"O Consorcio del Jam\u00f3n Serrano Espanhol garante o melhor presunto serrano tradicional: 100% presunto serrano espanhol selecionado \u00e0 m\u00e3o, pe\u00e7a por pe\u00e7a.","potentialAction":[{"@type":"SearchAction","target":{"@type":"EntryPoint","urlTemplate":"https:\/\/consorcioserrano.es\/?s={search_term_string}"},"query-input":{"@type":"PropertyValueSpecification","valueRequired":true,"valueName":"search_term_string"}}],"inLanguage":"pt-PT"}]}},"acf":[],"_links":{"self":[{"href":"https:\/\/consorcioserrano.es\/pt-pt\/wp-json\/wp\/v2\/pages\/11923","targetHints":{"allow":["GET"]}}],"collection":[{"href":"https:\/\/consorcioserrano.es\/pt-pt\/wp-json\/wp\/v2\/pages"}],"about":[{"href":"https:\/\/consorcioserrano.es\/pt-pt\/wp-json\/wp\/v2\/types\/page"}],"author":[{"embeddable":true,"href":"https:\/\/consorcioserrano.es\/pt-pt\/wp-json\/wp\/v2\/users\/1"}],"replies":[{"embeddable":true,"href":"https:\/\/consorcioserrano.es\/pt-pt\/wp-json\/wp\/v2\/comments?post=11923"}],"version-history":[{"count":3,"href":"https:\/\/consorcioserrano.es\/pt-pt\/wp-json\/wp\/v2\/pages\/11923\/revisions"}],"predecessor-version":[{"id":30216,"href":"https:\/\/consorcioserrano.es\/pt-pt\/wp-json\/wp\/v2\/pages\/11923\/revisions\/30216"}],"up":[{"embeddable":true,"href":"https:\/\/consorcioserrano.es\/pt-pt\/wp-json\/wp\/v2\/pages\/11925"}],"wp:featuredmedia":[{"embeddable":true,"href":"https:\/\/consorcioserrano.es\/pt-pt\/wp-json\/"}],"wp:attachment":[{"href":"https:\/\/consorcioserrano.es\/pt-pt\/wp-json\/wp\/v2\/media?parent=11923"}],"curies":[{"name":"wp","href":"https:\/\/api.w.org\/{rel}","templated":true}]}}