{"id":11925,"date":"2017-10-30T15:42:03","date_gmt":"2017-10-30T13:42:03","guid":{"rendered":"https:\/\/consorcioserrano.es\/quienes-somos\/"},"modified":"2024-08-28T12:16:19","modified_gmt":"2024-08-28T11:16:19","slug":"quem-somos","status":"publish","type":"page","link":"https:\/\/consorcioserrano.es\/pt-pt\/quem-somos\/","title":{"rendered":"Quem somos"},"content":{"rendered":"<div class=\"wpb-content-wrapper\"><p>[vc_row full_width=&#8221;stretch_row_content_no_spaces&#8221; css=&#8221;.vc_custom_1509104616814{background-color: #161616 !important;}&#8221; el_class=&#8221;next-row-no-padding&#8221;][vc_column][vc_column_text css=&#8221;.vc_custom_1605521214531{padding-left: 100px !important;background-color: #161616 !important;}&#8221; el_class=&#8221;no-margin-with-padding&#8221;]<\/p>\n<p class=\"image-h2\"><img loading=\"lazy\" decoding=\"async\" class=\"alignnone size-full wp-image-975\" src=\"http:\/\/consorcioserrano.es\/wp-content\/uploads\/2017\/10\/s-60-1.png\" alt=\"\" width=\"60\" height=\"60\" srcset=\"https:\/\/consorcioserrano.es\/wp-content\/uploads\/2017\/10\/s-60-1.png 60w, https:\/\/consorcioserrano.es\/wp-content\/uploads\/2017\/10\/s-60-1-50x50.png 50w\" sizes=\"auto, (max-width:767px) 60px, 60px\" \/><\/p>\n<h1><strong>Quem<\/strong> somos<\/h1>\n<p>[\/vc_column_text][\/vc_column][\/vc_row][vc_row full_width=&#8221;stretch_row_content_no_spaces&#8221; el_class=&#8221;next-row-no-padding&#8221;][vc_column width=&#8221;1\/2&#8243;]\n    <a href=\"https:\/\/consorcioserrano.es\/pt-pt\/quem-somos\/a-equipa\/\" title=\"A Equipa\"  class=\"vc_link_consorcio\" title=\"\u00a0A equipa Profissionais que trabalham lado a lado com parceiros na promo\u00e7\u00e3o e exporta\u00e7\u00e3o do Presunto Serrano espanhol. \">\n    <div class=\"roll_wrap\" id=\"\">\n\t\t\n        <div class=\"roll_wrap_img \" ><img decoding=\"async\" src=\"https:\/\/consorcioserrano.es\/wp-content\/uploads\/2017\/10\/equipo-consorcio-jamon-serrano-secccion.jpg\" class=\"img-responsive \" > <\/div>\n\t\t\n\n\t\t\n\t\t\n\t        <div class=\"roll_wrap_link_imagetext  box-s-consorcio-serrano\" style=\"color:#ff0000; font-size:;\"><h2><img loading=\"lazy\" decoding=\"async\" class=\"alignnone size-full wp-image-1101\" src=\"http:\/\/consorcioserrano.es\/wp-content\/uploads\/2017\/10\/comillas-abrir-1.png\" alt=\"\" width=\"59\" height=\"53\" srcset=\"https:\/\/consorcioserrano.es\/wp-content\/uploads\/2017\/10\/comillas-abrir-1.png 59w, https:\/\/consorcioserrano.es\/wp-content\/uploads\/2017\/10\/comillas-abrir-1-50x45.png 50w\" sizes=\"auto, (max-width:767px) 59px, 59px\" \/>\u00a0A equipa<\/h2>\n<p>Profissionais que trabalham lado a lado com parceiros na promo\u00e7\u00e3o e exporta\u00e7\u00e3o do Presunto Serrano espanhol.<\/p>\n<\/div>\n\t\t\n    <\/div>\n    <\/a>[\/vc_column][vc_column width=&#8221;1\/2&#8243;]\n    <a href=\"https:\/\/consorcioserrano.es\/pt-pt\/quem-somos\/os-nossos-parceiros\/\" title=\"Os nossos parceiros\"  class=\"vc_link_consorcio\" title=\"\u00a0Parceiros Marcas espanholas comprometidas com a qualidade do presunto serrano. \">\n    <div class=\"roll_wrap\" id=\"\">\n\t\t\n        <div class=\"roll_wrap_img \" ><img decoding=\"async\" src=\"https:\/\/consorcioserrano.es\/wp-content\/uploads\/2024\/08\/asociados-nueva-5-2024.jpg\" class=\"img-responsive \" > <\/div>\n\t\t\n\n\t\t\n\t\t\n\t        <div class=\"roll_wrap_link_imagetext  \" style=\"color:#ff0000; font-size:;\"><h2><img loading=\"lazy\" decoding=\"async\" class=\"alignnone size-full wp-image-1101\" src=\"http:\/\/consorcioserrano.es\/wp-content\/uploads\/2017\/10\/comillas-abrir-1.png\" alt=\"\" width=\"59\" height=\"53\" srcset=\"https:\/\/consorcioserrano.es\/wp-content\/uploads\/2017\/10\/comillas-abrir-1.png 59w, https:\/\/consorcioserrano.es\/wp-content\/uploads\/2017\/10\/comillas-abrir-1-50x45.png 50w\" sizes=\"auto, (max-width:767px) 59px, 59px\" \/>\u00a0Parceiros<\/h2>\n<p>Marcas espanholas comprometidas com a qualidade do presunto serrano.<\/p>\n<\/div>\n\t\t\n    <\/div>\n    <\/a>[\/vc_column][\/vc_row]<\/p>\n<\/div>","protected":false},"excerpt":{"rendered":"<p>[vc_row full_width=&#8221;stretch_row_content_no_spaces&#8221; css=&#8221;.vc_custom_1509104616814{background-color: #161616 !important;}&#8221; el_class=&#8221;next-row-no-padding&#8221;][vc_column][vc_column_text css=&#8221;.vc_custom_1605521214531{padding-left: 100px !important;background-color: #161616 !important;}&#8221; el_class=&#8221;no-margin-with-padding&#8221;] Quem somos [\/vc_column_text][\/vc_column][\/vc_row][vc_row full_width=&#8221;stretch_row_content_no_spaces&#8221; el_class=&#8221;next-row-no-padding&#8221;][vc_column width=&#8221;1\/2&#8243;][\/vc_column][vc_column width=&#8221;1\/2&#8243;][\/vc_column][\/vc_row]<\/p>\n","protected":false},"author":1,"featured_media":0,"parent":0,"menu_order":0,"comment_status":"closed","ping_status":"closed","template":"","meta":{"_acf_changed":false,"footnotes":""},"class_list":["post-11925","page","type-page","status-publish","hentry","sections_group lang-pt-pt"],"yoast_head":"<!-- This site is optimized with the Yoast SEO plugin v27.2 - https:\/\/yoast.com\/product\/yoast-seo-wordpress\/ -->\n<title>Quem somos - Cons\u00f3rcio do Presunto Serrano Espanhol<\/title>\n<meta name=\"description\" content=\"Associa\u00e7\u00e3o das melhores marcas e empresas de presunto serrano espanhol. O ConsorcioSerrano garante o melhor j\u00e1mon serrano espanhol\" \/>\n<meta name=\"robots\" content=\"index, follow, max-snippet:-1, max-image-preview:large, max-video-preview:-1\" \/>\n<link rel=\"canonical\" href=\"https:\/\/consorcioserrano.es\/pt-pt\/quem-somos\/\" \/>\n<meta property=\"og:locale\" content=\"pt_PT\" \/>\n<meta property=\"og:type\" content=\"article\" \/>\n<meta property=\"og:title\" content=\"Quem somos - Cons\u00f3rcio do Presunto Serrano Espanhol\" \/>\n<meta property=\"og:description\" content=\"Associa\u00e7\u00e3o das melhores marcas e empresas de presunto serrano espanhol. O ConsorcioSerrano garante o melhor j\u00e1mon serrano espanhol\" \/>\n<meta property=\"og:url\" content=\"https:\/\/consorcioserrano.es\/pt-pt\/quem-somos\/\" \/>\n<meta property=\"og:site_name\" content=\"Consorcio del Jam\u00f3n Serrano Espa\u00f1ol\" \/>\n<meta property=\"article:modified_time\" content=\"2024-08-28T11:16:19+00:00\" \/>\n<meta property=\"og:image\" content=\"http:\/\/consorcioserrano.es\/wp-content\/uploads\/2017\/10\/s-60-1.png\" \/>\n<meta name=\"twitter:card\" content=\"summary_large_image\" \/>\n<meta name=\"twitter:label1\" content=\"Tempo estimado de leitura\" \/>\n\t<meta name=\"twitter:data1\" content=\"1 minuto\" \/>\n<script type=\"application\/ld+json\" class=\"yoast-schema-graph\">{\"@context\":\"https:\/\/schema.org\",\"@graph\":[{\"@type\":\"WebPage\",\"@id\":\"https:\/\/consorcioserrano.es\/pt-pt\/quem-somos\/\",\"url\":\"https:\/\/consorcioserrano.es\/pt-pt\/quem-somos\/\",\"name\":\"Quem somos - Cons\u00f3rcio do Presunto Serrano Espanhol\",\"isPartOf\":{\"@id\":\"https:\/\/consorcioserrano.es\/#website\"},\"primaryImageOfPage\":{\"@id\":\"https:\/\/consorcioserrano.es\/pt-pt\/quem-somos\/#primaryimage\"},\"image\":{\"@id\":\"https:\/\/consorcioserrano.es\/pt-pt\/quem-somos\/#primaryimage\"},\"thumbnailUrl\":\"http:\/\/consorcioserrano.es\/wp-content\/uploads\/2017\/10\/s-60-1.png\",\"datePublished\":\"2017-10-30T13:42:03+00:00\",\"dateModified\":\"2024-08-28T11:16:19+00:00\",\"description\":\"Associa\u00e7\u00e3o das melhores marcas e empresas de presunto serrano espanhol. O ConsorcioSerrano garante o melhor j\u00e1mon serrano espanhol\",\"breadcrumb\":{\"@id\":\"https:\/\/consorcioserrano.es\/pt-pt\/quem-somos\/#breadcrumb\"},\"inLanguage\":\"pt-PT\",\"potentialAction\":[{\"@type\":\"ReadAction\",\"target\":[\"https:\/\/consorcioserrano.es\/pt-pt\/quem-somos\/\"]}]},{\"@type\":\"ImageObject\",\"inLanguage\":\"pt-PT\",\"@id\":\"https:\/\/consorcioserrano.es\/pt-pt\/quem-somos\/#primaryimage\",\"url\":\"http:\/\/consorcioserrano.es\/wp-content\/uploads\/2017\/10\/s-60-1.png\",\"contentUrl\":\"http:\/\/consorcioserrano.es\/wp-content\/uploads\/2017\/10\/s-60-1.png\"},{\"@type\":\"BreadcrumbList\",\"@id\":\"https:\/\/consorcioserrano.es\/pt-pt\/quem-somos\/#breadcrumb\",\"itemListElement\":[{\"@type\":\"ListItem\",\"position\":1,\"name\":\"Portada\",\"item\":\"https:\/\/consorcioserrano.es\/pt-pt\/inicio\/\"},{\"@type\":\"ListItem\",\"position\":2,\"name\":\"Quem somos\"}]},{\"@type\":\"WebSite\",\"@id\":\"https:\/\/consorcioserrano.es\/#website\",\"url\":\"https:\/\/consorcioserrano.es\/\",\"name\":\"Consorcio del Jam\u00f3n Serrano Espa\u00f1ol\",\"description\":\"O Consorcio del Jam\u00f3n Serrano Espanhol garante o melhor presunto serrano tradicional: 100% presunto serrano espanhol selecionado \u00e0 m\u00e3o, pe\u00e7a por pe\u00e7a.\",\"potentialAction\":[{\"@type\":\"SearchAction\",\"target\":{\"@type\":\"EntryPoint\",\"urlTemplate\":\"https:\/\/consorcioserrano.es\/?s={search_term_string}\"},\"query-input\":{\"@type\":\"PropertyValueSpecification\",\"valueRequired\":true,\"valueName\":\"search_term_string\"}}],\"inLanguage\":\"pt-PT\"}]}<\/script>\n<!-- \/ Yoast SEO plugin. -->","yoast_head_json":{"title":"Quem somos - Cons\u00f3rcio do Presunto Serrano Espanhol","description":"Associa\u00e7\u00e3o das melhores marcas e empresas de presunto serrano espanhol. O ConsorcioSerrano garante o melhor j\u00e1mon serrano espanhol","robots":{"index":"index","follow":"follow","max-snippet":"max-snippet:-1","max-image-preview":"max-image-preview:large","max-video-preview":"max-video-preview:-1"},"canonical":"https:\/\/consorcioserrano.es\/pt-pt\/quem-somos\/","og_locale":"pt_PT","og_type":"article","og_title":"Quem somos - Cons\u00f3rcio do Presunto Serrano Espanhol","og_description":"Associa\u00e7\u00e3o das melhores marcas e empresas de presunto serrano espanhol. O ConsorcioSerrano garante o melhor j\u00e1mon serrano espanhol","og_url":"https:\/\/consorcioserrano.es\/pt-pt\/quem-somos\/","og_site_name":"Consorcio del Jam\u00f3n Serrano Espa\u00f1ol","article_modified_time":"2024-08-28T11:16:19+00:00","og_image":[{"url":"http:\/\/consorcioserrano.es\/wp-content\/uploads\/2017\/10\/s-60-1.png","type":"","width":"","height":""}],"twitter_card":"summary_large_image","twitter_misc":{"Tempo estimado de leitura":"1 minuto"},"schema":{"@context":"https:\/\/schema.org","@graph":[{"@type":"WebPage","@id":"https:\/\/consorcioserrano.es\/pt-pt\/quem-somos\/","url":"https:\/\/consorcioserrano.es\/pt-pt\/quem-somos\/","name":"Quem somos - Cons\u00f3rcio do Presunto Serrano Espanhol","isPartOf":{"@id":"https:\/\/consorcioserrano.es\/#website"},"primaryImageOfPage":{"@id":"https:\/\/consorcioserrano.es\/pt-pt\/quem-somos\/#primaryimage"},"image":{"@id":"https:\/\/consorcioserrano.es\/pt-pt\/quem-somos\/#primaryimage"},"thumbnailUrl":"http:\/\/consorcioserrano.es\/wp-content\/uploads\/2017\/10\/s-60-1.png","datePublished":"2017-10-30T13:42:03+00:00","dateModified":"2024-08-28T11:16:19+00:00","description":"Associa\u00e7\u00e3o das melhores marcas e empresas de presunto serrano espanhol. O ConsorcioSerrano garante o melhor j\u00e1mon serrano espanhol","breadcrumb":{"@id":"https:\/\/consorcioserrano.es\/pt-pt\/quem-somos\/#breadcrumb"},"inLanguage":"pt-PT","potentialAction":[{"@type":"ReadAction","target":["https:\/\/consorcioserrano.es\/pt-pt\/quem-somos\/"]}]},{"@type":"ImageObject","inLanguage":"pt-PT","@id":"https:\/\/consorcioserrano.es\/pt-pt\/quem-somos\/#primaryimage","url":"http:\/\/consorcioserrano.es\/wp-content\/uploads\/2017\/10\/s-60-1.png","contentUrl":"http:\/\/consorcioserrano.es\/wp-content\/uploads\/2017\/10\/s-60-1.png"},{"@type":"BreadcrumbList","@id":"https:\/\/consorcioserrano.es\/pt-pt\/quem-somos\/#breadcrumb","itemListElement":[{"@type":"ListItem","position":1,"name":"Portada","item":"https:\/\/consorcioserrano.es\/pt-pt\/inicio\/"},{"@type":"ListItem","position":2,"name":"Quem somos"}]},{"@type":"WebSite","@id":"https:\/\/consorcioserrano.es\/#website","url":"https:\/\/consorcioserrano.es\/","name":"Consorcio del Jam\u00f3n Serrano Espa\u00f1ol","description":"O Consorcio del Jam\u00f3n Serrano Espanhol garante o melhor presunto serrano tradicional: 100% presunto serrano espanhol selecionado \u00e0 m\u00e3o, pe\u00e7a por pe\u00e7a.","potentialAction":[{"@type":"SearchAction","target":{"@type":"EntryPoint","urlTemplate":"https:\/\/consorcioserrano.es\/?s={search_term_string}"},"query-input":{"@type":"PropertyValueSpecification","valueRequired":true,"valueName":"search_term_string"}}],"inLanguage":"pt-PT"}]}},"acf":[],"_links":{"self":[{"href":"https:\/\/consorcioserrano.es\/pt-pt\/wp-json\/wp\/v2\/pages\/11925","targetHints":{"allow":["GET"]}}],"collection":[{"href":"https:\/\/consorcioserrano.es\/pt-pt\/wp-json\/wp\/v2\/pages"}],"about":[{"href":"https:\/\/consorcioserrano.es\/pt-pt\/wp-json\/wp\/v2\/types\/page"}],"author":[{"embeddable":true,"href":"https:\/\/consorcioserrano.es\/pt-pt\/wp-json\/wp\/v2\/users\/1"}],"replies":[{"embeddable":true,"href":"https:\/\/consorcioserrano.es\/pt-pt\/wp-json\/wp\/v2\/comments?post=11925"}],"version-history":[{"count":3,"href":"https:\/\/consorcioserrano.es\/pt-pt\/wp-json\/wp\/v2\/pages\/11925\/revisions"}],"predecessor-version":[{"id":24560,"href":"https:\/\/consorcioserrano.es\/pt-pt\/wp-json\/wp\/v2\/pages\/11925\/revisions\/24560"}],"wp:attachment":[{"href":"https:\/\/consorcioserrano.es\/pt-pt\/wp-json\/wp\/v2\/media?parent=11925"}],"curies":[{"name":"wp","href":"https:\/\/api.w.org\/{rel}","templated":true}]}}