{"id":11939,"date":"2017-11-02T15:19:51","date_gmt":"2017-11-02T13:19:51","guid":{"rendered":"https:\/\/consorcioserrano.es\/area-profesionales\/"},"modified":"2024-02-20T15:35:33","modified_gmt":"2024-02-20T14:35:33","slug":"area-profissional","status":"publish","type":"page","link":"https:\/\/consorcioserrano.es\/pt-pt\/area-profissional\/","title":{"rendered":"\u00c1rea profissional"},"content":{"rendered":"<div class=\"wpb-content-wrapper\"><p>[vc_row full_width=&#8221;stretch_row_content_no_spaces&#8221; css=&#8221;.vc_custom_1510131529958{background-image: url(http:\/\/consorcioserrano.es\/wp-content\/uploads\/2017\/11\/area-profesionales-consorcio-jamon-serrano.jpg?id=2905) !important;background-position: center !important;background-repeat: no-repeat !important;background-size: cover !important;}&#8221;][vc_column]\n<div id=\"ersspace-1\"><\/div><style type=\"text\/css\">#ersspace-1 { height: 320px; }<\/style>[\/vc_column][\/vc_row][vc_row el_class=&#8221;column-special-one&#8221;][vc_column width=&#8221;2\/3&#8243; el_class=&#8221;panel-special-content&#8221;][vc_row_inner][vc_column_inner][vc_column_text el_class=&#8221;vc_quote_consorcio&#8221;]<\/p>\n<div class=\"vc_quote_consorcio_icon\"><img loading=\"lazy\" decoding=\"async\" class=\"alignnone size-full wp-image-1101\" src=\"http:\/\/consorcioserrano.es\/wp-content\/uploads\/2017\/10\/comillas-abrir-1.png\" alt=\"\" width=\"59\" height=\"53\" srcset=\"https:\/\/consorcioserrano.es\/wp-content\/uploads\/2017\/10\/comillas-abrir-1.png 59w, https:\/\/consorcioserrano.es\/wp-content\/uploads\/2017\/10\/comillas-abrir-1-50x45.png 50w\" sizes=\"auto, (max-width:767px) 59px, 59px\" \/><\/div>\n<div class=\"vc_quote_consorcio_content\">\n<h1>\u00c1rea <strong>profissional <\/strong>\u00a0<img loading=\"lazy\" decoding=\"async\" class=\"alignnone size-full wp-image-1100\" src=\"http:\/\/consorcioserrano.es\/wp-content\/uploads\/2017\/10\/comillas-cerrar-1.png\" alt=\"\" width=\"59\" height=\"53\" srcset=\"https:\/\/consorcioserrano.es\/wp-content\/uploads\/2017\/10\/comillas-cerrar-1.png 59w, https:\/\/consorcioserrano.es\/wp-content\/uploads\/2017\/10\/comillas-cerrar-1-50x45.png 50w\" sizes=\"auto, (max-width:767px) 59px, 59px\" \/><\/h1>\n<\/div>\n<p>[\/vc_column_text][\/vc_column_inner][\/vc_row_inner][vc_row_inner][vc_column_inner][vc_column_text]<\/p>\n<h3><strong><span style=\"color: #e82f37;\">Para importadores e distribuidores<\/span><\/strong><\/h3>\n<p>[\/vc_column_text][\/vc_column_inner][\/vc_row_inner][vc_row_inner][vc_column_inner width=&#8221;1\/2&#8243;][vc_column_text]O Consorcio del Jam\u00f3n Serrano Espa\u00f1ol representa as principais marcas espanholas, garantindo a qualidade e autenticidade de cada pe\u00e7a com os seus controlos de qualidade e certifica\u00e7\u00e3o..<\/p>\n<p>Se estiver interessado em importar presunto serrano espanhol e\/ou conhecer os nossos processos de certifica\u00e7\u00e3o, pode contactar o Cons\u00f3rcio no nosso <a href=\"\/?page_id=1993\">Formul\u00e1rio de Contacto.<\/a>[\/vc_column_text][vc_empty_space height=&#8221;15px&#8221;][\/vc_column_inner][vc_column_inner width=&#8221;1\/2&#8243;][vc_column_text]Al\u00e9m disso, no link seguinte encontrar\u00e1 uma lista dos nossos parceiros com as informa\u00e7\u00f5es de contacto de cada um deles: <a href=\"http:\/\/consorcioserrano.es\/quienes-somos\/nuestros-asociados\/\" target=\"_blank\" rel=\"noopener noreferrer\"><span style=\"color: #e82f37;\">Associados CJSE<\/span><\/a>.[\/vc_column_text][\/vc_column_inner][\/vc_row_inner][vc_row_inner][vc_column_inner][vc_column_text]<\/p>\n<h3><strong><span style=\"color: #e82f37;\">Sobre controlo e certifica\u00e7\u00e3o<\/span><\/strong><\/h3>\n<p>[\/vc_column_text][\/vc_column_inner][\/vc_row_inner][vc_row_inner][vc_column_inner width=&#8221;1\/2&#8243;][vc_column_text]O Consorcio del Jam\u00f3n Serrano Espa\u00f1ol \u00e9 a \u00fanica associa\u00e7\u00e3o espanhola que garante um produto de qualidade, preparado sob normas de controlo de qualidade controlada e com um processo de sele\u00e7\u00e3o final que \u00e9 realizado pe\u00e7a por pe\u00e7a.<\/p>\n<p>Todos os presuntos Jam\u00f3n Consorcio Serrano Serrano s\u00e3o identificados com o seu Selo de Qualidade. Este selo \u00e9 o s\u00edmbolo que garante que a pe\u00e7a foi produzida de acordo com os exigentes padr\u00f5es de qualidade da associa\u00e7\u00e3o e que passou nos rigorosos controlos de qualidade para exporta\u00e7\u00e3o.[\/vc_column_text][\/vc_column_inner][vc_column_inner width=&#8221;1\/2&#8243;][vc_column_text]O Cons\u00f3rcio realiza auditorias anuais nas unidades de processamento anexas ao Cons\u00f3rcio para monitorar e controlar tudo relacionado ao processo de processamento. Al\u00e9m disso, verifica que todas as pe\u00e7as t\u00eam um tempo m\u00e9dio de cura de 12 meses, t\u00eam uma perda de peso fresco superior a 34% ap\u00f3s a perda de humidade durante a cura e t\u00eam um conte\u00fado adequado de gordura, o que \u00e9 essencial para garantir as qualidades organol\u00e9ticas do presunto Serrano.<\/p>\n<p>Apenas uma produ\u00e7\u00e3o limitada de presuntos serranos espanh\u00f3is \u00e9 premiada com o Selo de Qualidade Consorcio Serrano.[\/vc_column_text][\/vc_column_inner][\/vc_row_inner][vc_row_inner][vc_column_inner][vc_single_image image=&#8221;2456&#8243; img_size=&#8221;full&#8221;][\/vc_column_inner][\/vc_row_inner][vc_row_inner][vc_column_inner width=&#8221;2\/3&#8243;][vc_column_text]<\/p>\n<table class=\"table-consorcio-2-columns\">\n<thead>\n<tr class=\"border-bottom-header\">\n<td class=\"table-column-1 headed\" colspan=\"2\"><strong>Consorcio del Jam\u00f3n Serrano<\/strong><\/td>\n<\/tr>\n<\/thead>\n<tbody>\n<tr class=\"border-botom\">\n<td class=\"table-column-1\">Pa\u00eds de origem<\/td>\n<td class=\"table-column-2\">Espanja<\/td>\n<\/tr>\n<tr class=\"border-botom\">\n<td class=\"table-column-1\">Tempo m\u00ednimo de curan<\/td>\n<td class=\"table-column-2\">12 meses (52 semanas)<\/td>\n<\/tr>\n<tr class=\"border-botom\">\n<td class=\"table-column-1\">Certifica\u00e7\u00e3o privada<\/td>\n<td class=\"table-column-2\">Consorcio Jam\u00f3n Serrano Espa\u00f1ol<\/td>\n<\/tr>\n<tr class=\"border-botom\">\n<td class=\"table-column-1\">Certifica\u00e7\u00e3o Europeia<\/td>\n<td class=\"table-column-2\">\u00a0E.T.G.\/Serrano<\/td>\n<\/tr>\n<tr class=\"border-botom\">\n<td class=\"table-column-1\">Peso da pe\u00e7a (com osso)<\/td>\n<td class=\"table-column-2\">a partir de 6,5 Kg.<\/td>\n<\/tr>\n<tr class=\"border-botom\">\n<td class=\"table-column-1\">Textura, cor e sabor<\/td>\n<td class=\"table-column-2\">Firme, vermelho, roxo e intenso<\/td>\n<\/tr>\n<\/tbody>\n<\/table>\n<p>[\/vc_column_text][\/vc_column_inner][vc_column_inner width=&#8221;1\/3&#8243;][\/vc_column_inner][\/vc_row_inner][vc_row_inner][vc_column_inner width=&#8221;1\/2&#8243;][vc_column_text]<\/p>\n<h3><span style=\"color: #e82f37;\"><strong>Para grossistas, reatlhistas, charcutarias e lojas<\/strong><br \/>\n<\/span><\/h3>\n<p>Se precisar de contactar um grossista no seu pa\u00eds, o Cons\u00f3rcio pode ajud\u00e1-lo a identificar aqueles que j\u00e1 importam presunto Serrano espanhol garantido com o nosso Selo de Qualidade.<\/p>\n<p>Pode contactar-nos atrav\u00e9s do nosso <a href=\"http:\/\/consorcioserrano.es\/contactanos\/\" target=\"_blank\" rel=\"noopener noreferrer\"><span style=\"color: #e82f37;\">Formul\u00e1rio de Contacto<\/span><\/a>.[\/vc_column_text][\/vc_column_inner][vc_column_inner width=&#8221;1\/2&#8243;][vc_column_text]<\/p>\n<p>&nbsp;<\/p>\n<p>[\/vc_column_text][\/vc_column_inner][\/vc_row_inner][vc_row_inner][vc_column_inner][vc_column_text]<\/p>\n<h3><strong><span style=\"color: #e82f37;\">Informa\u00e7\u00e3o t\u00e9cnica para profissionais<\/span><\/strong><\/h3>\n<p>[\/vc_column_text][\/vc_column_inner][\/vc_row_inner][vc_row_inner][vc_column_inner width=&#8221;1\/2&#8243;][vc_column_text]O presunto serrano espanhol \u00e9 o resultado de um processo que combina as garantias da mat\u00e9ria-prima selecionada e uma matura\u00e7\u00e3o longa e lenta em secadouros e caves.[\/vc_column_text][\/vc_column_inner][vc_column_inner width=&#8221;1\/2&#8243;][vc_column_text]Como este \u00e9 um produto especial, h\u00e1 uma s\u00e9rie de informa\u00e7\u00f5es que deve saber:<\/p>\n<ul>\n<li><a href=\"http:\/\/consorcioserrano.es\/jamon-consorcio-serrano\/tipos-de-jamon\/\" target=\"_blank\" rel=\"noopener noreferrer\"><span style=\"color: #e82f37;\">Os diferentes formatos de presunto Serrano<\/span><\/a><\/li>\n<li><a href=\"http:\/\/consorcioserrano.es\/jamon-consorcio-serrano\/sabor-aroma-y-conservacion\/\" target=\"_blank\" rel=\"noopener noreferrer\"><span style=\"color: #e82f37;\">Conserva\u00e7\u00e3o do presunto Serrano<\/span><\/a><\/li>\n<li><a href=\"http:\/\/consorcioserrano.es\/como-cortar-tu-jamon-consorcio-serrano\/\" target=\"_blank\" rel=\"noopener noreferrer\"><span style=\"color: #e82f37;\">Corte profissional<\/span><\/a><\/li>\n<li>Dicas para os seus cliente: <a href=\"http:\/\/consorcioserrano.es\/jamon-consorcio-serrano\/sabor-aroma-y-conservacion\/\" target=\"_blank\" rel=\"noopener noreferrer\"><span style=\"color: #e82f37;\">conserva\u00e7\u00e3o e consumo dom\u00e9stico, receitas<\/span> <\/a>, <span style=\"color: #e82f37;\"><a href=\"http:\/\/consorcioserrano.es\/recetas-tapas-y-bocadillos\/\" target=\"_blank\" rel=\"noopener noreferrer\">recetas<\/a><\/span><\/li>\n<\/ul>\n<p>[\/vc_column_text][\/vc_column_inner][\/vc_row_inner][vc_empty_space height=&#8221;15px&#8221;][vc_row_inner][vc_column_inner][vc_column_text]<\/p>\n<h3><strong><span style=\"color: #e82f37;\">Assine: guias, not\u00edcias, cursos, dicas e receitas<\/span><\/strong><\/h3>\n<p>[\/vc_column_text][\/vc_column_inner][\/vc_row_inner][vc_row_inner][vc_column_inner width=&#8221;1\/2&#8243;][vc_column_text]O Consorcio del Jam\u00f3n Serrano oferece-lhe uma s\u00e9rie de guias e argumentos que pode descarregar em formato pdf.<\/p>\n<p>Al\u00e9m disso, o Cons\u00f3rcio divulga not\u00edcias, novidades, receitas e cursos sobre presunto serrano espanhol que s\u00e3o de interesse para os profissionais do setor.[\/vc_column_text][\/vc_column_inner][vc_column_inner width=&#8221;1\/2&#8243;][vc_column_text]Para aceder ao material profissional e\/ou se quiser que o mantenhamos atualizado, por favor registe-se aqui., <a href=\"http:\/\/consorcioserrano.es\/usuario-registro\/\" rel=\"noopener\"><span style=\"color: #e82f37;\">registe-se aqui<\/span><\/a>.[\/vc_column_text][\/vc_column_inner][\/vc_row_inner][\/vc_column][vc_column width=&#8221;1\/3&#8243;]\n<div id=\"ersspace-2\"><\/div><style type=\"text\/css\">#ersspace-2 { height: 260px; }\n@media handheld, only screen and (max-width: 767px) {\n\t#ersspace-2 { height: 0px; }\n}<\/style>[vc_row_inner el_class=&#8221;panel-special-aside&#8221;][vc_column_inner][vc_column_text]<\/p>\n<h3><span style=\"color: #e82f37;\"><strong>Materiais e informa\u00e7\u00f5es t\u00e9cnicas para transferir<\/strong><\/span><\/h3>\n<p>\u00c9 necess\u00e1rio estar registado para fazer o download dos materiais dispon\u00edveis.[\/vc_column_text][vc_column_text showfor=&#8221;not_logged_in&#8221;]<a class=\"button-consorcio-red\" href=\"\/?page_id=1045\">Aceder<\/a>[\/vc_column_text][vc_column_text showfor=&#8221;not_logged_in&#8221;]<a class=\"button-consorcio-red\" href=\"\/?page_id=1047\">Registrar-me<\/a>[\/vc_column_text][vc_empty_space height=&#8221;15px&#8221;][vc_column_text showfor=&#8221;selected_user_roles&#8221; selected_user_roles=&#8221;administrator, role_distribuidor, role_importador, role_minorista, role_socio&#8221;]<\/p>\n<h3><span style=\"color: #e82f37;\"><strong>Lista de materiais e informa\u00e7\u00f5es t\u00e9cnicas<\/strong><\/span><\/h3>\n<ul>\n<li>Material Promocional\n<ul>\n<li><a href=\"https:\/\/consorcioserrano.es\/wp-content\/uploads\/2020\/11\/flyer-web-pt-231120.pdf\" target=\"_blank\" rel=\"noopener noreferrer\">Sales Folder Consorcio Serrano<\/a><\/li>\n<li><a href=\"https:\/\/consorcioserrano.es\/wp-content\/uploads\/2020\/11\/argumentario-pt-231120.pdf\" target=\"_blank\" rel=\"noopener noreferrer\">Argument\u00e1rio<\/a><\/li>\n<li><a href=\"https:\/\/consorcioserrano.es\/wp-content\/uploads\/2020\/11\/institucional_pt.pdf\" target=\"_blank\" rel=\"noopener noreferrer\">Institucional<\/a><\/li>\n<li><a href=\"https:\/\/consorcioserrano.es\/wp-content\/uploads\/2020\/11\/receitas-pt.pdf\" target=\"_blank\" rel=\"noopener noreferrer\">Receitas<\/a><\/li>\n<li><a href=\"http:\/\/consorcioserrano.es\/wp-content\/uploads\/2012\/07\/recet_tapas_esp1.pdf\" target=\"_blank\" rel=\"noopener noreferrer\">Receitas &#8211; Especial Tapas<\/a><\/li>\n<\/ul>\n<\/li>\n<\/ul>\n<p>&nbsp;<\/p>\n<ul>\n<li>Informa\u00e7\u00e3o T\u00e9cnica\n<ul>\n<li><a href=\"https:\/\/consorcioserrano.es\/wp-content\/uploads\/2020\/11\/cuchillo_port_compl.pdf\" target=\"_blank\" rel=\"noopener noreferrer\">Corte com faca pdf<\/a><\/li>\n<li><a href=\"https:\/\/consorcioserrano.es\/videos\/es\/corte-cuchillo.mp4\" target=\"_blank\" rel=\"noopener noreferrer\" download=\"Corte-cuchillo.mp4\">Corte com faca &#8211; video<\/a><\/li>\n<li><a href=\"https:\/\/consorcioserrano.es\/wp-content\/uploads\/2020\/11\/maquina_port_compl.pdf\" target=\"_blank\" rel=\"noopener noreferrer\">Corte com m\u00e1quina pdf<\/a><\/li>\n<li><a href=\"https:\/\/consorcioserrano.es\/videos\/es\/corte-maquina.mp4\" target=\"_blank\" rel=\"noopener noreferrer\" download=\"Corte-maquina.mp4\">Corte com m\u00e1quina &#8211; video<\/a><\/li>\n<\/ul>\n<\/li>\n<\/ul>\n<p>&nbsp;<\/p>\n<ul>\n<li>Listado de associados\n<ul>\n<li><a href=\"https:\/\/consorcioserrano.es\/nuestros-asociados\/consorcio-serrano-asociados.pdf\" target=\"_blank\" rel=\"noopener noreferrer\">Listado de associados en pdf<\/a><\/li>\n<\/ul>\n<\/li>\n<\/ul>\n<p>[\/vc_column_text][\/vc_column_inner][\/vc_row_inner][\/vc_column][\/vc_row][vc_row][vc_column]\n<div id=\"ersspace-3\"><\/div><style type=\"text\/css\">#ersspace-3 { height: 80px; }<\/style>[\/vc_column][\/vc_row]<\/p>\n<\/div>","protected":false},"excerpt":{"rendered":"<p>[vc_row full_width=&#8221;stretch_row_content_no_spaces&#8221; css=&#8221;.vc_custom_1510131529958{background-image: url(http:\/\/consorcioserrano.es\/wp-content\/uploads\/2017\/11\/area-profesionales-consorcio-jamon-serrano.jpg?id=2905) !important;background-position: center !important;background-repeat: no-repeat !important;background-size: cover !important;}&#8221;][vc_column][\/vc_column][\/vc_row][vc_row el_class=&#8221;column-special-one&#8221;][vc_column width=&#8221;2\/3&#8243; el_class=&#8221;panel-special-content&#8221;][vc_row_inner][vc_column_inner][vc_column_text el_class=&#8221;vc_quote_consorcio&#8221;] \u00c1rea profissional \u00a0 [\/vc_column_text][\/vc_column_inner][\/vc_row_inner][vc_row_inner][vc_column_inner][vc_column_text] Para importadores e distribuidores [\/vc_column_text][\/vc_column_inner][\/vc_row_inner][vc_row_inner][vc_column_inner width=&#8221;1\/2&#8243;][vc_column_text]O Consorcio<span class=\"excerpt-hellip\"> [\u2026]<\/span><\/p>\n","protected":false},"author":1,"featured_media":0,"parent":0,"menu_order":0,"comment_status":"closed","ping_status":"closed","template":"","meta":{"_acf_changed":false,"footnotes":""},"class_list":["post-11939","page","type-page","status-publish","hentry","sections_group lang-pt-pt"],"yoast_head":"<!-- This site is optimized with the Yoast SEO plugin v27.2 - https:\/\/yoast.com\/product\/yoast-seo-wordpress\/ -->\n<title>\u00c1rea profissional - Consorcio Jam\u00f3n Serrano Espanhol<\/title>\n<meta name=\"description\" content=\"Informa\u00e7\u00e3o para profissionais do setor de presunto: distribuidores, produtores, atacadistas ou varejistas. Aprenda tudo sobre o presunto serrano\" \/>\n<meta name=\"robots\" content=\"index, follow, max-snippet:-1, max-image-preview:large, max-video-preview:-1\" \/>\n<link rel=\"canonical\" href=\"https:\/\/consorcioserrano.es\/pt-pt\/area-profissional\/\" \/>\n<meta property=\"og:locale\" content=\"pt_PT\" \/>\n<meta property=\"og:type\" content=\"article\" \/>\n<meta property=\"og:title\" content=\"\u00c1rea profissional - Consorcio Jam\u00f3n Serrano Espanhol\" \/>\n<meta property=\"og:description\" content=\"Informa\u00e7\u00e3o para profissionais do setor de presunto: distribuidores, produtores, atacadistas ou varejistas. Aprenda tudo sobre o presunto serrano\" \/>\n<meta property=\"og:url\" content=\"https:\/\/consorcioserrano.es\/pt-pt\/area-profissional\/\" \/>\n<meta property=\"og:site_name\" content=\"Consorcio del Jam\u00f3n Serrano Espa\u00f1ol\" \/>\n<meta property=\"article:modified_time\" content=\"2024-02-20T14:35:33+00:00\" \/>\n<meta property=\"og:image\" content=\"http:\/\/consorcioserrano.es\/wp-content\/uploads\/2017\/11\/social-consorcio-serrano.jpg\" \/>\n<meta name=\"twitter:card\" content=\"summary_large_image\" \/>\n<meta name=\"twitter:label1\" content=\"Tempo estimado de leitura\" \/>\n\t<meta name=\"twitter:data1\" content=\"4 minutos\" \/>\n<script type=\"application\/ld+json\" class=\"yoast-schema-graph\">{\"@context\":\"https:\/\/schema.org\",\"@graph\":[{\"@type\":\"WebPage\",\"@id\":\"https:\/\/consorcioserrano.es\/pt-pt\/area-profissional\/\",\"url\":\"https:\/\/consorcioserrano.es\/pt-pt\/area-profissional\/\",\"name\":\"\u00c1rea profissional - Consorcio Jam\u00f3n Serrano Espanhol\",\"isPartOf\":{\"@id\":\"https:\/\/consorcioserrano.es\/#website\"},\"primaryImageOfPage\":{\"@id\":\"https:\/\/consorcioserrano.es\/pt-pt\/area-profissional\/#primaryimage\"},\"image\":{\"@id\":\"https:\/\/consorcioserrano.es\/pt-pt\/area-profissional\/#primaryimage\"},\"thumbnailUrl\":\"http:\/\/consorcioserrano.es\/wp-content\/uploads\/2017\/10\/comillas-abrir-1.png\",\"datePublished\":\"2017-11-02T13:19:51+00:00\",\"dateModified\":\"2024-02-20T14:35:33+00:00\",\"description\":\"Informa\u00e7\u00e3o para profissionais do setor de presunto: distribuidores, produtores, atacadistas ou varejistas. Aprenda tudo sobre o presunto serrano\",\"breadcrumb\":{\"@id\":\"https:\/\/consorcioserrano.es\/pt-pt\/area-profissional\/#breadcrumb\"},\"inLanguage\":\"pt-PT\",\"potentialAction\":[{\"@type\":\"ReadAction\",\"target\":[\"https:\/\/consorcioserrano.es\/pt-pt\/area-profissional\/\"]}]},{\"@type\":\"ImageObject\",\"inLanguage\":\"pt-PT\",\"@id\":\"https:\/\/consorcioserrano.es\/pt-pt\/area-profissional\/#primaryimage\",\"url\":\"http:\/\/consorcioserrano.es\/wp-content\/uploads\/2017\/10\/comillas-abrir-1.png\",\"contentUrl\":\"http:\/\/consorcioserrano.es\/wp-content\/uploads\/2017\/10\/comillas-abrir-1.png\"},{\"@type\":\"BreadcrumbList\",\"@id\":\"https:\/\/consorcioserrano.es\/pt-pt\/area-profissional\/#breadcrumb\",\"itemListElement\":[{\"@type\":\"ListItem\",\"position\":1,\"name\":\"Portada\",\"item\":\"https:\/\/consorcioserrano.es\/pt-pt\/inicio\/\"},{\"@type\":\"ListItem\",\"position\":2,\"name\":\"\u00c1rea profissional\"}]},{\"@type\":\"WebSite\",\"@id\":\"https:\/\/consorcioserrano.es\/#website\",\"url\":\"https:\/\/consorcioserrano.es\/\",\"name\":\"Consorcio del Jam\u00f3n Serrano Espa\u00f1ol\",\"description\":\"O Consorcio del Jam\u00f3n Serrano Espanhol garante o melhor presunto serrano tradicional: 100% presunto serrano espanhol selecionado \u00e0 m\u00e3o, pe\u00e7a por pe\u00e7a.\",\"potentialAction\":[{\"@type\":\"SearchAction\",\"target\":{\"@type\":\"EntryPoint\",\"urlTemplate\":\"https:\/\/consorcioserrano.es\/?s={search_term_string}\"},\"query-input\":{\"@type\":\"PropertyValueSpecification\",\"valueRequired\":true,\"valueName\":\"search_term_string\"}}],\"inLanguage\":\"pt-PT\"}]}<\/script>\n<!-- \/ Yoast SEO plugin. -->","yoast_head_json":{"title":"\u00c1rea profissional - Consorcio Jam\u00f3n Serrano Espanhol","description":"Informa\u00e7\u00e3o para profissionais do setor de presunto: distribuidores, produtores, atacadistas ou varejistas. Aprenda tudo sobre o presunto serrano","robots":{"index":"index","follow":"follow","max-snippet":"max-snippet:-1","max-image-preview":"max-image-preview:large","max-video-preview":"max-video-preview:-1"},"canonical":"https:\/\/consorcioserrano.es\/pt-pt\/area-profissional\/","og_locale":"pt_PT","og_type":"article","og_title":"\u00c1rea profissional - Consorcio Jam\u00f3n Serrano Espanhol","og_description":"Informa\u00e7\u00e3o para profissionais do setor de presunto: distribuidores, produtores, atacadistas ou varejistas. Aprenda tudo sobre o presunto serrano","og_url":"https:\/\/consorcioserrano.es\/pt-pt\/area-profissional\/","og_site_name":"Consorcio del Jam\u00f3n Serrano Espa\u00f1ol","article_modified_time":"2024-02-20T14:35:33+00:00","og_image":[{"url":"http:\/\/consorcioserrano.es\/wp-content\/uploads\/2017\/11\/social-consorcio-serrano.jpg","type":"","width":"","height":""}],"twitter_card":"summary_large_image","twitter_misc":{"Tempo estimado de leitura":"4 minutos"},"schema":{"@context":"https:\/\/schema.org","@graph":[{"@type":"WebPage","@id":"https:\/\/consorcioserrano.es\/pt-pt\/area-profissional\/","url":"https:\/\/consorcioserrano.es\/pt-pt\/area-profissional\/","name":"\u00c1rea profissional - Consorcio Jam\u00f3n Serrano Espanhol","isPartOf":{"@id":"https:\/\/consorcioserrano.es\/#website"},"primaryImageOfPage":{"@id":"https:\/\/consorcioserrano.es\/pt-pt\/area-profissional\/#primaryimage"},"image":{"@id":"https:\/\/consorcioserrano.es\/pt-pt\/area-profissional\/#primaryimage"},"thumbnailUrl":"http:\/\/consorcioserrano.es\/wp-content\/uploads\/2017\/10\/comillas-abrir-1.png","datePublished":"2017-11-02T13:19:51+00:00","dateModified":"2024-02-20T14:35:33+00:00","description":"Informa\u00e7\u00e3o para profissionais do setor de presunto: distribuidores, produtores, atacadistas ou varejistas. Aprenda tudo sobre o presunto serrano","breadcrumb":{"@id":"https:\/\/consorcioserrano.es\/pt-pt\/area-profissional\/#breadcrumb"},"inLanguage":"pt-PT","potentialAction":[{"@type":"ReadAction","target":["https:\/\/consorcioserrano.es\/pt-pt\/area-profissional\/"]}]},{"@type":"ImageObject","inLanguage":"pt-PT","@id":"https:\/\/consorcioserrano.es\/pt-pt\/area-profissional\/#primaryimage","url":"http:\/\/consorcioserrano.es\/wp-content\/uploads\/2017\/10\/comillas-abrir-1.png","contentUrl":"http:\/\/consorcioserrano.es\/wp-content\/uploads\/2017\/10\/comillas-abrir-1.png"},{"@type":"BreadcrumbList","@id":"https:\/\/consorcioserrano.es\/pt-pt\/area-profissional\/#breadcrumb","itemListElement":[{"@type":"ListItem","position":1,"name":"Portada","item":"https:\/\/consorcioserrano.es\/pt-pt\/inicio\/"},{"@type":"ListItem","position":2,"name":"\u00c1rea profissional"}]},{"@type":"WebSite","@id":"https:\/\/consorcioserrano.es\/#website","url":"https:\/\/consorcioserrano.es\/","name":"Consorcio del Jam\u00f3n Serrano Espa\u00f1ol","description":"O Consorcio del Jam\u00f3n Serrano Espanhol garante o melhor presunto serrano tradicional: 100% presunto serrano espanhol selecionado \u00e0 m\u00e3o, pe\u00e7a por pe\u00e7a.","potentialAction":[{"@type":"SearchAction","target":{"@type":"EntryPoint","urlTemplate":"https:\/\/consorcioserrano.es\/?s={search_term_string}"},"query-input":{"@type":"PropertyValueSpecification","valueRequired":true,"valueName":"search_term_string"}}],"inLanguage":"pt-PT"}]}},"acf":[],"_links":{"self":[{"href":"https:\/\/consorcioserrano.es\/pt-pt\/wp-json\/wp\/v2\/pages\/11939","targetHints":{"allow":["GET"]}}],"collection":[{"href":"https:\/\/consorcioserrano.es\/pt-pt\/wp-json\/wp\/v2\/pages"}],"about":[{"href":"https:\/\/consorcioserrano.es\/pt-pt\/wp-json\/wp\/v2\/types\/page"}],"author":[{"embeddable":true,"href":"https:\/\/consorcioserrano.es\/pt-pt\/wp-json\/wp\/v2\/users\/1"}],"replies":[{"embeddable":true,"href":"https:\/\/consorcioserrano.es\/pt-pt\/wp-json\/wp\/v2\/comments?post=11939"}],"version-history":[{"count":3,"href":"https:\/\/consorcioserrano.es\/pt-pt\/wp-json\/wp\/v2\/pages\/11939\/revisions"}],"predecessor-version":[{"id":12515,"href":"https:\/\/consorcioserrano.es\/pt-pt\/wp-json\/wp\/v2\/pages\/11939\/revisions\/12515"}],"wp:attachment":[{"href":"https:\/\/consorcioserrano.es\/pt-pt\/wp-json\/wp\/v2\/media?parent=11939"}],"curies":[{"name":"wp","href":"https:\/\/api.w.org\/{rel}","templated":true}]}}