{"id":12059,"date":"2017-11-07T10:20:28","date_gmt":"2017-11-07T08:20:28","guid":{"rendered":"https:\/\/consorcioserrano.es\/ferias-y-eventos-pasados\/"},"modified":"2024-02-20T15:36:37","modified_gmt":"2024-02-20T14:36:37","slug":"ferias-y-eventos-pasados","status":"publish","type":"page","link":"https:\/\/consorcioserrano.es\/pt-pt\/ferias-y-eventos-pasados\/","title":{"rendered":"Feiras e eventos anteriores"},"content":{"rendered":"<div class=\"wpb-content-wrapper\"><p>[vc_row][vc_column width=&#8221;2\/3&#8243;][vc_column_text el_class=&#8221;vc_quote_consorcio&#8221;]<\/p>\n<div class=\"vc_quote_consorcio_icon\"><img loading=\"lazy\" decoding=\"async\" class=\"alignnone size-full wp-image-1101\" src=\"http:\/\/consorcioserrano.es\/wp-content\/uploads\/2017\/10\/comillas-abrir-1.png\" alt=\"\" width=\"59\" height=\"53\" srcset=\"https:\/\/consorcioserrano.es\/wp-content\/uploads\/2017\/10\/comillas-abrir-1.png 59w, https:\/\/consorcioserrano.es\/wp-content\/uploads\/2017\/10\/comillas-abrir-1-50x45.png 50w\" sizes=\"auto, (max-width:767px) 59px, 59px\" \/><\/div>\n<div class=\"vc_quote_consorcio_content\">\n<h1><strong>Ferias y Eventos <\/strong> pasados<img loading=\"lazy\" decoding=\"async\" class=\"alignnone size-full wp-image-1100\" src=\"http:\/\/consorcioserrano.es\/wp-content\/uploads\/2017\/10\/comillas-cerrar-1.png\" alt=\"\" width=\"59\" height=\"53\" srcset=\"https:\/\/consorcioserrano.es\/wp-content\/uploads\/2017\/10\/comillas-cerrar-1.png 59w, https:\/\/consorcioserrano.es\/wp-content\/uploads\/2017\/10\/comillas-cerrar-1-50x45.png 50w\" sizes=\"auto, (max-width:767px) 59px, 59px\" \/><\/h1>\n<\/div>\n<p>[\/vc_column_text]\n<div id=\"ersspace-1\"><\/div><style type=\"text\/css\">#ersspace-1 { height: 40px; }<\/style>[\/vc_column][vc_column width=&#8221;1\/3&#8243;][\/vc_column][\/vc_row][vc_row el_class=&#8221;column-border-left-red&#8221;][vc_column][vc_column_text]<form autocomplete=\"off\" name=\"wpv-filter-2518\" action=\"\/pt-pt\/wp-json\/wp\/v2\/pages\/12059?wpv_view_count=2518\" method=\"get\" class=\"wpv-filter-form js-wpv-filter-form js-wpv-filter-form-2518 js-wpv-form-full\" data-viewnumber=\"2518\" data-viewid=\"2518\" data-viewhash=\"eyJuYW1lIjoidG9kb3MtbG9zLWV2ZW50b3MtcGFzYWRvcyJ9\" data-viewwidgetid=\"0\" data-orderby=\"\" data-order=\"\" data-orderbyas=\"\" data-orderbysecond=\"\" data-ordersecond=\"\" data-parametric=\"{&quot;query&quot;:&quot;normal&quot;,&quot;id&quot;:2518,&quot;view_id&quot;:2518,&quot;widget_id&quot;:0,&quot;view_hash&quot;:&quot;2518&quot;,&quot;action&quot;:&quot;\\\/pt-pt\\\/wp-json\\\/wp\\\/v2\\\/pages\\\/12059?wpv_view_count=2518&quot;,&quot;sort&quot;:{&quot;orderby&quot;:&quot;&quot;,&quot;order&quot;:&quot;&quot;,&quot;orderby_as&quot;:&quot;&quot;,&quot;orderby_second&quot;:&quot;&quot;,&quot;order_second&quot;:&quot;&quot;},&quot;orderby&quot;:&quot;&quot;,&quot;order&quot;:&quot;&quot;,&quot;orderby_as&quot;:&quot;&quot;,&quot;orderby_second&quot;:&quot;&quot;,&quot;order_second&quot;:&quot;&quot;,&quot;ajax_form&quot;:&quot;&quot;,&quot;ajax_results&quot;:&quot;&quot;,&quot;effect&quot;:&quot;fade&quot;,&quot;prebefore&quot;:&quot;&quot;,&quot;before&quot;:&quot;&quot;,&quot;after&quot;:&quot;&quot;,&quot;attributes&quot;:[],&quot;environment&quot;:{&quot;current_post_id&quot;:12059,&quot;parent_post_id&quot;:12059,&quot;parent_term_id&quot;:0,&quot;parent_user_id&quot;:0,&quot;archive&quot;:{&quot;type&quot;:&quot;&quot;,&quot;name&quot;:&quot;&quot;,&quot;data&quot;:[]}},&quot;loop&quot;:{&quot;type&quot;:&quot;&quot;,&quot;name&quot;:&quot;&quot;,&quot;data&quot;:[],&quot;id&quot;:0}}\" data-attributes=\"[]\" data-environment=\"{&quot;current_post_id&quot;:12059,&quot;parent_post_id&quot;:12059,&quot;parent_term_id&quot;:0,&quot;parent_user_id&quot;:0,&quot;archive&quot;:{&quot;type&quot;:&quot;&quot;,&quot;name&quot;:&quot;&quot;,&quot;data&quot;:[]}}\"><input type=\"hidden\" class=\"js-wpv-dps-filter-data js-wpv-filter-data-for-this-form\" data-action=\"\/pt-pt\/wp-json\/wp\/v2\/pages\/12059?wpv_view_count=2518\" data-page=\"1\" data-ajax=\"disable\" data-effect=\"fade\" data-maxpages=\"3\" data-ajaxprebefore=\"\" data-ajaxbefore=\"\" data-ajaxafter=\"\" \/><input class=\"wpv_view_count wpv_view_count-2518\" type=\"hidden\" name=\"wpv_view_count\" value=\"2518\" \/>\n\n<\/form>\n<div id=\"wpv-view-layout-2518\" class=\"js-wpv-view-layout js-wpv-layout-responsive js-wpv-view-layout-2518 wpv-pagination js-wpv-layout-has-pagination wpv-pagination-preload-images js-wpv-layout-preload-images wpv-pagination-preload-pages js-wpv-layout-preload-pages\" style=\"visibility:hidden;\" data-viewnumber=\"2518\" data-pagination=\"{&quot;id&quot;:2518,&quot;query&quot;:&quot;normal&quot;,&quot;type&quot;:&quot;ajaxed&quot;,&quot;effect&quot;:&quot;fade&quot;,&quot;duration&quot;:500,&quot;speed&quot;:5,&quot;pause_on_hover&quot;:&quot;disabled&quot;,&quot;stop_rollover&quot;:&quot;false&quot;,&quot;cache_pages&quot;:&quot;enabled&quot;,&quot;preload_images&quot;:&quot;enabled&quot;,&quot;preload_pages&quot;:&quot;enabled&quot;,&quot;preload_reach&quot;:1,&quot;spinner&quot;:&quot;builtin&quot;,&quot;spinner_image&quot;:&quot;https:\/\/consorcioserrano.es\/wp-content\/plugins\/types-views\/embedded\/res\/img\/ajax-loader.gif&quot;,&quot;callback_next&quot;:&quot;&quot;,&quot;manage_history&quot;:&quot;enabled&quot;,&quot;has_controls_in_form&quot;:&quot;disabled&quot;,&quot;infinite_tolerance&quot;:0,&quot;max_pages&quot;:3,&quot;page&quot;:1,&quot;base_permalink&quot;:&quot;\/pt-pt\/wp-json\/wp\/v2\/pages\/12059?wpv_view_count=2518&amp;wpv_paged=WPV_PAGE_NUM&quot;,&quot;loop&quot;:{&quot;type&quot;:&quot;&quot;,&quot;name&quot;:&quot;&quot;,&quot;data&quot;:[],&quot;id&quot;:0}}\" data-permalink=\"\/pt-pt\/wp-json\/wp\/v2\/pages\/12059?wpv_view_count=2518\">\n\n\t\n\t\n\t\n\t\t\n\t\t<div class=\"vc_row \">\n\t\t\t<div class=\"vc_col-sm-4\"><div class=\"vc_recipe\">\n  <div class=\"vc_recipe-image\">\n    <a href=\"https:\/\/consorcioserrano.es\/pt-pt\/evento\/sial-shangai-2024\/\"><img loading=\"lazy\" decoding=\"async\" width=\"680\" height=\"383\" src=\"https:\/\/consorcioserrano.es\/wp-content\/uploads\/2024\/08\/SIAL-Shangai-2024.jpg\" class=\"attachment-full size-full img-responsive wp-post-image\" alt=\"Sial Shangai 2024\" srcset=\"https:\/\/consorcioserrano.es\/wp-content\/uploads\/2024\/08\/SIAL-Shangai-2024.jpg 680w, https:\/\/consorcioserrano.es\/wp-content\/uploads\/2024\/08\/SIAL-Shangai-2024-300x169.jpg 300w, https:\/\/consorcioserrano.es\/wp-content\/uploads\/2024\/08\/SIAL-Shangai-2024-260x146.jpg 260w, https:\/\/consorcioserrano.es\/wp-content\/uploads\/2024\/08\/SIAL-Shangai-2024-50x28.jpg 50w, https:\/\/consorcioserrano.es\/wp-content\/uploads\/2024\/08\/SIAL-Shangai-2024-133x75.jpg 133w\" sizes=\"auto, (max-width:767px) 480px, 680px\" \/><\/a>\n  <\/div>\n  <div class=\"vc_recipe-link\">\n    <h3><a href=\"https:\/\/consorcioserrano.es\/pt-pt\/evento\/sial-shangai-2024\/\">SIAL-SHANGAI 2024<\/a><\/h3>\n  <\/div>\n  <div class=\"vc_recipe-link\">\n    <p>28 de Maio, 2024 &#8211; 30 de Maio, 2024 <\/p>\n  <\/div>\n  <div class=\"vc_recipe-link\">\n    <p><em>Shanghai New International Expo Center<\/em><\/p>\n  <\/div>\n \n<\/div><\/div>\n\t\t\n\t\t\n\t\t\t<div class=\"vc_col-sm-4\"><div class=\"vc_recipe\">\n  <div class=\"vc_recipe-image\">\n    <a href=\"https:\/\/consorcioserrano.es\/pt-pt\/evento\/ife-londres-2024\/\"><img loading=\"lazy\" decoding=\"async\" width=\"839\" height=\"738\" src=\"https:\/\/consorcioserrano.es\/wp-content\/uploads\/2024\/08\/IFE-colour-dates-tall@2x.png\" class=\"attachment-full size-full img-responsive wp-post-image\" alt=\"IFE Lonodon 2024\" srcset=\"https:\/\/consorcioserrano.es\/wp-content\/uploads\/2024\/08\/IFE-colour-dates-tall@2x.png 839w, https:\/\/consorcioserrano.es\/wp-content\/uploads\/2024\/08\/IFE-colour-dates-tall@2x-300x264.png 300w, https:\/\/consorcioserrano.es\/wp-content\/uploads\/2024\/08\/IFE-colour-dates-tall@2x-768x676.png 768w, https:\/\/consorcioserrano.es\/wp-content\/uploads\/2024\/08\/IFE-colour-dates-tall@2x-166x146.png 166w, https:\/\/consorcioserrano.es\/wp-content\/uploads\/2024\/08\/IFE-colour-dates-tall@2x-50x44.png 50w, https:\/\/consorcioserrano.es\/wp-content\/uploads\/2024\/08\/IFE-colour-dates-tall@2x-85x75.png 85w\" sizes=\"auto, (max-width:767px) 480px, (max-width:839px) 100vw, 839px\" \/><\/a>\n  <\/div>\n  <div class=\"vc_recipe-link\">\n    <h3><a href=\"https:\/\/consorcioserrano.es\/pt-pt\/evento\/ife-londres-2024\/\">IFE-Londres 2024<\/a><\/h3>\n  <\/div>\n  <div class=\"vc_recipe-link\">\n    <p>25 de Mar\u00e7o, 2024 &#8211; 27 de Mar\u00e7o, 2024 <\/p>\n  <\/div>\n  <div class=\"vc_recipe-link\">\n    <p>ExCeL London, Royal Victoria Dock<\/p>\n  <\/div>\n \n<\/div><\/div>\n\t\t\n\t\t\n\t\t\t<div class=\"vc_col-sm-4\"><div class=\"vc_recipe\">\n  <div class=\"vc_recipe-image\">\n    <a href=\"https:\/\/consorcioserrano.es\/pt-pt\/evento\/anuga-colonia-2023-2\/\"><img loading=\"lazy\" decoding=\"async\" width=\"900\" height=\"519\" src=\"https:\/\/consorcioserrano.es\/wp-content\/uploads\/2024\/08\/ANUGA-37-stand.jpg\" class=\"attachment-full size-full img-responsive wp-post-image\" alt=\"Anuga Stand 2023\" srcset=\"https:\/\/consorcioserrano.es\/wp-content\/uploads\/2024\/08\/ANUGA-37-stand.jpg 900w, https:\/\/consorcioserrano.es\/wp-content\/uploads\/2024\/08\/ANUGA-37-stand-300x173.jpg 300w, https:\/\/consorcioserrano.es\/wp-content\/uploads\/2024\/08\/ANUGA-37-stand-768x443.jpg 768w, https:\/\/consorcioserrano.es\/wp-content\/uploads\/2024\/08\/ANUGA-37-stand-253x146.jpg 253w, https:\/\/consorcioserrano.es\/wp-content\/uploads\/2024\/08\/ANUGA-37-stand-50x29.jpg 50w, https:\/\/consorcioserrano.es\/wp-content\/uploads\/2024\/08\/ANUGA-37-stand-130x75.jpg 130w\" sizes=\"auto, (max-width:767px) 480px, (max-width:900px) 100vw, 900px\" \/><\/a>\n  <\/div>\n  <div class=\"vc_recipe-link\">\n    <h3><a href=\"https:\/\/consorcioserrano.es\/pt-pt\/evento\/anuga-colonia-2023-2\/\">ANUGA &#8211; Col\u00f4nia 2023<\/a><\/h3>\n  <\/div>\n  <div class=\"vc_recipe-link\">\n    <p>7 de Outubro, 2023 &#8211; 11 de Outubro, 2023 <\/p>\n  <\/div>\n  <div class=\"vc_recipe-link\">\n    <p>Koelnmesse GmbH Messeplatz 1<\/p>\n  <\/div>\n \n<\/div><\/div>\n\t\t<\/div>\n\t\t\n\t\t\n\t\t<div class=\"vc_row \">\n\t\t\t<div class=\"vc_col-sm-4\"><div class=\"vc_recipe\">\n  <div class=\"vc_recipe-image\">\n    <a href=\"https:\/\/consorcioserrano.es\/pt-pt\/evento\/sial-paris-2018\/\"><img loading=\"lazy\" decoding=\"async\" width=\"800\" height=\"500\" src=\"https:\/\/consorcioserrano.es\/wp-content\/uploads\/2017\/11\/sial-2017.jpg\" class=\"attachment-full size-full img-responsive wp-post-image\" alt=\"\" srcset=\"https:\/\/consorcioserrano.es\/wp-content\/uploads\/2017\/11\/sial-2017.jpg 800w, https:\/\/consorcioserrano.es\/wp-content\/uploads\/2017\/11\/sial-2017-300x188.jpg 300w, https:\/\/consorcioserrano.es\/wp-content\/uploads\/2017\/11\/sial-2017-768x480.jpg 768w, https:\/\/consorcioserrano.es\/wp-content\/uploads\/2017\/11\/sial-2017-234x146.jpg 234w, https:\/\/consorcioserrano.es\/wp-content\/uploads\/2017\/11\/sial-2017-50x31.jpg 50w, https:\/\/consorcioserrano.es\/wp-content\/uploads\/2017\/11\/sial-2017-120x75.jpg 120w\" sizes=\"auto, (max-width:767px) 480px, (max-width:800px) 100vw, 800px\" \/><\/a>\n  <\/div>\n  <div class=\"vc_recipe-link\">\n    <h3><a href=\"https:\/\/consorcioserrano.es\/pt-pt\/evento\/sial-paris-2018\/\">SIAL-PARIS 2018<\/a><\/h3>\n  <\/div>\n  <div class=\"vc_recipe-link\">\n    <p>21 de Outubro, 2018 &#8211; 25 de Outubro, 2018 <\/p>\n  <\/div>\n  <div class=\"vc_recipe-link\">\n    <p>Parc des Expositions de Paris-Nord Villepinte<\/p>\n  <\/div>\n \n<\/div><\/div>\n\t\t\n\t\t\n\t\t\t<div class=\"vc_col-sm-4\"><div class=\"vc_recipe\">\n  <div class=\"vc_recipe-image\">\n    <a href=\"https:\/\/consorcioserrano.es\/pt-pt\/evento\/alimentaria-2018\/\"><img loading=\"lazy\" decoding=\"async\" width=\"800\" height=\"500\" src=\"https:\/\/consorcioserrano.es\/wp-content\/uploads\/2017\/11\/Alimentaria-2018.jpg\" class=\"attachment-full size-full img-responsive wp-post-image\" alt=\"\" srcset=\"https:\/\/consorcioserrano.es\/wp-content\/uploads\/2017\/11\/Alimentaria-2018.jpg 800w, https:\/\/consorcioserrano.es\/wp-content\/uploads\/2017\/11\/Alimentaria-2018-300x188.jpg 300w, https:\/\/consorcioserrano.es\/wp-content\/uploads\/2017\/11\/Alimentaria-2018-768x480.jpg 768w, https:\/\/consorcioserrano.es\/wp-content\/uploads\/2017\/11\/Alimentaria-2018-234x146.jpg 234w, https:\/\/consorcioserrano.es\/wp-content\/uploads\/2017\/11\/Alimentaria-2018-50x31.jpg 50w, https:\/\/consorcioserrano.es\/wp-content\/uploads\/2017\/11\/Alimentaria-2018-120x75.jpg 120w\" sizes=\"auto, (max-width:767px) 480px, (max-width:800px) 100vw, 800px\" \/><\/a>\n  <\/div>\n  <div class=\"vc_recipe-link\">\n    <h3><a href=\"https:\/\/consorcioserrano.es\/pt-pt\/evento\/alimentaria-2018\/\">Alimentaria 2018<\/a><\/h3>\n  <\/div>\n  <div class=\"vc_recipe-link\">\n    <p>16 de Abril, 2018 &#8211; 19 de Abril, 2018 <\/p>\n  <\/div>\n  <div class=\"vc_recipe-link\">\n    <p>Recinto Gran V\u00eda &#8211; Barcelona<\/p>\n  <\/div>\n \n<\/div><\/div>\n\t\t\n\t\t\n\t\t\t<div class=\"vc_col-sm-4\"><div class=\"vc_recipe\">\n  <div class=\"vc_recipe-image\">\n    <a href=\"https:\/\/consorcioserrano.es\/pt-pt\/evento\/dia-mundial-do-tapa-na-europa-e-america\/\"><img loading=\"lazy\" decoding=\"async\" width=\"800\" height=\"500\" src=\"https:\/\/consorcioserrano.es\/wp-content\/uploads\/2017\/11\/dia-mundial-de-la-tapa.jpg\" class=\"attachment-full size-full img-responsive wp-post-image\" alt=\"\" srcset=\"https:\/\/consorcioserrano.es\/wp-content\/uploads\/2017\/11\/dia-mundial-de-la-tapa.jpg 800w, https:\/\/consorcioserrano.es\/wp-content\/uploads\/2017\/11\/dia-mundial-de-la-tapa-300x188.jpg 300w, https:\/\/consorcioserrano.es\/wp-content\/uploads\/2017\/11\/dia-mundial-de-la-tapa-768x480.jpg 768w, https:\/\/consorcioserrano.es\/wp-content\/uploads\/2017\/11\/dia-mundial-de-la-tapa-234x146.jpg 234w, https:\/\/consorcioserrano.es\/wp-content\/uploads\/2017\/11\/dia-mundial-de-la-tapa-50x31.jpg 50w, https:\/\/consorcioserrano.es\/wp-content\/uploads\/2017\/11\/dia-mundial-de-la-tapa-120x75.jpg 120w\" sizes=\"auto, (max-width:767px) 480px, (max-width:800px) 100vw, 800px\" \/><\/a>\n  <\/div>\n  <div class=\"vc_recipe-link\">\n    <h3><a href=\"https:\/\/consorcioserrano.es\/pt-pt\/evento\/dia-mundial-do-tapa-na-europa-e-america\/\">D\u00eda Mundial do Tapa na Europa e Am\u00e9rica<\/a><\/h3>\n  <\/div>\n  <div class=\"vc_recipe-link\">\n    <p>15 de Junho, 2017 &#8211;  <\/p>\n  <\/div>\n  <div class=\"vc_recipe-link\">\n    <p>Alemania, Francia, Suecia, Noruega, M\u00e9xico, Argentina.<\/p>\n  <\/div>\n \n<\/div><\/div>\n\t\t<\/div>\n\t\t\n\t\n\t\n\n\t\t<div class=\"vc_row \">\n         <div class=\"vc_col-sm-12\">\n          <div class=\"vc_recipe_pagination\"> \n          \t\t<ul class=\"wpv-pagination-nav-links-container js-wpv-pagination-nav-links-container pagination\"><li class=\"wpv-pagination-nav-links-item js-wpv-pagination-nav-links-item page-item wpv-page-link-2518-1 js-wpv-page-link-2518-1 wpv_page_current wpv-pagination-nav-links-item-current active\"><span class=\"wpv-filter-pagination-link page-link\">1<\/span><\/li><li class=\"wpv-pagination-nav-links-item js-wpv-pagination-nav-links-item page-item wpv-page-link-2518-2 js-wpv-page-link-2518-2\"><a class=\"wpv-filter-pagination-link js-wpv-pagination-link page-link\" title=\"2\" href=\"\/pt-pt\/wp-json\/wp\/v2\/pages\/12059?wpv_view_count=2518&#038;wpv_paged=2\" data-viewnumber=\"2518\" data-page=\"2\">2<\/a><\/li><li class=\"wpv-pagination-nav-links-item js-wpv-pagination-nav-links-item page-item wpv-page-link-2518-3 js-wpv-page-link-2518-3\"><a class=\"wpv-filter-pagination-link js-wpv-pagination-link page-link\" title=\"3\" href=\"\/pt-pt\/wp-json\/wp\/v2\/pages\/12059?wpv_view_count=2518&#038;wpv_paged=3\" data-viewnumber=\"2518\" data-page=\"3\">3<\/a><\/li><\/ul>\n           <\/div>\n         <\/div>\n\t\t<\/div>\n\n\t\n<\/div>\n[\/vc_column_text][\/vc_column][\/vc_row]<\/p>\n<\/div>","protected":false},"excerpt":{"rendered":"<p>[vc_row][vc_column width=&#8221;2\/3&#8243;][vc_column_text el_class=&#8221;vc_quote_consorcio&#8221;] Ferias y Eventos pasados [\/vc_column_text][\/vc_column][vc_column width=&#8221;1\/3&#8243;][\/vc_column][\/vc_row][vc_row el_class=&#8221;column-border-left-red&#8221;][vc_column][vc_column_text][\/vc_column_text][\/vc_column][\/vc_row]<\/p>\n","protected":false},"author":1,"featured_media":0,"parent":0,"menu_order":0,"comment_status":"closed","ping_status":"closed","template":"","meta":{"_acf_changed":false,"footnotes":""},"class_list":["post-12059","page","type-page","status-publish","hentry","sections_group lang-pt-pt"],"yoast_head":"<!-- This site is optimized with the Yoast SEO plugin v27.2 - https:\/\/yoast.com\/product\/yoast-seo-wordpress\/ -->\n<title>Feiras e eventos anteriores - Cons\u00f3rcio do Presunto Serrano Espanhol<\/title>\n<meta name=\"description\" content=\"Feiras e eventos nacionais e internacionais, nos quais esteve presente o Cons\u00f3rcio do Presunto Serrano Espanhol\" \/>\n<meta name=\"robots\" content=\"index, follow, max-snippet:-1, max-image-preview:large, max-video-preview:-1\" \/>\n<link rel=\"canonical\" href=\"https:\/\/consorcioserrano.es\/pt-pt\/ferias-y-eventos-pasados\/\" \/>\n<meta property=\"og:locale\" content=\"pt_PT\" \/>\n<meta property=\"og:type\" content=\"article\" \/>\n<meta property=\"og:title\" content=\"Feiras e eventos anteriores - Cons\u00f3rcio do Presunto Serrano Espanhol\" \/>\n<meta property=\"og:description\" content=\"Feiras e eventos nacionais e internacionais, nos quais esteve presente o Cons\u00f3rcio do Presunto Serrano Espanhol\" \/>\n<meta property=\"og:url\" content=\"https:\/\/consorcioserrano.es\/pt-pt\/ferias-y-eventos-pasados\/\" \/>\n<meta property=\"og:site_name\" content=\"Consorcio del Jam\u00f3n Serrano Espa\u00f1ol\" \/>\n<meta property=\"article:modified_time\" content=\"2024-02-20T14:36:37+00:00\" \/>\n<meta property=\"og:image\" content=\"http:\/\/consorcioserrano.es\/wp-content\/uploads\/2017\/10\/comillas-abrir-1.png\" \/>\n<meta name=\"twitter:card\" content=\"summary_large_image\" \/>\n<meta name=\"twitter:label1\" content=\"Tempo estimado de leitura\" \/>\n\t<meta name=\"twitter:data1\" content=\"1 minuto\" \/>\n<script type=\"application\/ld+json\" class=\"yoast-schema-graph\">{\"@context\":\"https:\/\/schema.org\",\"@graph\":[{\"@type\":\"WebPage\",\"@id\":\"https:\/\/consorcioserrano.es\/pt-pt\/ferias-y-eventos-pasados\/\",\"url\":\"https:\/\/consorcioserrano.es\/pt-pt\/ferias-y-eventos-pasados\/\",\"name\":\"Feiras e eventos anteriores - Cons\u00f3rcio do Presunto Serrano Espanhol\",\"isPartOf\":{\"@id\":\"https:\/\/consorcioserrano.es\/#website\"},\"primaryImageOfPage\":{\"@id\":\"https:\/\/consorcioserrano.es\/pt-pt\/ferias-y-eventos-pasados\/#primaryimage\"},\"image\":{\"@id\":\"https:\/\/consorcioserrano.es\/pt-pt\/ferias-y-eventos-pasados\/#primaryimage\"},\"thumbnailUrl\":\"http:\/\/consorcioserrano.es\/wp-content\/uploads\/2017\/10\/comillas-abrir-1.png\",\"datePublished\":\"2017-11-07T08:20:28+00:00\",\"dateModified\":\"2024-02-20T14:36:37+00:00\",\"description\":\"Feiras e eventos nacionais e internacionais, nos quais esteve presente o Cons\u00f3rcio do Presunto Serrano Espanhol\",\"breadcrumb\":{\"@id\":\"https:\/\/consorcioserrano.es\/pt-pt\/ferias-y-eventos-pasados\/#breadcrumb\"},\"inLanguage\":\"pt-PT\",\"potentialAction\":[{\"@type\":\"ReadAction\",\"target\":[\"https:\/\/consorcioserrano.es\/pt-pt\/ferias-y-eventos-pasados\/\"]}]},{\"@type\":\"ImageObject\",\"inLanguage\":\"pt-PT\",\"@id\":\"https:\/\/consorcioserrano.es\/pt-pt\/ferias-y-eventos-pasados\/#primaryimage\",\"url\":\"http:\/\/consorcioserrano.es\/wp-content\/uploads\/2017\/10\/comillas-abrir-1.png\",\"contentUrl\":\"http:\/\/consorcioserrano.es\/wp-content\/uploads\/2017\/10\/comillas-abrir-1.png\"},{\"@type\":\"BreadcrumbList\",\"@id\":\"https:\/\/consorcioserrano.es\/pt-pt\/ferias-y-eventos-pasados\/#breadcrumb\",\"itemListElement\":[{\"@type\":\"ListItem\",\"position\":1,\"name\":\"Portada\",\"item\":\"https:\/\/consorcioserrano.es\/pt-pt\/inicio\/\"},{\"@type\":\"ListItem\",\"position\":2,\"name\":\"Feiras e eventos anteriores\"}]},{\"@type\":\"WebSite\",\"@id\":\"https:\/\/consorcioserrano.es\/#website\",\"url\":\"https:\/\/consorcioserrano.es\/\",\"name\":\"Consorcio del Jam\u00f3n Serrano Espa\u00f1ol\",\"description\":\"O Consorcio del Jam\u00f3n Serrano Espanhol garante o melhor presunto serrano tradicional: 100% presunto serrano espanhol selecionado \u00e0 m\u00e3o, pe\u00e7a por pe\u00e7a.\",\"potentialAction\":[{\"@type\":\"SearchAction\",\"target\":{\"@type\":\"EntryPoint\",\"urlTemplate\":\"https:\/\/consorcioserrano.es\/?s={search_term_string}\"},\"query-input\":{\"@type\":\"PropertyValueSpecification\",\"valueRequired\":true,\"valueName\":\"search_term_string\"}}],\"inLanguage\":\"pt-PT\"}]}<\/script>\n<!-- \/ Yoast SEO plugin. -->","yoast_head_json":{"title":"Feiras e eventos anteriores - Cons\u00f3rcio do Presunto Serrano Espanhol","description":"Feiras e eventos nacionais e internacionais, nos quais esteve presente o Cons\u00f3rcio do Presunto Serrano Espanhol","robots":{"index":"index","follow":"follow","max-snippet":"max-snippet:-1","max-image-preview":"max-image-preview:large","max-video-preview":"max-video-preview:-1"},"canonical":"https:\/\/consorcioserrano.es\/pt-pt\/ferias-y-eventos-pasados\/","og_locale":"pt_PT","og_type":"article","og_title":"Feiras e eventos anteriores - Cons\u00f3rcio do Presunto Serrano Espanhol","og_description":"Feiras e eventos nacionais e internacionais, nos quais esteve presente o Cons\u00f3rcio do Presunto Serrano Espanhol","og_url":"https:\/\/consorcioserrano.es\/pt-pt\/ferias-y-eventos-pasados\/","og_site_name":"Consorcio del Jam\u00f3n Serrano Espa\u00f1ol","article_modified_time":"2024-02-20T14:36:37+00:00","og_image":[{"url":"http:\/\/consorcioserrano.es\/wp-content\/uploads\/2017\/10\/comillas-abrir-1.png","type":"","width":"","height":""}],"twitter_card":"summary_large_image","twitter_misc":{"Tempo estimado de leitura":"1 minuto"},"schema":{"@context":"https:\/\/schema.org","@graph":[{"@type":"WebPage","@id":"https:\/\/consorcioserrano.es\/pt-pt\/ferias-y-eventos-pasados\/","url":"https:\/\/consorcioserrano.es\/pt-pt\/ferias-y-eventos-pasados\/","name":"Feiras e eventos anteriores - Cons\u00f3rcio do Presunto Serrano Espanhol","isPartOf":{"@id":"https:\/\/consorcioserrano.es\/#website"},"primaryImageOfPage":{"@id":"https:\/\/consorcioserrano.es\/pt-pt\/ferias-y-eventos-pasados\/#primaryimage"},"image":{"@id":"https:\/\/consorcioserrano.es\/pt-pt\/ferias-y-eventos-pasados\/#primaryimage"},"thumbnailUrl":"http:\/\/consorcioserrano.es\/wp-content\/uploads\/2017\/10\/comillas-abrir-1.png","datePublished":"2017-11-07T08:20:28+00:00","dateModified":"2024-02-20T14:36:37+00:00","description":"Feiras e eventos nacionais e internacionais, nos quais esteve presente o Cons\u00f3rcio do Presunto Serrano Espanhol","breadcrumb":{"@id":"https:\/\/consorcioserrano.es\/pt-pt\/ferias-y-eventos-pasados\/#breadcrumb"},"inLanguage":"pt-PT","potentialAction":[{"@type":"ReadAction","target":["https:\/\/consorcioserrano.es\/pt-pt\/ferias-y-eventos-pasados\/"]}]},{"@type":"ImageObject","inLanguage":"pt-PT","@id":"https:\/\/consorcioserrano.es\/pt-pt\/ferias-y-eventos-pasados\/#primaryimage","url":"http:\/\/consorcioserrano.es\/wp-content\/uploads\/2017\/10\/comillas-abrir-1.png","contentUrl":"http:\/\/consorcioserrano.es\/wp-content\/uploads\/2017\/10\/comillas-abrir-1.png"},{"@type":"BreadcrumbList","@id":"https:\/\/consorcioserrano.es\/pt-pt\/ferias-y-eventos-pasados\/#breadcrumb","itemListElement":[{"@type":"ListItem","position":1,"name":"Portada","item":"https:\/\/consorcioserrano.es\/pt-pt\/inicio\/"},{"@type":"ListItem","position":2,"name":"Feiras e eventos anteriores"}]},{"@type":"WebSite","@id":"https:\/\/consorcioserrano.es\/#website","url":"https:\/\/consorcioserrano.es\/","name":"Consorcio del Jam\u00f3n Serrano Espa\u00f1ol","description":"O Consorcio del Jam\u00f3n Serrano Espanhol garante o melhor presunto serrano tradicional: 100% presunto serrano espanhol selecionado \u00e0 m\u00e3o, pe\u00e7a por pe\u00e7a.","potentialAction":[{"@type":"SearchAction","target":{"@type":"EntryPoint","urlTemplate":"https:\/\/consorcioserrano.es\/?s={search_term_string}"},"query-input":{"@type":"PropertyValueSpecification","valueRequired":true,"valueName":"search_term_string"}}],"inLanguage":"pt-PT"}]}},"acf":[],"_links":{"self":[{"href":"https:\/\/consorcioserrano.es\/pt-pt\/wp-json\/wp\/v2\/pages\/12059","targetHints":{"allow":["GET"]}}],"collection":[{"href":"https:\/\/consorcioserrano.es\/pt-pt\/wp-json\/wp\/v2\/pages"}],"about":[{"href":"https:\/\/consorcioserrano.es\/pt-pt\/wp-json\/wp\/v2\/types\/page"}],"author":[{"embeddable":true,"href":"https:\/\/consorcioserrano.es\/pt-pt\/wp-json\/wp\/v2\/users\/1"}],"replies":[{"embeddable":true,"href":"https:\/\/consorcioserrano.es\/pt-pt\/wp-json\/wp\/v2\/comments?post=12059"}],"version-history":[{"count":3,"href":"https:\/\/consorcioserrano.es\/pt-pt\/wp-json\/wp\/v2\/pages\/12059\/revisions"}],"predecessor-version":[{"id":22927,"href":"https:\/\/consorcioserrano.es\/pt-pt\/wp-json\/wp\/v2\/pages\/12059\/revisions\/22927"}],"wp:attachment":[{"href":"https:\/\/consorcioserrano.es\/pt-pt\/wp-json\/wp\/v2\/media?parent=12059"}],"curies":[{"name":"wp","href":"https:\/\/api.w.org\/{rel}","templated":true}]}}