{"id":12191,"date":"2017-11-06T14:05:47","date_gmt":"2017-11-06T12:05:47","guid":{"rendered":"https:\/\/consorcioserrano.es\/quem-somos\/os-nossos-parceiros\/ramon-ventula-s-a\/"},"modified":"2025-11-27T17:34:41","modified_gmt":"2025-11-27T16:34:41","slug":"rafael-baro-s-a","status":"publish","type":"page","link":"https:\/\/consorcioserrano.es\/pt-pt\/quem-somos\/os-nossos-parceiros\/rafael-baro-s-a\/","title":{"rendered":"Rafael Bar\u00f3, S.A."},"content":{"rendered":"<div class=\"wpb-content-wrapper\"><p>[vc_row][vc_column width=&#8221;1\/2&#8243; el_class=&#8221;panel-special-content&#8221;][vc_column_text css=&#8221;&#8221; el_class=&#8221;vc_quote_consorcio&#8221;]<\/p>\n<div class=\"vc_quote_consorcio_icon\"><img loading=\"lazy\" decoding=\"async\" class=\"alignnone size-full wp-image-1101\" src=\"http:\/\/consorcioserrano.es\/wp-content\/uploads\/2017\/10\/comillas-abrir-1.png\" alt=\"\" width=\"59\" height=\"53\" srcset=\"https:\/\/consorcioserrano.es\/wp-content\/uploads\/2017\/10\/comillas-abrir-1.png 59w, https:\/\/consorcioserrano.es\/wp-content\/uploads\/2017\/10\/comillas-abrir-1-50x45.png 50w\" sizes=\"auto, (max-width:767px) 59px, 59px\" \/><\/div>\n<div class=\"vc_quote_consorcio_content\">\n<h1><strong>Rafael Bar\u00f3, S.A.<\/strong> <img loading=\"lazy\" decoding=\"async\" class=\"alignnone size-full wp-image-1100\" src=\"http:\/\/consorcioserrano.es\/wp-content\/uploads\/2017\/10\/comillas-cerrar-1.png\" alt=\"\" width=\"59\" height=\"53\" srcset=\"https:\/\/consorcioserrano.es\/wp-content\/uploads\/2017\/10\/comillas-cerrar-1.png 59w, https:\/\/consorcioserrano.es\/wp-content\/uploads\/2017\/10\/comillas-cerrar-1-50x45.png 50w\" sizes=\"auto, (max-width:767px) 59px, 59px\" \/><\/h1>\n<\/div>\n<p>[\/vc_column_text][\/vc_column][vc_column width=&#8221;1\/2&#8243;][\/vc_column][\/vc_row][vc_row][vc_column width=&#8221;1\/2&#8243; el_class=&#8221;panel-special-content&#8221;][vc_single_image image=&#8221;30192&#8243; img_size=&#8221;full&#8221; css=&#8221;&#8221;][vc_row_inner][vc_column_inner width=&#8221;1\/2&#8243;][vc_column_text css=&#8221;&#8221;]<\/p>\n<h3><span style=\"color: #e82f37;\">Rafael Bar\u00f3 S.A.<\/span><\/h3>\n<p>Esperanza, 9<br \/>\n17858 La Canya<br \/>\nGerona. Espa\u00f1a[\/vc_column_text][\/vc_column_inner][vc_column_inner width=&#8221;1\/2&#8243;][vc_column_text css=&#8221;&#8221;]<span style=\"color: #e82f37;\"><strong>Contacto:<\/strong><\/span> Jordi Mical\u00f3<br \/>\n<span style=\"color: #e82f37;\"><strong>Tel\u00e9fono:<\/strong><\/span> +34 972 49 60 09<br \/>\n<span style=\"color: #e82f37;\"><strong>Sitio web:<\/strong><\/span> <a href=\"https:\/\/rafaelbaro.com\/\" target=\"_blank\" rel=\"noopener noreferrer\">https:\/\/rafaelbaro.com\/<\/a><br \/>\n[\/vc_column_text][\/vc_column_inner][\/vc_row_inner][vc_row_inner el_class=&#8221;asociado-descripcion&#8221;][vc_column_inner][vc_column_text css=&#8221;.vc_custom_1707319043446{padding-right: 30px !important;}&#8221; el_class=&#8221;vc_quote_consorcio asociado-descripcion&#8221;]<\/p>\n<h3><span style=\"color: #e82f37;\">Quem somos<\/span><\/h3>\n<ul>\n<li>Desde meados do s\u00e9culo XX<\/li>\n<li>Um sistema de trabalho baseado no respeito pela tradi\u00e7\u00e3o e nos la\u00e7os com o territ\u00f3rio.<\/li>\n<li>Inovamos para nos adaptarmos \u00e0s exig\u00eancias do mercado sem renunciar \u00e0 qualidade do presunto Serrano.<\/li>\n<li>Secadores e instala\u00e7\u00f5es de produ\u00e7\u00e3o e cura de presunto serrano em La Cantina, Olot, La Canya e Sant Joan les Fonts, no Parque Natural da Zona Vulc\u00e2nica da Garrotxa.<\/li>\n<li>Exporta para mais de 70 pa\u00edses dos 5 continentes. Especialidade mais apreciada: presunto serrano.<\/li>\n<\/ul>\n<p>[\/vc_column_text][\/vc_column_inner][\/vc_row_inner][\/vc_column][vc_column width=&#8221;1\/2&#8243;][vc_column_text]\n<div class=\"wpcf7 no-js\" id=\"wpcf7-f12269-o1\" lang=\"es-ES\" dir=\"ltr\" data-wpcf7-id=\"12269\">\n<div class=\"screen-reader-response\"><p role=\"status\" aria-live=\"polite\" aria-atomic=\"true\"><\/p> <ul><\/ul><\/div>\n<form action=\"\/pt-pt\/wp-json\/wp\/v2\/pages\/12191#wpcf7-f12269-o1\" method=\"post\" class=\"wpcf7-form init\" aria-label=\"Formulario de contacto\" novalidate=\"novalidate\" data-status=\"init\">\n<fieldset class=\"hidden-fields-container\"><input type=\"hidden\" name=\"_wpcf7\" value=\"12269\" \/><input type=\"hidden\" name=\"_wpcf7_version\" value=\"6.1.5\" \/><input type=\"hidden\" name=\"_wpcf7_locale\" value=\"es_ES\" \/><input type=\"hidden\" name=\"_wpcf7_unit_tag\" value=\"wpcf7-f12269-o1\" \/><input type=\"hidden\" name=\"_wpcf7_container_post\" value=\"0\" \/><input type=\"hidden\" name=\"_wpcf7_posted_data_hash\" value=\"\" \/><input type=\"hidden\" name=\"_wpcf7_recaptcha_response\" value=\"\" \/>\n<\/fieldset>\n<h3><strong><span style=\"color: #e82f37;\">Formul\u00e1rio de contato <\/span><\/strong>\n<\/h3>\n<p>Preencha o seguinte formul\u00e1rio para entrar em contato com este parceiro.\n<\/p>\n<p><label> Nome e apelidos *<br \/>\n<span class=\"wpcf7-form-control-wrap\" data-name=\"nombre-apellidos\"><input size=\"40\" maxlength=\"400\" class=\"wpcf7-form-control wpcf7-text wpcf7-validates-as-required\" aria-required=\"true\" aria-invalid=\"false\" value=\"\" type=\"text\" name=\"nombre-apellidos\" \/><\/span> <\/label><br \/>\n<label> Telefone *<br \/>\n<span class=\"wpcf7-form-control-wrap\" data-name=\"telefono\"><input size=\"40\" maxlength=\"400\" class=\"wpcf7-form-control wpcf7-tel wpcf7-validates-as-required wpcf7-text wpcf7-validates-as-tel\" aria-required=\"true\" aria-invalid=\"false\" value=\"\" type=\"tel\" name=\"telefono\" \/><\/span> <\/label><br \/>\n<label> E-mail *<br \/>\n<span class=\"wpcf7-form-control-wrap\" data-name=\"e-mail\"><input size=\"40\" maxlength=\"400\" class=\"wpcf7-form-control wpcf7-email wpcf7-validates-as-required wpcf7-text wpcf7-validates-as-email\" aria-required=\"true\" aria-invalid=\"false\" value=\"\" type=\"email\" name=\"e-mail\" \/><\/span> <\/label><br \/>\n<label> Parceiros *<br \/>\n<span class=\"wpcf7-form-control-wrap\" data-name=\"asociado\"><select class=\"wpcf7-form-control wpcf7-select wpcf7-validates-as-required\" aria-required=\"true\" aria-invalid=\"false\" name=\"asociado\"><option value=\"Grupo Empresarial Costa, S.L.\">Grupo Empresarial Costa, S.L.<\/option><option value=\"Noel Alimentaria, S.A.U.\">Noel Alimentaria, S.A.U.<\/option><option value=\"ARGAL Alimentaci\u00f3n, S.A.\">ARGAL Alimentaci\u00f3n, S.A.<\/option><option value=\"Embutidos Caseros Collell, S.L.U.\">Embutidos Caseros Collell, S.L.U.<\/option><option value=\"ElPozo Alimentaci\u00f3n, S.A.\">ElPozo Alimentaci\u00f3n, S.A.<\/option><option value=\"Campofr\u00edo Food Group, S.A.\">Campofr\u00edo Food Group, S.A.<\/option><option value=\"Industrias C\u00e1rnicas Loriente Piqueras, S.A.\">Industrias C\u00e1rnicas Loriente Piqueras, S.A.<\/option><option value=\"Jamones Arroyo, S.L.\">Jamones Arroyo, S.L.<\/option><option value=\"Embutidos y Jamones Espa\u00f1a e Hijos, S.A.\">Embutidos y Jamones Espa\u00f1a e Hijos, S.A.<\/option><option value=\"Jamones Segovia, S.A.\">Jamones Segovia, S.A.<\/option><option value=\"Casademont 1956 Meat S.L.\">Casademont 1956 Meat S.L.<\/option><option value=\"Rafael Bar\u00f3, S.A.\">Rafael Bar\u00f3, S.A.<\/option><option value=\"FAR Jam\u00f3n Serrano, S.A.\">FAR Jam\u00f3n Serrano, S.A.<\/option><option value=\"Bell Espa\u00f1a Alimentaci\u00f3n S.L.U.\">Bell Espa\u00f1a Alimentaci\u00f3n S.L.U.<\/option><option value=\"Esteban Espu\u00f1a, S.A.\">Esteban Espu\u00f1a, S.A.<\/option><option value=\"Jamondul, S.L.\">Jamondul, S.L.<\/option><option value=\"Grupo Alejandro Miguel, S.L.\">Grupo Alejandro Miguel, S.L.<\/option><option value=\"Embutidos Goikoa, S.A.\">Embutidos Goikoa, S.A.<\/option><option value=\"Industrias C\u00e1rnicas\nTello, S.A\">Industrias C\u00e1rnicas\nTello, S.A<\/option><option value=\"Nico Jamones, S.L.\">Nico Jamones, S.L.<\/option><option value=\"Industrias C\u00e1rnicas Villar, S.A.\">Industrias C\u00e1rnicas Villar, S.A.<\/option><option value=\"Industrias Frigor\u00edficas del Louro, S.A.\">Industrias Frigor\u00edficas del Louro, S.A.<\/option><option value=\"Boadas 1880, S.A.\">Boadas 1880, S.A.<\/option><option value=\"Hijo de Jos\u00e9 Martinez Somalo, S.L.\">Hijo de Jos\u00e9 Martinez Somalo, S.L.<\/option><option value=\"C\u00e1rnicas Serrano, S.L.\">C\u00e1rnicas Serrano, S.L.<\/option><option value=\"Hermanos Mor\u00e1n, S.L.\">Hermanos Mor\u00e1n, S.L.<\/option><option value=\"Embutidos La Hoguera, S.A.\">Embutidos La Hoguera, S.A.<\/option><option value=\"Pirenaica del Jam\u00f3n, S.A.\">Pirenaica del Jam\u00f3n, S.A.<\/option><option value=\"Jamones Centelles, S.L.\">Jamones Centelles, S.L.<\/option><option value=\"Jamones Duriber, S.L.U.\">Jamones Duriber, S.L.U.<\/option><option value=\"Torre de Nu\u00f1ez\nde Conturiz, S.L.U\">Torre de Nu\u00f1ez\nde Conturiz, S.L.U<\/option><option value=\"Pere Porxas Pairo, S.L.\">Pere Porxas Pairo, S.L.<\/option><option value=\"Embutidos Rodri\u0301guez, S.L.U.\">Embutidos Rodri\u0301guez, S.L.U.<\/option><\/select><\/span><br \/>\n<\/label><br \/>\n<label> Mensagem *<br \/>\n<span class=\"wpcf7-form-control-wrap\" data-name=\"mensaje-asociados\"><textarea cols=\"40\" rows=\"10\" maxlength=\"2000\" class=\"wpcf7-form-control wpcf7-textarea wpcf7-validates-as-required\" aria-required=\"true\" aria-invalid=\"false\" name=\"mensaje-asociados\"><\/textarea><\/span> <\/label><br \/>\n\n<\/p>\n<p><span class=\"wpcf7-form-control-wrap\" data-name=\"aceptar\"><span class=\"wpcf7-form-control wpcf7-acceptance\"><span class=\"wpcf7-list-item\"><label><input type=\"checkbox\" name=\"aceptar\" value=\"1\" aria-invalid=\"false\" \/><span class=\"wpcf7-list-item-label\">Eu aceito os termos e condi\u00e7\u00f5es inclu\u00eddos na vossa <a href=\"https:\/\/consorcioserrano.es\/pt-pt\/protecao-de-dados\/\" target=\"_blank\">Pol\u00edtica de Privacidade *<\/a><\/span><\/label><\/span><\/span><\/span>\n<\/p>\n<p> Os campos com * s\u00e3o de preenchimento obrigat\u00f3rio\n<\/p>\n<p><input class=\"wpcf7-form-control wpcf7-submit has-spinner\" type=\"submit\" value=\"Enviar\" \/>\n<\/p>\n<table class=\"tabla-privacidad\">\n\t<thead>\n\t\t<tr>\n\t\t\t<td colspan=\"2\">\n\t\t\t\t<p>Informa\u00e7\u00f5es b\u00e1sicas sobre prote\u00e7\u00e3o de dados\n\t\t\t\t<\/p>\n\t\t\t<\/td>\n\t\t<\/tr>\n\t<\/thead>\n\t<tbody>\n\t\t<tr>\n\t\t\t<td>\n\t\t\t\t<p>Respons\u00e1vel\n\t\t\t\t<\/p>\n\t\t\t<\/td>\n\t\t\t<td>\n\t\t\t\t<p>Consorcio del Jam\u00f3n Serrano Espa\u00f1ol\n\t\t\t\t<\/p>\n\t\t\t<\/td>\n\t\t<\/tr>\n\t\t<tr>\n\t\t\t<td>\n\t\t\t\t<p>Objetivo\n\t\t\t\t<\/p>\n\t\t\t<\/td>\n\t\t\t<td>\n\t\t\t\t<p>Poder responder \u00e0s informa\u00e7\u00f5es solicitadas, bem como fornecer informa\u00e7\u00f5es sobre produtos ou servi\u00e7os de interesse.\n\t\t\t\t<\/p>\n\t\t\t<\/td>\n\t\t<\/tr>\n\t\t<tr>\n\t\t\t<td>\n\t\t\t\t<p>Legitima\u00e7\u00e3on\n\t\t\t\t<\/p>\n\t\t\t<\/td>\n\t\t\t<td>\n\t\t\t\t<p>Consentimento da pessoa em quest\u00e3o\n\t\t\t\t<\/p>\n\t\t\t<\/td>\n\t\t<\/tr>\n\t\t<tr>\n\t\t\t<td>\n\t\t\t\t<p>Destinat\u00e1rios\n\t\t\t\t<\/p>\n\t\t\t<\/td>\n\t\t\t<td>\n\t\t\t\t<p>Os dados inseridos no site consorcioserrano.es podem ser transferidos para empresas associadas ao Cons\u00f3rcio JSE.\n\t\t\t\t<\/p>\n\t\t\t<\/td>\n\t\t<\/tr>\n\t\t<tr>\n\t\t\t<td>\n\t\t\t\t<p>Direitos\n\t\t\t\t<\/p>\n\t\t\t<\/td>\n\t\t\t<td>\n\t\t\t\t<p>Tem o direito de aceder, retificar e apagar dados, assim como outros direitos, como explicado nas informa\u00e7\u00f5es adicionais\n\t\t\t\t<\/p>\n\t\t\t<\/td>\n\t\t<\/tr>\n\t\t<tr>\n\t\t\t<td>\n\t\t\t\t<p>Informa\u00e7\u00f5es adicionais\n\t\t\t\t<\/p>\n\t\t\t<\/td>\n\t\t\t<td>\n\t\t\t\t<p>Pode encontrar informa\u00e7\u00f5es adicionais e detalhadas sobre Prote\u00e7\u00e3o de Dados no nosso site: <a href=\"https:\/\/consorcioserrano.es\/pt-pt\/protecao-de-dados\/\" target=\"_blank\" rel=\"noopener noreferrer\">https:\/\/consorcioserrano.es\/politica-de-proteccion-de-datos\/<\/a>\n\t\t\t\t<\/p>\n\t\t\t<\/td>\n\t\t<\/tr>\n\t<\/tbody>\n<\/table>\n<style>\n.grecaptcha-badge {\n\tdisplay: block;\n}\n<\/style><div class=\"wpcf7-response-output\" aria-hidden=\"true\"><\/div>\n<\/form>\n<\/div>\n[\/vc_column_text][\/vc_column][\/vc_row][vc_row][vc_column]\n<div id=\"ersspace-1\"><\/div><style type=\"text\/css\">#ersspace-1 { height: 80px; }<\/style>[\/vc_column][\/vc_row]<\/p>\n<\/div>","protected":false},"excerpt":{"rendered":"<p>[vc_row][vc_column width=&#8221;1\/2&#8243; el_class=&#8221;panel-special-content&#8221;][vc_column_text css=&#8221;&#8221; el_class=&#8221;vc_quote_consorcio&#8221;] Rafael Bar\u00f3, S.A. [\/vc_column_text][\/vc_column][vc_column width=&#8221;1\/2&#8243;][\/vc_column][\/vc_row][vc_row][vc_column width=&#8221;1\/2&#8243; el_class=&#8221;panel-special-content&#8221;][vc_single_image image=&#8221;30192&#8243; img_size=&#8221;full&#8221; css=&#8221;&#8221;][vc_row_inner][vc_column_inner width=&#8221;1\/2&#8243;][vc_column_text css=&#8221;&#8221;] Rafael Bar\u00f3 S.A. Esperanza, 9 17858 La Canya Gerona.<span class=\"excerpt-hellip\"> [\u2026]<\/span><\/p>\n","protected":false},"author":1,"featured_media":-1,"parent":11923,"menu_order":0,"comment_status":"closed","ping_status":"closed","template":"","meta":{"_acf_changed":false,"footnotes":""},"class_list":["post-12191","page","type-page","status-publish","has-post-thumbnail","hentry","sections_group lang-pt-pt"],"yoast_head":"<!-- This site is optimized with the Yoast SEO plugin v27.2 - https:\/\/yoast.com\/product\/yoast-seo-wordpress\/ -->\n<title>Rafael Bar\u00f3, S.A. - Consorcio do Presunto Serrano<\/title>\n<meta name=\"description\" content=\"O Consorcio del Jam\u00f3n Serrano Espanhol garante o melhor presunto serrano tradicional: 100% presunto serrano espanhol selecionado \u00e0 m\u00e3o, pe\u00e7a por pe\u00e7a.\" \/>\n<meta name=\"robots\" content=\"index, follow, max-snippet:-1, max-image-preview:large, max-video-preview:-1\" \/>\n<link rel=\"canonical\" href=\"https:\/\/consorcioserrano.es\/pt-pt\/quem-somos\/os-nossos-parceiros\/rafael-baro-s-a\/\" \/>\n<meta property=\"og:locale\" content=\"pt_PT\" \/>\n<meta property=\"og:type\" content=\"article\" \/>\n<meta property=\"og:title\" content=\"Rafael Bar\u00f3, S.A. - Consorcio do Presunto Serrano\" \/>\n<meta property=\"og:description\" content=\"O Consorcio del Jam\u00f3n Serrano Espanhol garante o melhor presunto serrano tradicional: 100% presunto serrano espanhol selecionado \u00e0 m\u00e3o, pe\u00e7a por pe\u00e7a.\" \/>\n<meta property=\"og:url\" content=\"https:\/\/consorcioserrano.es\/pt-pt\/quem-somos\/os-nossos-parceiros\/rafael-baro-s-a\/\" \/>\n<meta property=\"og:site_name\" content=\"Consorcio del Jam\u00f3n Serrano Espa\u00f1ol\" \/>\n<meta property=\"article:modified_time\" content=\"2025-11-27T16:34:41+00:00\" \/>\n<meta property=\"og:image\" content=\"http:\/\/consorcioserrano.es\/wp-content\/uploads\/2017\/11\/social-consorcio-serrano.jpg\" \/>\n<meta name=\"twitter:card\" content=\"summary_large_image\" \/>\n<meta name=\"twitter:label1\" content=\"Tempo estimado de leitura\" \/>\n\t<meta name=\"twitter:data1\" content=\"2 minutos\" \/>\n<script type=\"application\/ld+json\" class=\"yoast-schema-graph\">{\"@context\":\"https:\/\/schema.org\",\"@graph\":[{\"@type\":\"WebPage\",\"@id\":\"https:\/\/consorcioserrano.es\/pt-pt\/quem-somos\/os-nossos-parceiros\/rafael-baro-s-a\/\",\"url\":\"https:\/\/consorcioserrano.es\/pt-pt\/quem-somos\/os-nossos-parceiros\/rafael-baro-s-a\/\",\"name\":\"Rafael Bar\u00f3, S.A. - Consorcio do Presunto Serrano\",\"isPartOf\":{\"@id\":\"https:\/\/consorcioserrano.es\/#website\"},\"primaryImageOfPage\":{\"@id\":\"https:\/\/consorcioserrano.es\/pt-pt\/quem-somos\/os-nossos-parceiros\/rafael-baro-s-a\/#primaryimage\"},\"image\":{\"@id\":\"https:\/\/consorcioserrano.es\/pt-pt\/quem-somos\/os-nossos-parceiros\/rafael-baro-s-a\/#primaryimage\"},\"thumbnailUrl\":\"http:\/\/consorcioserrano.es\/wp-content\/uploads\/2017\/10\/comillas-abrir-1.png\",\"datePublished\":\"2017-11-06T12:05:47+00:00\",\"dateModified\":\"2025-11-27T16:34:41+00:00\",\"description\":\"O Consorcio del Jam\u00f3n Serrano Espanhol garante o melhor presunto serrano tradicional: 100% presunto serrano espanhol selecionado \u00e0 m\u00e3o, pe\u00e7a por pe\u00e7a.\",\"breadcrumb\":{\"@id\":\"https:\/\/consorcioserrano.es\/pt-pt\/quem-somos\/os-nossos-parceiros\/rafael-baro-s-a\/#breadcrumb\"},\"inLanguage\":\"pt-PT\",\"potentialAction\":[{\"@type\":\"ReadAction\",\"target\":[\"https:\/\/consorcioserrano.es\/pt-pt\/quem-somos\/os-nossos-parceiros\/rafael-baro-s-a\/\"]}]},{\"@type\":\"ImageObject\",\"inLanguage\":\"pt-PT\",\"@id\":\"https:\/\/consorcioserrano.es\/pt-pt\/quem-somos\/os-nossos-parceiros\/rafael-baro-s-a\/#primaryimage\",\"url\":\"http:\/\/consorcioserrano.es\/wp-content\/uploads\/2017\/10\/comillas-abrir-1.png\",\"contentUrl\":\"http:\/\/consorcioserrano.es\/wp-content\/uploads\/2017\/10\/comillas-abrir-1.png\"},{\"@type\":\"BreadcrumbList\",\"@id\":\"https:\/\/consorcioserrano.es\/pt-pt\/quem-somos\/os-nossos-parceiros\/rafael-baro-s-a\/#breadcrumb\",\"itemListElement\":[{\"@type\":\"ListItem\",\"position\":1,\"name\":\"Portada\",\"item\":\"https:\/\/consorcioserrano.es\/pt-pt\/inicio\/\"},{\"@type\":\"ListItem\",\"position\":2,\"name\":\"Quem somos\",\"item\":\"https:\/\/consorcioserrano.es\/pt-pt\/quem-somos\/\"},{\"@type\":\"ListItem\",\"position\":3,\"name\":\"Os nossos parceiros\",\"item\":\"https:\/\/consorcioserrano.es\/pt-pt\/quem-somos\/os-nossos-parceiros\/\"},{\"@type\":\"ListItem\",\"position\":4,\"name\":\"Rafael Bar\u00f3, S.A.\"}]},{\"@type\":\"WebSite\",\"@id\":\"https:\/\/consorcioserrano.es\/#website\",\"url\":\"https:\/\/consorcioserrano.es\/\",\"name\":\"Consorcio del Jam\u00f3n Serrano Espa\u00f1ol\",\"description\":\"O Consorcio del Jam\u00f3n Serrano Espanhol garante o melhor presunto serrano tradicional: 100% presunto serrano espanhol selecionado \u00e0 m\u00e3o, pe\u00e7a por pe\u00e7a.\",\"potentialAction\":[{\"@type\":\"SearchAction\",\"target\":{\"@type\":\"EntryPoint\",\"urlTemplate\":\"https:\/\/consorcioserrano.es\/?s={search_term_string}\"},\"query-input\":{\"@type\":\"PropertyValueSpecification\",\"valueRequired\":true,\"valueName\":\"search_term_string\"}}],\"inLanguage\":\"pt-PT\"}]}<\/script>\n<!-- \/ Yoast SEO plugin. -->","yoast_head_json":{"title":"Rafael Bar\u00f3, S.A. - Consorcio do Presunto Serrano","description":"O Consorcio del Jam\u00f3n Serrano Espanhol garante o melhor presunto serrano tradicional: 100% presunto serrano espanhol selecionado \u00e0 m\u00e3o, pe\u00e7a por pe\u00e7a.","robots":{"index":"index","follow":"follow","max-snippet":"max-snippet:-1","max-image-preview":"max-image-preview:large","max-video-preview":"max-video-preview:-1"},"canonical":"https:\/\/consorcioserrano.es\/pt-pt\/quem-somos\/os-nossos-parceiros\/rafael-baro-s-a\/","og_locale":"pt_PT","og_type":"article","og_title":"Rafael Bar\u00f3, S.A. - Consorcio do Presunto Serrano","og_description":"O Consorcio del Jam\u00f3n Serrano Espanhol garante o melhor presunto serrano tradicional: 100% presunto serrano espanhol selecionado \u00e0 m\u00e3o, pe\u00e7a por pe\u00e7a.","og_url":"https:\/\/consorcioserrano.es\/pt-pt\/quem-somos\/os-nossos-parceiros\/rafael-baro-s-a\/","og_site_name":"Consorcio del Jam\u00f3n Serrano Espa\u00f1ol","article_modified_time":"2025-11-27T16:34:41+00:00","og_image":[{"url":"http:\/\/consorcioserrano.es\/wp-content\/uploads\/2017\/11\/social-consorcio-serrano.jpg","type":"","width":"","height":""}],"twitter_card":"summary_large_image","twitter_misc":{"Tempo estimado de leitura":"2 minutos"},"schema":{"@context":"https:\/\/schema.org","@graph":[{"@type":"WebPage","@id":"https:\/\/consorcioserrano.es\/pt-pt\/quem-somos\/os-nossos-parceiros\/rafael-baro-s-a\/","url":"https:\/\/consorcioserrano.es\/pt-pt\/quem-somos\/os-nossos-parceiros\/rafael-baro-s-a\/","name":"Rafael Bar\u00f3, S.A. - Consorcio do Presunto Serrano","isPartOf":{"@id":"https:\/\/consorcioserrano.es\/#website"},"primaryImageOfPage":{"@id":"https:\/\/consorcioserrano.es\/pt-pt\/quem-somos\/os-nossos-parceiros\/rafael-baro-s-a\/#primaryimage"},"image":{"@id":"https:\/\/consorcioserrano.es\/pt-pt\/quem-somos\/os-nossos-parceiros\/rafael-baro-s-a\/#primaryimage"},"thumbnailUrl":"http:\/\/consorcioserrano.es\/wp-content\/uploads\/2017\/10\/comillas-abrir-1.png","datePublished":"2017-11-06T12:05:47+00:00","dateModified":"2025-11-27T16:34:41+00:00","description":"O Consorcio del Jam\u00f3n Serrano Espanhol garante o melhor presunto serrano tradicional: 100% presunto serrano espanhol selecionado \u00e0 m\u00e3o, pe\u00e7a por pe\u00e7a.","breadcrumb":{"@id":"https:\/\/consorcioserrano.es\/pt-pt\/quem-somos\/os-nossos-parceiros\/rafael-baro-s-a\/#breadcrumb"},"inLanguage":"pt-PT","potentialAction":[{"@type":"ReadAction","target":["https:\/\/consorcioserrano.es\/pt-pt\/quem-somos\/os-nossos-parceiros\/rafael-baro-s-a\/"]}]},{"@type":"ImageObject","inLanguage":"pt-PT","@id":"https:\/\/consorcioserrano.es\/pt-pt\/quem-somos\/os-nossos-parceiros\/rafael-baro-s-a\/#primaryimage","url":"http:\/\/consorcioserrano.es\/wp-content\/uploads\/2017\/10\/comillas-abrir-1.png","contentUrl":"http:\/\/consorcioserrano.es\/wp-content\/uploads\/2017\/10\/comillas-abrir-1.png"},{"@type":"BreadcrumbList","@id":"https:\/\/consorcioserrano.es\/pt-pt\/quem-somos\/os-nossos-parceiros\/rafael-baro-s-a\/#breadcrumb","itemListElement":[{"@type":"ListItem","position":1,"name":"Portada","item":"https:\/\/consorcioserrano.es\/pt-pt\/inicio\/"},{"@type":"ListItem","position":2,"name":"Quem somos","item":"https:\/\/consorcioserrano.es\/pt-pt\/quem-somos\/"},{"@type":"ListItem","position":3,"name":"Os nossos parceiros","item":"https:\/\/consorcioserrano.es\/pt-pt\/quem-somos\/os-nossos-parceiros\/"},{"@type":"ListItem","position":4,"name":"Rafael Bar\u00f3, S.A."}]},{"@type":"WebSite","@id":"https:\/\/consorcioserrano.es\/#website","url":"https:\/\/consorcioserrano.es\/","name":"Consorcio del Jam\u00f3n Serrano Espa\u00f1ol","description":"O Consorcio del Jam\u00f3n Serrano Espanhol garante o melhor presunto serrano tradicional: 100% presunto serrano espanhol selecionado \u00e0 m\u00e3o, pe\u00e7a por pe\u00e7a.","potentialAction":[{"@type":"SearchAction","target":{"@type":"EntryPoint","urlTemplate":"https:\/\/consorcioserrano.es\/?s={search_term_string}"},"query-input":{"@type":"PropertyValueSpecification","valueRequired":true,"valueName":"search_term_string"}}],"inLanguage":"pt-PT"}]}},"acf":[],"_links":{"self":[{"href":"https:\/\/consorcioserrano.es\/pt-pt\/wp-json\/wp\/v2\/pages\/12191","targetHints":{"allow":["GET"]}}],"collection":[{"href":"https:\/\/consorcioserrano.es\/pt-pt\/wp-json\/wp\/v2\/pages"}],"about":[{"href":"https:\/\/consorcioserrano.es\/pt-pt\/wp-json\/wp\/v2\/types\/page"}],"author":[{"embeddable":true,"href":"https:\/\/consorcioserrano.es\/pt-pt\/wp-json\/wp\/v2\/users\/1"}],"replies":[{"embeddable":true,"href":"https:\/\/consorcioserrano.es\/pt-pt\/wp-json\/wp\/v2\/comments?post=12191"}],"version-history":[{"count":3,"href":"https:\/\/consorcioserrano.es\/pt-pt\/wp-json\/wp\/v2\/pages\/12191\/revisions"}],"predecessor-version":[{"id":30225,"href":"https:\/\/consorcioserrano.es\/pt-pt\/wp-json\/wp\/v2\/pages\/12191\/revisions\/30225"}],"up":[{"embeddable":true,"href":"https:\/\/consorcioserrano.es\/pt-pt\/wp-json\/wp\/v2\/pages\/11923"}],"wp:featuredmedia":[{"embeddable":true,"href":"https:\/\/consorcioserrano.es\/pt-pt\/wp-json\/"}],"wp:attachment":[{"href":"https:\/\/consorcioserrano.es\/pt-pt\/wp-json\/wp\/v2\/media?parent=12191"}],"curies":[{"name":"wp","href":"https:\/\/api.w.org\/{rel}","templated":true}]}}