{"id":16193,"date":"2023-11-21T13:28:44","date_gmt":"2023-11-21T12:28:44","guid":{"rendered":"https:\/\/consorcioserrano.es\/?page_id=16193"},"modified":"2024-02-20T15:30:19","modified_gmt":"2024-02-20T14:30:19","slug":"como-consumir-presunto-serrano","status":"publish","type":"page","link":"https:\/\/consorcioserrano.es\/pt-pt\/jamon-consorcio-serrano\/como-consumir-presunto-serrano\/","title":{"rendered":"Como consumir presunto serrano"},"content":{"rendered":"<div class=\"wpb-content-wrapper\"><p>[vc_row full_width=&#8221;stretch_row&#8221; css=&#8221;.vc_custom_1698666272764{background-color: #161616 !important;}&#8221; el_class=&#8221;next-row-no-padding&#8221;][vc_column el_class=&#8221;column-no-padding&#8221;][vc_column_text css=&#8221;.vc_custom_1700569666207{padding-left: 100px !important;background-color: #161616 !important;}&#8221; el_class=&#8221;no-margin-with-padding no-margin-with-padding-left&#8221; el_id=&#8221;div-sello&#8221;]<\/p>\n<p class=\"image-h2\" style=\"padding-top: 0px; margin-bottom: 0px;\"><img loading=\"lazy\" decoding=\"async\" class=\"size-full wp-image-975 alignleft img-certificado-consorcio\" title=\"Certificado por Consorcio Serrano - Selecci\u00f3n a mano\" src=\"https:\/\/consorcioserrano.es\/wp-content\/uploads\/2023\/11\/sello_jamon_consorcio_2023_red.png\" alt=\"Certificado por Consorcio Serrano - Selecci\u00f3n a mano\" width=\"140\" height=\"60\" \/><\/p>\n<h1 style=\"text-align: left;\"><strong>O Jam\u00f3n<\/strong> Consorcio Serrano<\/h1>\n<p>[\/vc_column_text][\/vc_column][\/vc_row][vc_row full_width=&#8221;stretch_row_content_no_spaces&#8221; css=&#8221;.vc_custom_1703173685883{background-color: #000000 !important;background-position: center !important;background-repeat: no-repeat !important;background-size: cover !important;}&#8221; el_class=&#8221;no-padding-top six-columns consorcio-submenu&#8221;][vc_column][vc_wp_custommenu nav_menu=&#8221;11700&#8243; el_id=&#8221;consorcio-jamon-serrano&#8221;][\/vc_column][\/vc_row][vc_row full_width=&#8221;stretch_row&#8221; disable_element=&#8221;yes&#8221; css=&#8221;.vc_custom_1704979545878{background-color: #161616 !important;}&#8221; el_class=&#8221;no-padding-top six-columns consorcio-submenu&#8221; el_id=&#8221;consorcio-submenu&#8221;][vc_column width=&#8221;1\/6&#8243; offset=&#8221;vc_col-lg-2 vc_col-md-4 vc_hidden-sm vc_hidden-xs&#8221; el_class=&#8221;no-lateral-padding&#8221;]\n    <a href=\"https:\/\/consorcioserrano.es\/pt-pt\/jamon-consorcio-serrano\/historia-e-tradicao\/\" title=\"Hist\u00f3ria e tradi\u00e7\u00e3o\"  class=\"vc_link_consorcio\" title=\" Hist\u00f3ria e tradi\u00e7\u00e3o \">\n    <div class=\"roll_wrap\" id=\"\">\n\t\t\n        <div class=\"roll_wrap_img opacity-submenu-hover\" ><img decoding=\"async\" src=\"https:\/\/consorcioserrano.es\/wp-content\/uploads\/2017\/10\/Historia-y-tradicion.jpg\" class=\"img-responsive \" > <\/div>\n\t\t\n\n\t\t\n\t\t\n\t        <div class=\"roll_wrap_link_imagetextmenu  \" style=\"color:#ff0000; font-size:;\"><p class=\"six-columns-img\"><img loading=\"lazy\" decoding=\"async\" class=\"size-full wp-image-2600 alignleft\" src=\"http:\/\/consorcioserrano.es\/wp-content\/uploads\/2017\/10\/s-60.png\" alt=\"\" width=\"60\" height=\"60\" \/><\/p>\n<h3><strong>Hist\u00f3ria<\/strong> e tradi\u00e7\u00e3o<\/h3>\n<\/div>\n\t\t\n    <\/div>\n    <\/a>[\/vc_column][vc_column width=&#8221;1\/6&#8243; offset=&#8221;vc_col-lg-2 vc_col-md-4 vc_hidden-sm vc_hidden-xs&#8221; el_class=&#8221;no-lateral-padding&#8221;]\n    <a href=\"https:\/\/consorcioserrano.es\/pt-pt\/jamon-consorcio-serrano\/elaboracao\/\" title=\"Elabora\u00e7\u00e3o\"  class=\"vc_link_consorcio\" title=\" Elabora\u00e7\u00e3o \">\n    <div class=\"roll_wrap\" id=\"\">\n\t\t\n        <div class=\"roll_wrap_img opacity-submenu-hover\" ><img decoding=\"async\" src=\"https:\/\/consorcioserrano.es\/wp-content\/uploads\/2017\/10\/Elaboracion.jpg\" class=\"img-responsive \" > <\/div>\n\t\t\n\n\t\t\n\t\t\n\t        <div class=\"roll_wrap_link_imagetextmenu  \" style=\"color:#ff0000; font-size:;\"><p class=\"six-columns-img\"><img loading=\"lazy\" decoding=\"async\" class=\"size-full wp-image-2600 alignleft\" src=\"http:\/\/consorcioserrano.es\/wp-content\/uploads\/2017\/10\/s-60.png\" alt=\"\" width=\"60\" height=\"60\" \/><\/p>\n<h3><strong>Elabora\u00e7\u00e3o<\/strong><\/h3>\n<\/div>\n\t\t\n    <\/div>\n    <\/a>[\/vc_column][vc_column width=&#8221;1\/6&#8243; offset=&#8221;vc_col-lg-2 vc_col-md-4 vc_hidden-sm vc_hidden-xs&#8221; el_class=&#8221;no-lateral-padding&#8221;]\n    <a href=\"https:\/\/consorcioserrano.es\/pt-pt\/jamon-consorcio-serrano\/sabor-aroma-e-conservacao\/\" title=\"Sabor, aroma e conserva\u00e7\u00e3o\"  class=\"vc_link_consorcio\" title=\" Sabor, aroma e conserva\u00e7\u00e3o \">\n    <div class=\"roll_wrap\" id=\"\">\n\t\t\n        <div class=\"roll_wrap_img opacity-submenu-hover\" ><img decoding=\"async\" src=\"https:\/\/consorcioserrano.es\/wp-content\/uploads\/2017\/10\/Sabor-y-aroma.jpg\" class=\"img-responsive \" > <\/div>\n\t\t\n\n\t\t\n\t\t\n\t        <div class=\"roll_wrap_link_imagetextmenu  \" style=\"color:#ff0000; font-size:;\"><p class=\"six-columns-img\"><img loading=\"lazy\" decoding=\"async\" class=\"size-full wp-image-2600 alignleft\" src=\"http:\/\/consorcioserrano.es\/wp-content\/uploads\/2017\/10\/s-60.png\" alt=\"\" width=\"60\" height=\"60\" \/><\/p>\n<h3><strong>Sabor<\/strong>, aroma e conserva\u00e7\u00e3o<\/h3>\n<\/div>\n\t\t\n    <\/div>\n    <\/a>[\/vc_column][vc_column width=&#8221;1\/6&#8243; offset=&#8221;vc_col-lg-2 vc_col-md-4 vc_hidden-sm vc_hidden-xs&#8221; el_class=&#8221;no-lateral-padding&#8221;]\n    <a href=\"https:\/\/consorcioserrano.es\/pt-pt\/jamon-consorcio-serrano\/garantia-de-qualidade\/\" title=\"Garantia de qualidade\"  class=\"vc_link_consorcio\" title=\" Garantia de qualidade \">\n    <div class=\"roll_wrap\" id=\"\">\n\t\t\n        <div class=\"roll_wrap_img opacity-submenu-hover\" ><img decoding=\"async\" src=\"https:\/\/consorcioserrano.es\/wp-content\/uploads\/2017\/10\/Garantia-de-calidad.jpg\" class=\"img-responsive \" > <\/div>\n\t\t\n\n\t\t\n\t\t\n\t        <div class=\"roll_wrap_link_imagetextmenu  \" style=\"color:#ff0000; font-size:;\"><p class=\"six-columns-img\"><img loading=\"lazy\" decoding=\"async\" class=\"size-full wp-image-2600 alignleft\" src=\"http:\/\/consorcioserrano.es\/wp-content\/uploads\/2017\/10\/s-60.png\" alt=\"\" width=\"60\" height=\"60\" \/><\/p>\n<h3><strong>Garantia<\/strong> de qualidade<\/h3>\n<\/div>\n\t\t\n    <\/div>\n    <\/a>[\/vc_column][vc_column width=&#8221;1\/6&#8243; offset=&#8221;vc_col-lg-2 vc_col-md-4 vc_hidden-sm vc_hidden-xs&#8221; el_class=&#8221;no-lateral-padding&#8221;]\n    <a href=\"https:\/\/consorcioserrano.es\/pt-pt\/jamon-consorcio-serrano\/como-consumi-lo\/\" title=\"Como consumi-lo\"  class=\"vc_link_consorcio\" title=\" Como consumi-lo \">\n    <div class=\"roll_wrap\" id=\"\">\n\t\t\n        <div class=\"roll_wrap_img \" ><img decoding=\"async\" src=\"https:\/\/consorcioserrano.es\/wp-content\/uploads\/2017\/10\/Como-consumirlo.jpg\" class=\"img-responsive \" > <\/div>\n\t\t\n\n\t\t\n\t\t\n\t        <div class=\"roll_wrap_link_imagetextmenu  \" style=\"color:#ff0000; font-size:;\"><p class=\"six-columns-img\"><img loading=\"lazy\" decoding=\"async\" class=\"size-full wp-image-2600 alignleft\" src=\"http:\/\/consorcioserrano.es\/wp-content\/uploads\/2017\/10\/s-60.png\" alt=\"\" width=\"60\" height=\"60\" \/><\/p>\n<h3>Como <strong>consumi-lo<\/strong><\/h3>\n<\/div>\n\t\t\n    <\/div>\n    <\/a>[\/vc_column][vc_column width=&#8221;1\/6&#8243; offset=&#8221;vc_col-lg-2 vc_col-md-4 vc_hidden-sm vc_hidden-xs&#8221; el_class=&#8221;no-lateral-padding&#8221;]\n    <a href=\"https:\/\/consorcioserrano.es\/pt-pt\/jamon-consorcio-serrano\/tipos-de-presunto\/\" title=\"Tipos de presunto\"  class=\"vc_link_consorcio\" title=\" Tipos de presunto \">\n    <div class=\"roll_wrap\" id=\"\">\n\t\t\n        <div class=\"roll_wrap_img opacity-submenu-hover\" ><img decoding=\"async\" src=\"https:\/\/consorcioserrano.es\/wp-content\/uploads\/2017\/10\/Tipos-de-Jamon.jpg\" class=\"img-responsive \" > <\/div>\n\t\t\n\n\t\t\n\t\t\n\t        <div class=\"roll_wrap_link_imagetextmenu  \" style=\"color:#ff0000; font-size:;\"><p class=\"six-columns-img\"><img loading=\"lazy\" decoding=\"async\" class=\"size-full wp-image-2600 alignleft\" src=\"http:\/\/consorcioserrano.es\/wp-content\/uploads\/2017\/10\/s-60.png\" alt=\"\" width=\"60\" height=\"60\" \/><\/p>\n<h3><strong>Tipos<\/strong> de presunto<\/h3>\n<\/div>\n\t\t\n    <\/div>\n    <\/a>[\/vc_column][\/vc_row][vc_row full_width=&#8221;stretch_row_content_no_spaces&#8221; css=&#8221;.vc_custom_1509629144595{background-image: url(http:\/\/consorcioserrano.es\/wp-content\/uploads\/2017\/10\/como-consumirlo-1900&#215;331.jpg?id=1616) !important;background-position: center !important;background-repeat: no-repeat !important;background-size: cover !important;}&#8221;][vc_column]\n<div id=\"ersspace-1\"><\/div><style type=\"text\/css\">#ersspace-1 { height: 320px; }\n@media handheld, only screen and (max-width: 1199px) {\n\t#ersspace-1 { height: 300px; }\n}\n@media handheld, only screen and (max-width: 1023px) {\n\t#ersspace-1 { height: 300px; }\n}\n@media handheld, only screen and (max-width: 767px) {\n\t#ersspace-1 { height: 260px; }\n}<\/style>[\/vc_column][\/vc_row][vc_row el_class=&#8221;column-special-one&#8221;][vc_column width=&#8221;2\/3&#8243; el_class=&#8221;panel-special-content&#8221;][vc_row_inner][vc_column_inner][vc_column_text el_class=&#8221;vc_quote_consorcio&#8221;]<\/p>\n<div class=\"vc_quote_consorcio_icon\"><img loading=\"lazy\" decoding=\"async\" class=\"alignnone size-full wp-image-1101\" src=\"http:\/\/consorcioserrano.es\/wp-content\/uploads\/2017\/10\/comillas-abrir-1.png\" alt=\"\" width=\"59\" height=\"53\" srcset=\"https:\/\/consorcioserrano.es\/wp-content\/uploads\/2017\/10\/comillas-abrir-1.png 59w, https:\/\/consorcioserrano.es\/wp-content\/uploads\/2017\/10\/comillas-abrir-1-50x45.png 50w\" sizes=\"auto, (max-width:767px) 59px, 59px\" \/><\/div>\n<div class=\"vc_quote_consorcio_content\">\n<h1>Como consumir <strong>presunto serrano <\/strong> <img loading=\"lazy\" decoding=\"async\" class=\"alignnone size-full wp-image-1100\" src=\"http:\/\/consorcioserrano.es\/wp-content\/uploads\/2017\/10\/comillas-cerrar-1.png\" alt=\"\" width=\"59\" height=\"53\" srcset=\"https:\/\/consorcioserrano.es\/wp-content\/uploads\/2017\/10\/comillas-cerrar-1.png 59w, https:\/\/consorcioserrano.es\/wp-content\/uploads\/2017\/10\/comillas-cerrar-1-50x45.png 50w\" sizes=\"auto, (max-width:767px) 59px, 59px\" \/><\/h1>\n<\/div>\n<p>[\/vc_column_text][\/vc_column_inner][\/vc_row_inner][vc_row_inner][vc_column_inner][vc_single_image image=&#8221;2431&#8243; img_size=&#8221;full&#8221;][\/vc_column_inner][\/vc_row_inner][vc_row_inner][vc_column_inner][\/vc_column_inner][\/vc_row_inner][vc_row_inner][vc_column_inner width=&#8221;1\/2&#8243;][vc_column_text]<\/p>\n<h3><strong><span style=\"color: #e82f37;\">Como comer Presunto Serrano CJSE<\/span><\/strong><\/h3>\n<p>O <strong>Presunto Consorcio Serrano<\/strong> pode ser comido sozinho, embora geralmente seja acompanhado de p\u00e3o, queijo, frutas, peixe, legumes, etc.<br \/>\nGra\u00e7as ao seu sabor intenso, \u00e9 f\u00e1cil de combinar com qualquer produto, admitindo uma ampla gama de toques pessoais de acordo com os gostos de cada comensal. Pode ser consumido em tapas, adicionado a pratos simples ou mais elaborados, seja cozinha tradicional ou criativa.[\/vc_column_text][\/vc_column_inner][vc_column_inner width=&#8221;1\/2&#8243;][vc_column_text]<\/p>\n<p>Se tem um peda\u00e7o inteiro de <strong>Presunto Serrano Consorcio<\/strong> para come\u00e7ar deve remover a casca e desengordur\u00e1-la a gosto. \u00c9 importante n\u00e3o remover completamente a gordura, pois permite preservar o <strong>sabor inconfund\u00edvel do presunto Serrano.<\/strong> Portanto, \u00e9 aconselh\u00e1vel remover apenas metade da gordura ao seu redor.[\/vc_column_text][\/vc_column_inner][\/vc_row_inner][vc_column_text el_class=&#8221;vc_quote_consorcio vc_quote_consorcio_other&#8221;]<\/p>\n<div class=\"vc_quote_consorcio_icon\"><img loading=\"lazy\" decoding=\"async\" class=\"alignnone size-full wp-image-1101\" src=\"http:\/\/consorcioserrano.es\/wp-content\/uploads\/2017\/10\/comillas-abrir-1.png\" alt=\"\" width=\"59\" height=\"53\" srcset=\"https:\/\/consorcioserrano.es\/wp-content\/uploads\/2017\/10\/comillas-abrir-1.png 59w, https:\/\/consorcioserrano.es\/wp-content\/uploads\/2017\/10\/comillas-abrir-1-50x45.png 50w\" sizes=\"auto, (max-width:767px) 59px, 59px\" \/><\/div>\n<div class=\"vc_quote_consorcio_content\">\n<h2>Gra\u00e7as ao seu <strong>sabor intenso<\/strong>, \u00e9 <strong>f\u00e1cil de combinar<\/strong> com qualquer produto admitindo uma<strong>ampla gama<\/strong> <strong>de toques pessoais<\/strong> de acordo com os gostos de cada comensal.<\/h2>\n<\/div>\n<p>[\/vc_column_text][vc_row_inner][vc_column_inner width=&#8221;1\/2&#8243;][vc_column_text]Ao cortar, as fatias devem ser t\u00e3o finas quanto poss\u00edvel (a espessura de uma folha de papel) para apreciar a sua textura e sabor \u00fanicos.<\/p>\n<p><strong><a href=\"https:\/\/consorcioserrano.es\/pt-pt\/como-cortar-o-seu-jamon-consorcio-serrano-serrano\/\"><span style=\"color: #e82f37;\">Mais informa\u00e7\u00f5es sobre o corte do presunto Serrano<\/span><\/a><\/strong>[\/vc_column_text][vc_empty_space height=&#8221;20px&#8221;][\/vc_column_inner][vc_column_inner width=&#8221;1\/2&#8243;][vc_column_text]Se comprarmos centros ou fatias, para uma degusta\u00e7\u00e3o correta, estas devem ser retiradas do frigor\u00edfico pelo menos 10-15 minutos antes do consumo. Desta forma, conseguiremos aumentar a temperatura do <strong>Jam\u00f3n Consorcio Serrano<\/strong> at\u00e9 atingir a temperatura ambiente, garantindo assim que seja degustado no seu melhor.[\/vc_column_text][\/vc_column_inner][\/vc_row_inner][\/vc_column][vc_column width=&#8221;1\/3&#8243;]\n<div id=\"ersspace-2\"><\/div><style type=\"text\/css\">#ersspace-2 { height: 260px; }\n@media handheld, only screen and (max-width: 767px) {\n\t#ersspace-2 { height: 0px; }\n}<\/style>[vc_row_inner el_class=&#8221;panel-special-aside&#8221;][vc_column_inner][vc_single_image image=&#8221;1617&#8243; img_size=&#8221;full&#8221;][vc_column_text]Como demonstra\u00e7\u00e3o da sua versatilidade, o Consorcio del Jam\u00f3n Serrano Espa\u00f1ol oferece-lhe uma s\u00e9rie de receitas que lhe d\u00e3o uma ideia de como aproveitar ao m\u00e1ximo <strong>as qualidades gastron\u00f3micas<\/strong> do nosso presunto.<\/p>\n<p><strong>Estas receitas com presunto Serrano<\/strong> incluem desde as tradicionais tapas at\u00e9 receitas sofisticadas, incluindo pratos sazonais, saladas, etc. <span style=\"color: #e82f37;\"><strong>\u00a0<a href=\"https:\/\/consorcioserrano.es\/pt-pt\/receitas-petiscos-e-sandes\/\" target=\"_blank\" rel=\"noopener noreferrer\"><u>Clique aqui para ver as receitas<\/u>\u00a0<\/a><\/strong><\/span>[\/vc_column_text][\/vc_column_inner][\/vc_row_inner][\/vc_column][\/vc_row][vc_row][vc_column]\n<div id=\"ersspace-3\"><\/div><style type=\"text\/css\">#ersspace-3 { height: 80px; }<\/style>[\/vc_column][\/vc_row]<\/p>\n<\/div>","protected":false},"excerpt":{"rendered":"<p>[vc_row full_width=&#8221;stretch_row&#8221; css=&#8221;.vc_custom_1698666272764{background-color: #161616 !important;}&#8221; el_class=&#8221;next-row-no-padding&#8221;][vc_column el_class=&#8221;column-no-padding&#8221;][vc_column_text css=&#8221;.vc_custom_1700569666207{padding-left: 100px !important;background-color: #161616 !important;}&#8221; el_class=&#8221;no-margin-with-padding no-margin-with-padding-left&#8221; el_id=&#8221;div-sello&#8221;] O Jam\u00f3n Consorcio Serrano [\/vc_column_text][\/vc_column][\/vc_row][vc_row full_width=&#8221;stretch_row_content_no_spaces&#8221; css=&#8221;.vc_custom_1703173685883{background-color: #000000 !important;background-position: center !important;background-repeat:<span class=\"excerpt-hellip\"> [\u2026]<\/span><\/p>\n","protected":false},"author":1,"featured_media":0,"parent":11827,"menu_order":0,"comment_status":"closed","ping_status":"closed","template":"","meta":{"_acf_changed":false,"footnotes":""},"class_list":["post-16193","page","type-page","status-publish","hentry","sections_group lang-pt-pt"],"yoast_head":"<!-- This site is optimized with the Yoast SEO plugin v27.2 - https:\/\/yoast.com\/product\/yoast-seo-wordpress\/ -->\n<title>Como consumi-lo - Consorcio Jam\u00f3n Serrano Espanhol<\/title>\n<meta name=\"description\" content=\"Presunto Serrano Consorcio: como consumir: dicas - Combina\u00e7\u00f5es tradicionais ou inovadoras - Presunto Serrano Receitas e Tapas\" \/>\n<meta name=\"robots\" content=\"index, follow, max-snippet:-1, max-image-preview:large, max-video-preview:-1\" \/>\n<link rel=\"canonical\" href=\"https:\/\/consorcioserrano.es\/pt-pt\/jamon-consorcio-serrano\/como-consumir-presunto-serrano\/\" \/>\n<meta property=\"og:locale\" content=\"pt_PT\" \/>\n<meta property=\"og:type\" content=\"article\" \/>\n<meta property=\"og:title\" content=\"Como consumi-lo - Consorcio Jam\u00f3n Serrano Espanhol\" \/>\n<meta property=\"og:description\" content=\"Presunto Serrano Consorcio: como consumir: dicas - Combina\u00e7\u00f5es tradicionais ou inovadoras - Presunto Serrano Receitas e Tapas\" \/>\n<meta property=\"og:url\" content=\"https:\/\/consorcioserrano.es\/pt-pt\/jamon-consorcio-serrano\/como-consumir-presunto-serrano\/\" \/>\n<meta property=\"og:site_name\" content=\"Consorcio del Jam\u00f3n Serrano Espa\u00f1ol\" \/>\n<meta property=\"article:modified_time\" content=\"2024-02-20T14:30:19+00:00\" \/>\n<meta property=\"og:image\" content=\"https:\/\/consorcioserrano.es\/wp-content\/uploads\/2023\/11\/sello_jamon_consorcio_2023_red.png\" \/>\n<meta name=\"twitter:card\" content=\"summary_large_image\" \/>\n<meta name=\"twitter:label1\" content=\"Tempo estimado de leitura\" \/>\n\t<meta name=\"twitter:data1\" content=\"5 minutos\" \/>\n<script type=\"application\/ld+json\" class=\"yoast-schema-graph\">{\"@context\":\"https:\/\/schema.org\",\"@graph\":[{\"@type\":\"WebPage\",\"@id\":\"https:\/\/consorcioserrano.es\/pt-pt\/jamon-consorcio-serrano\/como-consumir-presunto-serrano\/\",\"url\":\"https:\/\/consorcioserrano.es\/pt-pt\/jamon-consorcio-serrano\/como-consumir-presunto-serrano\/\",\"name\":\"Como consumi-lo - Consorcio Jam\u00f3n Serrano Espanhol\",\"isPartOf\":{\"@id\":\"https:\/\/consorcioserrano.es\/#website\"},\"primaryImageOfPage\":{\"@id\":\"https:\/\/consorcioserrano.es\/pt-pt\/jamon-consorcio-serrano\/como-consumir-presunto-serrano\/#primaryimage\"},\"image\":{\"@id\":\"https:\/\/consorcioserrano.es\/pt-pt\/jamon-consorcio-serrano\/como-consumir-presunto-serrano\/#primaryimage\"},\"thumbnailUrl\":\"https:\/\/consorcioserrano.es\/wp-content\/uploads\/2023\/11\/sello_jamon_consorcio_2023_red.png\",\"datePublished\":\"2023-11-21T12:28:44+00:00\",\"dateModified\":\"2024-02-20T14:30:19+00:00\",\"description\":\"Presunto Serrano Consorcio: como consumir: dicas - Combina\u00e7\u00f5es tradicionais ou inovadoras - Presunto Serrano Receitas e Tapas\",\"breadcrumb\":{\"@id\":\"https:\/\/consorcioserrano.es\/pt-pt\/jamon-consorcio-serrano\/como-consumir-presunto-serrano\/#breadcrumb\"},\"inLanguage\":\"pt-PT\",\"potentialAction\":[{\"@type\":\"ReadAction\",\"target\":[\"https:\/\/consorcioserrano.es\/pt-pt\/jamon-consorcio-serrano\/como-consumir-presunto-serrano\/\"]}]},{\"@type\":\"ImageObject\",\"inLanguage\":\"pt-PT\",\"@id\":\"https:\/\/consorcioserrano.es\/pt-pt\/jamon-consorcio-serrano\/como-consumir-presunto-serrano\/#primaryimage\",\"url\":\"https:\/\/consorcioserrano.es\/wp-content\/uploads\/2023\/11\/sello_jamon_consorcio_2023_red.png\",\"contentUrl\":\"https:\/\/consorcioserrano.es\/wp-content\/uploads\/2023\/11\/sello_jamon_consorcio_2023_red.png\"},{\"@type\":\"BreadcrumbList\",\"@id\":\"https:\/\/consorcioserrano.es\/pt-pt\/jamon-consorcio-serrano\/como-consumir-presunto-serrano\/#breadcrumb\",\"itemListElement\":[{\"@type\":\"ListItem\",\"position\":1,\"name\":\"Portada\",\"item\":\"https:\/\/consorcioserrano.es\/pt-pt\/inicio\/\"},{\"@type\":\"ListItem\",\"position\":2,\"name\":\"Jam\u00f3n Consorcio Serrano\",\"item\":\"https:\/\/consorcioserrano.es\/pt-pt\/jamon-consorcio-serrano\/\"},{\"@type\":\"ListItem\",\"position\":3,\"name\":\"Como consumir presunto serrano\"}]},{\"@type\":\"WebSite\",\"@id\":\"https:\/\/consorcioserrano.es\/#website\",\"url\":\"https:\/\/consorcioserrano.es\/\",\"name\":\"Consorcio del Jam\u00f3n Serrano Espa\u00f1ol\",\"description\":\"O Consorcio del Jam\u00f3n Serrano Espanhol garante o melhor presunto serrano tradicional: 100% presunto serrano espanhol selecionado \u00e0 m\u00e3o, pe\u00e7a por pe\u00e7a.\",\"potentialAction\":[{\"@type\":\"SearchAction\",\"target\":{\"@type\":\"EntryPoint\",\"urlTemplate\":\"https:\/\/consorcioserrano.es\/?s={search_term_string}\"},\"query-input\":{\"@type\":\"PropertyValueSpecification\",\"valueRequired\":true,\"valueName\":\"search_term_string\"}}],\"inLanguage\":\"pt-PT\"}]}<\/script>\n<!-- \/ Yoast SEO plugin. -->","yoast_head_json":{"title":"Como consumi-lo - Consorcio Jam\u00f3n Serrano Espanhol","description":"Presunto Serrano Consorcio: como consumir: dicas - Combina\u00e7\u00f5es tradicionais ou inovadoras - Presunto Serrano Receitas e Tapas","robots":{"index":"index","follow":"follow","max-snippet":"max-snippet:-1","max-image-preview":"max-image-preview:large","max-video-preview":"max-video-preview:-1"},"canonical":"https:\/\/consorcioserrano.es\/pt-pt\/jamon-consorcio-serrano\/como-consumir-presunto-serrano\/","og_locale":"pt_PT","og_type":"article","og_title":"Como consumi-lo - Consorcio Jam\u00f3n Serrano Espanhol","og_description":"Presunto Serrano Consorcio: como consumir: dicas - Combina\u00e7\u00f5es tradicionais ou inovadoras - Presunto Serrano Receitas e Tapas","og_url":"https:\/\/consorcioserrano.es\/pt-pt\/jamon-consorcio-serrano\/como-consumir-presunto-serrano\/","og_site_name":"Consorcio del Jam\u00f3n Serrano Espa\u00f1ol","article_modified_time":"2024-02-20T14:30:19+00:00","og_image":[{"url":"https:\/\/consorcioserrano.es\/wp-content\/uploads\/2023\/11\/sello_jamon_consorcio_2023_red.png","type":"","width":"","height":""}],"twitter_card":"summary_large_image","twitter_misc":{"Tempo estimado de leitura":"5 minutos"},"schema":{"@context":"https:\/\/schema.org","@graph":[{"@type":"WebPage","@id":"https:\/\/consorcioserrano.es\/pt-pt\/jamon-consorcio-serrano\/como-consumir-presunto-serrano\/","url":"https:\/\/consorcioserrano.es\/pt-pt\/jamon-consorcio-serrano\/como-consumir-presunto-serrano\/","name":"Como consumi-lo - Consorcio Jam\u00f3n Serrano Espanhol","isPartOf":{"@id":"https:\/\/consorcioserrano.es\/#website"},"primaryImageOfPage":{"@id":"https:\/\/consorcioserrano.es\/pt-pt\/jamon-consorcio-serrano\/como-consumir-presunto-serrano\/#primaryimage"},"image":{"@id":"https:\/\/consorcioserrano.es\/pt-pt\/jamon-consorcio-serrano\/como-consumir-presunto-serrano\/#primaryimage"},"thumbnailUrl":"https:\/\/consorcioserrano.es\/wp-content\/uploads\/2023\/11\/sello_jamon_consorcio_2023_red.png","datePublished":"2023-11-21T12:28:44+00:00","dateModified":"2024-02-20T14:30:19+00:00","description":"Presunto Serrano Consorcio: como consumir: dicas - Combina\u00e7\u00f5es tradicionais ou inovadoras - Presunto Serrano Receitas e Tapas","breadcrumb":{"@id":"https:\/\/consorcioserrano.es\/pt-pt\/jamon-consorcio-serrano\/como-consumir-presunto-serrano\/#breadcrumb"},"inLanguage":"pt-PT","potentialAction":[{"@type":"ReadAction","target":["https:\/\/consorcioserrano.es\/pt-pt\/jamon-consorcio-serrano\/como-consumir-presunto-serrano\/"]}]},{"@type":"ImageObject","inLanguage":"pt-PT","@id":"https:\/\/consorcioserrano.es\/pt-pt\/jamon-consorcio-serrano\/como-consumir-presunto-serrano\/#primaryimage","url":"https:\/\/consorcioserrano.es\/wp-content\/uploads\/2023\/11\/sello_jamon_consorcio_2023_red.png","contentUrl":"https:\/\/consorcioserrano.es\/wp-content\/uploads\/2023\/11\/sello_jamon_consorcio_2023_red.png"},{"@type":"BreadcrumbList","@id":"https:\/\/consorcioserrano.es\/pt-pt\/jamon-consorcio-serrano\/como-consumir-presunto-serrano\/#breadcrumb","itemListElement":[{"@type":"ListItem","position":1,"name":"Portada","item":"https:\/\/consorcioserrano.es\/pt-pt\/inicio\/"},{"@type":"ListItem","position":2,"name":"Jam\u00f3n Consorcio Serrano","item":"https:\/\/consorcioserrano.es\/pt-pt\/jamon-consorcio-serrano\/"},{"@type":"ListItem","position":3,"name":"Como consumir presunto serrano"}]},{"@type":"WebSite","@id":"https:\/\/consorcioserrano.es\/#website","url":"https:\/\/consorcioserrano.es\/","name":"Consorcio del Jam\u00f3n Serrano Espa\u00f1ol","description":"O Consorcio del Jam\u00f3n Serrano Espanhol garante o melhor presunto serrano tradicional: 100% presunto serrano espanhol selecionado \u00e0 m\u00e3o, pe\u00e7a por pe\u00e7a.","potentialAction":[{"@type":"SearchAction","target":{"@type":"EntryPoint","urlTemplate":"https:\/\/consorcioserrano.es\/?s={search_term_string}"},"query-input":{"@type":"PropertyValueSpecification","valueRequired":true,"valueName":"search_term_string"}}],"inLanguage":"pt-PT"}]}},"acf":[],"_links":{"self":[{"href":"https:\/\/consorcioserrano.es\/pt-pt\/wp-json\/wp\/v2\/pages\/16193","targetHints":{"allow":["GET"]}}],"collection":[{"href":"https:\/\/consorcioserrano.es\/pt-pt\/wp-json\/wp\/v2\/pages"}],"about":[{"href":"https:\/\/consorcioserrano.es\/pt-pt\/wp-json\/wp\/v2\/types\/page"}],"author":[{"embeddable":true,"href":"https:\/\/consorcioserrano.es\/pt-pt\/wp-json\/wp\/v2\/users\/1"}],"replies":[{"embeddable":true,"href":"https:\/\/consorcioserrano.es\/pt-pt\/wp-json\/wp\/v2\/comments?post=16193"}],"version-history":[{"count":3,"href":"https:\/\/consorcioserrano.es\/pt-pt\/wp-json\/wp\/v2\/pages\/16193\/revisions"}],"predecessor-version":[{"id":22704,"href":"https:\/\/consorcioserrano.es\/pt-pt\/wp-json\/wp\/v2\/pages\/16193\/revisions\/22704"}],"up":[{"embeddable":true,"href":"https:\/\/consorcioserrano.es\/pt-pt\/wp-json\/wp\/v2\/pages\/11827"}],"wp:attachment":[{"href":"https:\/\/consorcioserrano.es\/pt-pt\/wp-json\/wp\/v2\/media?parent=16193"}],"curies":[{"name":"wp","href":"https:\/\/api.w.org\/{rel}","templated":true}]}}