{"id":20550,"date":"2024-02-06T16:32:33","date_gmt":"2024-02-06T15:32:33","guid":{"rendered":"https:\/\/consorcioserrano.es\/?page_id=20550"},"modified":"2024-02-06T16:52:49","modified_gmt":"2024-02-06T15:52:49","slug":"selecionado-a-mao","status":"publish","type":"page","link":"https:\/\/consorcioserrano.es\/pt-pt\/jamon-consorcio-serrano\/selecionado-a-mao\/","title":{"rendered":"Selecionado \u00e0 m\u00e3o"},"content":{"rendered":"<div class=\"wpb-content-wrapper\"><p>[vc_row full_width=&#8221;stretch_row&#8221; css=&#8221;.vc_custom_1698666272764{background-color: #161616 !important;}&#8221; el_class=&#8221;next-row-no-padding&#8221;][vc_column el_class=&#8221;column-no-padding&#8221;][vc_column_text css=&#8221;.vc_custom_1707233402531{padding-left: 100px !important;background-color: #161616 !important;}&#8221; el_class=&#8221;no-margin-with-padding no-margin-with-padding-left&#8221; el_id=&#8221;div-sello&#8221;]<\/p>\n<p class=\"image-h2\" style=\"padding-top: 0px; margin-bottom: 0px;\"><img loading=\"lazy\" decoding=\"async\" class=\"size-full wp-image-975 alignleft img-certificado-consorcio\" title=\"Certificado por Consorcio Serrano - Selecci\u00f3n a mano\" src=\"https:\/\/consorcioserrano.es\/wp-content\/uploads\/2023\/11\/sello_jamon_consorcio_2023_red.png\" alt=\"Certificado por Consorcio Serrano - Selecci\u00f3n a mano\" width=\"140\" height=\"60\" \/><\/p>\n<h1 style=\"text-align: left;\"><strong>O Jam\u00f3n<\/strong> Consorcio Serrano<\/h1>\n<p>[\/vc_column_text][\/vc_column][\/vc_row][vc_row full_width=&#8221;stretch_row_content_no_spaces&#8221; css=&#8221;.vc_custom_1703173685883{background-color: #000000 !important;background-position: center !important;background-repeat: no-repeat !important;background-size: cover !important;}&#8221; el_class=&#8221;no-padding-top six-columns consorcio-submenu&#8221;][vc_column][vc_wp_custommenu nav_menu=&#8221;11701&#8243; el_id=&#8221;consorcio-jamon-serrano&#8221;][\/vc_column][\/vc_row][vc_row full_width=&#8221;stretch_row&#8221; disable_element=&#8221;yes&#8221; css=&#8221;.vc_custom_1703177288325{background-color: #161616 !important;}&#8221; el_class=&#8221;no-padding-top six-columns consorcio-submenu&#8221; el_id=&#8221;consorcio-submenu&#8221;][vc_column width=&#8221;1\/6&#8243; offset=&#8221;vc_col-lg-2 vc_col-md-4 vc_hidden-sm vc_hidden-xs&#8221; el_class=&#8221;no-lateral-padding&#8221;]\n    <a href=\"http:\/\/consorcioserrano.es\/jamon-consorcio-serrano\/historia-y-tradicion\/\"   class=\"vc_link_consorcio\" title=\" Historia y tradici\u00f3n \">\n    <div class=\"roll_wrap\" id=\"\">\n\t\t\n        <div class=\"roll_wrap_img opacity-submenu-hover\" ><img decoding=\"async\" src=\"https:\/\/consorcioserrano.es\/wp-content\/uploads\/2017\/10\/Historia-y-tradicion.jpg\" class=\"img-responsive \" > <\/div>\n\t\t\n\n\t\t\n\t\t\n\t        <div class=\"roll_wrap_link_imagetextmenu  \" style=\"color:#ff0000; font-size:;\"><p class=\"six-columns-img\"><img loading=\"lazy\" decoding=\"async\" class=\"size-full wp-image-2600 alignleft\" src=\"http:\/\/consorcioserrano.es\/wp-content\/uploads\/2017\/10\/s-60.png\" alt=\"\" width=\"60\" height=\"60\" \/><\/p>\n<h3><strong>Historia<\/strong> y tradici\u00f3n<\/h3>\n<\/div>\n\t\t\n    <\/div>\n    <\/a>[\/vc_column][vc_column width=&#8221;1\/6&#8243; offset=&#8221;vc_col-lg-2 vc_col-md-4 vc_hidden-sm vc_hidden-xs&#8221; el_class=&#8221;no-lateral-padding&#8221;]\n    <a href=\"http:\/\/consorcioserrano.es\/jamon-consorcio-serrano\/elaboracion\/\"   class=\"vc_link_consorcio\" title=\" Elaboraci\u00f3n \">\n    <div class=\"roll_wrap\" id=\"\">\n\t\t\n        <div class=\"roll_wrap_img \" ><img decoding=\"async\" src=\"https:\/\/consorcioserrano.es\/wp-content\/uploads\/2017\/10\/Elaboracion.jpg\" class=\"img-responsive \" > <\/div>\n\t\t\n\n\t\t\n\t\t\n\t        <div class=\"roll_wrap_link_imagetextmenu  \" style=\"color:#ff0000; font-size:;\"><p class=\"six-columns-img\"><img loading=\"lazy\" decoding=\"async\" class=\"size-full wp-image-2600 alignleft\" src=\"http:\/\/consorcioserrano.es\/wp-content\/uploads\/2017\/10\/s-60.png\" alt=\"\" width=\"60\" height=\"60\" \/><\/p>\n<h3><strong>Elaboraci\u00f3n<\/strong><\/h3>\n<\/div>\n\t\t\n    <\/div>\n    <\/a>[\/vc_column][vc_column width=&#8221;1\/6&#8243; offset=&#8221;vc_col-lg-2 vc_col-md-4 vc_hidden-sm vc_hidden-xs&#8221; el_class=&#8221;no-lateral-padding&#8221;]\n    <a href=\"http:\/\/consorcioserrano.es\/jamon-consorcio-serrano\/sabor-aroma-y-conservacion\/\"   class=\"vc_link_consorcio\" title=\" Sabor, aroma y conservaci\u00f3n \">\n    <div class=\"roll_wrap\" id=\"\">\n\t\t\n        <div class=\"roll_wrap_img opacity-submenu-hover\" ><img decoding=\"async\" src=\"https:\/\/consorcioserrano.es\/wp-content\/uploads\/2017\/10\/Sabor-y-aroma.jpg\" class=\"img-responsive \" > <\/div>\n\t\t\n\n\t\t\n\t\t\n\t        <div class=\"roll_wrap_link_imagetextmenu  \" style=\"color:#ff0000; font-size:;\"><p class=\"six-columns-img\"><img loading=\"lazy\" decoding=\"async\" class=\"size-full wp-image-2600 alignleft\" src=\"http:\/\/consorcioserrano.es\/wp-content\/uploads\/2017\/10\/s-60.png\" alt=\"\" width=\"60\" height=\"60\" \/><\/p>\n<h3><strong>Sabor<\/strong>, aroma y conservaci\u00f3n<\/h3>\n<\/div>\n\t\t\n    <\/div>\n    <\/a>[\/vc_column][vc_column width=&#8221;1\/6&#8243; offset=&#8221;vc_col-lg-2 vc_col-md-4 vc_hidden-sm vc_hidden-xs&#8221; el_class=&#8221;no-lateral-padding&#8221;]\n    <a href=\"http:\/\/consorcioserrano.es\/jamon-consorcio-serrano\/garantia-de-calidad\/\"   class=\"vc_link_consorcio\" title=\" Garant\u00eda de calidad \">\n    <div class=\"roll_wrap\" id=\"\">\n\t\t\n        <div class=\"roll_wrap_img opacity-submenu-hover\" ><img decoding=\"async\" src=\"https:\/\/consorcioserrano.es\/wp-content\/uploads\/2017\/10\/Garantia-de-calidad.jpg\" class=\"img-responsive \" > <\/div>\n\t\t\n\n\t\t\n\t\t\n\t        <div class=\"roll_wrap_link_imagetextmenu  \" style=\"color:#ff0000; font-size:;\"><p class=\"six-columns-img\"><img loading=\"lazy\" decoding=\"async\" class=\"size-full wp-image-2600 alignleft\" src=\"http:\/\/consorcioserrano.es\/wp-content\/uploads\/2017\/10\/s-60.png\" alt=\"\" width=\"60\" height=\"60\" \/><\/p>\n<h3><strong>Garant\u00eda<\/strong> de calidad<\/h3>\n<\/div>\n\t\t\n    <\/div>\n    <\/a>[\/vc_column][vc_column width=&#8221;1\/6&#8243; offset=&#8221;vc_col-lg-2 vc_col-md-4 vc_hidden-sm vc_hidden-xs&#8221; el_class=&#8221;no-lateral-padding&#8221;]\n    <a href=\"http:\/\/consorcioserrano.es\/jamon-consorcio-serrano\/como-consumirlo\/\"   class=\"vc_link_consorcio\" title=\" C\u00f3mo consumirlo \">\n    <div class=\"roll_wrap\" id=\"\">\n\t\t\n        <div class=\"roll_wrap_img opacity-submenu-hover\" ><img decoding=\"async\" src=\"https:\/\/consorcioserrano.es\/wp-content\/uploads\/2017\/10\/Como-consumirlo.jpg\" class=\"img-responsive \" > <\/div>\n\t\t\n\n\t\t\n\t\t\n\t        <div class=\"roll_wrap_link_imagetextmenu  \" style=\"color:#ff0000; font-size:;\"><p class=\"six-columns-img\"><img loading=\"lazy\" decoding=\"async\" class=\"size-full wp-image-2600 alignleft\" src=\"http:\/\/consorcioserrano.es\/wp-content\/uploads\/2017\/10\/s-60.png\" alt=\"\" width=\"60\" height=\"60\" \/><\/p>\n<h3>C\u00f3mo <strong>consumirlo<\/strong><\/h3>\n<\/div>\n\t\t\n    <\/div>\n    <\/a>[\/vc_column][vc_column width=&#8221;1\/6&#8243; offset=&#8221;vc_col-lg-2 vc_col-md-4 vc_hidden-sm vc_hidden-xs&#8221; el_class=&#8221;no-lateral-padding&#8221;]\n    <a href=\"http:\/\/consorcioserrano.es\/jamon-consorcio-serrano\/tipos-de-jamon\/\"   class=\"vc_link_consorcio\" title=\" Tipos de jam\u00f3n \">\n    <div class=\"roll_wrap\" id=\"\">\n\t\t\n        <div class=\"roll_wrap_img opacity-submenu-hover\" ><img decoding=\"async\" src=\"https:\/\/consorcioserrano.es\/wp-content\/uploads\/2017\/10\/Tipos-de-Jamon.jpg\" class=\"img-responsive \" > <\/div>\n\t\t\n\n\t\t\n\t\t\n\t        <div class=\"roll_wrap_link_imagetextmenu  \" style=\"color:#ff0000; font-size:;\"><p class=\"six-columns-img\"><img loading=\"lazy\" decoding=\"async\" class=\"size-full wp-image-2600 alignleft\" src=\"http:\/\/consorcioserrano.es\/wp-content\/uploads\/2017\/10\/s-60.png\" alt=\"\" width=\"60\" height=\"60\" \/><\/p>\n<h3><strong>Tipos<\/strong> de jam\u00f3n<\/h3>\n<\/div>\n\t\t\n    <\/div>\n    <\/a>[\/vc_column][\/vc_row][vc_row full_width=&#8221;stretch_row_content_no_spaces&#8221; css=&#8221;.vc_custom_1509714725485{background-image: url(http:\/\/consorcioserrano.es\/wp-content\/uploads\/2017\/10\/elaboracion-header-1900-1.jpg?id=2015) !important;background-position: center !important;background-repeat: no-repeat !important;background-size: cover !important;}&#8221;][vc_column]\n<div id=\"ersspace-1\"><\/div><style type=\"text\/css\">#ersspace-1 { height: 320px; }\n@media handheld, only screen and (max-width: 1199px) {\n\t#ersspace-1 { height: 300px; }\n}\n@media handheld, only screen and (max-width: 1023px) {\n\t#ersspace-1 { height: 300px; }\n}\n@media handheld, only screen and (max-width: 767px) {\n\t#ersspace-1 { height: 260px; }\n}<\/style>[\/vc_column][\/vc_row][vc_row el_class=&#8221;column-special-one&#8221;][vc_column width=&#8221;2\/3&#8243; el_class=&#8221;panel-special-content&#8221;][vc_row_inner][vc_column_inner][vc_column_text el_class=&#8221;vc_quote_consorcio&#8221;]<\/p>\n<div class=\"vc_quote_consorcio_icon\"><img loading=\"lazy\" decoding=\"async\" class=\"alignnone size-full wp-image-1101\" src=\"http:\/\/consorcioserrano.es\/wp-content\/uploads\/2017\/10\/comillas-abrir-1.png\" alt=\"\" width=\"59\" height=\"53\" srcset=\"https:\/\/consorcioserrano.es\/wp-content\/uploads\/2017\/10\/comillas-abrir-1.png 59w, https:\/\/consorcioserrano.es\/wp-content\/uploads\/2017\/10\/comillas-abrir-1-50x45.png 50w\" sizes=\"auto, (max-width:767px) 59px, 59px\" \/><\/div>\n<div class=\"vc_quote_consorcio_content\">\n<h1><strong>Selecionado \u00e0 m\u00e3o, <\/strong>pe\u00e7a por pe\u00e7a<img loading=\"lazy\" decoding=\"async\" class=\"alignnone size-full wp-image-1100\" src=\"http:\/\/consorcioserrano.es\/wp-content\/uploads\/2017\/10\/comillas-cerrar-1.png\" alt=\"\" width=\"59\" height=\"53\" srcset=\"https:\/\/consorcioserrano.es\/wp-content\/uploads\/2017\/10\/comillas-cerrar-1.png 59w, https:\/\/consorcioserrano.es\/wp-content\/uploads\/2017\/10\/comillas-cerrar-1-50x45.png 50w\" sizes=\"auto, (max-width:767px) 59px, 59px\" \/><\/h1>\n<\/div>\n<p>[\/vc_column_text][\/vc_column_inner][\/vc_row_inner][vc_row_inner][vc_column_inner width=&#8221;1\/2&#8243;][vc_column_text]<\/p>\n<h3><span style=\"color: #e82f37;\">Nas m\u00e3os de um especialista em presunto<br \/>\n<\/span><\/h3>\n<p>O presunto espanhol curado que conhecemos hoje em dia \u00e9 fruto de uma tradi\u00e7\u00e3o secular. Esta tradi\u00e7\u00e3o rural transmitiu, de gera\u00e7\u00e3o em gera\u00e7\u00e3o, o saber-fazer da produ\u00e7\u00e3o e cura do presunto Serrano, que est\u00e1 em grande parte nas <strong>m\u00e3os do mestre presunteiro<\/strong>.<\/p>\n<p>A sua figura e o seu saber s\u00e3o fundamentais e baseiam-se na responsabilidade e no controlo da cura do <strong>presunto serrano <\/strong>com dedica\u00e7\u00e3o e meticulosidade.[\/vc_column_text][\/vc_column_inner][vc_column_inner width=&#8221;1\/2&#8243;][vc_column_text]<strong>\u00a0<\/strong><\/p>\n<p>Com efeito, depois de as pe\u00e7as de presunto terem passado por todas e cada uma das etapas do processo de produ\u00e7\u00e3o e de cura, o mestre em presuntos <strong>seleciona e revisa<\/strong> cada uma delas.<\/p>\n<p>Esta sele\u00e7\u00e3o e revis\u00e3o <strong>\u00e9 feita \u00e0 m\u00e3o, pe\u00e7a por pe\u00e7a<\/strong>, e \u00e9 uma das chaves para certificar, com o Selo de Certifica\u00e7\u00e3o ConsorcioSerrano, que estamos perante um aut\u00eantico <strong>presunto serrano espanhol de qualidade tradicional.<\/strong>[\/vc_column_text][\/vc_column_inner][\/vc_row_inner][vc_single_image image=&#8221;20718&#8243; img_size=&#8221;full&#8221; alignment=&#8221;center&#8221; onclick=&#8221;link_image&#8221;][vc_column_text el_class=&#8221;vc_quote_consorcio vc_quote_consorcio_other&#8221;]<\/p>\n<div class=\"vc_quote_consorcio_icon\"><img loading=\"lazy\" decoding=\"async\" class=\"alignnone size-full wp-image-1101\" src=\"http:\/\/consorcioserrano.es\/wp-content\/uploads\/2017\/10\/comillas-abrir-1.png\" alt=\"\" width=\"59\" height=\"53\" srcset=\"https:\/\/consorcioserrano.es\/wp-content\/uploads\/2017\/10\/comillas-abrir-1.png 59w, https:\/\/consorcioserrano.es\/wp-content\/uploads\/2017\/10\/comillas-abrir-1-50x45.png 50w\" sizes=\"auto, (max-width:767px) 59px, 59px\" \/><\/div>\n<div class=\"vc_quote_consorcio_content\">\n<h2>No processo tradicional de produ\u00e7\u00e3o e cura do presunto Serrano, \u00e9 o mestre presunteiro quem garante a sele\u00e7\u00e3o manual de cada pe\u00e7a.<\/h2>\n<\/div>\n<p>[\/vc_column_text][vc_row_inner][vc_column_inner width=&#8221;1\/2&#8243;][vc_column_text]Ainda antes de se iniciar o processo tradicional de elabora\u00e7\u00e3o e cura do presunto serrano, o mestre presunteiro interv\u00e9m com a sua <strong>dedica\u00e7\u00e3o meticulosa, pe\u00e7a a pe\u00e7a<\/strong>. Estas s\u00e3o as suas tarefas, das quais depende grande parte da obten\u00e7\u00e3o de um <strong>aut\u00eantico presunto serrano com o Selo de qualidade ConsorcioSerrano.<\/strong><\/p>\n<ul>\n<li><strong>Sele\u00e7\u00e3o das pe\u00e7as<\/strong>: no processo tradicional do presunto serrano, a primeira tarefa importante \u00e9 a presen\u00e7a no processo de <strong>desmancha e a sele\u00e7\u00e3o, uma a uma, das pe\u00e7as a curar<\/strong>, que s\u00e3o as que posteriormente ser\u00e3o acabadas para obter a forma adequada. Aqui, retira o excesso de gordura e musculatura, equilibrando a pe\u00e7a com vista \u00e0 cura. Faz tamb\u00e9m a medi\u00e7\u00e3o das temperaturas, verifica individualmente a espessura da gordura e controla o peso.<\/li>\n<li><strong>Fase de salga<\/strong>: aqui, a avalia\u00e7\u00e3o e interven\u00e7\u00e3o consistem na decis\u00e3o da coloca\u00e7\u00e3o das pe\u00e7as, que <strong>depende do peso e do teor de sal adequado<\/strong> a cada uma delas, bem como do tempo de perman\u00eancia nesta fase, que influencia substancialmente o sabor do presunto Serrano.<\/li>\n<\/ul>\n<p>[\/vc_column_text][\/vc_column_inner][vc_column_inner width=&#8221;1\/2&#8243;][vc_column_text]<\/p>\n<ul>\n<li><strong>Estabiliza\u00e7\u00e3o do presunto Serrano<\/strong>: este processo pode durar at\u00e9 90 dias, durante os quais a temperatura e a humidade devem ser monitorizadas e cada pe\u00e7a de presunto Serrano deve ser verificada uma a uma para saber se est\u00e1 na altura de ir para a adega para a cura.<\/li>\n<li><strong>Cura na adega:<\/strong> o mais conhecido dos presuntos espanh\u00f3is, onde o mestre presunteiro verifica<strong> cada pe\u00e7a<\/strong>, <strong>uma a uma \u00e0 m\u00e3o<\/strong>, e decide se \u00e9 necess\u00e1ria mais ou menos ventila\u00e7\u00e3o, a sua perman\u00eancia em cada c\u00e2mara, bem como filtra a adequa\u00e7\u00e3o de cada presunto Serrano<\/li>\n<li><strong>Teste da Cala (ferramenta longa e afiada) do presunto Serrano<\/strong>: este processo manual consiste em introduzir, \u00e0 m\u00e3o, uma cala em cada pe\u00e7a e, em <strong>fun\u00e7\u00e3o do aroma<\/strong> que o mestre presunteiro sente, decidir se a pe\u00e7a de presunto Serrano j\u00e1 se encontra no <strong>ponto de cura adequado<\/strong>, seguindo os requisitos estabelecidos no regulamento de qualidade do Consorcio Serrano.<\/li>\n<\/ul>\n<p>[\/vc_column_text][\/vc_column_inner][\/vc_row_inner][\/vc_column][vc_column width=&#8221;1\/3&#8243;]\n<div id=\"ersspace-2\"><\/div><style type=\"text\/css\">#ersspace-2 { height: 260px; }\n@media handheld, only screen and (max-width: 767px) {\n\t#ersspace-2 { height: 0px; }\n}<\/style>[vc_row_inner el_class=&#8221;panel-special-aside&#8221;][vc_column_inner][vc_column_text]<\/p>\n<h3><span style=\"color: #e82f37;\">Sele\u00e7\u00e3o manual e garantia de qualidade<br \/>\n<\/span><\/h3>\n<p>Para oferecer um excelente presunto Serrano, selecionamos uma a uma as melhores pe\u00e7as dos melhores produtores de presunto Serrano espanhol.<\/p>\n<p>[\/vc_column_text][vc_single_image image=&#8221;20760&#8243; img_size=&#8221;full&#8221;][vc_column_text]<\/p>\n<ul>\n<li><strong>Porqu\u00ea:<\/strong> O Consorcio del Jam\u00f3n Serrano Espa\u00f1ol defende <strong>a tradi\u00e7\u00e3o na produ\u00e7\u00e3o do aut\u00eantico presunto Serrano espanhol.<\/strong><\/li>\n<li><strong>Como<\/strong>: Com o certificado ConsorcioSerrano garantimos ao consumidor <strong>o desfrute de um produto de excelente qualidade<\/strong>, a qualidade de um presunto Serrano tradicional, <strong>selecionado \u00e0 m\u00e3o<\/strong>.<\/li>\n<\/ul>\n<p>[\/vc_column_text][\/vc_column_inner][\/vc_row_inner][\/vc_column][\/vc_row][vc_row][vc_column]\n<div id=\"ersspace-3\"><\/div><style type=\"text\/css\">#ersspace-3 { height: 80px; }<\/style>[\/vc_column][\/vc_row]<\/p>\n<\/div>","protected":false},"excerpt":{"rendered":"<p>[vc_row full_width=&#8221;stretch_row&#8221; css=&#8221;.vc_custom_1698666272764{background-color: #161616 !important;}&#8221; el_class=&#8221;next-row-no-padding&#8221;][vc_column el_class=&#8221;column-no-padding&#8221;][vc_column_text css=&#8221;.vc_custom_1707233402531{padding-left: 100px !important;background-color: #161616 !important;}&#8221; el_class=&#8221;no-margin-with-padding no-margin-with-padding-left&#8221; el_id=&#8221;div-sello&#8221;] O Jam\u00f3n Consorcio Serrano [\/vc_column_text][\/vc_column][\/vc_row][vc_row full_width=&#8221;stretch_row_content_no_spaces&#8221; css=&#8221;.vc_custom_1703173685883{background-color: #000000 !important;background-position: center !important;background-repeat:<span class=\"excerpt-hellip\"> [\u2026]<\/span><\/p>\n","protected":false},"author":1,"featured_media":0,"parent":11827,"menu_order":0,"comment_status":"closed","ping_status":"closed","template":"","meta":{"_acf_changed":false,"footnotes":""},"class_list":["post-20550","page","type-page","status-publish","hentry","sections_group lang-pt-pt"],"yoast_head":"<!-- This site is optimized with the Yoast SEO plugin v27.2 - https:\/\/yoast.com\/product\/yoast-seo-wordpress\/ -->\n<title>Selecionado \u00e0 m\u00e3o - Consorcio do Presunto Serrano<\/title>\n<meta name=\"description\" content=\"Cura, tradi\u00e7\u00e3o e selec\u00e7\u00e3o pe\u00e7a a pe\u00e7a do melhor presunto serrano. Jam\u00f3n Consorcio Serrano\" \/>\n<meta name=\"robots\" content=\"index, follow, max-snippet:-1, max-image-preview:large, max-video-preview:-1\" \/>\n<link rel=\"canonical\" href=\"https:\/\/consorcioserrano.es\/pt-pt\/jamon-consorcio-serrano\/selecionado-a-mao\/\" \/>\n<meta property=\"og:locale\" content=\"pt_PT\" \/>\n<meta property=\"og:type\" content=\"article\" \/>\n<meta property=\"og:title\" content=\"Selecionado \u00e0 m\u00e3o - Consorcio do Presunto Serrano\" \/>\n<meta property=\"og:description\" content=\"Cura, tradi\u00e7\u00e3o e selec\u00e7\u00e3o pe\u00e7a a pe\u00e7a do melhor presunto serrano. Jam\u00f3n Consorcio Serrano\" \/>\n<meta property=\"og:url\" content=\"https:\/\/consorcioserrano.es\/pt-pt\/jamon-consorcio-serrano\/selecionado-a-mao\/\" \/>\n<meta property=\"og:site_name\" content=\"Consorcio del Jam\u00f3n Serrano Espa\u00f1ol\" \/>\n<meta property=\"article:modified_time\" content=\"2024-02-06T15:52:49+00:00\" \/>\n<meta property=\"og:image\" content=\"https:\/\/consorcioserrano.es\/wp-content\/uploads\/2023\/11\/sello_jamon_consorcio_2023_red.png\" \/>\n<meta name=\"twitter:card\" content=\"summary_large_image\" \/>\n<meta name=\"twitter:label1\" content=\"Tempo estimado de leitura\" \/>\n\t<meta name=\"twitter:data1\" content=\"7 minutos\" \/>\n<script type=\"application\/ld+json\" class=\"yoast-schema-graph\">{\"@context\":\"https:\/\/schema.org\",\"@graph\":[{\"@type\":\"WebPage\",\"@id\":\"https:\/\/consorcioserrano.es\/pt-pt\/jamon-consorcio-serrano\/selecionado-a-mao\/\",\"url\":\"https:\/\/consorcioserrano.es\/pt-pt\/jamon-consorcio-serrano\/selecionado-a-mao\/\",\"name\":\"Selecionado \u00e0 m\u00e3o - Consorcio do Presunto Serrano\",\"isPartOf\":{\"@id\":\"https:\/\/consorcioserrano.es\/#website\"},\"primaryImageOfPage\":{\"@id\":\"https:\/\/consorcioserrano.es\/pt-pt\/jamon-consorcio-serrano\/selecionado-a-mao\/#primaryimage\"},\"image\":{\"@id\":\"https:\/\/consorcioserrano.es\/pt-pt\/jamon-consorcio-serrano\/selecionado-a-mao\/#primaryimage\"},\"thumbnailUrl\":\"https:\/\/consorcioserrano.es\/wp-content\/uploads\/2023\/11\/sello_jamon_consorcio_2023_red.png\",\"datePublished\":\"2024-02-06T15:32:33+00:00\",\"dateModified\":\"2024-02-06T15:52:49+00:00\",\"description\":\"Cura, tradi\u00e7\u00e3o e selec\u00e7\u00e3o pe\u00e7a a pe\u00e7a do melhor presunto serrano. Jam\u00f3n Consorcio Serrano\",\"breadcrumb\":{\"@id\":\"https:\/\/consorcioserrano.es\/pt-pt\/jamon-consorcio-serrano\/selecionado-a-mao\/#breadcrumb\"},\"inLanguage\":\"pt-PT\",\"potentialAction\":[{\"@type\":\"ReadAction\",\"target\":[\"https:\/\/consorcioserrano.es\/pt-pt\/jamon-consorcio-serrano\/selecionado-a-mao\/\"]}]},{\"@type\":\"ImageObject\",\"inLanguage\":\"pt-PT\",\"@id\":\"https:\/\/consorcioserrano.es\/pt-pt\/jamon-consorcio-serrano\/selecionado-a-mao\/#primaryimage\",\"url\":\"https:\/\/consorcioserrano.es\/wp-content\/uploads\/2023\/11\/sello_jamon_consorcio_2023_red.png\",\"contentUrl\":\"https:\/\/consorcioserrano.es\/wp-content\/uploads\/2023\/11\/sello_jamon_consorcio_2023_red.png\"},{\"@type\":\"BreadcrumbList\",\"@id\":\"https:\/\/consorcioserrano.es\/pt-pt\/jamon-consorcio-serrano\/selecionado-a-mao\/#breadcrumb\",\"itemListElement\":[{\"@type\":\"ListItem\",\"position\":1,\"name\":\"Portada\",\"item\":\"https:\/\/consorcioserrano.es\/pt-pt\/inicio\/\"},{\"@type\":\"ListItem\",\"position\":2,\"name\":\"Jam\u00f3n Consorcio Serrano\",\"item\":\"https:\/\/consorcioserrano.es\/pt-pt\/jamon-consorcio-serrano\/\"},{\"@type\":\"ListItem\",\"position\":3,\"name\":\"Selecionado \u00e0 m\u00e3o\"}]},{\"@type\":\"WebSite\",\"@id\":\"https:\/\/consorcioserrano.es\/#website\",\"url\":\"https:\/\/consorcioserrano.es\/\",\"name\":\"Consorcio del Jam\u00f3n Serrano Espa\u00f1ol\",\"description\":\"O Consorcio del Jam\u00f3n Serrano Espanhol garante o melhor presunto serrano tradicional: 100% presunto serrano espanhol selecionado \u00e0 m\u00e3o, pe\u00e7a por pe\u00e7a.\",\"potentialAction\":[{\"@type\":\"SearchAction\",\"target\":{\"@type\":\"EntryPoint\",\"urlTemplate\":\"https:\/\/consorcioserrano.es\/?s={search_term_string}\"},\"query-input\":{\"@type\":\"PropertyValueSpecification\",\"valueRequired\":true,\"valueName\":\"search_term_string\"}}],\"inLanguage\":\"pt-PT\"}]}<\/script>\n<!-- \/ Yoast SEO plugin. -->","yoast_head_json":{"title":"Selecionado \u00e0 m\u00e3o - Consorcio do Presunto Serrano","description":"Cura, tradi\u00e7\u00e3o e selec\u00e7\u00e3o pe\u00e7a a pe\u00e7a do melhor presunto serrano. Jam\u00f3n Consorcio Serrano","robots":{"index":"index","follow":"follow","max-snippet":"max-snippet:-1","max-image-preview":"max-image-preview:large","max-video-preview":"max-video-preview:-1"},"canonical":"https:\/\/consorcioserrano.es\/pt-pt\/jamon-consorcio-serrano\/selecionado-a-mao\/","og_locale":"pt_PT","og_type":"article","og_title":"Selecionado \u00e0 m\u00e3o - Consorcio do Presunto Serrano","og_description":"Cura, tradi\u00e7\u00e3o e selec\u00e7\u00e3o pe\u00e7a a pe\u00e7a do melhor presunto serrano. Jam\u00f3n Consorcio Serrano","og_url":"https:\/\/consorcioserrano.es\/pt-pt\/jamon-consorcio-serrano\/selecionado-a-mao\/","og_site_name":"Consorcio del Jam\u00f3n Serrano Espa\u00f1ol","article_modified_time":"2024-02-06T15:52:49+00:00","og_image":[{"url":"https:\/\/consorcioserrano.es\/wp-content\/uploads\/2023\/11\/sello_jamon_consorcio_2023_red.png","type":"","width":"","height":""}],"twitter_card":"summary_large_image","twitter_misc":{"Tempo estimado de leitura":"7 minutos"},"schema":{"@context":"https:\/\/schema.org","@graph":[{"@type":"WebPage","@id":"https:\/\/consorcioserrano.es\/pt-pt\/jamon-consorcio-serrano\/selecionado-a-mao\/","url":"https:\/\/consorcioserrano.es\/pt-pt\/jamon-consorcio-serrano\/selecionado-a-mao\/","name":"Selecionado \u00e0 m\u00e3o - Consorcio do Presunto Serrano","isPartOf":{"@id":"https:\/\/consorcioserrano.es\/#website"},"primaryImageOfPage":{"@id":"https:\/\/consorcioserrano.es\/pt-pt\/jamon-consorcio-serrano\/selecionado-a-mao\/#primaryimage"},"image":{"@id":"https:\/\/consorcioserrano.es\/pt-pt\/jamon-consorcio-serrano\/selecionado-a-mao\/#primaryimage"},"thumbnailUrl":"https:\/\/consorcioserrano.es\/wp-content\/uploads\/2023\/11\/sello_jamon_consorcio_2023_red.png","datePublished":"2024-02-06T15:32:33+00:00","dateModified":"2024-02-06T15:52:49+00:00","description":"Cura, tradi\u00e7\u00e3o e selec\u00e7\u00e3o pe\u00e7a a pe\u00e7a do melhor presunto serrano. Jam\u00f3n Consorcio Serrano","breadcrumb":{"@id":"https:\/\/consorcioserrano.es\/pt-pt\/jamon-consorcio-serrano\/selecionado-a-mao\/#breadcrumb"},"inLanguage":"pt-PT","potentialAction":[{"@type":"ReadAction","target":["https:\/\/consorcioserrano.es\/pt-pt\/jamon-consorcio-serrano\/selecionado-a-mao\/"]}]},{"@type":"ImageObject","inLanguage":"pt-PT","@id":"https:\/\/consorcioserrano.es\/pt-pt\/jamon-consorcio-serrano\/selecionado-a-mao\/#primaryimage","url":"https:\/\/consorcioserrano.es\/wp-content\/uploads\/2023\/11\/sello_jamon_consorcio_2023_red.png","contentUrl":"https:\/\/consorcioserrano.es\/wp-content\/uploads\/2023\/11\/sello_jamon_consorcio_2023_red.png"},{"@type":"BreadcrumbList","@id":"https:\/\/consorcioserrano.es\/pt-pt\/jamon-consorcio-serrano\/selecionado-a-mao\/#breadcrumb","itemListElement":[{"@type":"ListItem","position":1,"name":"Portada","item":"https:\/\/consorcioserrano.es\/pt-pt\/inicio\/"},{"@type":"ListItem","position":2,"name":"Jam\u00f3n Consorcio Serrano","item":"https:\/\/consorcioserrano.es\/pt-pt\/jamon-consorcio-serrano\/"},{"@type":"ListItem","position":3,"name":"Selecionado \u00e0 m\u00e3o"}]},{"@type":"WebSite","@id":"https:\/\/consorcioserrano.es\/#website","url":"https:\/\/consorcioserrano.es\/","name":"Consorcio del Jam\u00f3n Serrano Espa\u00f1ol","description":"O Consorcio del Jam\u00f3n Serrano Espanhol garante o melhor presunto serrano tradicional: 100% presunto serrano espanhol selecionado \u00e0 m\u00e3o, pe\u00e7a por pe\u00e7a.","potentialAction":[{"@type":"SearchAction","target":{"@type":"EntryPoint","urlTemplate":"https:\/\/consorcioserrano.es\/?s={search_term_string}"},"query-input":{"@type":"PropertyValueSpecification","valueRequired":true,"valueName":"search_term_string"}}],"inLanguage":"pt-PT"}]}},"acf":[],"_links":{"self":[{"href":"https:\/\/consorcioserrano.es\/pt-pt\/wp-json\/wp\/v2\/pages\/20550","targetHints":{"allow":["GET"]}}],"collection":[{"href":"https:\/\/consorcioserrano.es\/pt-pt\/wp-json\/wp\/v2\/pages"}],"about":[{"href":"https:\/\/consorcioserrano.es\/pt-pt\/wp-json\/wp\/v2\/types\/page"}],"author":[{"embeddable":true,"href":"https:\/\/consorcioserrano.es\/pt-pt\/wp-json\/wp\/v2\/users\/1"}],"replies":[{"embeddable":true,"href":"https:\/\/consorcioserrano.es\/pt-pt\/wp-json\/wp\/v2\/comments?post=20550"}],"version-history":[{"count":3,"href":"https:\/\/consorcioserrano.es\/pt-pt\/wp-json\/wp\/v2\/pages\/20550\/revisions"}],"predecessor-version":[{"id":22180,"href":"https:\/\/consorcioserrano.es\/pt-pt\/wp-json\/wp\/v2\/pages\/20550\/revisions\/22180"}],"up":[{"embeddable":true,"href":"https:\/\/consorcioserrano.es\/pt-pt\/wp-json\/wp\/v2\/pages\/11827"}],"wp:attachment":[{"href":"https:\/\/consorcioserrano.es\/pt-pt\/wp-json\/wp\/v2\/media?parent=20550"}],"curies":[{"name":"wp","href":"https:\/\/api.w.org\/{rel}","templated":true}]}}