{"id":20692,"date":"2024-01-11T11:33:56","date_gmt":"2024-01-11T10:33:56","guid":{"rendered":"https:\/\/consorcioserrano.es\/?page_id=20692"},"modified":"2024-02-20T15:41:13","modified_gmt":"2024-02-20T14:41:13","slug":"selo-de-qualidade","status":"publish","type":"page","link":"https:\/\/consorcioserrano.es\/pt-pt\/sobre-o-consorcio\/selo-de-qualidade\/","title":{"rendered":"Selo de qualidade"},"content":{"rendered":"<div class=\"wpb-content-wrapper\"><p>[vc_row full_width=&#8221;stretch_row&#8221; css=&#8221;.vc_custom_1510761316179{background-color: #161616 !important;}&#8221; el_class=&#8221;no-padding-top six-columns consorcio-submenu&#8221; el_id=&#8221;consorcio-submenu&#8221;][vc_column width=&#8221;1\/6&#8243; offset=&#8221;vc_hidden-md vc_hidden-sm vc_hidden-xs&#8221;][\/vc_column][vc_column offset=&#8221;vc_col-lg-2 vc_col-md-3&#8243; el_class=&#8221;no-lateral-padding&#8221;]\n    <a href=\"https:\/\/consorcioserrano.es\/pt-pt\/sobre-o-consorcio\/historia\/\" title=\"Hist\u00f3ria\"  class=\"vc_link_consorcio\" title=\" Hist\u00f3ria \">\n    <div class=\"roll_wrap\" id=\"\">\n\t\t\n        <div class=\"roll_wrap_img opacity-submenu-hover\" ><img decoding=\"async\" src=\"https:\/\/consorcioserrano.es\/wp-content\/uploads\/2017\/10\/historia-consorcio-jamon-serrano-superior-menu-620x450.jpg\" class=\"img-responsive \" > <\/div>\n\t\t\n\n\t\t\n\t\t\n\t        <div class=\"roll_wrap_link_imagetextmenu  \" style=\"color:#ff0000; font-size:;\"><p class=\"six-columns-img\"><img loading=\"lazy\" decoding=\"async\" class=\"size-full wp-image-2600 alignleft\" src=\"http:\/\/consorcioserrano.es\/wp-content\/uploads\/2017\/10\/s-60.png\" alt=\"\" width=\"60\" height=\"60\" \/><\/p>\n<h3><strong>Hist\u00f3ria<\/strong><\/h3>\n<\/div>\n\t\t\n    <\/div>\n    <\/a>[\/vc_column][vc_column offset=&#8221;vc_col-lg-2 vc_col-md-3&#8243; el_class=&#8221;no-lateral-padding&#8221;]\n    <a href=\"https:\/\/consorcioserrano.es\/pt-pt\/sobre-o-consorcio\/o-que-nos-identifica\/\" title=\"O que nos identifica\"  class=\"vc_link_consorcio\" title=\" O que nos identifica \">\n    <div class=\"roll_wrap\" id=\"\">\n\t\t\n        <div class=\"roll_wrap_img opacity-submenu-hover\" ><img decoding=\"async\" src=\"https:\/\/consorcioserrano.es\/wp-content\/uploads\/2017\/10\/identifica-consorcio-jamon-serrano-superior-menu-620x450.jpg\" class=\"img-responsive \" > <\/div>\n\t\t\n\n\t\t\n\t\t\n\t        <div class=\"roll_wrap_link_imagetextmenu  \" style=\"color:#ff0000; font-size:;\"><p class=\"six-columns-img\"><img loading=\"lazy\" decoding=\"async\" class=\"size-full wp-image-2600 alignleft\" src=\"http:\/\/consorcioserrano.es\/wp-content\/uploads\/2017\/10\/s-60.png\" alt=\"\" width=\"60\" height=\"60\" \/><\/p>\n<h3><strong>O que nos identifica<\/strong><\/h3>\n<\/div>\n\t\t\n    <\/div>\n    <\/a>[\/vc_column][vc_column offset=&#8221;vc_col-lg-2 vc_col-md-3&#8243; el_class=&#8221;no-lateral-padding&#8221;]\n    <a href=\"https:\/\/consorcioserrano.es\/pt-pt\/sobre-o-consorcio\/selo-de-qualidade\/\" title=\"Selo de qualidade\"  class=\"vc_link_consorcio\" title=\" Selo de Qualidade \">\n    <div class=\"roll_wrap\" id=\"\">\n\t\t\n        <div class=\"roll_wrap_img \" ><img decoding=\"async\" src=\"https:\/\/consorcioserrano.es\/wp-content\/uploads\/2017\/10\/sello-calidad-consorcio-jamon-serrano-superior-menu-620x450.jpg\" class=\"img-responsive \" > <\/div>\n\t\t\n\n\t\t\n\t\t\n\t        <div class=\"roll_wrap_link_imagetextmenu  \" style=\"color:#ff0000; font-size:;\"><p class=\"six-columns-img\"><img loading=\"lazy\" decoding=\"async\" class=\"size-full wp-image-2600 alignleft\" src=\"http:\/\/consorcioserrano.es\/wp-content\/uploads\/2017\/10\/s-60.png\" alt=\"\" width=\"60\" height=\"60\" \/><\/p>\n<h3><strong>Selo de Qualidade<\/strong><\/h3>\n<\/div>\n\t\t\n    <\/div>\n    <\/a>[\/vc_column][vc_column offset=&#8221;vc_col-lg-2 vc_col-md-3&#8243; el_class=&#8221;no-lateral-padding&#8221;]\n    <a href=\"https:\/\/consorcioserrano.es\/pt-pt\/sobre-o-consorcio\/presenca-internacional\/\" title=\"Presen\u00e7a internacional\"  class=\"vc_link_consorcio\" title=\" Presen\u00e7a internacional \">\n    <div class=\"roll_wrap\" id=\"\">\n\t\t\n        <div class=\"roll_wrap_img opacity-submenu-hover\" ><img decoding=\"async\" src=\"https:\/\/consorcioserrano.es\/wp-content\/uploads\/2017\/10\/presencia-internacional-consorcio-jamon-serrano-superior-menu-620x450.jpg\" class=\"img-responsive \" > <\/div>\n\t\t\n\n\t\t\n\t\t\n\t        <div class=\"roll_wrap_link_imagetextmenu  \" style=\"color:#ff0000; font-size:;\"><p class=\"six-columns-img\"><img loading=\"lazy\" decoding=\"async\" class=\"size-full wp-image-2600 alignleft\" src=\"http:\/\/consorcioserrano.es\/wp-content\/uploads\/2017\/10\/s-60.png\" alt=\"\" width=\"60\" height=\"60\" \/><\/p>\n<h3><strong>Presen\u00e7a internacional<\/strong><\/h3>\n<\/div>\n\t\t\n    <\/div>\n    <\/a>[\/vc_column][vc_column width=&#8221;1\/6&#8243; offset=&#8221;vc_hidden-md vc_hidden-sm&#8221;][\/vc_column][\/vc_row][vc_row full_width=&#8221;stretch_row_content_no_spaces&#8221; css=&#8221;.vc_custom_1510073275693{background-image: url(http:\/\/consorcioserrano.es\/wp-content\/uploads\/2017\/10\/sello-calidad-consorcio-jamo-serrano-header-1900&#215;331.jpg?id=2830) !important;background-position: center !important;background-repeat: no-repeat !important;background-size: cover !important;}&#8221;][vc_column]\n<div id=\"ersspace-1\"><\/div><style type=\"text\/css\">#ersspace-1 { height: 320px; }\n@media handheld, only screen and (max-width: 1199px) {\n\t#ersspace-1 { height: 300px; }\n}\n@media handheld, only screen and (max-width: 1023px) {\n\t#ersspace-1 { height: 300px; }\n}\n@media handheld, only screen and (max-width: 767px) {\n\t#ersspace-1 { height: 260px; }\n}<\/style>[\/vc_column][\/vc_row][vc_row el_class=&#8221;column-special-one&#8221;][vc_column width=&#8221;2\/3&#8243; el_class=&#8221;panel-special-content&#8221;][vc_row_inner][vc_column_inner][vc_column_text el_class=&#8221;vc_quote_consorcio&#8221;]<\/p>\n<div class=\"vc_quote_consorcio_icon\"><img loading=\"lazy\" decoding=\"async\" class=\"alignnone size-full wp-image-1101\" src=\"http:\/\/consorcioserrano.es\/wp-content\/uploads\/2017\/10\/comillas-abrir-1.png\" alt=\"\" width=\"59\" height=\"53\" srcset=\"https:\/\/consorcioserrano.es\/wp-content\/uploads\/2017\/10\/comillas-abrir-1.png 59w, https:\/\/consorcioserrano.es\/wp-content\/uploads\/2017\/10\/comillas-abrir-1-50x45.png 50w\" sizes=\"auto, (max-width:767px) 59px, 59px\" \/><\/div>\n<div class=\"vc_quote_consorcio_content\">\n<h1><strong>Selo <\/strong> de Qualidade \u00a0<img loading=\"lazy\" decoding=\"async\" class=\"alignnone size-full wp-image-1100\" src=\"http:\/\/consorcioserrano.es\/wp-content\/uploads\/2017\/10\/comillas-cerrar-1.png\" alt=\"\" width=\"59\" height=\"53\" srcset=\"https:\/\/consorcioserrano.es\/wp-content\/uploads\/2017\/10\/comillas-cerrar-1.png 59w, https:\/\/consorcioserrano.es\/wp-content\/uploads\/2017\/10\/comillas-cerrar-1-50x45.png 50w\" sizes=\"auto, (max-width:767px) 59px, 59px\" \/><\/h1>\n<\/div>\n<p>[\/vc_column_text][\/vc_column_inner][\/vc_row_inner][vc_row_inner][vc_column_inner][vc_column_text]<\/p>\n<h3><span style=\"color: #e82f37;\">Selo de Qualidade <strong>Consorcio del Jam\u00f3n Serrano Espa\u00f1ol<\/strong><\/span><\/h3>\n<p>[\/vc_column_text][\/vc_column_inner][\/vc_row_inner][vc_row_inner][vc_column_inner width=&#8221;1\/2&#8243;][vc_column_text]<strong>O Selo de Qualidade &#8220;Consorcio Serrano&#8221;<\/strong> \u00e9 o emblema institucional que garante que as pe\u00e7as de Presunto Serrano identificadas com ele foram produzidas<strong> de acordo com os exigentes padr\u00f5es de qualidade da associa\u00e7\u00e3o<\/strong> e passaram nos rigorosos controlos de qualidade estabelecidos para oferecer um excelente presunto Serrano, <strong>selecionado \u00e0 m\u00e3o,<\/strong> uma a uma, con as melhores pe\u00e7as dos <strong>melhores produtores<\/strong> de Jam\u00f3n Serrano espanhol.<\/p>\n<p>Este selo garante um<strong>presunto Serrano tradicional e \u00fanico, sempre produzido em Espanha<\/strong> e utilizando 100% de mat\u00e9ria-prima espanhola. As suas qualidades sensoriais (essencialmente sabor e textura) diferenciam-no, pela sua excel\u00eancia e fineza, dos restantes presuntos Serrano que podem ser encontrados no mercado estrangeiro, bem como de outros produtos curados como o Prosciutto di Parma ou o Jambon de Bayonne..[\/vc_column_text][\/vc_column_inner][vc_column_inner width=&#8221;1\/2&#8243;][vc_column_text]Este selo pode ser encontrado<strong> em todas as apresenta\u00e7\u00f5es comerciais<\/strong> de diferentes maneiras:<\/p>\n<ul>\n<li>Pe\u00e7as inteiras de presunto Serrano, gravadas a fogo<\/li>\n<li>Nas pe\u00e7as desossadas de presunto Serrano<\/li>\n<li>Nos blocos de presunto Serrano desossado<\/li>\n<li>Em todos os produtos acima referidos com o r\u00f3tulo de controlo numerado<\/li>\n<li>Nas embalagens de presunto Serrano fatiado<\/li>\n<\/ul>\n<p>[\/vc_column_text][vc_single_image image=&#8221;20715&#8243; img_size=&#8221;large&#8221; alignment=&#8221;center&#8221; onclick=&#8221;link_image&#8221;][\/vc_column_inner][\/vc_row_inner][vc_column_text el_class=&#8221;vc_quote_consorcio vc_quote_consorcio_other&#8221;]<\/p>\n<div class=\"vc_quote_consorcio_icon\"><img loading=\"lazy\" decoding=\"async\" class=\"alignnone size-full wp-image-1101\" src=\"http:\/\/consorcioserrano.es\/wp-content\/uploads\/2017\/10\/comillas-abrir-1.png\" alt=\"\" width=\"59\" height=\"53\" srcset=\"https:\/\/consorcioserrano.es\/wp-content\/uploads\/2017\/10\/comillas-abrir-1.png 59w, https:\/\/consorcioserrano.es\/wp-content\/uploads\/2017\/10\/comillas-abrir-1-50x45.png 50w\" sizes=\"auto, (max-width:767px) 59px, 59px\" \/><\/div>\n<div class=\"vc_quote_consorcio_content\">\n<h2><span class=\"HwtZe\" lang=\"pt\"><span class=\"jCAhz ChMk0b\"><span class=\"ryNqvb\">Apenas uma produ\u00e7\u00e3o limitada de presunto serrano <strong>recebe o \u201cSelo Certificado ConsorcioSerrano\u201d<\/strong><\/span><\/span><\/span><\/h2>\n<\/div>\n<p>[\/vc_column_text][vc_row_inner][vc_column_inner width=&#8221;1\/2&#8243;][vc_column_text]O Consorcio del Jam\u00f3n Serrano Espa\u00f1ol \u00e9 uma associa\u00e7\u00e3o de <strong>produtores tradicionais de presunto serrano de Espanha,<\/strong> unidos para defender a tradi\u00e7\u00e3o da produ\u00e7\u00e3o do <strong>presunto<\/strong> <strong>serrano espanhol,<\/strong> promovendo o presunto serrano aut\u00eantico e de qualidade. Apenas uma produ\u00e7\u00e3o limitada de presuntos tem direito \u00e0 o <strong>Selo de Qualidade \u201cConsorcio Serrano\u201d.<\/strong>[\/vc_column_text][\/vc_column_inner][vc_column_inner width=&#8221;1\/2&#8243;][vc_column_text]Este Selo do ConsorcioSerrano garante-lhe a degusta\u00e7\u00e3o de um presunto serrano de <strong>excelente qualidade<\/strong>, \u00e9 o que gerou a confian\u00e7a dos importadores, distribuidores e consumidores, e permitiu ao Cons\u00f3rcio atingir a cifra de <strong>14.000.000 milh\u00f5es de pe\u00e7as de presunto serrano seladas.<\/strong>[\/vc_column_text][\/vc_column_inner][\/vc_row_inner][\/vc_column][vc_column width=&#8221;1\/3&#8243;]\n<div id=\"ersspace-2\"><\/div><style type=\"text\/css\">#ersspace-2 { height: 260px; }\n@media handheld, only screen and (max-width: 767px) {\n\t#ersspace-2 { height: 0px; }\n}<\/style>[vc_row_inner el_class=&#8221;panel-special-aside&#8221;][vc_column_inner][vc_video link=&#8221;https:\/\/youtu.be\/4PtAH9qKysA&#8221; align=&#8221;center&#8221;][vc_column_text]<\/p>\n<h3><span style=\"color: #e82f37;\">O selo de qualidade nas diferentes apresenta\u00e7\u00f5es comerciais:<\/span><\/h3>\n<p>[\/vc_column_text][vc_single_image image=&#8221;20702&#8243; img_size=&#8221;full&#8221;][\/vc_column_inner][\/vc_row_inner][\/vc_column][\/vc_row][vc_row][vc_column]\n<div id=\"ersspace-3\"><\/div><style type=\"text\/css\">#ersspace-3 { height: 80px; }<\/style>[\/vc_column][\/vc_row]<\/p>\n<\/div>","protected":false},"excerpt":{"rendered":"<p>[vc_row full_width=&#8221;stretch_row&#8221; css=&#8221;.vc_custom_1510761316179{background-color: #161616 !important;}&#8221; el_class=&#8221;no-padding-top six-columns consorcio-submenu&#8221; el_id=&#8221;consorcio-submenu&#8221;][vc_column width=&#8221;1\/6&#8243; offset=&#8221;vc_hidden-md vc_hidden-sm vc_hidden-xs&#8221;][\/vc_column][vc_column offset=&#8221;vc_col-lg-2 vc_col-md-3&#8243; el_class=&#8221;no-lateral-padding&#8221;][\/vc_column][vc_column offset=&#8221;vc_col-lg-2 vc_col-md-3&#8243; el_class=&#8221;no-lateral-padding&#8221;][\/vc_column][vc_column offset=&#8221;vc_col-lg-2 vc_col-md-3&#8243; el_class=&#8221;no-lateral-padding&#8221;][\/vc_column][vc_column offset=&#8221;vc_col-lg-2 vc_col-md-3&#8243; el_class=&#8221;no-lateral-padding&#8221;][\/vc_column][vc_column width=&#8221;1\/6&#8243;<span class=\"excerpt-hellip\"> [\u2026]<\/span><\/p>\n","protected":false},"author":1,"featured_media":0,"parent":11911,"menu_order":0,"comment_status":"closed","ping_status":"closed","template":"","meta":{"_acf_changed":false,"footnotes":""},"class_list":["post-20692","page","type-page","status-publish","hentry","sections_group lang-pt-pt"],"yoast_head":"<!-- This site is optimized with the Yoast SEO plugin v27.2 - https:\/\/yoast.com\/product\/yoast-seo-wordpress\/ -->\n<title>Selo de qualidade - Consorcio Jam\u00f3n Serrano Espanhol<\/title>\n<meta name=\"description\" content=\"Selo de Qualidade do melhor presunto Serrano Espanhol - O Cons\u00f3rcioSerrano sela o jamon serrano espanhol tradicional - Sele\u00e7\u00e3o manual de cada jamon serrano\" \/>\n<meta name=\"robots\" content=\"index, follow, max-snippet:-1, max-image-preview:large, max-video-preview:-1\" \/>\n<link rel=\"canonical\" href=\"https:\/\/consorcioserrano.es\/pt-pt\/sobre-o-consorcio\/selo-de-qualidade\/\" \/>\n<meta property=\"og:locale\" content=\"pt_PT\" \/>\n<meta property=\"og:type\" content=\"article\" \/>\n<meta property=\"og:title\" content=\"Selo de qualidade - Consorcio Jam\u00f3n Serrano Espanhol\" \/>\n<meta property=\"og:description\" content=\"Selo de Qualidade do melhor presunto Serrano Espanhol - O Cons\u00f3rcioSerrano sela o jamon serrano espanhol tradicional - Sele\u00e7\u00e3o manual de cada jamon serrano\" \/>\n<meta property=\"og:url\" content=\"https:\/\/consorcioserrano.es\/pt-pt\/sobre-o-consorcio\/selo-de-qualidade\/\" \/>\n<meta property=\"og:site_name\" content=\"Consorcio del Jam\u00f3n Serrano Espa\u00f1ol\" \/>\n<meta property=\"article:modified_time\" content=\"2024-02-20T14:41:13+00:00\" \/>\n<meta property=\"og:image\" content=\"http:\/\/consorcioserrano.es\/wp-content\/uploads\/2017\/10\/s-60.png\" \/>\n<meta name=\"twitter:card\" content=\"summary_large_image\" \/>\n<meta name=\"twitter:label1\" content=\"Tempo estimado de leitura\" \/>\n\t<meta name=\"twitter:data1\" content=\"4 minutos\" \/>\n<script type=\"application\/ld+json\" class=\"yoast-schema-graph\">{\"@context\":\"https:\/\/schema.org\",\"@graph\":[{\"@type\":\"WebPage\",\"@id\":\"https:\/\/consorcioserrano.es\/pt-pt\/sobre-o-consorcio\/selo-de-qualidade\/\",\"url\":\"https:\/\/consorcioserrano.es\/pt-pt\/sobre-o-consorcio\/selo-de-qualidade\/\",\"name\":\"Selo de qualidade - Consorcio Jam\u00f3n Serrano Espanhol\",\"isPartOf\":{\"@id\":\"https:\/\/consorcioserrano.es\/#website\"},\"primaryImageOfPage\":{\"@id\":\"https:\/\/consorcioserrano.es\/pt-pt\/sobre-o-consorcio\/selo-de-qualidade\/#primaryimage\"},\"image\":{\"@id\":\"https:\/\/consorcioserrano.es\/pt-pt\/sobre-o-consorcio\/selo-de-qualidade\/#primaryimage\"},\"thumbnailUrl\":\"http:\/\/consorcioserrano.es\/wp-content\/uploads\/2017\/10\/s-60.png\",\"datePublished\":\"2024-01-11T10:33:56+00:00\",\"dateModified\":\"2024-02-20T14:41:13+00:00\",\"description\":\"Selo de Qualidade do melhor presunto Serrano Espanhol - O Cons\u00f3rcioSerrano sela o jamon serrano espanhol tradicional - Sele\u00e7\u00e3o manual de cada jamon serrano\",\"breadcrumb\":{\"@id\":\"https:\/\/consorcioserrano.es\/pt-pt\/sobre-o-consorcio\/selo-de-qualidade\/#breadcrumb\"},\"inLanguage\":\"pt-PT\",\"potentialAction\":[{\"@type\":\"ReadAction\",\"target\":[\"https:\/\/consorcioserrano.es\/pt-pt\/sobre-o-consorcio\/selo-de-qualidade\/\"]}]},{\"@type\":\"ImageObject\",\"inLanguage\":\"pt-PT\",\"@id\":\"https:\/\/consorcioserrano.es\/pt-pt\/sobre-o-consorcio\/selo-de-qualidade\/#primaryimage\",\"url\":\"http:\/\/consorcioserrano.es\/wp-content\/uploads\/2017\/10\/s-60.png\",\"contentUrl\":\"http:\/\/consorcioserrano.es\/wp-content\/uploads\/2017\/10\/s-60.png\"},{\"@type\":\"BreadcrumbList\",\"@id\":\"https:\/\/consorcioserrano.es\/pt-pt\/sobre-o-consorcio\/selo-de-qualidade\/#breadcrumb\",\"itemListElement\":[{\"@type\":\"ListItem\",\"position\":1,\"name\":\"Portada\",\"item\":\"https:\/\/consorcioserrano.es\/pt-pt\/inicio\/\"},{\"@type\":\"ListItem\",\"position\":2,\"name\":\"Sobre O Consorcio\",\"item\":\"https:\/\/consorcioserrano.es\/pt-pt\/sobre-o-consorcio\/\"},{\"@type\":\"ListItem\",\"position\":3,\"name\":\"Selo de qualidade\"}]},{\"@type\":\"WebSite\",\"@id\":\"https:\/\/consorcioserrano.es\/#website\",\"url\":\"https:\/\/consorcioserrano.es\/\",\"name\":\"Consorcio del Jam\u00f3n Serrano Espa\u00f1ol\",\"description\":\"O Consorcio del Jam\u00f3n Serrano Espanhol garante o melhor presunto serrano tradicional: 100% presunto serrano espanhol selecionado \u00e0 m\u00e3o, pe\u00e7a por pe\u00e7a.\",\"potentialAction\":[{\"@type\":\"SearchAction\",\"target\":{\"@type\":\"EntryPoint\",\"urlTemplate\":\"https:\/\/consorcioserrano.es\/?s={search_term_string}\"},\"query-input\":{\"@type\":\"PropertyValueSpecification\",\"valueRequired\":true,\"valueName\":\"search_term_string\"}}],\"inLanguage\":\"pt-PT\"}]}<\/script>\n<!-- \/ Yoast SEO plugin. -->","yoast_head_json":{"title":"Selo de qualidade - Consorcio Jam\u00f3n Serrano Espanhol","description":"Selo de Qualidade do melhor presunto Serrano Espanhol - O Cons\u00f3rcioSerrano sela o jamon serrano espanhol tradicional - Sele\u00e7\u00e3o manual de cada jamon serrano","robots":{"index":"index","follow":"follow","max-snippet":"max-snippet:-1","max-image-preview":"max-image-preview:large","max-video-preview":"max-video-preview:-1"},"canonical":"https:\/\/consorcioserrano.es\/pt-pt\/sobre-o-consorcio\/selo-de-qualidade\/","og_locale":"pt_PT","og_type":"article","og_title":"Selo de qualidade - Consorcio Jam\u00f3n Serrano Espanhol","og_description":"Selo de Qualidade do melhor presunto Serrano Espanhol - O Cons\u00f3rcioSerrano sela o jamon serrano espanhol tradicional - Sele\u00e7\u00e3o manual de cada jamon serrano","og_url":"https:\/\/consorcioserrano.es\/pt-pt\/sobre-o-consorcio\/selo-de-qualidade\/","og_site_name":"Consorcio del Jam\u00f3n Serrano Espa\u00f1ol","article_modified_time":"2024-02-20T14:41:13+00:00","og_image":[{"url":"http:\/\/consorcioserrano.es\/wp-content\/uploads\/2017\/10\/s-60.png","type":"","width":"","height":""}],"twitter_card":"summary_large_image","twitter_misc":{"Tempo estimado de leitura":"4 minutos"},"schema":{"@context":"https:\/\/schema.org","@graph":[{"@type":"WebPage","@id":"https:\/\/consorcioserrano.es\/pt-pt\/sobre-o-consorcio\/selo-de-qualidade\/","url":"https:\/\/consorcioserrano.es\/pt-pt\/sobre-o-consorcio\/selo-de-qualidade\/","name":"Selo de qualidade - Consorcio Jam\u00f3n Serrano Espanhol","isPartOf":{"@id":"https:\/\/consorcioserrano.es\/#website"},"primaryImageOfPage":{"@id":"https:\/\/consorcioserrano.es\/pt-pt\/sobre-o-consorcio\/selo-de-qualidade\/#primaryimage"},"image":{"@id":"https:\/\/consorcioserrano.es\/pt-pt\/sobre-o-consorcio\/selo-de-qualidade\/#primaryimage"},"thumbnailUrl":"http:\/\/consorcioserrano.es\/wp-content\/uploads\/2017\/10\/s-60.png","datePublished":"2024-01-11T10:33:56+00:00","dateModified":"2024-02-20T14:41:13+00:00","description":"Selo de Qualidade do melhor presunto Serrano Espanhol - O Cons\u00f3rcioSerrano sela o jamon serrano espanhol tradicional - Sele\u00e7\u00e3o manual de cada jamon serrano","breadcrumb":{"@id":"https:\/\/consorcioserrano.es\/pt-pt\/sobre-o-consorcio\/selo-de-qualidade\/#breadcrumb"},"inLanguage":"pt-PT","potentialAction":[{"@type":"ReadAction","target":["https:\/\/consorcioserrano.es\/pt-pt\/sobre-o-consorcio\/selo-de-qualidade\/"]}]},{"@type":"ImageObject","inLanguage":"pt-PT","@id":"https:\/\/consorcioserrano.es\/pt-pt\/sobre-o-consorcio\/selo-de-qualidade\/#primaryimage","url":"http:\/\/consorcioserrano.es\/wp-content\/uploads\/2017\/10\/s-60.png","contentUrl":"http:\/\/consorcioserrano.es\/wp-content\/uploads\/2017\/10\/s-60.png"},{"@type":"BreadcrumbList","@id":"https:\/\/consorcioserrano.es\/pt-pt\/sobre-o-consorcio\/selo-de-qualidade\/#breadcrumb","itemListElement":[{"@type":"ListItem","position":1,"name":"Portada","item":"https:\/\/consorcioserrano.es\/pt-pt\/inicio\/"},{"@type":"ListItem","position":2,"name":"Sobre O Consorcio","item":"https:\/\/consorcioserrano.es\/pt-pt\/sobre-o-consorcio\/"},{"@type":"ListItem","position":3,"name":"Selo de qualidade"}]},{"@type":"WebSite","@id":"https:\/\/consorcioserrano.es\/#website","url":"https:\/\/consorcioserrano.es\/","name":"Consorcio del Jam\u00f3n Serrano Espa\u00f1ol","description":"O Consorcio del Jam\u00f3n Serrano Espanhol garante o melhor presunto serrano tradicional: 100% presunto serrano espanhol selecionado \u00e0 m\u00e3o, pe\u00e7a por pe\u00e7a.","potentialAction":[{"@type":"SearchAction","target":{"@type":"EntryPoint","urlTemplate":"https:\/\/consorcioserrano.es\/?s={search_term_string}"},"query-input":{"@type":"PropertyValueSpecification","valueRequired":true,"valueName":"search_term_string"}}],"inLanguage":"pt-PT"}]}},"acf":[],"_links":{"self":[{"href":"https:\/\/consorcioserrano.es\/pt-pt\/wp-json\/wp\/v2\/pages\/20692","targetHints":{"allow":["GET"]}}],"collection":[{"href":"https:\/\/consorcioserrano.es\/pt-pt\/wp-json\/wp\/v2\/pages"}],"about":[{"href":"https:\/\/consorcioserrano.es\/pt-pt\/wp-json\/wp\/v2\/types\/page"}],"author":[{"embeddable":true,"href":"https:\/\/consorcioserrano.es\/pt-pt\/wp-json\/wp\/v2\/users\/1"}],"replies":[{"embeddable":true,"href":"https:\/\/consorcioserrano.es\/pt-pt\/wp-json\/wp\/v2\/comments?post=20692"}],"version-history":[{"count":4,"href":"https:\/\/consorcioserrano.es\/pt-pt\/wp-json\/wp\/v2\/pages\/20692\/revisions"}],"predecessor-version":[{"id":22530,"href":"https:\/\/consorcioserrano.es\/pt-pt\/wp-json\/wp\/v2\/pages\/20692\/revisions\/22530"}],"up":[{"embeddable":true,"href":"https:\/\/consorcioserrano.es\/pt-pt\/wp-json\/wp\/v2\/pages\/11911"}],"wp:attachment":[{"href":"https:\/\/consorcioserrano.es\/pt-pt\/wp-json\/wp\/v2\/media?parent=20692"}],"curies":[{"name":"wp","href":"https:\/\/api.w.org\/{rel}","templated":true}]}}