{"id":20594,"date":"2025-01-17T10:04:57","date_gmt":"2025-01-17T09:04:57","guid":{"rendered":"https:\/\/consorcioserrano.es\/?page_id=20594"},"modified":"2025-01-17T10:06:19","modified_gmt":"2025-01-17T09:06:19","slug":"the-team","status":"publish","type":"page","link":"https:\/\/consorcioserrano.es\/zh-hans\/about-us\/the-team\/","title":{"rendered":"\u56e2\u961f"},"content":{"rendered":"<div class=\"wpb-content-wrapper\"><p>[vc_row full_width=&#8221;stretch_row&#8221; css=&#8221;.vc_custom_1673212300766{background-color: #161616 !important;}&#8221; el_class=&#8221;no-padding-top six-columns&#8221;][vc_column width=&#8221;1\/6&#8243; offset=&#8221;vc_hidden-md vc_hidden-sm vc_hidden-xs&#8221;][\/vc_column][vc_column offset=&#8221;vc_col-lg-2 vc_col-md-3&#8243; el_class=&#8221;no-lateral-padding&#8221;][\/vc_column][vc_column offset=&#8221;vc_col-lg-2 vc_col-md-3&#8243; el_class=&#8221;no-lateral-padding&#8221;]\n    <a href=\"https:\/\/consorcioserrano.es\/zh-hans\/about-us\/the-team\/\"   class=\"vc_link_consorcio\" title=\" \u56e2\u961f  &nbsp; \">\n    <div class=\"roll_wrap\" id=\"\">\n\t\t\n        <div class=\"roll_wrap_img \" ><img decoding=\"async\" src=\"https:\/\/consorcioserrano.es\/wp-content\/uploads\/2017\/11\/equipo-consorcio-jamon-serrabi-menu.jpg\" class=\"img-responsive \" > <\/div>\n\t\t\n\n\t\t\n\t\t\n\t        <div class=\"roll_wrap_link_imagetextmenu  \" style=\"color:#ff0000; font-size:;\"><p class=\"six-columns-img\"><img loading=\"lazy\" decoding=\"async\" class=\"size-full wp-image-2600 alignleft\" src=\"http:\/\/consorcioserrano.es\/wp-content\/uploads\/2017\/10\/s-60.png\" alt=\"\" width=\"60\" height=\"60\" \/><\/p>\n<h3><strong>\u56e2\u961f <\/strong><\/h3>\n<p>&nbsp;<\/p>\n<\/div>\n\t\t\n    <\/div>\n    <\/a>[\/vc_column][vc_column offset=&#8221;vc_col-lg-2 vc_col-md-3&#8243; el_class=&#8221;no-lateral-padding&#8221;]\n    <a href=\"https:\/\/consorcioserrano.es\/zh-hans\/about-us\/our-associates\/\"   class=\"vc_link_consorcio\" title=\" \u6211\u4eec\u7684\u4f1a\u5458 \">\n    <div class=\"roll_wrap\" id=\"\">\n\t\t\n        <div class=\"roll_wrap_img opacity-submenu-hover\" ><img decoding=\"async\" src=\"https:\/\/consorcioserrano.es\/wp-content\/uploads\/2022\/07\/asociados-nueva-4.jpg\" class=\"img-responsive \" > <\/div>\n\t\t\n\n\t\t\n\t\t\n\t        <div class=\"roll_wrap_link_imagetextmenu  \" style=\"color:#ff0000; font-size:;\"><p class=\"six-columns-img\"><img loading=\"lazy\" decoding=\"async\" class=\"size-full wp-image-2600 alignleft\" src=\"http:\/\/consorcioserrano.es\/wp-content\/uploads\/2017\/10\/s-60.png\" alt=\"\" width=\"60\" height=\"60\" \/><\/p>\n<h3><strong>\u6211\u4eec\u7684\u4f1a\u5458<\/strong><\/h3>\n<\/div>\n\t\t\n    <\/div>\n    <\/a>[\/vc_column][vc_column offset=&#8221;vc_col-lg-2 vc_col-md-3&#8243; el_class=&#8221;no-lateral-padding&#8221;][\/vc_column][vc_column width=&#8221;1\/6&#8243; offset=&#8221;vc_hidden-md vc_hidden-sm&#8221;][\/vc_column][\/vc_row][vc_row][vc_column el_class=&#8221;panel-special-content&#8221;][vc_column_text el_class=&#8221;vc_quote_consorcio&#8221;]<\/p>\n<div class=\"vc_quote_consorcio_icon\"><img loading=\"lazy\" decoding=\"async\" class=\"alignnone size-full wp-image-1101\" src=\"http:\/\/consorcioserrano.es\/wp-content\/uploads\/2017\/10\/comillas-abrir-1.png\" alt=\"\" width=\"59\" height=\"53\" srcset=\"https:\/\/consorcioserrano.es\/wp-content\/uploads\/2017\/10\/comillas-abrir-1.png 59w, https:\/\/consorcioserrano.es\/wp-content\/uploads\/2017\/10\/comillas-abrir-1-50x45.png 50w\" sizes=\"auto, (max-width:767px) 59px, 59px\" \/><\/div>\n<div class=\"vc_quote_consorcio_content\">\n<h1><strong>\u56e2\u961f<\/strong>\u00a0<img loading=\"lazy\" decoding=\"async\" class=\"alignnone size-full wp-image-1100\" src=\"http:\/\/consorcioserrano.es\/wp-content\/uploads\/2017\/10\/comillas-cerrar-1.png\" alt=\"\" width=\"59\" height=\"53\" srcset=\"https:\/\/consorcioserrano.es\/wp-content\/uploads\/2017\/10\/comillas-cerrar-1.png 59w, https:\/\/consorcioserrano.es\/wp-content\/uploads\/2017\/10\/comillas-cerrar-1-50x45.png 50w\" sizes=\"auto, (max-width:767px) 59px, 59px\" \/><\/h1>\n<\/div>\n<p>[\/vc_column_text][\/vc_column][\/vc_row][vc_row][vc_column width=&#8221;1\/3&#8243; el_class=&#8221;panel-special-content&#8221;][vc_column_text]<\/p>\n<div class=\"equipo-texto-imagen\">\n<div class=\"image-consorcio-equipo\"><img loading=\"lazy\" decoding=\"async\" src=\"http:\/\/consorcioserrano.es\/wp-content\/uploads\/2017\/10\/s-60.png\" alt=\"\" width=\"60\" height=\"60\" \/><\/div>\n<div class=\"text-consorcio-equipo\">\n<h3><\/h3>\n<h3><strong>Anna Bosch G\u00fcell\uff08\u5b89\u5a1c\u00b7\u6ce2\u5e0c\u00b7\u6842\u5c14\uff09<\/strong><\/h3>\n<h3><span style=\"color: #e82f37;\">\u897f\u73ed\u7259\u585e\u62c9\u8bfa\u706b\u817f\u8054\u76df\u4f1a\u957f<\/span><\/h3>\n<p>\u81ea2013\u5e7411\u6708\u8d77\u4ee3\u8868\u5176\u4efb\u804c\u603b\u7ecf\u7406\u7684NOEL Alimentaria\u516c\u53f8\u62c5\u4efb\u8054\u76df\u4f1a\u957f\uff0c\u5979\u63a8\u52a8\u4e86\u8054\u76df\u5728\u8ba4\u8bc1\u548c\u56fd\u9645\u4e1a\u52a1\u7684\u53d1\u5c55\uff0c\u5728\u56fd\u9645\u5e02\u573a\u4e0a\u63a8\u5e7f\u4f18\u8d28\u585e\u62c9\u8bfa\u706b\u817f\u3002<\/p>\n<\/div>\n<\/div>\n<p>[\/vc_column_text][\/vc_column][vc_column width=&#8221;1\/3&#8243; el_class=&#8221;panel-special-content&#8221;][vc_column_text]<\/p>\n<div class=\"equipo-texto-imagen\">\n<div class=\"image-consorcio-equipo\"><img loading=\"lazy\" decoding=\"async\" src=\"http:\/\/consorcioserrano.es\/wp-content\/uploads\/2017\/10\/s-60.png\" alt=\"\" width=\"60\" height=\"60\" \/><\/div>\n<div class=\"text-consorcio-equipo\">\n<h3><\/h3>\n<h3><strong>Jose Mar\u00eda Orteu Barrab\u00e9s\uff08\u4f55\u585e\u00b7\u9a6c\u5229\u4e9a\u00b7\u5965\u5c14\u6cf0\u4e4c\u00b7\u5df4\u62c9\u8d1d\u65af\uff09<\/strong><\/h3>\n<h3><span style=\"color: #e82f37;\">\u897f\u73ed\u7259\u585e\u62c9\u8bfa\u706b\u817f\u8054\u76df\u526f\u4f1a\u957f<\/span><\/h3>\n<p>Argal\u96c6\u56e2\u9996\u5e2d\u6267\u884c\u5b98\uff0c\u4ed6\u5728\u539f\u4efb\u4e3b\u5e2d\u671f\u95f4\u548c\u73b0\u4efb\u526f\u4e3b\u5e2d\u671f\u95f4\uff0c\u4e00\u76f4\u8d1f\u8d23\u5e76\u63a8\u52a8\u8054\u76df\u57fa\u4e8e\u7a33\u5065\u6027\u548c\u529e\u4e8b\u80fd\u529b\u7684\u5de5\u4f5c\u6218\u7565\uff0c\u4e3a\u5176\u4ed6\u4e13\u4e1a\u4eba\u58eb\u63d0\u4f9b\u652f\u6301\u3002<\/p>\n<\/div>\n<\/div>\n<p>[\/vc_column_text][\/vc_column][vc_column width=&#8221;1\/3&#8243; el_class=&#8221;panel-special-content&#8221;][vc_column_text]<\/p>\n<div class=\"equipo-texto-imagen\">\n<div class=\"image-consorcio-equipo\"><img loading=\"lazy\" decoding=\"async\" src=\"http:\/\/consorcioserrano.es\/wp-content\/uploads\/2017\/10\/s-60.png\" alt=\"\" width=\"60\" height=\"60\" \/><\/div>\n<div class=\"text-consorcio-equipo\">\n<h3><\/h3>\n<h3><strong>Pedro Rodriguez Mar\u00edn\uff08\u4f69\u5fb7\u7f57\u00b7\u7f57\u5fb7\u91cc\u683c\u65af\u00b7\u9a6c\u6797\uff09<\/strong><\/h3>\n<h3><span style=\"color: #e82f37;\">\u603b\u534f\u8c03\u5458\u548c\u6280\u672f\u603b\u76d1<\/span><\/h3>\n<p>\u62e5\u6709\u836f\u5b66\u5b66\u4f4d\uff0c\u4e8e1990\u5e74\u52a0\u5165\u585e\u62c9\u8bfa\u706b\u817f\u8054\u76df\uff0c\u8d1f\u8d23\u76d1\u7763\u54c1\u8d28\u4fdd\u8bc1\u548c\u8ba4\u8bc1\u6d41\u7a0b\u4ee5\u53ca\u4e0e\u4f1a\u5458\u7684\u5173\u7cfb\u3002\u7531\u4e8e\u4ed6\u5bf9\u8be5\u884c\u4e1a\u6709\u6df1\u5165\u7684\u4e86\u89e3\u5e76\u4e14\u8d1f\u8d23\u5b9e\u65bd\u4e86\u7b2c\u4e00\u4e2a\u51fa\u53e3\u585e\u62c9\u8bfa\u706b\u817f\u7684\u8d28\u91cf\u6807\u51c6\uff0c\u76ee\u524d\u662f\u8054\u76df\u7684\u4e00\u4e2a\u5173\u952e\u89d2\u8272\u3002<\/p>\n<\/div>\n<\/div>\n<p>[\/vc_column_text][\/vc_column][\/vc_row][vc_row][vc_column width=&#8221;1\/3&#8243; el_class=&#8221;panel-special-content&#8221;][vc_column_text]<\/p>\n<div class=\"equipo-texto-imagen\">\n<div class=\"image-consorcio-equipo\"><img loading=\"lazy\" decoding=\"async\" src=\"http:\/\/consorcioserrano.es\/wp-content\/uploads\/2017\/10\/s-60.png\" alt=\"\" width=\"60\" height=\"60\" \/><\/div>\n<div class=\"text-consorcio-equipo\">\n<h3><\/h3>\n<h3><strong>\u00c1lvaro D\u00edaz de Lia\u00f1o L\u00f3pez\uff08\u5361\u6d1b\u65af\u00b7\u5fb7\u5c14\u5965\u7ea6\uff09<\/strong><\/h3>\n<h3><span style=\"color: #e82f37;\">\u8425\u9500\u548c\u63a8\u5e7f\u603b\u76d1<\/span><\/h3>\n<p>\u62e5\u6709\u7ecf\u6d4e\u5b66\u5b66\u4f4d\uff0c\u4f5c\u4e3a\u8425\u9500\u548c\u63a8\u5e7f\u603b\u76d1\u52a0\u5165\u8054\u76df\u3002\u4ed6\u7684\u804c\u4e1a\u751f\u6daf\u5305\u62ec\u8461\u8404\u9152\u884c\u4e1a\u7684\u51fa\u53e3\u7ecf\u7406\u3001\u56fd\u9645\u5316\u54a8\u8be2\u5e08\u548c\u5927\u578b\u91c7\u8d2d\u96c6\u56e2\u987e\u95ee\uff0c\u5bf9\u56fd\u9645\u5e02\u573a\u6709\u975e\u5e38\u9ad8\u7684\u8ba4\u8bc6\u3002<\/p>\n<\/div>\n<\/div>\n<p>[\/vc_column_text][\/vc_column][vc_column width=&#8221;1\/3&#8243; el_class=&#8221;panel-special-content&#8221;][vc_column_text]<\/p>\n<div class=\"equipo-texto-imagen\">\n<div class=\"image-consorcio-equipo\"><img loading=\"lazy\" decoding=\"async\" src=\"http:\/\/consorcioserrano.es\/wp-content\/uploads\/2017\/10\/s-60.png\" alt=\"\" width=\"60\" height=\"60\" \/><\/div>\n<div class=\"text-consorcio-equipo\">\n<h3><\/h3>\n<h3><strong>Juan Carlos Valenciano\uff08\u80e1\u5b89\u00b7\u5361\u6d1b\u65af\u00b7\u74e6\u4f26\u897f\u4e9a\u8bfa\uff09<\/strong><\/h3>\n<h3><span style=\"color: #e82f37;\">\u8d28\u91cf\u8d1f\u8d23\u4eba<\/span><\/h3>\n<p>\u62e5\u6709\u517d\u533b\u5b66\u5b66\u4f4d\uff0c\u5728\u897f\u73ed\u7259\u585e\u62c9\u8bfa\u706b\u817f\u8054\u76df\u56e2\u961f\u4e2d\u670920\u591a\u5e74\u7684\u7ecf\u9a8c\uff0c\u662f\u8be5\u534f\u4f1a\u7684\u5173\u952e\u89d2\u8272\u3002\u4ed6\u8d1f\u8d23\u786e\u4fdd\u585e\u62c9\u8bfa\u8054\u76df\u7684\u6240\u6709\u706b\u817f\u90fd\u7b26\u5408\u8be5\u7ec4\u7ec7\u89c4\u5b9a\u7684\u8d28\u91cf\u6807\u51c6\u3002<\/p>\n<\/div>\n<\/div>\n<p>[\/vc_column_text][\/vc_column][vc_column width=&#8221;1\/3&#8243;][vc_column_text]<\/p>\n<div class=\"equipo-texto-imagen\">\n<div class=\"image-consorcio-equipo\"><img loading=\"lazy\" decoding=\"async\" src=\"http:\/\/consorcioserrano.es\/wp-content\/uploads\/2017\/10\/s-60.png\" alt=\"\" width=\"60\" height=\"60\" \/><\/div>\n<div class=\"text-consorcio-equipo\">\n<h3><\/h3>\n<h3><strong>\u00c1ngeles de Luis\uff08\u5b89\u8d6b\u96f7\u65af\u00b7\u5fb7\u8def\u6613\u65af\uff09<\/strong><\/h3>\n<h3><span style=\"color: #e82f37;\">\u7ba1\u7406\u5c42\u79d8\u4e66<\/span><\/h3>\n<p>\u6cd5\u8bed\u8bed\u8a00\u5b66\u4e13\u4e1a\uff0c\u4e8e2012\u5e74\u5f00\u59cb\u5728\u897f\u73ed\u7259\u585e\u62c9\u8bfa\u706b\u817f\u8054\u76df\u7684\u4efb\u804c\u751f\u6daf\uff0c\u8d21\u732e\u4e4b\u524d\u5728\u5927\u578b\u5206\u9500\u516c\u53f8\u62c5\u4efb\u7ba1\u7406\u5c42\u52a9\u7406\u7684\u884c\u653f\u7ecf\u9a8c\u3002<\/p>\n<\/div>\n<\/div>\n<p>[\/vc_column_text][\/vc_column][\/vc_row][vc_row][vc_column]\n<div id=\"ersspace-1\"><\/div><style type=\"text\/css\">#ersspace-1 { height: 80px; }<\/style>[\/vc_column][\/vc_row]<\/p>\n<\/div>","protected":false},"excerpt":{"rendered":"<p>[vc_row full_width=&#8221;<span class=\"excerpt-hellip\"> [\u2026]<\/span><\/p>\n","protected":false},"author":1,"featured_media":0,"parent":16353,"menu_order":0,"comment_status":"closed","ping_status":"closed","template":"","meta":{"_acf_changed":false,"footnotes":""},"class_list":["post-20594","page","type-page","status-publish","hentry","sections_group lang-zh-hans"],"yoast_head":"<!-- This site is optimized with the Yoast SEO plugin v27.2 - https:\/\/yoast.com\/product\/yoast-seo-wordpress\/ -->\n<title>\u56e2\u961f - \u8054\u76df\u8ba4\u8bc1\u585e\u62c9\u8bfa\u706b\u817f<\/title>\n<meta name=\"description\" content=\"\u897f\u73ed\u7259\u585e\u62c9\u8bfa\u706b\u817f\u8054\u76df\u4fdd\u8bc1\u8054\u76df\u8ba4\u8bc1\u585e\u62c9\u8bfa\u706b\u817f\u7684\u54c1\u8d28\uff0c\u5176\u7279\u70b9\u662f100%\u897f\u73ed\u7259\u539f\u4ea7\u548c\u9010\u6761\u7cbe\u9009\u3002\" \/>\n<meta name=\"robots\" content=\"index, follow, max-snippet:-1, max-image-preview:large, max-video-preview:-1\" \/>\n<link rel=\"canonical\" href=\"https:\/\/consorcioserrano.es\/zh-hans\/about-us\/the-team\/\" \/>\n<meta property=\"og:locale\" content=\"zh_CN\" \/>\n<meta property=\"og:type\" content=\"article\" \/>\n<meta property=\"og:title\" content=\"\u56e2\u961f - \u8054\u76df\u8ba4\u8bc1\u585e\u62c9\u8bfa\u706b\u817f\" \/>\n<meta property=\"og:description\" content=\"\u897f\u73ed\u7259\u585e\u62c9\u8bfa\u706b\u817f\u8054\u76df\u4fdd\u8bc1\u8054\u76df\u8ba4\u8bc1\u585e\u62c9\u8bfa\u706b\u817f\u7684\u54c1\u8d28\uff0c\u5176\u7279\u70b9\u662f100%\u897f\u73ed\u7259\u539f\u4ea7\u548c\u9010\u6761\u7cbe\u9009\u3002\" \/>\n<meta property=\"og:url\" content=\"https:\/\/consorcioserrano.es\/zh-hans\/about-us\/the-team\/\" \/>\n<meta property=\"og:site_name\" content=\"Consorcio del Jam\u00f3n Serrano Espa\u00f1ol\" \/>\n<meta property=\"article:modified_time\" content=\"2025-01-17T09:06:19+00:00\" \/>\n<meta property=\"og:image\" content=\"http:\/\/consorcioserrano.es\/wp-content\/uploads\/2017\/10\/s-60.png\" \/>\n<meta name=\"twitter:card\" content=\"summary_large_image\" \/>\n<meta name=\"twitter:label1\" content=\"\u9884\u8ba1\u9605\u8bfb\u65f6\u95f4\" \/>\n\t<meta name=\"twitter:data1\" content=\"3 \u5206\" \/>\n<script type=\"application\/ld+json\" class=\"yoast-schema-graph\">{\"@context\":\"https:\/\/schema.org\",\"@graph\":[{\"@type\":\"WebPage\",\"@id\":\"https:\/\/consorcioserrano.es\/zh-hans\/about-us\/the-team\/\",\"url\":\"https:\/\/consorcioserrano.es\/zh-hans\/about-us\/the-team\/\",\"name\":\"\u56e2\u961f - \u8054\u76df\u8ba4\u8bc1\u585e\u62c9\u8bfa\u706b\u817f\",\"isPartOf\":{\"@id\":\"https:\/\/consorcioserrano.es\/#website\"},\"primaryImageOfPage\":{\"@id\":\"https:\/\/consorcioserrano.es\/zh-hans\/about-us\/the-team\/#primaryimage\"},\"image\":{\"@id\":\"https:\/\/consorcioserrano.es\/zh-hans\/about-us\/the-team\/#primaryimage\"},\"thumbnailUrl\":\"http:\/\/consorcioserrano.es\/wp-content\/uploads\/2017\/10\/s-60.png\",\"datePublished\":\"2025-01-17T09:04:57+00:00\",\"dateModified\":\"2025-01-17T09:06:19+00:00\",\"description\":\"\u897f\u73ed\u7259\u585e\u62c9\u8bfa\u706b\u817f\u8054\u76df\u4fdd\u8bc1\u8054\u76df\u8ba4\u8bc1\u585e\u62c9\u8bfa\u706b\u817f\u7684\u54c1\u8d28\uff0c\u5176\u7279\u70b9\u662f100%\u897f\u73ed\u7259\u539f\u4ea7\u548c\u9010\u6761\u7cbe\u9009\u3002\",\"breadcrumb\":{\"@id\":\"https:\/\/consorcioserrano.es\/zh-hans\/about-us\/the-team\/#breadcrumb\"},\"inLanguage\":\"zh-Hans\",\"potentialAction\":[{\"@type\":\"ReadAction\",\"target\":[\"https:\/\/consorcioserrano.es\/zh-hans\/about-us\/the-team\/\"]}]},{\"@type\":\"ImageObject\",\"inLanguage\":\"zh-Hans\",\"@id\":\"https:\/\/consorcioserrano.es\/zh-hans\/about-us\/the-team\/#primaryimage\",\"url\":\"http:\/\/consorcioserrano.es\/wp-content\/uploads\/2017\/10\/s-60.png\",\"contentUrl\":\"http:\/\/consorcioserrano.es\/wp-content\/uploads\/2017\/10\/s-60.png\"},{\"@type\":\"BreadcrumbList\",\"@id\":\"https:\/\/consorcioserrano.es\/zh-hans\/about-us\/the-team\/#breadcrumb\",\"itemListElement\":[{\"@type\":\"ListItem\",\"position\":1,\"name\":\"Portada\",\"item\":\"https:\/\/consorcioserrano.es\/zh-hans\/\"},{\"@type\":\"ListItem\",\"position\":2,\"name\":\"\u6211\u4eec\u662f\u8c01\",\"item\":\"https:\/\/consorcioserrano.es\/zh-hans\/about-us\/\"},{\"@type\":\"ListItem\",\"position\":3,\"name\":\"\u56e2\u961f\"}]},{\"@type\":\"WebSite\",\"@id\":\"https:\/\/consorcioserrano.es\/#website\",\"url\":\"https:\/\/consorcioserrano.es\/\",\"name\":\"Consorcio del Jam\u00f3n Serrano Espa\u00f1ol\",\"description\":\"\u897f\u73ed\u7259\u585e\u62c9\u8bfa\u706b\u817f\u8054\u76df\uff08Consorcio del Jam\u00f3n Serrano Espa\u00f1ol\uff09\u4fdd\u8bc1\u8054\u76df\u8ba4\u8bc1\u585e\u62c9\u8bfa\u706b\u817f\u7684\u54c1\u8d28\uff0c\u5176\u7279\u8272\u662f100%\u897f\u73ed\u7259\u751f\u4ea7\u53ca\u706b\u817f\u9010\u6761\u624b\u5de5\u7cbe\u9009\u51fa\u54c1\u3002\",\"potentialAction\":[{\"@type\":\"SearchAction\",\"target\":{\"@type\":\"EntryPoint\",\"urlTemplate\":\"https:\/\/consorcioserrano.es\/?s={search_term_string}\"},\"query-input\":{\"@type\":\"PropertyValueSpecification\",\"valueRequired\":true,\"valueName\":\"search_term_string\"}}],\"inLanguage\":\"zh-Hans\"}]}<\/script>\n<!-- \/ Yoast SEO plugin. -->","yoast_head_json":{"title":"\u56e2\u961f - \u8054\u76df\u8ba4\u8bc1\u585e\u62c9\u8bfa\u706b\u817f","description":"\u897f\u73ed\u7259\u585e\u62c9\u8bfa\u706b\u817f\u8054\u76df\u4fdd\u8bc1\u8054\u76df\u8ba4\u8bc1\u585e\u62c9\u8bfa\u706b\u817f\u7684\u54c1\u8d28\uff0c\u5176\u7279\u70b9\u662f100%\u897f\u73ed\u7259\u539f\u4ea7\u548c\u9010\u6761\u7cbe\u9009\u3002","robots":{"index":"index","follow":"follow","max-snippet":"max-snippet:-1","max-image-preview":"max-image-preview:large","max-video-preview":"max-video-preview:-1"},"canonical":"https:\/\/consorcioserrano.es\/zh-hans\/about-us\/the-team\/","og_locale":"zh_CN","og_type":"article","og_title":"\u56e2\u961f - \u8054\u76df\u8ba4\u8bc1\u585e\u62c9\u8bfa\u706b\u817f","og_description":"\u897f\u73ed\u7259\u585e\u62c9\u8bfa\u706b\u817f\u8054\u76df\u4fdd\u8bc1\u8054\u76df\u8ba4\u8bc1\u585e\u62c9\u8bfa\u706b\u817f\u7684\u54c1\u8d28\uff0c\u5176\u7279\u70b9\u662f100%\u897f\u73ed\u7259\u539f\u4ea7\u548c\u9010\u6761\u7cbe\u9009\u3002","og_url":"https:\/\/consorcioserrano.es\/zh-hans\/about-us\/the-team\/","og_site_name":"Consorcio del Jam\u00f3n Serrano Espa\u00f1ol","article_modified_time":"2025-01-17T09:06:19+00:00","og_image":[{"url":"http:\/\/consorcioserrano.es\/wp-content\/uploads\/2017\/10\/s-60.png","type":"","width":"","height":""}],"twitter_card":"summary_large_image","twitter_misc":{"\u9884\u8ba1\u9605\u8bfb\u65f6\u95f4":"3 \u5206"},"schema":{"@context":"https:\/\/schema.org","@graph":[{"@type":"WebPage","@id":"https:\/\/consorcioserrano.es\/zh-hans\/about-us\/the-team\/","url":"https:\/\/consorcioserrano.es\/zh-hans\/about-us\/the-team\/","name":"\u56e2\u961f - \u8054\u76df\u8ba4\u8bc1\u585e\u62c9\u8bfa\u706b\u817f","isPartOf":{"@id":"https:\/\/consorcioserrano.es\/#website"},"primaryImageOfPage":{"@id":"https:\/\/consorcioserrano.es\/zh-hans\/about-us\/the-team\/#primaryimage"},"image":{"@id":"https:\/\/consorcioserrano.es\/zh-hans\/about-us\/the-team\/#primaryimage"},"thumbnailUrl":"http:\/\/consorcioserrano.es\/wp-content\/uploads\/2017\/10\/s-60.png","datePublished":"2025-01-17T09:04:57+00:00","dateModified":"2025-01-17T09:06:19+00:00","description":"\u897f\u73ed\u7259\u585e\u62c9\u8bfa\u706b\u817f\u8054\u76df\u4fdd\u8bc1\u8054\u76df\u8ba4\u8bc1\u585e\u62c9\u8bfa\u706b\u817f\u7684\u54c1\u8d28\uff0c\u5176\u7279\u70b9\u662f100%\u897f\u73ed\u7259\u539f\u4ea7\u548c\u9010\u6761\u7cbe\u9009\u3002","breadcrumb":{"@id":"https:\/\/consorcioserrano.es\/zh-hans\/about-us\/the-team\/#breadcrumb"},"inLanguage":"zh-Hans","potentialAction":[{"@type":"ReadAction","target":["https:\/\/consorcioserrano.es\/zh-hans\/about-us\/the-team\/"]}]},{"@type":"ImageObject","inLanguage":"zh-Hans","@id":"https:\/\/consorcioserrano.es\/zh-hans\/about-us\/the-team\/#primaryimage","url":"http:\/\/consorcioserrano.es\/wp-content\/uploads\/2017\/10\/s-60.png","contentUrl":"http:\/\/consorcioserrano.es\/wp-content\/uploads\/2017\/10\/s-60.png"},{"@type":"BreadcrumbList","@id":"https:\/\/consorcioserrano.es\/zh-hans\/about-us\/the-team\/#breadcrumb","itemListElement":[{"@type":"ListItem","position":1,"name":"Portada","item":"https:\/\/consorcioserrano.es\/zh-hans\/"},{"@type":"ListItem","position":2,"name":"\u6211\u4eec\u662f\u8c01","item":"https:\/\/consorcioserrano.es\/zh-hans\/about-us\/"},{"@type":"ListItem","position":3,"name":"\u56e2\u961f"}]},{"@type":"WebSite","@id":"https:\/\/consorcioserrano.es\/#website","url":"https:\/\/consorcioserrano.es\/","name":"Consorcio del Jam\u00f3n Serrano Espa\u00f1ol","description":"\u897f\u73ed\u7259\u585e\u62c9\u8bfa\u706b\u817f\u8054\u76df\uff08Consorcio del Jam\u00f3n Serrano Espa\u00f1ol\uff09\u4fdd\u8bc1\u8054\u76df\u8ba4\u8bc1\u585e\u62c9\u8bfa\u706b\u817f\u7684\u54c1\u8d28\uff0c\u5176\u7279\u8272\u662f100%\u897f\u73ed\u7259\u751f\u4ea7\u53ca\u706b\u817f\u9010\u6761\u624b\u5de5\u7cbe\u9009\u51fa\u54c1\u3002","potentialAction":[{"@type":"SearchAction","target":{"@type":"EntryPoint","urlTemplate":"https:\/\/consorcioserrano.es\/?s={search_term_string}"},"query-input":{"@type":"PropertyValueSpecification","valueRequired":true,"valueName":"search_term_string"}}],"inLanguage":"zh-Hans"}]}},"acf":[],"_links":{"self":[{"href":"https:\/\/consorcioserrano.es\/zh-hans\/wp-json\/wp\/v2\/pages\/20594","targetHints":{"allow":["GET"]}}],"collection":[{"href":"https:\/\/consorcioserrano.es\/zh-hans\/wp-json\/wp\/v2\/pages"}],"about":[{"href":"https:\/\/consorcioserrano.es\/zh-hans\/wp-json\/wp\/v2\/types\/page"}],"author":[{"embeddable":true,"href":"https:\/\/consorcioserrano.es\/zh-hans\/wp-json\/wp\/v2\/users\/1"}],"replies":[{"embeddable":true,"href":"https:\/\/consorcioserrano.es\/zh-hans\/wp-json\/wp\/v2\/comments?post=20594"}],"version-history":[{"count":1,"href":"https:\/\/consorcioserrano.es\/zh-hans\/wp-json\/wp\/v2\/pages\/20594\/revisions"}],"predecessor-version":[{"id":25632,"href":"https:\/\/consorcioserrano.es\/zh-hans\/wp-json\/wp\/v2\/pages\/20594\/revisions\/25632"}],"up":[{"embeddable":true,"href":"https:\/\/consorcioserrano.es\/zh-hans\/wp-json\/wp\/v2\/pages\/16353"}],"wp:attachment":[{"href":"https:\/\/consorcioserrano.es\/zh-hans\/wp-json\/wp\/v2\/media?parent=20594"}],"curies":[{"name":"wp","href":"https:\/\/api.w.org\/{rel}","templated":true}]}}